{"id":170690,"date":"2024-05-06T16:44:57","date_gmt":"2024-05-06T15:44:57","guid":{"rendered":"https:\/\/www.printmaps.net\/123map-de-vs-printmaps\/"},"modified":"2024-10-09T12:26:27","modified_gmt":"2024-10-09T11:26:27","slug":"123map-de-vs-printmaps","status":"publish","type":"page","link":"https:\/\/www.printmaps.net\/sv\/123map-de-vs-printmaps\/","title":{"rendered":"Map-machine alternativ: Printmaps.net"},"content":{"rendered":"\n<div class=\"wp-block-columns is-layout-flex wp-container-core-columns-is-layout-9d6595d7 wp-block-columns-is-layout-flex\">\n<div class=\"wp-block-column is-layout-flow wp-block-column-is-layout-flow\" style=\"flex-basis:66.66%\">\n<p>Om du har erfarenhet av <a href=\"http:\/\/Map-Machine.com\">Map-Machine.com<\/a> (av 123map) kanske du \u00e4r intresserad av att j\u00e4mf\u00f6ra Printmaps.net med Map-machine eller 123map-utgivaren.<\/p>\n\n\n\n<p><p>Vi har f\u00f6rberett f\u00f6ljande j\u00e4mf\u00f6relsetabell f\u00f6r att ge en snabb \u00f6versikt \u00f6ver n\u00e5gra av de viktigaste <a href=\"\/sv\/funktioner\"><strong>funktionerna i Printmaps-redigeraren<\/strong><\/a> och hur de j\u00e4mf\u00f6rs med 123map. Se till att du ocks\u00e5 utforskar exempel p\u00e5 hur Printmaps.net f\u00f6r n\u00e4rvarande anv\u00e4nds under v\u00e5rt j\u00e4mf\u00f6relsediagram. (<a href=\"\/sv\/\">Prova redigeraren h\u00e4r.<\/a>)<\/p><\/p>\n<\/div>\n\n\n\n<div class=\"wp-block-column is-layout-flow wp-block-column-is-layout-flow\" style=\"flex-basis:33.33%\"><div class=\"wp-block-image\">\n<figure class=\"aligncenter size-large is-resized\"><img fetchpriority=\"high\" fetchpriority=\"high\" decoding=\"async\" width=\"251\" height=\"320\" src=\"https:\/\/www.printmaps.net\/wp-content\/uploads\/2019\/09\/123map-landkarten-stadtplaene.png\" alt=\"\" class=\"wp-image-46134\" style=\"width:176px;height:224px\" srcset=\"https:\/\/www.printmaps.net\/wp-content\/uploads\/2019\/09\/123map-landkarten-stadtplaene.png 251w, https:\/\/www.printmaps.net\/wp-content\/uploads\/2019\/09\/123map-landkarten-stadtplaene-235x300.png 235w\" sizes=\"(max-width: 251px) 100vw, 251px\" \/><\/figure><\/div><\/div>\n<\/div>\n\n<figure class=\"wp-block-table is-style-stripes\"><table class=\"has-fixed-layout\"><thead><tr><th><\/th><th>Printmaps<\/th><th>123map.de<\/th><\/tr><\/thead><tbody><tr><td><em>Format<\/em><\/td><td>SVG, PSD, PNG<\/td><td>SVG, JPG<\/td><\/tr><tr><td><em>Pris<\/em><\/td><td><p>Priset beror p\u00e5 filformat och antal kopior som kartan ska anv\u00e4ndas till.<br\/>T.ex: PNG i A5, 1000 exemplar = 7,14 \u20ac (inkl. moms)<\/p><\/td><td><p>Priset beror p\u00e5 storlek.<br\/>T.ex: JPG i A5 = 57,54 euro (inkl. moms)<\/p><\/td><\/tr><tr><td><p><em>Anpassade data<\/em><\/p><\/td><td><p>* Ruttredigerare<br\/>* Geografiska former<br\/>* Filuppladdning<br\/>* POI:er (manuellt eller kopiera\/klistra in fr\u00e5n Excel)<\/p><\/td><td><p>* Omfattande redigeringsprogram<br\/>(inklusive filuppladdningar f\u00f6r kunder med stora volymer p\u00e5 beg\u00e4ran)<br\/><br\/><\/p><\/td><\/tr><tr><td><em>Visa\/d\u00f6lj kartfunktioner?<\/em><\/td><td>Ja<\/td><td>Ja<\/td><\/tr><tr><td><em>Rotera kartan?<\/em><\/td><td>Ja<\/td><td>Nej<\/td><\/tr><\/tbody><\/table><\/figure>\n<div style=\"height:100px\" aria-hidden=\"true\" class=\"wp-block-spacer\"><\/div>\n\n<h2 class=\"wp-block-heading has-text-align-center\">N\u00e5gra av de s\u00e4tt som v\u00e5ra utskrivbara kartor anv\u00e4nds p\u00e5<\/h2>\n\n<div class=\"wp-block-group\"><div class=\"wp-block-group__inner-container is-layout-constrained wp-block-group-is-layout-constrained\">\n<div class=\"wp-block-columns is-layout-flex wp-container-core-columns-is-layout-9d6595d7 wp-block-columns-is-layout-flex\">\n<div class=\"wp-block-column is-vertically-aligned-top is-layout-flow wp-block-column-is-layout-flow\"><div class=\"wp-block-image is-style-default\">\n<figure class=\"alignright size-full is-resized\"><img decoding=\"async\" src=\"https:\/\/www.printmaps.net\/wp-content\/uploads\/2020\/10\/Layers-big.png\" alt=\"\" class=\"wp-image-70211\" width=\"765\" height=\"531\" srcset=\"https:\/\/www.printmaps.net\/wp-content\/uploads\/2020\/10\/Layers-big.png 765w, https:\/\/www.printmaps.net\/wp-content\/uploads\/2020\/10\/Layers-big-480x333.png 480w\" sizes=\"(min-width: 0px) and (max-width: 480px) 480px, (min-width: 481px) 765px, 100vw\" \/><\/figure><\/div><\/div>\n\n\n\n<div class=\"wp-block-column is-vertically-aligned-top is-layout-flow wp-block-column-is-layout-flow\" style=\"flex-basis:380px\">\n<p>Printmaps-editorn producerar h\u00f6guppl\u00f6sta 300 dpi-kartor i PNG-, PSD- (Photoshop) och SVG-format. Alla kartfunktioner kommer i separata lager s\u00e5 att du kan redigera kartfunktioner utan att skada n\u00e5gra funktioner under. se v\u00e5r screencast f\u00f6r mer information.<\/p>\n<\/div>\n<\/div>\n\n\n\n<div class=\"wp-block-columns is-layout-flex wp-container-core-columns-is-layout-9d6595d7 wp-block-columns-is-layout-flex\">\n<div class=\"wp-block-column is-vertically-aligned-top is-layout-flow wp-block-column-is-layout-flow\"><div class=\"wp-block-image is-style-default\">\n<figure class=\"alignright size-full\"><img decoding=\"async\" width=\"765\" height=\"531\" src=\"https:\/\/www.printmaps.net\/wp-content\/uploads\/2020\/10\/bodensee-karte.jpg\" alt=\"\" class=\"wp-image-70212\" srcset=\"https:\/\/www.printmaps.net\/wp-content\/uploads\/2020\/10\/bodensee-karte.jpg 765w, https:\/\/www.printmaps.net\/wp-content\/uploads\/2020\/10\/bodensee-karte-480x333.jpg 480w\" sizes=\"(min-width: 0px) and (max-width: 480px) 480px, (min-width: 481px) 765px, 100vw\" \/><\/figure><\/div><\/div>\n\n\n\n<div class=\"wp-block-column is-vertically-aligned-top is-layout-flow wp-block-column-is-layout-flow\" style=\"flex-basis:380px\">\n<p>V\u00e5ra kunder anv\u00e4nder Printmaps-redigeraren f\u00f6r att enkelt kartl\u00e4gga rutter &#8211; resv\u00e4gar, vandrings- och cykelleder, stadsvandringar eller helt enkelt v\u00e4gbeskrivningar &#8211; och f\u00f6r att l\u00e4gga \u00f6ver sina intressepunkter p\u00e5 en karta. Redigeraren g\u00f6r det v\u00e4ldigt enkelt att skapa vikkartor, kartor f\u00f6r turistmappar och broschyrer eller kartor f\u00f6r guideb\u00f6cker.<\/p>\n<\/div>\n<\/div>\n\n\n\n<div class=\"wp-block-columns is-layout-flex wp-container-core-columns-is-layout-9d6595d7 wp-block-columns-is-layout-flex\">\n<div class=\"wp-block-column is-vertically-aligned-top is-layout-flow wp-block-column-is-layout-flow\"><div class=\"wp-block-image is-style-default\">\n<figure class=\"alignright size-full\"><img loading=\"lazy\" loading=\"lazy\" decoding=\"async\" width=\"765\" height=\"531\" src=\"https:\/\/www.printmaps.net\/wp-content\/uploads\/2020\/10\/immo-expose.jpg\" alt=\"\" class=\"wp-image-70213\" srcset=\"https:\/\/www.printmaps.net\/wp-content\/uploads\/2020\/10\/immo-expose.jpg 765w, https:\/\/www.printmaps.net\/wp-content\/uploads\/2020\/10\/immo-expose-480x333.jpg 480w\" sizes=\"auto, (min-width: 0px) and (max-width: 480px) 480px, (min-width: 481px) 765px, 100vw\" \/><\/figure><\/div><\/div>\n\n\n\n<div class=\"wp-block-column is-vertically-aligned-top is-layout-flow wp-block-column-is-layout-flow\" style=\"flex-basis:380px\">\n<p><p>V\u00e5r billiga <a href=\"\/sv\/priser\">priss\u00e4ttning<\/a> p\u00e5 startniv\u00e5 g\u00f6r det m\u00f6jligt f\u00f6r kunder med mycket l\u00e5ga tryckupplagor att ha r\u00e5d med v\u00e5ra kartor. Typiska exempel inkluderar fastighetsexponeringar och fotob\u00f6cker, tryckta i l\u00e5ga antal men som beh\u00f6ver h\u00f6gkvalitativa plats- eller ruttkartor.<\/p><\/p>\n<\/div>\n<\/div>\n\n\n\n<div class=\"wp-block-columns is-layout-flex wp-container-core-columns-is-layout-9d6595d7 wp-block-columns-is-layout-flex\">\n<div class=\"wp-block-column is-vertically-aligned-top is-layout-flow wp-block-column-is-layout-flow\"><div class=\"wp-block-image is-style-default\">\n<figure class=\"alignright size-full\"><img loading=\"lazy\" loading=\"lazy\" decoding=\"async\" width=\"765\" height=\"531\" src=\"https:\/\/www.printmaps.net\/wp-content\/uploads\/2020\/10\/mallorca.jpg\" alt=\"\" class=\"wp-image-70214\" srcset=\"https:\/\/www.printmaps.net\/wp-content\/uploads\/2020\/10\/mallorca.jpg 765w, https:\/\/www.printmaps.net\/wp-content\/uploads\/2020\/10\/mallorca-480x333.jpg 480w\" sizes=\"auto, (min-width: 0px) and (max-width: 480px) 480px, (min-width: 481px) 765px, 100vw\" \/><\/figure><\/div><\/div>\n\n\n\n<div class=\"wp-block-column is-vertically-aligned-top is-layout-flow wp-block-column-is-layout-flow\" style=\"flex-basis:380px\">\n<p>M\u00e5nga guideboksf\u00f6rlag illustrerar sina reseguider och vandringsguider helt med Printmaps-kartor. Du kan tillgodose alla typiska kartl\u00e4ggningsbehov med v\u00e5ra kartor, allt fr\u00e5n \u00f6versiktskartor och allm\u00e4nna platskartor till aktivitetskartor med vandrings- eller cykelv\u00e4gar, stadskartor \/ gatukartor till riktningskartor.<\/p>\n<\/div>\n<\/div>\n<\/div><\/div>\n","protected":false},"excerpt":{"rendered":"<p>Om du har erfarenhet av Map-Machine.com (av 123map) kanske du \u00e4r intresserad av att j\u00e4mf\u00f6ra Printmaps.net med Map-machine eller 123map-utgivaren. Vi har f\u00f6rberett f\u00f6ljande j\u00e4mf\u00f6relsetabell f\u00f6r att ge en snabb \u00f6versikt \u00f6ver n\u00e5gra av de viktigaste funktionerna i Printmaps-redigeraren och hur de j\u00e4mf\u00f6rs med 123map. Se till att du ocks\u00e5 utforskar exempel p\u00e5 hur Printmaps.net [&hellip;]<\/p>\n","protected":false},"author":6,"featured_media":0,"parent":0,"menu_order":0,"comment_status":"closed","ping_status":"closed","template":"","meta":{"_et_pb_use_builder":"off","_et_pb_old_content":"","_et_gb_content_width":"","footnotes":""},"class_list":["post-170690","page","type-page","status-publish","hentry"],"_links":{"self":[{"href":"https:\/\/www.printmaps.net\/sv\/wp-json\/wp\/v2\/pages\/170690","targetHints":{"allow":["GET"]}}],"collection":[{"href":"https:\/\/www.printmaps.net\/sv\/wp-json\/wp\/v2\/pages"}],"about":[{"href":"https:\/\/www.printmaps.net\/sv\/wp-json\/wp\/v2\/types\/page"}],"author":[{"embeddable":true,"href":"https:\/\/www.printmaps.net\/sv\/wp-json\/wp\/v2\/users\/6"}],"replies":[{"embeddable":true,"href":"https:\/\/www.printmaps.net\/sv\/wp-json\/wp\/v2\/comments?post=170690"}],"version-history":[{"count":7,"href":"https:\/\/www.printmaps.net\/sv\/wp-json\/wp\/v2\/pages\/170690\/revisions"}],"predecessor-version":[{"id":184393,"href":"https:\/\/www.printmaps.net\/sv\/wp-json\/wp\/v2\/pages\/170690\/revisions\/184393"}],"wp:attachment":[{"href":"https:\/\/www.printmaps.net\/sv\/wp-json\/wp\/v2\/media?parent=170690"}],"curies":[{"name":"wp","href":"https:\/\/api.w.org\/{rel}","templated":true}]}}