{"id":170707,"date":"2024-05-06T17:29:08","date_gmt":"2024-05-06T16:29:08","guid":{"rendered":"https:\/\/www.printmaps.net\/fastighetsbroschyrer\/"},"modified":"2025-10-24T12:30:36","modified_gmt":"2025-10-24T11:30:36","slug":"fastighetsbroschyrer","status":"publish","type":"page","link":"https:\/\/www.printmaps.net\/sv\/fastighetsbroschyrer\/","title":{"rendered":"Fastighetskartor f\u00f6r dina flyers och fastighetsexpos\u00e9er"},"content":{"rendered":"\n<div style=\"height:32px\" aria-hidden=\"true\" class=\"wp-block-spacer\"><\/div>\n<div class=\"wp-block-image\">\n<figure class=\"alignleft size-large is-resized\"><img fetchpriority=\"high\" fetchpriority=\"high\" decoding=\"async\" width=\"1024\" height=\"729\" src=\"https:\/\/www.printmaps.net\/wp-content\/uploads\/2020\/05\/images2-1-1024x729.png\" alt=\"Fastighetsbroschyrer\" class=\"wp-image-63048\" style=\"width:680px;height:484px\" srcset=\"https:\/\/www.printmaps.net\/wp-content\/uploads\/2020\/05\/images2-1-1024x729.png 1024w, https:\/\/www.printmaps.net\/wp-content\/uploads\/2020\/05\/images2-1-980x698.png 980w, https:\/\/www.printmaps.net\/wp-content\/uploads\/2020\/05\/images2-1-480x342.png 480w\" sizes=\"(min-width: 0px) and (max-width: 480px) 480px, (min-width: 481px) and (max-width: 980px) 980px, (min-width: 981px) 1024px, 100vw\" \/><\/figure><\/div>\n<p><p>De mest effektiva <strong>fastighetsflyers<\/strong> inneh\u00e5ller ofta noggrant utformade <strong>fastighetskartor<\/strong>. Oavsett om du \u00e4r en erfaren fastighetsm\u00e4klare som vill \u00f6ka f\u00f6rs\u00e4ljningen eller en tryckdesigner specialiserad p\u00e5 <strong>fastighetsmarknadsf\u00f6ring<\/strong>, \u00e4r ditt m\u00e5l att skapa f\u00e4ngslande <strong>fastighetsexpos\u00e9er<\/strong> och flyers som b\u00e5de attraherar och informerar potentiella k\u00f6pare. H\u00e4r kommer Printmaps in i bilden. V\u00e5r karteditor g\u00f6r det enkelt att anpassa kartor och f\u00f6rb\u00e4ttra dina inbjudningar till visningar, marknadsuppdateringar, f\u00f6rs\u00e4ljningsmeddelanden och flyers f\u00f6r nya objekt.<\/p><\/p>\n\n<p><p>Uppt\u00e4ck de <a href=\"\/sv\/funktioner\">omfattande funktionerna i Printmaps-redigeraren<\/a> f\u00f6r att frig\u00f6ra dess fulla potential f\u00f6r dina fastighetsmarknadsf\u00f6ringsinsatser!<\/p><\/p>\n\n<div class=\"wp-block-buttons is-content-justification-center is-layout-flex wp-container-core-buttons-is-layout-16018d1d wp-block-buttons-is-layout-flex\">\n<div class=\"wp-block-button has-custom-font-size\" style=\"font-size:18px\"><a class=\"wp-block-button__link has-background wp-element-button\" href=\"https:\/\/www.printmaps.net\/sv\/\" style=\"border-radius:10px;background-color:#e5017e\"><p><strong>B\u00f6rja kartl\u00e4gga nu, ingen registrering beh\u00f6vs<\/strong><\/p><\/a><\/div>\n<\/div>\n\n<div style=\"height:54px\" aria-hidden=\"true\" class=\"wp-block-spacer\"><\/div>\n\n<h2 class=\"wp-block-heading\">Kartornas roll i fastighetsflyers<\/h2>\n\n<p><p>I dagens fastighetsmarknad \u00e4r flyers och <strong>expos\u00e9er<\/strong> kraftfulla verktyg f\u00f6r att visa upp visningar, marknadsrapporter och tidigare f\u00f6rs\u00e4ljningar. De erbjuder en utm\u00e4rkt m\u00f6jlighet att direkt presentera ditt varum\u00e4rke genom h\u00f6gkvalitativa fotografier, konsekvent anv\u00e4ndning av varum\u00e4rkesf\u00e4rger och framf\u00f6r allt personliga <strong>fastighetskartor<\/strong>.<\/p><\/p>\n\n<p><p>Med Printmaps kan du ladda ner <strong>h\u00f6guppl\u00f6sta kartor<\/strong> fr\u00e5n vilken plats som helst i 300 dpi och inkludera viktiga intressanta platser i omr\u00e5dena. Detta s\u00e4kerst\u00e4ller att kartornas kvalitet f\u00f6rblir intakt n\u00e4r de anv\u00e4nds i tryck f\u00f6r dina <strong>fastighetsflyers<\/strong> eller <strong>fastighetsexpos\u00e9er<\/strong>.<\/p><\/p>\n\n<h2 class=\"wp-block-heading\">Exempel p\u00e5 fastighetsflygblad med kartor<\/h2>\n<div class=\"wp-block-image\">\n<figure class=\"aligncenter size-large\"><img decoding=\"async\" width=\"1024\" height=\"458\" src=\"https:\/\/www.printmaps.net\/wp-content\/uploads\/2020\/05\/images-1024x458.png\" alt=\"Fastighetskartor\" class=\"wp-image-63047\" srcset=\"https:\/\/www.printmaps.net\/wp-content\/uploads\/2020\/05\/images-980x439.png 980w, https:\/\/www.printmaps.net\/wp-content\/uploads\/2020\/05\/images-480x215.png 480w\" sizes=\"(min-width: 0px) and (max-width: 480px) 480px, (min-width: 481px) and (max-width: 980px) 980px, (min-width: 981px) 1024px, 100vw\" \/><\/figure><\/div>\n<p><p>F\u00f6r fastighetsflyers, broschyrer eller fastighetsbeskrivningar \u00e4r det viktigt att kartbilderna \u00e4r h\u00f6guppl\u00f6sta. Detta s\u00e4kerst\u00e4ller tydlighet och f\u00f6rhindrar utskrift av pixelerade kartor. N\u00e4r du <a href=\"https:\/\/www.zillow.com\/blog\/15-words-that-add-value-171182\/\" target=\"_blank\" rel=\"noreferrer noopener\">optimerar dina fastighetsflyers<\/a> kan den strategiska anv\u00e4ndningen av ord som \u201dlyxig\u201d avsev\u00e4rt f\u00f6rb\u00e4ttra f\u00f6rs\u00e4ljningspriserna. Naturligtvis skulle du inte vilja kompromissa med v\u00e4rdet p\u00e5 dina lyxiga fastighetsflygblad med bilder av l\u00e5g kvalitet.<\/p><\/p>\n\n<div style=\"height:44px\" aria-hidden=\"true\" class=\"wp-block-spacer\"><\/div>\n<div class=\"wp-block-image\">\n<figure class=\"alignleft size-large is-resized\"><img decoding=\"async\" width=\"1024\" height=\"665\" src=\"https:\/\/www.printmaps.net\/wp-content\/uploads\/2020\/05\/Real-Estate-Flyers-1024x665.png\" alt=\"Fastighetskartor\" class=\"wp-image-63054\" style=\"width:617px;height:401px\" srcset=\"https:\/\/www.printmaps.net\/wp-content\/uploads\/2020\/05\/Real-Estate-Flyers-980x636.png 980w, https:\/\/www.printmaps.net\/wp-content\/uploads\/2020\/05\/Real-Estate-Flyers-480x312.png 480w\" sizes=\"(min-width: 0px) and (max-width: 480px) 480px, (min-width: 481px) and (max-width: 980px) 980px, (min-width: 981px) 1024px, 100vw\" \/><\/figure><\/div>\n<h3 class=\"wp-block-heading\">Betydelsen av kartor i fastighetsbroschyrer<\/h3>\n\n<p><p>Fastighetskartor \u00e4r en oers\u00e4ttlig del av fastighetsmarknadsf\u00f6ring. M\u00e4nniskor som letar efter ett nytt hem \u00e4r nyfikna p\u00e5 att ta reda p\u00e5 omgivningen kring sitt potentiella nya hus. Exempel p\u00e5 vad de vill veta \u00e4r: Finns det en <strong>bra skola<\/strong> i n\u00e4rheten d\u00e4r deras barn kan g\u00e5, en <strong>park<\/strong> att rasta hunden i och vilka <strong>restauranger<\/strong> som finns i grannskapet? Vilket \u00e4r det n\u00e4rmaste <strong>sjukhuset<\/strong>? Hur \u00e4r v\u00e4gn\u00e4tet? Kan de enkelt n\u00e5 sitt arbete? Om du vill g\u00f6ra fantastiska fastighetsbroschyrer \u00e4r det mycket viktigt att kartl\u00e4gga milj\u00f6n.<\/p><\/p>\n\n<p><\/p>\n\n<div style=\"height:44px\" aria-hidden=\"true\" class=\"wp-block-spacer\"><\/div>\n\n<h3 class=\"wp-block-heading\">O\u00e4ndlig kreativitet vid redigering i Illustrator eller Photoshop<\/h3>\n\n<p><p>N\u00e4r man siktar p\u00e5 verkligt exceptionella och uppm\u00e4rksamhetsv\u00e4ckande kreativa fastighetsbroschyrer, kommer det inte att v\u00e4lja ett standardformat som valts av dina konkurrenter. Du anv\u00e4nder troligen redan redigeringsverktyg som Illustrator eller Photoshop. Med Printmaps kan du enkelt ladda ner en lagrad PSD- eller SVG-fil, som du sedan kan \u00f6ppna i Illustrator eller Photoshop f\u00f6r att<strong> anpassa kartan till dina preferenser.<\/strong><\/p><\/p>\n\n<p>Om du inte \u00e4r bekant med dessa program men \u00e4nd\u00e5 vill ha en enkel, snygg kartdesign, har Printmaps dig t\u00e4ckt. Du kan slutf\u00f6ra kartan direkt i Printmaps-redigeraren och ladda ner den som en PNG. Inf\u00f6rliva detta i din fastighetsgrannskapsflygblad och se n\u00e4r det f\u00e4ngslar otaliga potentiella k\u00f6pare och ant\u00e4nder deras intresse och beundran.<\/p>\n<div class=\"wp-block-image\">\n<figure class=\"aligncenter size-large\"><img decoding=\"async\" src=\"https:\/\/www.printmaps.net\/wp-content\/uploads\/2020\/06\/layered-map-in-illustrator.png\" alt=\"karta i lager\" class=\"wp-image-64211\"\/><\/figure><\/div>\n<div style=\"height:51px\" aria-hidden=\"true\" class=\"wp-block-spacer\"><\/div>\n\n<div class=\"wp-block-group\"><div class=\"wp-block-group__inner-container is-layout-constrained wp-block-group-is-layout-constrained\">\n<h2 class=\"wp-block-heading has-text-align-center has-large-font-size\" style=\"font-style:normal;font-weight:700\">Prova Printmaps<\/h2>\n\n\n\n<p class=\"has-text-align-center has-medium-font-size\">Med v\u00e5r kartredigerare kan du skapa utskrivbara kartor \u00f6ver hela v\u00e4rlden p\u00e5 nolltid.<\/p>\n\n\n\n<div style=\"height:15px\" aria-hidden=\"true\" class=\"wp-block-spacer\"><\/div>\n\n\n\n<div class=\"wp-block-buttons is-content-justification-center is-layout-flex wp-container-core-buttons-is-layout-16018d1d wp-block-buttons-is-layout-flex\">\n<div class=\"wp-block-button has-custom-font-size\" style=\"font-size:18px\"><a class=\"wp-block-button__link has-background wp-element-button\" href=\"https:\/\/www.printmaps.net\/sv\/\" style=\"border-radius:10px;background-color:#e5017e\"><p><strong>Skapa din f\u00f6rsta karta nu<\/strong><\/p><\/a><\/div>\n<\/div>\n<\/div><\/div>\n<div class=\"wp-block-image\">\n<figure class=\"alignright size-large is-resized\"><img decoding=\"async\" src=\"https:\/\/www.printmaps.net\/wp-content\/uploads\/2020\/05\/Real-Estate-expose2-1024x746.png\" alt=\"\" class=\"wp-image-63051\" style=\"width:667px;height:486px\"\/><\/figure><\/div>\n<p><p>\u00c4ven om trycksaker fortfarande \u00e4r ett viktigt verktyg f\u00f6r marknadsf\u00f6ring av fastigheter, inneb\u00e4r moderna strategier ofta en kombination av olika tillv\u00e4gag\u00e5ngss\u00e4tt. S\u00e4rskilt <strong>e-postmarknadsf\u00f6ring<\/strong> kan visa sig vara mycket effektivt f\u00f6r att <a href=\"https:\/\/www.wordstream.com\/blog\/ws\/2015\/04\/16\/real-estate-marketing\">odla kundrelationer<\/a> inom fastighetsbranschen. Att till exempel f\u00f6lja upp med ett nyhetsbrev efter att en potentiell k\u00f6pare bes\u00f6ker ett av dina \u00f6ppna hus ger ett utm\u00e4rkt tillf\u00e4lle att visa upp andra tillg\u00e4ngliga fastigheter i samma grannskap.<\/p><\/p>\n\n<p>Att f\u00f6rb\u00e4ttra dina nyhetsbrev med h\u00f6gkvalitativa fastighetskartor ger ett extra lager av engagemang och visuellt tilltal, vilket effektivt visar upp \u00f6ppna hus, listor och de omgivande stadsdelarna.<\/p>\n\n<div style=\"height:100px\" aria-hidden=\"true\" class=\"wp-block-spacer\"><\/div>\n<div class=\"wp-block-image\">\n<figure class=\"alignleft size-large is-resized\"><img loading=\"lazy\" loading=\"lazy\" decoding=\"async\" width=\"1024\" height=\"665\" src=\"https:\/\/www.printmaps.net\/wp-content\/uploads\/2020\/05\/biking-route-map-1024x665.png\" alt=\"skapa en ruttkarta\" class=\"wp-image-62793\" style=\"width:593px;height:385px\" srcset=\"https:\/\/www.printmaps.net\/wp-content\/uploads\/2020\/05\/biking-route-map-980x636.png 980w, https:\/\/www.printmaps.net\/wp-content\/uploads\/2020\/05\/biking-route-map-480x312.png 480w\" sizes=\"auto, (min-width: 0px) and (max-width: 480px) 480px, (min-width: 481px) and (max-width: 980px) 980px, (min-width: 981px) 1024px, 100vw\" \/><\/figure><\/div>\n<h3 class=\"wp-block-heading\">Anv\u00e4nd redigeraren f\u00f6r att visa v\u00e4gbeskrivningar<\/h3>\n\n<p>V\u00e5r ruttredigerare erbjuder mer \u00e4n bara m\u00f6jligheten att rita rutter p\u00e5 fri hand. Den har en guide som magnetiskt f\u00e4ster vid befintliga v\u00e4gar, vilket g\u00f6r att du kan skapa rutter p\u00e5 n\u00e5gra sekunder. Detta innovativa verktyg visar inte bara upp intressanta platser i grannskapet eller v\u00e4gn\u00e4tet f\u00f6r att illustrera tillg\u00e4ngligheten, utan g\u00f6r det ocks\u00e5 l\u00e4ttare att inkludera v\u00e4gbeskrivningar i fastighetsbroschyrer.<\/p>\n\n<p>Genom att inkludera v\u00e4gbeskrivningar i dina broschyrer ser du till att potentiella k\u00f6pare f\u00e5r tydlig v\u00e4gledning om hur de ska hitta dig, vilket f\u00f6rb\u00e4ttrar deras helhetsupplevelse och minskar eventuell f\u00f6rvirring.<\/p>\n\n<div style=\"height:100px\" aria-hidden=\"true\" class=\"wp-block-spacer\"><\/div>\n\n<p class=\"has-large-font-size\">Det \u00e4r vad du g\u00f6r det till<\/p>\n\n<p>Att skapa utskrivbara kartor f\u00f6r publikationer inneb\u00e4r mer \u00e4n att bara ha r\u00e4tt geoverktyg; det handlar om att utnyttja dina egna m\u00f6nster och id\u00e9er. Med Printmaps har du fullst\u00e4ndig flexibilitet, oavsett om det g\u00e4ller att v\u00e4lja typ av kartografi eller v\u00e4lja de funktioner som ska inkluderas i din karta.<\/p>\n\n<p>Men anpassningsm\u00f6jligheterna slutar inte d\u00e4r. N\u00e4r du har skapat och laddat ner din karta \u00e4r m\u00f6jligheterna o\u00e4ndliga. Vill du f\u00f6rb\u00e4ttra intressanta platser med ytterligare detaljer? L\u00e4gga till dina egna logotyper, grafik eller text? V\u00e5ra kartor levereras i ett PSD-format med lager, s\u00e5 att du kan \u00e4ndra alla aspekter, \u00e4nda ner till enskilda intressepunkter.<\/p>\n\n<p>Varf\u00f6r inte prova v\u00e5r redigerare och uppt\u00e4cka hur du enkelt kan omvandla dina id\u00e9er till den perfekta kartan som \u00e4r skr\u00e4ddarsydd f\u00f6r publicering?<\/p>\n\n<div style=\"height:97px\" aria-hidden=\"true\" class=\"wp-block-spacer\"><\/div>\n\n<div class=\"wp-block-group\"><div class=\"wp-block-group__inner-container is-layout-constrained wp-block-group-is-layout-constrained\">\n<h2 class=\"wp-block-heading has-text-align-center has-large-font-size\" style=\"font-style:normal;font-weight:700\">Prova Printmaps<\/h2>\n\n\n\n<p class=\"has-text-align-center has-medium-font-size\">Med v\u00e5r kartredigerare kan du skapa utskrivbara kartor \u00f6ver hela v\u00e4rlden p\u00e5 nolltid.<\/p>\n\n\n\n<div style=\"height:15px\" aria-hidden=\"true\" class=\"wp-block-spacer\"><\/div>\n\n\n\n<div class=\"wp-block-buttons is-content-justification-center is-layout-flex wp-container-core-buttons-is-layout-16018d1d wp-block-buttons-is-layout-flex\">\n<div class=\"wp-block-button has-custom-font-size\" style=\"font-size:18px\"><a class=\"wp-block-button__link has-background wp-element-button\" href=\"https:\/\/www.printmaps.net\/sv\/\" style=\"border-radius:10px;background-color:#e5017e\"><p><strong>Skapa din f\u00f6rsta karta nu<\/strong><\/p><\/a><\/div>\n<\/div>\n<\/div><\/div>\n\n<div style=\"height:155px\" aria-hidden=\"true\" class=\"wp-block-spacer\"><\/div>\n\n<h3 class=\"wp-block-heading has-text-align-center\">Vanliga fr\u00e5gor<\/h3>\n\n<div class=\"schema-faq wp-block-yoast-faq-block\"><div class=\"schema-faq-section\" id=\"faq-question-1759748884275\"><strong class=\"schema-faq-question\">Vad \u00e4r det snabbaste s\u00e4ttet att l\u00e4gga till skolor, parker, kollektivtrafik och sjukhus p\u00e5 en flyer-karta?<\/strong> <p class=\"schema-faq-answer\">V\u00e5rt n\u00e5lverktyg l\u00e5ter dig anv\u00e4nda olika symboler f\u00f6r att visa sammanhanget f\u00f6r platser du vill framh\u00e4va. F\u00f6r att l\u00e4gga till en n\u00e5l, placera den helt enkelt p\u00e5 kartan genom att dra den och redigera sedan f\u00e4rg, form och symbol f\u00f6r att ge tydlighet \u00e5t olika platser p\u00e5 kartan.<\/p> <\/div> <div class=\"schema-faq-section\" id=\"faq-question-1759748912351\"><strong class=\"schema-faq-question\">Vilka kartelement p\u00e5 en flyer p\u00e5verkar k\u00f6parintresse och konvertering mest?<\/strong> <p class=\"schema-faq-answer\">En tydlig fastighetsmarkering och ett noggrant urval av 4\u20138 POI (skolor, kollektivtrafik, parker, butiker) p\u00e5verkar k\u00f6parens intresse mest. Anv\u00e4nd enkla, f\u00e4rgkodade ikoner och korta etiketter s\u00e5 att fastighetsn\u00e5len f\u00f6rblir den visuella fokuspunkten.<\/p> <\/div> <div class=\"schema-faq-section\" id=\"faq-question-1759748923929\"><strong class=\"schema-faq-question\">Hur kan jag klistra in flera fastighetsadresser f\u00f6r att snabbt skapa n\u00e5lar?<\/strong> <p class=\"schema-faq-answer\"><p>Du kan skapa en Excel-fil som f\u00f6ljer layouten f\u00f6r v\u00e5rt batch-geocoder-verktyg och klistra in den f\u00f6r att snabbt skapa n\u00e5lar. L\u00e4s <a href=\"\/sv\/skriv-ut-karta-med-flera-platser\/\">den h\u00e4r artikeln<\/a> om du vill veta mer.<\/p><\/p> <\/div> <\/div>\n\n<div class=\"wp-block-group\"><div class=\"wp-block-group__inner-container is-layout-constrained wp-block-group-is-layout-constrained\">\n<div style=\"height:130px\" aria-hidden=\"true\" class=\"wp-block-spacer\"><\/div>\n\n\n\n<h2 class=\"wp-block-heading has-x-large-font-size\" style=\"font-style:normal;font-weight:700\">Beh\u00f6ver du fortfarande hj\u00e4lp? Skicka ett meddelande till oss!<\/h2>\n\n\n\n<p style=\"font-size:22px\"><p><a href=\"https:\/\/support.printmaps.net\/sv-SE\/support\/tickets\/new\">Skicka oss en biljett p\u00e5 v\u00e5r supportplattform<\/a><\/p><\/p>\n\n\n\n<div style=\"height:150px\" aria-hidden=\"true\" class=\"wp-block-spacer\"><\/div>\n<\/div><\/div>\n","protected":false},"excerpt":{"rendered":"<p>De mest effektiva fastighetsflyers inneh\u00e5ller ofta noggrant utformade fastighetskartor. Oavsett om du \u00e4r en erfaren fastighetsm\u00e4klare som vill \u00f6ka f\u00f6rs\u00e4ljningen eller en tryckdesigner specialiserad p\u00e5 fastighetsmarknadsf\u00f6ring, \u00e4r ditt m\u00e5l att skapa f\u00e4ngslande fastighetsexpos\u00e9er och flyers som b\u00e5de attraherar och informerar potentiella k\u00f6pare. H\u00e4r kommer Printmaps in i bilden. V\u00e5r karteditor g\u00f6r det enkelt att anpassa [&hellip;]<\/p>\n","protected":false},"author":19,"featured_media":0,"parent":0,"menu_order":0,"comment_status":"closed","ping_status":"closed","template":"","meta":{"_et_pb_use_builder":"off","_et_pb_old_content":"","_et_gb_content_width":"","footnotes":""},"class_list":["post-170707","page","type-page","status-publish","hentry"],"_links":{"self":[{"href":"https:\/\/www.printmaps.net\/sv\/wp-json\/wp\/v2\/pages\/170707","targetHints":{"allow":["GET"]}}],"collection":[{"href":"https:\/\/www.printmaps.net\/sv\/wp-json\/wp\/v2\/pages"}],"about":[{"href":"https:\/\/www.printmaps.net\/sv\/wp-json\/wp\/v2\/types\/page"}],"author":[{"embeddable":true,"href":"https:\/\/www.printmaps.net\/sv\/wp-json\/wp\/v2\/users\/19"}],"replies":[{"embeddable":true,"href":"https:\/\/www.printmaps.net\/sv\/wp-json\/wp\/v2\/comments?post=170707"}],"version-history":[{"count":12,"href":"https:\/\/www.printmaps.net\/sv\/wp-json\/wp\/v2\/pages\/170707\/revisions"}],"predecessor-version":[{"id":222101,"href":"https:\/\/www.printmaps.net\/sv\/wp-json\/wp\/v2\/pages\/170707\/revisions\/222101"}],"wp:attachment":[{"href":"https:\/\/www.printmaps.net\/sv\/wp-json\/wp\/v2\/media?parent=170707"}],"curies":[{"name":"wp","href":"https:\/\/api.w.org\/{rel}","templated":true}]}}