{"id":170773,"date":"2024-05-07T10:06:03","date_gmt":"2024-05-07T09:06:03","guid":{"rendered":"https:\/\/www.printmaps.net\/skapa-en-kartposter\/"},"modified":"2025-10-21T12:28:00","modified_gmt":"2025-10-21T11:28:00","slug":"skapa-en-kartposter","status":"publish","type":"page","link":"https:\/\/www.printmaps.net\/sv\/skapa-en-kartposter\/","title":{"rendered":"Skapa en kartposter med Printmaps-redigeraren"},"content":{"rendered":"\n<div style=\"height:100px\" aria-hidden=\"true\" class=\"wp-block-spacer\"><\/div>\n\n<div class=\"wp-block-columns is-layout-flex wp-container-core-columns-is-layout-9d6595d7 wp-block-columns-is-layout-flex\">\n<div class=\"wp-block-column is-layout-flow wp-block-column-is-layout-flow\" style=\"flex-basis:66.66%\">\n<figure class=\"wp-block-image size-large is-resized\"><img fetchpriority=\"high\" fetchpriority=\"high\" decoding=\"async\" width=\"887\" height=\"1024\" src=\"https:\/\/www.printmaps.net\/wp-content\/uploads\/2020\/04\/create-map-poster-887x1024.png\" alt=\"skapa en kartposter\" class=\"wp-image-61074\" style=\"width:451px;height:520px\"\/><\/figure>\n\n\n<p><\/p>\n\n\n\n<div style=\"height:20px\" aria-hidden=\"true\" class=\"wp-block-spacer\"><\/div>\n<\/div>\n\n\n\n<div class=\"wp-block-column is-layout-flow wp-block-column-is-layout-flow\" style=\"flex-basis:33.33%\">\n<p>Med Printmaps online-kartredigerare \u00e4r det lika enkelt att skapa en kartaffisch som att ta en promenad i parken &#8211; eller att avbilda en! Oavsett om du skissar p\u00e5 resv\u00e4gar, stigar eller natursk\u00f6na k\u00f6rningar eller laddar upp geodata f\u00f6r att visa befintliga rutter, f\u00f6renklar v\u00e5r redakt\u00f6r processen.<\/p>\n\n\n\n<p><p>Printmaps editor \u00e4r idealisk f\u00f6r b\u00e5de tryckdesigners, turistf\u00f6retag och privatpersoner och erbjuder m\u00e5ngsidighet f\u00f6r b\u00e5de personliga och professionella applikationer. Du kan enkelt skapa fantastiska, <strong>h\u00f6guppl\u00f6sta kartposters<\/strong> som \u00e4r skr\u00e4ddarsydda efter dina behov.<\/p><\/p>\n\n\n\n<p><p>Utforska <a href=\"\/sv\/funktioner\">funktionerna i Printmaps-redigeraren<\/a> och l\u00e4r dig hur du utnyttjar dess fulla potential f\u00f6r dina kartposterprojekt.<\/p><\/p>\n\n\n\n<div style=\"height:55px\" aria-hidden=\"true\" class=\"wp-block-spacer\"><\/div>\n\n\n\n<div class=\"wp-block-buttons is-content-justification-center is-layout-flex wp-container-core-buttons-is-layout-16018d1d wp-block-buttons-is-layout-flex\">\n<div class=\"wp-block-button has-custom-font-size\" style=\"font-size:18px\"><a class=\"wp-block-button__link has-background wp-element-button\" href=\"https:\/\/www.printmaps.net\/sv\/\" style=\"border-radius:10px;background-color:#e5017e\"><p><strong>B\u00f6rja kartl\u00e4gga nu, ingen registrering beh\u00f6vs<\/strong><\/p><\/a><\/div>\n<\/div>\n<\/div>\n<\/div>\n\n<div style=\"height:45px\" aria-hidden=\"true\" class=\"wp-block-spacer\"><\/div>\n<div class=\"wp-block-image\">\n<figure class=\"alignright size-large is-resized\"><img decoding=\"async\" width=\"1024\" height=\"683\" src=\"https:\/\/www.printmaps.net\/wp-content\/uploads\/2020\/04\/Map-poster-1024x683.jpeg\" alt=\"\" class=\"wp-image-60865\" style=\"width:599px;height:400px\" srcset=\"https:\/\/www.printmaps.net\/wp-content\/uploads\/2020\/04\/Map-poster-980x653.jpeg 980w, https:\/\/www.printmaps.net\/wp-content\/uploads\/2020\/04\/Map-poster-480x320.jpeg 480w\" sizes=\"(min-width: 0px) and (max-width: 480px) 480px, (min-width: 481px) and (max-width: 980px) 980px, (min-width: 981px) 1024px, 100vw\" \/><\/figure><\/div>\n<h3 class=\"wp-block-heading\">Poster med v\u00e4gbeskrivning och ruttkarta<\/h3>\n\n<p><p>Kunderna f\u00f6rlitar sig p\u00e5 Printmaps f\u00f6r att effektivt visa v\u00e4gbeskrivningar och rutter. Med v\u00e5r anv\u00e4ndarv\u00e4nliga editor \u00e4r det enkelt att justera utskriftsstorleken samtidigt som du s\u00e4kerst\u00e4ller en oklanderlig utskriftskvalitet. Du kan skr\u00e4ddarsy utskriftsstorleken efter dina behov, med flexibiliteten att g\u00e5 upp till <strong>maximalt 1330x1330mm<\/strong>.<\/p><\/p>\n\n<p>Kartor som \u00e4r st\u00f6rre \u00e4n 220 mm i sidol\u00e4ngd \u00e4r inte tillg\u00e4ngliga som PNG-filer. Ist\u00e4llet kommer de att tillhandah\u00e5llas i en lagrad PSD (Photoshop) eller SVG-fil (Illustrator), vilket m\u00f6jligg\u00f6r s\u00f6ml\u00f6s anpassning och bibeh\u00e5llen kvalitet.<\/p>\n\n<div style=\"height:100px\" aria-hidden=\"true\" class=\"wp-block-spacer\"><\/div>\n<div class=\"wp-block-image\">\n<figure class=\"alignleft size-large is-resized\"><img decoding=\"async\" width=\"621\" height=\"438\" src=\"https:\/\/www.printmaps.net\/wp-content\/uploads\/2020\/04\/Make-a-poster-map.png\" alt=\"\" class=\"wp-image-60849\" style=\"width:522px;height:368px\" srcset=\"https:\/\/www.printmaps.net\/wp-content\/uploads\/2020\/04\/Make-a-poster-map.png 621w, https:\/\/www.printmaps.net\/wp-content\/uploads\/2020\/04\/Make-a-poster-map-480x339.png 480w\" sizes=\"(min-width: 0px) and (max-width: 480px) 480px, (min-width: 481px) 621px, 100vw\" \/><\/figure><\/div>\n<h3 class=\"wp-block-heading\">Posters med stadskarta<\/h3>\n\n<p><p>Skapa enkelt ruttkartor med n\u00e5lar f\u00f6r att visa upp vandrings- eller cykelleder, eller helt enkelt bara v\u00e4gbeskrivningar. Rita linjer p\u00e5 befintliga v\u00e4gar, cykel- och g\u00e5ngv\u00e4gar. Luta kartan f\u00f6r att f\u00e5 det perfekta stadskarteperspektivet.<\/p><\/p>\n\n<p><p><a href=\"\/sv\/rita-rutt-pa-karta\">Skapa enkelt en ruttkarta<\/a> med hj\u00e4lp av ruttredigeraren som ritar p\u00e5 exakt de v\u00e4gar du har k\u00f6rt!<\/p><\/p>\n\n<div style=\"height:70px\" aria-hidden=\"true\" class=\"wp-block-spacer\"><\/div>\n<div class=\"wp-block-image\">\n<figure class=\"alignright size-large is-resized\"><img loading=\"lazy\" loading=\"lazy\" decoding=\"async\" width=\"1024\" height=\"932\" src=\"https:\/\/www.printmaps.net\/wp-content\/uploads\/2020\/04\/Poster-map-1024x932.png\" alt=\"\" class=\"wp-image-60855\" style=\"width:353px;height:321px\" srcset=\"https:\/\/www.printmaps.net\/wp-content\/uploads\/2020\/04\/Poster-map-980x892.png 980w, https:\/\/www.printmaps.net\/wp-content\/uploads\/2020\/04\/Poster-map-480x437.png 480w\" sizes=\"auto, (min-width: 0px) and (max-width: 480px) 480px, (min-width: 481px) and (max-width: 980px) 980px, (min-width: 981px) 1024px, 100vw\" \/><\/figure><\/div>\n<h3 class=\"wp-block-heading\">Kartl\u00e4gg platser som \u00e4r v\u00e4rdefulla f\u00f6r dig<\/h3>\n\n<p>Oavsett om det handlar om k\u00e4ra minnen, extraordin\u00e4ra upplevelser eller helt enkelt k\u00e4nslan av att vara hemma, s\u00e5 har vissa platser ett enormt personligt v\u00e4rde. Skapa en kartposter av din egen lyckliga plats som du kan pryda din heminredning med eller ge bort till n\u00e5gon speciell.<\/p>\n\n<p><p>Printmaps-redigeraren h\u00e4mtar sina data fr\u00e5n <a href=\"https:\/\/www.openstreetmap.org\/\" target=\"_blank\" rel=\"noreferrer noopener\">OpenStreetMap<\/a>, s\u00e5 att du enkelt kan anpassa din kartposter. L\u00e4gg enkelt till eller ta bort lager som stads- eller v\u00e4gnamn, till\u00e4mpa olika kartstilar och inf\u00f6rliva f\u00e4rgade former. Denna flexibilitet ger dig m\u00f6jlighet att skapa en kartaffisch som perfekt \u00e5terspeglar dina preferenser, oavsett om du f\u00f6redrar en detaljerad eller minimalistisk design.<\/p><\/p>\n\n<p><\/p>\n\n<p><\/p>\n\n<div style=\"height:67px\" aria-hidden=\"true\" class=\"wp-block-spacer\"><\/div>\n\n<div class=\"wp-block-group\"><div class=\"wp-block-group__inner-container is-layout-constrained wp-block-group-is-layout-constrained\">\n<h2 class=\"wp-block-heading has-text-align-center has-large-font-size\" style=\"font-style:normal;font-weight:700\">Prova Printmaps<\/h2>\n\n\n\n<p class=\"has-text-align-center has-medium-font-size\">Med v\u00e5r kartredigerare kan du skapa utskrivbara kartor \u00f6ver hela v\u00e4rlden p\u00e5 nolltid.<\/p>\n\n\n\n<div style=\"height:15px\" aria-hidden=\"true\" class=\"wp-block-spacer\"><\/div>\n\n\n\n<div class=\"wp-block-buttons is-content-justification-center is-layout-flex wp-container-core-buttons-is-layout-16018d1d wp-block-buttons-is-layout-flex\">\n<div class=\"wp-block-button has-custom-font-size\" style=\"font-size:18px\"><a class=\"wp-block-button__link has-background wp-element-button\" href=\"https:\/\/www.printmaps.net\/sv\/\" style=\"border-radius:10px;background-color:#e5017e\"><p><strong>Skapa din f\u00f6rsta karta nu<\/strong><\/p><\/a><\/div>\n<\/div>\n<\/div><\/div>\n\n<div style=\"height:150px\" aria-hidden=\"true\" class=\"wp-block-spacer\"><\/div>\n\n<h3 class=\"wp-block-heading\">Vanliga fr\u00e5gor<\/h3>\n\n<div class=\"schema-faq wp-block-yoast-faq-block\"><div class=\"schema-faq-section\" id=\"faq-question-1757951802995\"><strong class=\"schema-faq-question\">Vilken affischstorlek och vilket DPI \u00e4r b\u00e4st f\u00f6r en h\u00f6gkvalitativ karta f\u00f6r utskrift?<\/strong> <p class=\"schema-faq-answer\">Det \u00e4r b\u00e4st att f\u00f6rst v\u00e4lja en ramstorlek och sedan anpassa kartan till ramen. Det g\u00f6r du enkelt genom att ange sidl\u00e4ngderna uppe till v\u00e4nster i kartredigeraren. V\u00e5ra kartor levereras med 300 dpi f\u00f6r PNG och PSD, vilket \u00e4r optimalt f\u00f6r tryck. SVG \u00e4r skalbart, s\u00e5 du kan sj\u00e4lv v\u00e4lja dpi.<\/p> <\/div> <div class=\"schema-faq-section\" id=\"faq-question-1757952097323\"><strong class=\"schema-faq-question\">Hur v\u00e4ljer jag mellan PNG, PSD och SVG f\u00f6r en kartaffisch?<\/strong> <p class=\"schema-faq-answer\">Det beror p\u00e5 flera faktorer. Om du vill anpassa kartan omfattande i efterbearbetning \u00e4r PSD och SVG mest l\u00e4mpliga, eftersom varje element kan redigeras som ett eget lager. PNG passar f\u00f6r utskriftsstorlek upp till 22 cm \u00d7 22 cm, PSD upp till 66 cm \u00d7 66 cm och SVG kan anv\u00e4ndas i vilken storlek som helst tack vare skalbarheten.<\/p> <\/div> <div class=\"schema-faq-section\" id=\"faq-question-1757952313290\"><strong class=\"schema-faq-question\">Kan jag markera vissa omr\u00e5den p\u00e5 kartan?<\/strong> <p class=\"schema-faq-answer\">Ja. Med v\u00e5rt verktyg \u201dL\u00e4gg till geoform\u201d kan du markera administrativa ytor p\u00e5 valfri niv\u00e5, oavsett om det \u00e4r ett distrikt, en stad, en region eller ett land. D\u00e4refter kan du invertera markeringen och v\u00e4lja f\u00e4rg och opacitet.<\/p> <\/div> <div class=\"schema-faq-section\" id=\"faq-question-1757952489628\"><strong class=\"schema-faq-question\">Kan jag skapa en minimalistisk kartaffisch som d\u00f6ljer v\u00e4gar, etiketter eller punkter?<\/strong> <p class=\"schema-faq-answer\">Ja. I redigerarens avancerade stilsinst\u00e4llningar kan du v\u00e4lja om varje etikett och kartelement ska visas eller d\u00f6ljas.<\/p> <\/div> <\/div>\n\n<div class=\"schema-how-to wp-block-yoast-how-to-block\"><p class=\"schema-how-to-description\">S\u00e5 skapar du en kartaffisch med Printmaps<\/p> <ol class=\"schema-how-to-steps\"><li class=\"schema-how-to-step\" id=\"how-to-step-1750419063043\"><strong class=\"schema-how-to-step-name\">V\u00e4lj den storlek du vill att affischen ska ha<\/strong> <p class=\"schema-how-to-step-text\">V\u00e5r editor erbjuder f\u00f6rdefinierade standardstorlekar (A5, A4, A3 \u2026) eller anpassade sidol\u00e4ngder upp till 1330 mm. Dessa storlekar visar i vilken storlek slutprodukten kan skrivas ut och fortfarande vara i h\u00f6g uppl\u00f6sning, \u00e4ven p\u00e5 kort avst\u00e5nd.<\/p> <\/li><li class=\"schema-how-to-step\" id=\"how-to-step-1750419288154\"><strong class=\"schema-how-to-step-name\">Definiera kartomr\u00e5det och zoomniv\u00e5n<\/strong> <p class=\"schema-how-to-step-text\">V\u00e4lj vilket omr\u00e5de som ska visas genom att skriva in \u00f6nskad plats i s\u00f6kf\u00e4ltet eller genom att dra kartan med musen och rulla f\u00f6r att zooma in eller ut. P\u00e5 h\u00f6gre zoomniv\u00e5er visas fler detaljer p\u00e5 kartan.<\/p> <\/li><li class=\"schema-how-to-step\" id=\"how-to-step-1750419407511\"><strong class=\"schema-how-to-step-name\">V\u00e4lj din favoritstil och vilka detaljer som ska visas<\/strong> <p class=\"schema-how-to-step-text\">Vi har flera f\u00f6rdefinierade stilar att v\u00e4lja mellan. I fliken f\u00f6r design kan du \u00e4ndra vilka delar av kartan som ska ing\u00e5 genom att markera eller avmarkera alternativ. Du kan ocks\u00e5 v\u00e4lja att st\u00e4nga av etiketter f\u00f6r olika objekt.<\/p> <\/li><li class=\"schema-how-to-step\" id=\"how-to-step-1750419532387\"><strong class=\"schema-how-to-step-name\">L\u00e4gg till rutter, n\u00e5lar eller geografiska former<\/strong> <p class=\"schema-how-to-step-text\">Lyft fram favoritplatser med n\u00e5lar i fliken \u201dL\u00e4gg till Inneh\u00e5ll\u201d, visa rutter du har rest och markera st\u00e4der, l\u00e4n, delstater eller l\u00e4nder.<\/p> <\/li><li class=\"schema-how-to-step\" id=\"how-to-step-1750419661403\"><strong class=\"schema-how-to-step-name\">K\u00f6p din karta och skriv ut den p\u00e5 ett tryckeri<\/strong> <p class=\"schema-how-to-step-text\"><\/p> <\/li><\/ol><\/div>\n\n<div style=\"height:95px\" aria-hidden=\"true\" class=\"wp-block-spacer\"><\/div>\n","protected":false},"excerpt":{"rendered":"<p>Med Printmaps online-kartredigerare \u00e4r det lika enkelt att skapa en kartaffisch som att ta en promenad i parken &#8211; eller att avbilda en! Oavsett om du skissar p\u00e5 resv\u00e4gar, stigar eller natursk\u00f6na k\u00f6rningar eller laddar upp geodata f\u00f6r att visa befintliga rutter, f\u00f6renklar v\u00e5r redakt\u00f6r processen. Printmaps editor \u00e4r idealisk f\u00f6r b\u00e5de tryckdesigners, turistf\u00f6retag och [&hellip;]<\/p>\n","protected":false},"author":19,"featured_media":0,"parent":0,"menu_order":0,"comment_status":"closed","ping_status":"closed","template":"","meta":{"_et_pb_use_builder":"off","_et_pb_old_content":"","_et_gb_content_width":"","footnotes":""},"class_list":["post-170773","page","type-page","status-publish","hentry"],"_links":{"self":[{"href":"https:\/\/www.printmaps.net\/sv\/wp-json\/wp\/v2\/pages\/170773","targetHints":{"allow":["GET"]}}],"collection":[{"href":"https:\/\/www.printmaps.net\/sv\/wp-json\/wp\/v2\/pages"}],"about":[{"href":"https:\/\/www.printmaps.net\/sv\/wp-json\/wp\/v2\/types\/page"}],"author":[{"embeddable":true,"href":"https:\/\/www.printmaps.net\/sv\/wp-json\/wp\/v2\/users\/19"}],"replies":[{"embeddable":true,"href":"https:\/\/www.printmaps.net\/sv\/wp-json\/wp\/v2\/comments?post=170773"}],"version-history":[{"count":10,"href":"https:\/\/www.printmaps.net\/sv\/wp-json\/wp\/v2\/pages\/170773\/revisions"}],"predecessor-version":[{"id":221706,"href":"https:\/\/www.printmaps.net\/sv\/wp-json\/wp\/v2\/pages\/170773\/revisions\/221706"}],"wp:attachment":[{"href":"https:\/\/www.printmaps.net\/sv\/wp-json\/wp\/v2\/media?parent=170773"}],"curies":[{"name":"wp","href":"https:\/\/api.w.org\/{rel}","templated":true}]}}