{"id":170779,"date":"2024-05-07T10:32:47","date_gmt":"2024-05-07T09:32:47","guid":{"rendered":"https:\/\/www.printmaps.net\/skapa-en-ruttkarta\/"},"modified":"2025-10-21T14:17:41","modified_gmt":"2025-10-21T13:17:41","slug":"rita-rutt-pa-karta","status":"publish","type":"page","link":"https:\/\/www.printmaps.net\/sv\/rita-rutt-pa-karta\/","title":{"rendered":"Rita en rutt p\u00e5 en karta med Printmaps-redigeraren"},"content":{"rendered":"\n<div style=\"height:37px\" aria-hidden=\"true\" class=\"wp-block-spacer\"><\/div>\n\n<div class=\"wp-block-columns is-layout-flex wp-container-core-columns-is-layout-9d6595d7 wp-block-columns-is-layout-flex\">\n<div class=\"wp-block-column is-layout-flow wp-block-column-is-layout-flow\" style=\"flex-basis:66.66%\">\n<figure class=\"wp-block-image size-large is-resized\"><img fetchpriority=\"high\" fetchpriority=\"high\" decoding=\"async\" width=\"1024\" height=\"665\" src=\"https:\/\/www.printmaps.net\/wp-content\/uploads\/2020\/05\/biking-route-map-1024x665.png\" alt=\"rita ut rutt p&#xE5; karta\" class=\"wp-image-62793\" style=\"width:693px;height:449px\" srcset=\"https:\/\/www.printmaps.net\/wp-content\/uploads\/2020\/05\/biking-route-map-980x636.png 980w, https:\/\/www.printmaps.net\/wp-content\/uploads\/2020\/05\/biking-route-map-480x312.png 480w\" sizes=\"(min-width: 0px) and (max-width: 480px) 480px, (min-width: 481px) and (max-width: 980px) 980px, (min-width: 981px) 1024px, 100vw\" \/><\/figure>\n\n\n<div style=\"height:35px\" aria-hidden=\"true\" class=\"wp-block-spacer\"><\/div>\n<\/div>\n\n\n\n<div class=\"wp-block-column is-layout-flow wp-block-column-is-layout-flow\" style=\"flex-basis:33.33%\">\n<p>V\u00e5r kartredigerare hj\u00e4lper dig att rita en rutt p\u00e5 en karta p\u00e5 n\u00e5gra sekunder. Med hj\u00e4lp av ruttredigeraren kan du rita en rutt fr\u00e5n A till B var du vill p\u00e5 v\u00e4rldskartan. V\u00e4lj om du vill rita rutten p\u00e5 v\u00e4gar f\u00f6r att vandra, cykla eller k\u00f6ra bil.<\/p>\n\n\n\n<div style=\"height:100px\" aria-hidden=\"true\" class=\"wp-block-spacer\"><\/div>\n\n\n\n<div class=\"wp-block-buttons is-content-justification-center is-layout-flex wp-container-core-buttons-is-layout-16018d1d wp-block-buttons-is-layout-flex\">\n<div class=\"wp-block-button has-custom-font-size\" style=\"font-size:18px\"><a class=\"wp-block-button__link has-background wp-element-button\" href=\"https:\/\/www.printmaps.net\/sv\/\" style=\"border-radius:10px;background-color:#e5017e\"><p><strong>B\u00f6rja kartl\u00e4gga nu, ingen registrering beh\u00f6vs<\/strong><\/p><\/a><\/div>\n<\/div>\n<\/div>\n<\/div>\n\n<div style=\"height:71px\" aria-hidden=\"true\" class=\"wp-block-spacer\"><\/div>\n\n<h2 class=\"wp-block-heading\">Rita rutter p\u00e5 befintliga v\u00e4gar<\/h2>\n\n<div class=\"wp-block-columns is-layout-flex wp-container-core-columns-is-layout-9d6595d7 wp-block-columns-is-layout-flex\">\n<div class=\"wp-block-column is-layout-flow wp-block-column-is-layout-flow\" style=\"flex-basis:33.33%\">\n<p><p>V\u00e4lj f\u00e4rg och tjocklek p\u00e5 linjen, eller ladda upp din egen tidigare inspelade rutt. V\u00e5r ruttredigerare l\u00e5ter dig inte bara rita dina rutter p\u00e5 fri hand, den anv\u00e4nder ocks\u00e5 en guide som magnetiskt f\u00e4ster vid befintliga v\u00e4gar. P\u00e5 s\u00e5 s\u00e4tt kan du rita en exakt rutt p\u00e5 kartan.<\/p><\/p>\n<\/div>\n\n\n\n<div class=\"wp-block-column is-layout-flow wp-block-column-is-layout-flow\" style=\"flex-basis:66.66%\"><div class=\"wp-block-image\">\n<figure class=\"alignright size-large is-resized\"><img decoding=\"async\" width=\"1024\" height=\"666\" src=\"https:\/\/www.printmaps.net\/wp-content\/uploads\/2020\/05\/route-map-1024x666.png\" alt=\"rita ut rutt p&#xE5; karta\" class=\"wp-image-62795\" style=\"width:690px;height:448px\" srcset=\"https:\/\/www.printmaps.net\/wp-content\/uploads\/2020\/05\/route-map-980x637.png 980w, https:\/\/www.printmaps.net\/wp-content\/uploads\/2020\/05\/route-map-480x312.png 480w\" sizes=\"(min-width: 0px) and (max-width: 480px) 480px, (min-width: 481px) and (max-width: 980px) 980px, (min-width: 981px) 1024px, 100vw\" \/><\/figure><\/div><\/div>\n<\/div>\n\n<div style=\"height:61px\" aria-hidden=\"true\" class=\"wp-block-spacer\"><\/div>\n\n<div class=\"wp-block-columns is-layout-flex wp-container-core-columns-is-layout-9d6595d7 wp-block-columns-is-layout-flex\">\n<div class=\"wp-block-column is-layout-flow wp-block-column-is-layout-flow\" style=\"flex-basis:66.66%\">\n<figure class=\"wp-block-image size-large\"><img decoding=\"async\" width=\"1024\" height=\"665\" src=\"https:\/\/www.printmaps.net\/wp-content\/uploads\/2020\/05\/create-a-route-map-1024x665.png\" alt=\"rita ut rutt p&#xE5; karta\" class=\"wp-image-62794\" srcset=\"https:\/\/www.printmaps.net\/wp-content\/uploads\/2020\/05\/create-a-route-map-980x636.png 980w, https:\/\/www.printmaps.net\/wp-content\/uploads\/2020\/05\/create-a-route-map-480x312.png 480w\" sizes=\"(min-width: 0px) and (max-width: 480px) 480px, (min-width: 481px) and (max-width: 980px) 980px, (min-width: 981px) 1024px, 100vw\" \/><\/figure><\/div>\n\n\n\n<div class=\"wp-block-column is-layout-flow wp-block-column-is-layout-flow\" style=\"flex-basis:33.33%\">\n<h3 class=\"wp-block-heading\">Ladda upp dina egna geodata<\/h3>\n\n\n\n<p>\u00c4r din rutt registrerad med en GPS-aktiverad enhet? Du kan ladda upp dessa filer (GPX, KML, GeoJSON) till redigeraren och de kommer att visas p\u00e5 din karta. En annan bra sak \u00e4r att du kan ladda upp s\u00e5 m\u00e5nga rutter som du vill &#8211; och som f\u00e5r plats p\u00e5 din karta. En bra funktion f\u00f6r att till exempel visa en cykeltur!<\/p>\n<\/div>\n<\/div>\n\n<div style=\"height:84px\" aria-hidden=\"true\" class=\"wp-block-spacer\"><\/div>\n\n<div class=\"wp-block-columns is-layout-flex wp-container-core-columns-is-layout-9d6595d7 wp-block-columns-is-layout-flex\">\n<div class=\"wp-block-column is-layout-flow wp-block-column-is-layout-flow\" style=\"flex-basis:66.66%\">\n<figure class=\"wp-block-image size-large\"><img loading=\"lazy\" loading=\"lazy\" decoding=\"async\" width=\"1024\" height=\"714\" src=\"https:\/\/www.printmaps.net\/wp-content\/uploads\/2020\/06\/photobook-travel-map-1024x714.png\" alt=\"resekarta f&#xF6;r fotobok\" class=\"wp-image-63746\" srcset=\"https:\/\/www.printmaps.net\/wp-content\/uploads\/2020\/06\/photobook-travel-map-980x683.png 980w, https:\/\/www.printmaps.net\/wp-content\/uploads\/2020\/06\/photobook-travel-map-480x335.png 480w\" sizes=\"auto, (min-width: 0px) and (max-width: 480px) 480px, (min-width: 481px) and (max-width: 980px) 980px, (min-width: 981px) 1024px, 100vw\" \/><\/figure><\/div>\n\n\n\n<div class=\"wp-block-column is-layout-flow wp-block-column-is-layout-flow\" style=\"flex-basis:33.33%\">\n<h3 class=\"wp-block-heading\">Kombinera olika f\u00e4rds\u00e4tt p\u00e5 en rutt p\u00e5 en karta<\/h3>\n\n\n\n<p>Det har aldrig varit s\u00e5 enkelt att rita ut en rutt p\u00e5 en karta. I redigeringsverktyget kan du kombinera olika f\u00e4rds\u00e4tt och rita en rutt med bil, b\u00e5t eller t\u00e5g.<\/p>\n<\/div>\n<\/div>\n\n<div style=\"height:63px\" aria-hidden=\"true\" class=\"wp-block-spacer\"><\/div>\n\n<h3 class=\"wp-block-heading\">Rita en rutt p\u00e5 en karta p\u00e5 n\u00e5gra sekunder<\/h3>\n\n<p><p>F\u00f6rutom de m\u00e5nga andra funktioner som Printmaps erbjuder har vi ocks\u00e5 en inbyggd geokodare som g\u00f6r att du kan ladda upp och konvertera dina adresser till deras respektive koordinater. Det \u00e4r verkligen lika enkelt som att kopiera och sedan klistra in data fr\u00e5n ett kalkylblad eller en databaskolumn. Klicka bara p\u00e5 den h\u00e4r knappen i redigeraren: <img loading=\"lazy\" loading=\"lazy\" decoding=\"async\" src=\"https:\/\/www.printmaps.net\/wp-content\/uploads\/2018\/03\/poibutton.png\" alt=\"\" width=\"58\" height=\"51\"\/>s\u00e5 f\u00e5r du en v\u00e4lbekant vy framf\u00f6r dig. Allt du beh\u00f6ver g\u00f6ra \u00e4r att klistra in ditt inneh\u00e5ll i respektive f\u00e4lt, s\u00e5 g\u00f6r Printmaps resten.<\/p><\/p>\n\n<p>N\u00e4r v\u00e5r geokodningsmotor har konverterat adresserna till deras respektive koordinater kan du g\u00e5 vidare och \u00e4ndra typen av mark\u00f6r, f\u00e4rgen, ikonen eller deras storlek. Alla intressepunkter sparas i ett separat lager, s\u00e5 n\u00e4r du har laddat ner din karta i Photoshop-format kan du \u00f6ppna den och finjustera placeringen av dina intressepunkter.<\/p>\n\n<div style=\"height:61px\" aria-hidden=\"true\" class=\"wp-block-spacer\"><\/div>\n\n<h3 class=\"wp-block-heading\">Ladda ner din karta med lager<\/h3>\n\n<p><p>Ladda ner din karta med rutt som en lagrad PSD- eller SVG-fil och \u00f6ppna filen i <strong>Photoshop eller Illustrator<\/strong>. P\u00e5 s\u00e5 s\u00e4tt kan du fortfarande enkelt justera vilka lager du vill ska synas p\u00e5 kartan och exakt var du vill placera dem. Ta bort, flytta eller l\u00e4gg till text, \u00e4ndra f\u00e4rger och visa eller d\u00f6lja lager. Alternativen \u00e4r o\u00e4ndliga och vilka som \u00e4r f\u00f6rdelaktiga f\u00f6r dig beror i h\u00f6g grad p\u00e5 ditt eget specifika projekt.<\/p><\/p>\n\n<div class=\"wp-block-columns is-layout-flex wp-container-core-columns-is-layout-9d6595d7 wp-block-columns-is-layout-flex\">\n<div class=\"wp-block-column is-layout-flow wp-block-column-is-layout-flow\">\n<figure class=\"wp-block-image size-large\"><img decoding=\"async\" src=\"https:\/\/www.printmaps.net\/wp-content\/uploads\/2020\/06\/layered-map-in-illustrator.png\" alt=\"karta med lager\" class=\"wp-image-64211\"\/><\/figure><\/div>\n\n\n\n<div class=\"wp-block-column is-layout-flow wp-block-column-is-layout-flow\">\n<figure class=\"wp-block-image size-large is-resized\"><img loading=\"lazy\" loading=\"lazy\" decoding=\"async\" width=\"1024\" height=\"550\" src=\"https:\/\/www.printmaps.net\/wp-content\/uploads\/2020\/05\/london-map-with-layers-1024x550.png\" alt=\"rita rutt p&#xE5; karta\" class=\"wp-image-63106\" style=\"width:824px;height:442px\" srcset=\"https:\/\/www.printmaps.net\/wp-content\/uploads\/2020\/05\/london-map-with-layers-980x526.png 980w, https:\/\/www.printmaps.net\/wp-content\/uploads\/2020\/05\/london-map-with-layers-480x258.png 480w\" sizes=\"auto, (min-width: 0px) and (max-width: 480px) 480px, (min-width: 481px) and (max-width: 980px) 980px, (min-width: 981px) 1024px, 100vw\" \/><\/figure><\/div>\n<\/div>\n\n<div style=\"height:69px\" aria-hidden=\"true\" class=\"wp-block-spacer\"><\/div>\n\n<h4 class=\"wp-block-heading\">Det \u00e4r vad du g\u00f6r det till<\/h4>\n\n<p>Att skapa tryckbara kartor f\u00f6r en publikation \u00e4r inte bara en fr\u00e5ga om att ha r\u00e4tt geoverktyg, det handlar ocks\u00e5 om att anv\u00e4nda dina egna m\u00f6nster eller id\u00e9er. Med Printmaps f\u00e5r du full flexibilitet, oavsett om det g\u00e4ller vilken typ av kartografi som anv\u00e4nds eller vilka funktioner som ing\u00e5r i din karta. Och n\u00e4r du har skapat och laddat ner din karta slutar det inte bara d\u00e4r. Vill du l\u00e4gga till mer information om intressepunkter, l\u00e4gga till dina egna logotyper, mer grafik eller text? Det \u00e4r d\u00e4rf\u00f6r vi skapar din karta i ett PSD-format med lager, s\u00e5 att du kan \u00e4ndra praktiskt taget allt du har lagt till p\u00e5 din karta, ner till enstaka intressepunkter. S\u00e5 varf\u00f6r inte bara prova v\u00e5r redakt\u00f6r och se hur du kan f\u00f6rvandla dina id\u00e9er till din perfekta karta som passar f\u00f6r publicering?<\/p>\n\n<div style=\"height:20px\" aria-hidden=\"true\" class=\"wp-block-spacer\"><\/div>\n\n<div style=\"height:38px\" aria-hidden=\"true\" class=\"wp-block-spacer\"><\/div>\n\n<div class=\"wp-block-group\"><div class=\"wp-block-group__inner-container is-layout-constrained wp-block-group-is-layout-constrained\">\n<h2 class=\"wp-block-heading has-text-align-center has-large-font-size\" style=\"font-style:normal;font-weight:700\">Prova Printmaps<\/h2>\n\n\n\n<p class=\"has-text-align-center has-medium-font-size\">Med v\u00e5r kartredigerare kan du skapa utskrivbara kartor \u00f6ver hela v\u00e4rlden p\u00e5 nolltid.<\/p>\n\n\n\n<div style=\"height:15px\" aria-hidden=\"true\" class=\"wp-block-spacer\"><\/div>\n\n\n\n<div class=\"wp-block-buttons is-content-justification-center is-layout-flex wp-container-core-buttons-is-layout-16018d1d wp-block-buttons-is-layout-flex\">\n<div class=\"wp-block-button has-custom-font-size\" style=\"font-size:18px\"><a class=\"wp-block-button__link has-background wp-element-button\" href=\"https:\/\/www.printmaps.net\/sv\/\" style=\"border-radius:10px;background-color:#e5017e\"><p><strong>Skapa din f\u00f6rsta karta nu<\/strong><\/p><\/a><\/div>\n<\/div>\n<\/div><\/div>\n\n<div style=\"height:150px\" aria-hidden=\"true\" class=\"wp-block-spacer\"><\/div>\n\n<div class=\"schema-faq wp-block-yoast-faq-block\"><div class=\"schema-faq-section\" id=\"faq-question-1757594535611\"><strong class=\"schema-faq-question\">Hur skapar jag en utskrivbar rutkarta fr\u00e5n min GPX?<\/strong> <p class=\"schema-faq-answer\">Ladda upp din GPX (eller KML\/GeoJSON) i Printmaps-editorn, stajla linjen, l\u00e4gg till POI vid behov och ladda sedan ned en PSD, SVG eller PNG i h\u00f6g uppl\u00f6sning f\u00f6r tryck.<\/p> <\/div> <div class=\"schema-faq-section\" id=\"faq-question-1757594613061\"><strong class=\"schema-faq-question\">Kan jag rita rutter som inte f\u00f6ljer en befintlig led eller v\u00e4g?<\/strong> <p class=\"schema-faq-answer\">Ja. Du kan rita raka eller b\u00e5gformade linjer p\u00e5 kartan genom att helt enkelt klicka p\u00e5 kartan i ruttverktyget.<\/p> <\/div> <div class=\"schema-faq-section\" id=\"faq-question-1757594734392\"><strong class=\"schema-faq-question\">Vilka filformat kan jag exportera f\u00f6r professionellt tryck?<\/strong> <p class=\"schema-faq-answer\">Vi erbjuder v\u00e5ra kartor som PNG, PSD och SVG. Alla format l\u00e4mpar sig f\u00f6r professionellt tryck, men PSD\/SVG beh\u00e5ller redigerbara lager f\u00f6r exakt efterbearbetning.<\/p> <\/div> <div class=\"schema-faq-section\" id=\"faq-question-1757594812985\"><strong class=\"schema-faq-question\">Vilken tryckuppl\u00f6sning levererar ni?<\/strong> <p class=\"schema-faq-answer\">PNG och PSD levereras med 300 dpi, medan SVG kan skalas till valfri storlek.<\/p> <\/div> <div class=\"schema-faq-section\" id=\"faq-question-1757596674420\"><strong class=\"schema-faq-question\">Kan jag ladda upp flera rutter f\u00f6r en flerdagarstur?<\/strong> <p class=\"schema-faq-answer\">Ja, du kan ladda upp s\u00e5 m\u00e5nga rutter du vill. Undvik bara att g\u00f6ra kartan f\u00f6r r\u00f6rig s\u00e5 att den fortfarande \u00e4r l\u00e4tt att l\u00e4sa.<\/p> <\/div> <div class=\"schema-faq-section\" id=\"faq-question-1757596706754\"><strong class=\"schema-faq-question\">Hur skriver jag ut en rutt fr\u00e5n Strava eller Komoot?<\/strong> <p class=\"schema-faq-answer\"><p>F\u00f6r b\u00e5da alternativen kan du exportera rutten som GPX och l\u00e4gga in den i v\u00e5r kartredigerare. F\u00f6r Komoot kan du logga in p\u00e5 ditt konto i editorn och komma \u00e5t dina sparade rutter, vilket beskrivs n\u00e4rmare <a href=\"\/sv\/tryck-komoot-turer\/\">i den h\u00e4r artikeln<\/a>.<\/p><\/p> <\/div> <div class=\"schema-faq-section\" id=\"faq-question-1757596913662\"><strong class=\"schema-faq-question\">Bevarar editorn lager f\u00f6r etiketter, rutter och former?<\/strong> <p class=\"schema-faq-answer\">Ja. Varje element du ser p\u00e5 kartan sparas i ett separat lager om du v\u00e4ljer PSD eller SVG. Det g\u00e4ller b\u00e5de kartelement som v\u00e4gar, vattendrag eller h\u00f6jdskuggning och varje element du l\u00e4gger till sj\u00e4lv, till exempel rutter, n\u00e5lar eller former.<\/p> <\/div> <div class=\"schema-faq-section\" id=\"faq-question-1757597038576\"><strong class=\"schema-faq-question\">Kan jag anpassa rutans f\u00e4rg, tjocklek och stil?<\/strong> <p class=\"schema-faq-answer\">Absolut. Du kan v\u00e4lja \u00f6nskad f\u00e4rg via klick eller hex-kod, definiera rutans tjocklek och v\u00e4lja att d\u00f6lja eller visa f\u00e4rds\u00e4ttet som anv\u00e4ndes.<\/p> <\/div> <div class=\"schema-faq-section\" id=\"faq-question-1757598652999\"><strong class=\"schema-faq-question\">Hur l\u00e4gger jag till en h\u00f6jdprofil p\u00e5 min rutkarta?<\/strong> <p class=\"schema-faq-answer\"><p>Du kan kostnadsfritt skapa en h\u00f6jdprofil som kompletterar din karta i v\u00e5r <a href=\"\/sv\/hojdprofilredigerare\/\">H\u00f6jdprofilredigerare<\/a>. Du kan ladda upp din rutt som GPX, KML eller GeoJSON och f\u00e5r utdata som PNG, PDF och SVG. Du kan anpassa den i f\u00f6rv\u00e4g.<\/p><\/p> <\/div> <\/div>\n","protected":false},"excerpt":{"rendered":"<p>V\u00e5r kartredigerare hj\u00e4lper dig att rita en rutt p\u00e5 en karta p\u00e5 n\u00e5gra sekunder. Med hj\u00e4lp av ruttredigeraren kan du rita en rutt fr\u00e5n A till B var du vill p\u00e5 v\u00e4rldskartan. V\u00e4lj om du vill rita rutten p\u00e5 v\u00e4gar f\u00f6r att vandra, cykla eller k\u00f6ra bil. Rita rutter p\u00e5 befintliga v\u00e4gar V\u00e4lj f\u00e4rg och [&hellip;]<\/p>\n","protected":false},"author":19,"featured_media":0,"parent":0,"menu_order":0,"comment_status":"closed","ping_status":"closed","template":"","meta":{"_et_pb_use_builder":"off","_et_pb_old_content":"","_et_gb_content_width":"","footnotes":""},"class_list":["post-170779","page","type-page","status-publish","hentry"],"_links":{"self":[{"href":"https:\/\/www.printmaps.net\/sv\/wp-json\/wp\/v2\/pages\/170779","targetHints":{"allow":["GET"]}}],"collection":[{"href":"https:\/\/www.printmaps.net\/sv\/wp-json\/wp\/v2\/pages"}],"about":[{"href":"https:\/\/www.printmaps.net\/sv\/wp-json\/wp\/v2\/types\/page"}],"author":[{"embeddable":true,"href":"https:\/\/www.printmaps.net\/sv\/wp-json\/wp\/v2\/users\/19"}],"replies":[{"embeddable":true,"href":"https:\/\/www.printmaps.net\/sv\/wp-json\/wp\/v2\/comments?post=170779"}],"version-history":[{"count":10,"href":"https:\/\/www.printmaps.net\/sv\/wp-json\/wp\/v2\/pages\/170779\/revisions"}],"predecessor-version":[{"id":221724,"href":"https:\/\/www.printmaps.net\/sv\/wp-json\/wp\/v2\/pages\/170779\/revisions\/221724"}],"wp:attachment":[{"href":"https:\/\/www.printmaps.net\/sv\/wp-json\/wp\/v2\/media?parent=170779"}],"curies":[{"name":"wp","href":"https:\/\/api.w.org\/{rel}","templated":true}]}}