{"id":170788,"date":"2024-05-07T10:55:49","date_gmt":"2024-05-07T09:55:49","guid":{"rendered":"https:\/\/www.printmaps.net\/resekarta-fotobok\/"},"modified":"2025-10-21T14:26:56","modified_gmt":"2025-10-21T13:26:56","slug":"resekarta-fotobok","status":"publish","type":"page","link":"https:\/\/www.printmaps.net\/sv\/resekarta-fotobok\/","title":{"rendered":"Skapa en resekarta f\u00f6r din fotobok"},"content":{"rendered":"\n<div style=\"height:30px\" aria-hidden=\"true\" class=\"wp-block-spacer\"><\/div>\n<div class=\"wp-block-image\">\n<figure class=\"alignleft size-large is-resized\"><img fetchpriority=\"high\" fetchpriority=\"high\" decoding=\"async\" width=\"1024\" height=\"714\" src=\"https:\/\/www.printmaps.net\/wp-content\/uploads\/2020\/06\/photobook-travel-map-1024x714.png\" alt=\"resekarta f&#xF6;r fotobok\" class=\"wp-image-63746\" style=\"width:479px;height:332px\" srcset=\"https:\/\/www.printmaps.net\/wp-content\/uploads\/2020\/06\/photobook-travel-map-980x683.png 980w, https:\/\/www.printmaps.net\/wp-content\/uploads\/2020\/06\/photobook-travel-map-480x335.png 480w\" sizes=\"(min-width: 0px) and (max-width: 480px) 480px, (min-width: 481px) and (max-width: 980px) 980px, (min-width: 981px) 1024px, 100vw\" \/><\/figure><\/div>\n<p>Vill du skapa en resekarta till din fotobok eller reseblogg? Att samla alla vackra minnen fr\u00e5n dina resor \u00e4r ett bra s\u00e4tt att h\u00e5lla fast vid dessa v\u00e4rdefulla upplevelser. Se tillbaka p\u00e5 din resa och dina \u00e4ventyr med en personligt utformad karta som visar din exakta resrutt.<\/p>\n\n<p><p>Med Printmaps online-kartredigerare kan du enkelt rita en rutt p\u00e5 befintliga v\u00e4gar i det valda kartomr\u00e5det. L\u00e4gg till intressanta platser, lands- och stadsformer i olika f\u00e4rger och f\u00e5 en h\u00f6guppl\u00f6st karta som \u00e4r redo f\u00f6r ytterligare redigering och utskrift. L\u00e4r dig mer om <a href=\"\/sv\/funktioner\">funktionerna i Printmaps-redigerare<\/a> och hur du anv\u00e4nder dem.<\/p><\/p>\n\n<div style=\"height:20px\" aria-hidden=\"true\" class=\"wp-block-spacer\"><\/div>\n\n<p><\/p>\n\n<p><\/p>\n\n<div class=\"wp-block-buttons is-content-justification-center is-layout-flex wp-container-core-buttons-is-layout-16018d1d wp-block-buttons-is-layout-flex\">\n<div class=\"wp-block-button has-custom-font-size\" style=\"font-size:18px\"><a class=\"wp-block-button__link has-background wp-element-button\" href=\"https:\/\/www.printmaps.net\/sv\/\" style=\"border-radius:10px;background-color:#e5017e\"><p><strong>B\u00f6rja kartl\u00e4gga nu, ingen registrering beh\u00f6vs<\/strong><\/p><\/a><\/div>\n<\/div>\n\n<div style=\"height:100px\" aria-hidden=\"true\" class=\"wp-block-spacer\"><\/div>\n\n<p class=\"has-text-align-center\">Vi delar g\u00e4rna med oss av n\u00e5gra id\u00e9er och tips som hj\u00e4lper dig att g\u00f6ra din resekarta lika fantastisk som sj\u00e4lva resan!<\/p>\n\n<div style=\"height:44px\" aria-hidden=\"true\" class=\"wp-block-spacer\"><\/div>\n<div class=\"wp-block-image\">\n<figure class=\"alignright size-large is-resized\"><img decoding=\"async\" width=\"1024\" height=\"722\" src=\"https:\/\/www.printmaps.net\/wp-content\/uploads\/2020\/04\/printable-maps-photobook-1024x722.png\" alt=\"karta f&#xF6;r fotobok\" class=\"wp-image-60401\" style=\"width:399px;height:281px\" srcset=\"https:\/\/www.printmaps.net\/wp-content\/uploads\/2020\/04\/printable-maps-photobook-980x691.png 980w, https:\/\/www.printmaps.net\/wp-content\/uploads\/2020\/04\/printable-maps-photobook-480x339.png 480w\" sizes=\"(min-width: 0px) and (max-width: 480px) 480px, (min-width: 481px) and (max-width: 980px) 980px, (min-width: 981px) 1024px, 100vw\" \/><\/figure><\/div>\n<h3 class=\"wp-block-heading\">Designa din fotoboks resekarta med f\u00e4rgade former<\/h3>\n\n<p>L\u00e4gg till formen av ett land och v\u00e4lj \u201dinvert\u201d. P\u00e5 s\u00e5 s\u00e4tt kan du med ett enda klick f\u00e5 landets omgivningar, b\u00e5de vatten och land, att anta den f\u00e4rg du v\u00e4ljer. Du kan till exempel ge dem vattenf\u00e4rg (RGB, 173, 255, 209) eller vit f\u00e4rg f\u00f6r att skilja landet fr\u00e5n dess grannl\u00e4nder och skapa en flytande effekt. Med m\u00f6jlighet att justera formens transparens kan du f\u00e4rgl\u00e4gga l\u00e4nder utan att f\u00f6rlora visningen av v\u00e4gar, floder och berg. Vill du skapa en v\u00e4rldskarta och visa alla l\u00e4nder som du har bes\u00f6kt? Ge dem alla en annan f\u00e4rg.<\/p>\n\n<p><\/p>\n\n<p><\/p>\n\n<div style=\"height:30px\" aria-hidden=\"true\" class=\"wp-block-spacer\"><\/div>\n\n<div style=\"height:20px\" aria-hidden=\"true\" class=\"wp-block-spacer\"><\/div>\n<div class=\"wp-block-image\">\n<figure class=\"alignleft size-large is-resized\"><img decoding=\"async\" width=\"1024\" height=\"722\" src=\"https:\/\/www.printmaps.net\/wp-content\/uploads\/2020\/04\/Travel-map-for-photobook-1024x722.png\" alt=\"Skapa resekarta\" class=\"wp-image-60420\" style=\"width:493px;height:348px\" srcset=\"https:\/\/www.printmaps.net\/wp-content\/uploads\/2020\/04\/Travel-map-for-photobook-980x691.png 980w, https:\/\/www.printmaps.net\/wp-content\/uploads\/2020\/04\/Travel-map-for-photobook-480x338.png 480w\" sizes=\"(min-width: 0px) and (max-width: 480px) 480px, (min-width: 481px) and (max-width: 980px) 980px, (min-width: 981px) 1024px, 100vw\" \/><\/figure><\/div>\n<h3 class=\"wp-block-heading\">Anv\u00e4nd olika POI-mark\u00f6rer f\u00f6r att markera olika resor  <\/h3>\n\n<p>Du kan markera dina intressepunkter med prickar, rutor eller n\u00e5gon annan av de standardformer som finns i redigeringsprogrammet. L\u00e4gg till en etikett till mark\u00f6rerna eller numrera dem f\u00f6r att visa den kronologiska ordningen p\u00e5 din resa. Du kan ocks\u00e5 visa etiketten utan en omgivande mark\u00f6r, som ett flygplan eller en f\u00e4rja. Markera dina favoritrestauranger, vandringar eller str\u00e4nder. Om du inte hittar det du letar efter i redigeraren kan du enkelt ladda upp dina egna anpassade mark\u00f6rer!<\/p>\n\n<p><p><a href=\"\/sv\/rita-rutt-pa-karta\">Skapa enkelt en ruttkarta<\/a> med hj\u00e4lp av ruttredigeraren som ritar p\u00e5 exakt de v\u00e4gar du har k\u00f6rt!<\/p><\/p>\n\n<div style=\"height:100px\" aria-hidden=\"true\" class=\"wp-block-spacer\"><\/div>\n<div class=\"wp-block-image\">\n<figure class=\"alignright size-large is-resized\"><img loading=\"lazy\" loading=\"lazy\" decoding=\"async\" width=\"1024\" height=\"722\" src=\"https:\/\/www.printmaps.net\/wp-content\/uploads\/2020\/04\/Create-map-with-pins-1024x722.png\" alt=\"karta med n&#xE5;lar\" class=\"wp-image-60651\" style=\"width:494px;height:348px\" srcset=\"https:\/\/www.printmaps.net\/wp-content\/uploads\/2020\/04\/Create-map-with-pins-980x691.png 980w, https:\/\/www.printmaps.net\/wp-content\/uploads\/2020\/04\/Create-map-with-pins-480x338.png 480w\" sizes=\"auto, (min-width: 0px) and (max-width: 480px) 480px, (min-width: 481px) and (max-width: 980px) 980px, (min-width: 981px) 1024px, 100vw\" \/><\/figure><\/div>\n<h3 class=\"wp-block-heading\">Kombinera Printmaps f\u00f6r att visa din resa i en v\u00e4rldsbild<\/h3>\n\n<p>Om du vill visa en n\u00e4rbild av din resrutt och en v\u00e4rldsbild med din destination markerad, kombinera d\u00e5 tv\u00e5 Printmaps! N\u00e4r du har skapat dina kartor f\u00e5r du en fil som \u00e4r klar f\u00f6r redigering i Photoshop eller Illustrator, eller n\u00e5got annat redigeringsprogram som du kanske anv\u00e4nder, f\u00f6r att l\u00e4gga sista handen vid kartorna och s\u00e4tta ihop dem till din fantastiska, personliga resekarta.<\/p>\n\n<p><\/p>\n\n<p><\/p>\n\n<p><\/p>\n\n<div style=\"height:48px\" aria-hidden=\"true\" class=\"wp-block-spacer\"><\/div>\n\n<div class=\"wp-block-group\"><div class=\"wp-block-group__inner-container is-layout-constrained wp-block-group-is-layout-constrained\">\n<h2 class=\"wp-block-heading has-text-align-center has-large-font-size\" style=\"font-style:normal;font-weight:700\">Prova Printmaps<\/h2>\n\n\n\n<p class=\"has-text-align-center has-medium-font-size\">Med v\u00e5r kartredigerare kan du skapa utskrivbara kartor \u00f6ver hela v\u00e4rlden p\u00e5 nolltid.<\/p>\n\n\n\n<div style=\"height:15px\" aria-hidden=\"true\" class=\"wp-block-spacer\"><\/div>\n\n\n\n<div class=\"wp-block-buttons is-content-justification-center is-layout-flex wp-container-core-buttons-is-layout-16018d1d wp-block-buttons-is-layout-flex\">\n<div class=\"wp-block-button has-custom-font-size\" style=\"font-size:18px\"><a class=\"wp-block-button__link has-background wp-element-button\" href=\"https:\/\/www.printmaps.net\/sv\/\" style=\"border-radius:10px;background-color:#e5017e\"><p><strong>Skapa din f\u00f6rsta karta nu<\/strong><\/p><\/a><\/div>\n<\/div>\n<\/div><\/div>\n\n<div style=\"height:150px\" aria-hidden=\"true\" class=\"wp-block-spacer\"><\/div>\n\n<div class=\"schema-faq wp-block-yoast-faq-block\"><div class=\"schema-faq-section\" id=\"faq-question-1756799870664\"><strong class=\"schema-faq-question\">Vad \u00e4r en resekarta?<\/strong> <p class=\"schema-faq-answer\">En resekarta \u00e4r en visuell skildring av en resa p\u00e5 en karta. Den kan inneh\u00e5lla element som markerade omr\u00e5den, mark\u00f6rer som pekar ut sev\u00e4rdheter eller rutter. Den kan fungera som ett l\u00f6pande dagboksmaterial f\u00f6r dokumentation, som plan f\u00f6r kommande resor eller som minne av en avslutad resa.<\/p> <\/div> <div class=\"schema-faq-section\" id=\"faq-question-1756802782886\"><strong class=\"schema-faq-question\"><\/strong> <p class=\"schema-faq-answer\"><\/p> <\/div> <\/div>\n","protected":false},"excerpt":{"rendered":"<p>Vill du skapa en resekarta till din fotobok eller reseblogg? Att samla alla vackra minnen fr\u00e5n dina resor \u00e4r ett bra s\u00e4tt att h\u00e5lla fast vid dessa v\u00e4rdefulla upplevelser. Se tillbaka p\u00e5 din resa och dina \u00e4ventyr med en personligt utformad karta som visar din exakta resrutt. Med Printmaps online-kartredigerare kan du enkelt rita en [&hellip;]<\/p>\n","protected":false},"author":19,"featured_media":0,"parent":0,"menu_order":0,"comment_status":"closed","ping_status":"closed","template":"","meta":{"_et_pb_use_builder":"off","_et_pb_old_content":"","_et_gb_content_width":"","footnotes":""},"class_list":["post-170788","page","type-page","status-publish","hentry"],"_links":{"self":[{"href":"https:\/\/www.printmaps.net\/sv\/wp-json\/wp\/v2\/pages\/170788","targetHints":{"allow":["GET"]}}],"collection":[{"href":"https:\/\/www.printmaps.net\/sv\/wp-json\/wp\/v2\/pages"}],"about":[{"href":"https:\/\/www.printmaps.net\/sv\/wp-json\/wp\/v2\/types\/page"}],"author":[{"embeddable":true,"href":"https:\/\/www.printmaps.net\/sv\/wp-json\/wp\/v2\/users\/19"}],"replies":[{"embeddable":true,"href":"https:\/\/www.printmaps.net\/sv\/wp-json\/wp\/v2\/comments?post=170788"}],"version-history":[{"count":9,"href":"https:\/\/www.printmaps.net\/sv\/wp-json\/wp\/v2\/pages\/170788\/revisions"}],"predecessor-version":[{"id":221732,"href":"https:\/\/www.printmaps.net\/sv\/wp-json\/wp\/v2\/pages\/170788\/revisions\/221732"}],"wp:attachment":[{"href":"https:\/\/www.printmaps.net\/sv\/wp-json\/wp\/v2\/media?parent=170788"}],"curies":[{"name":"wp","href":"https:\/\/api.w.org\/{rel}","templated":true}]}}