{"id":170791,"date":"2024-05-07T11:04:54","date_gmt":"2024-05-07T10:04:54","guid":{"rendered":"https:\/\/www.printmaps.net\/skapa-kartor-for-turistguider\/"},"modified":"2025-10-23T12:03:13","modified_gmt":"2025-10-23T11:03:13","slug":"skapa-kartor-for-turistguider","status":"publish","type":"page","link":"https:\/\/www.printmaps.net\/sv\/skapa-kartor-for-turistguider\/","title":{"rendered":"Skapa kartor f\u00f6r turistguider"},"content":{"rendered":"\n<div style=\"height:32px\" aria-hidden=\"true\" class=\"wp-block-spacer\"><\/div>\n<div class=\"wp-block-image\">\n<figure class=\"alignleft size-large is-resized\"><img fetchpriority=\"high\" fetchpriority=\"high\" decoding=\"async\" width=\"953\" height=\"718\" src=\"https:\/\/www.printmaps.net\/wp-content\/uploads\/2018\/03\/touristmap.png\" alt=\"turistguide kartor\" class=\"wp-image-28689\" style=\"width:648px;height:486px\"\/><figcaption class=\"wp-element-caption\">\u00a9 Maremonto<\/figcaption><\/figure><\/div>\n<p>Oavsett om det handlar om en metropol som New York eller den karga landsbygden i de avl\u00e4gsna skotska h\u00f6gl\u00e4nderna: att resa till avl\u00e4gsna platser kommer alltid att vara lockande f\u00f6r m\u00e4nniskor. F\u00f6r att se till att m\u00e4nniskor hittar till dessa platser producerar f\u00f6rlagen en h\u00e4pnadsv\u00e4ckande m\u00e4ngd turistguider. Och vilken turistguide skulle vara komplett utan omfattande kartor f\u00f6r att illustrera rutter, intressanta platser och liknande?<\/p>\n\n<p>I den h\u00e4r guiden visar vi dig hur du skapar de perfekta kartorna f\u00f6r turistguider.<\/p>\n\n<div style=\"height:60px\" aria-hidden=\"true\" class=\"wp-block-spacer\"><\/div>\n\n<div class=\"wp-block-buttons is-content-justification-center is-layout-flex wp-container-core-buttons-is-layout-16018d1d wp-block-buttons-is-layout-flex\">\n<div class=\"wp-block-button has-custom-font-size\" style=\"font-size:18px\"><a class=\"wp-block-button__link has-background wp-element-button\" href=\"https:\/\/www.printmaps.net\/sv\/\" style=\"border-radius:10px;background-color:#e5017e\"><p><strong>B\u00f6rja kartl\u00e4gga nu, ingen registrering beh\u00f6vs<\/strong><\/p><\/a><\/div>\n<\/div>\n\n<div style=\"height:150px\" aria-hidden=\"true\" class=\"wp-block-spacer\"><\/div>\n\n<h3 class=\"wp-block-heading\">Vad man kan se p\u00e5 en karta i en turistguide<\/h3>\n\n<p>Intressepunkter, eller kort POI, \u00e4r platser som vanligtvis anges med en mark\u00f6r p\u00e5 en karta. Inom turismen \u00e4r POI:er viktiga eftersom de visar turisterna var de kan hitta sev\u00e4rdheter, gastronomi eller logi.<\/p>\n<div class=\"wp-block-image\">\n<figure class=\"alignright size-large is-resized\"><img decoding=\"async\" width=\"765\" height=\"531\" src=\"https:\/\/www.printmaps.net\/wp-content\/uploads\/2020\/10\/bodensee-karte.jpg\" alt=\"\" class=\"wp-image-70212\" style=\"width:483px;height:335px\" srcset=\"https:\/\/www.printmaps.net\/wp-content\/uploads\/2020\/10\/bodensee-karte.jpg 765w, https:\/\/www.printmaps.net\/wp-content\/uploads\/2020\/10\/bodensee-karte-480x333.jpg 480w\" sizes=\"(min-width: 0px) and (max-width: 480px) 480px, (min-width: 481px) 765px, 100vw\" \/><\/figure><\/div>\n<p>Som med alla kartor som ska hj\u00e4lpa m\u00e4nniskor att hitta r\u00e4tt, b\u00f6r den baskartografi som anv\u00e4nds \u00e5tminstone omfatta v\u00e4gn\u00e4tet och platsnamnen, s\u00e5 att m\u00e4nniskor med en blick kan se hur de ska ta sig dit. Topografi, det vill s\u00e4ga skuggning av kullar och liknande, \u00e4r endast av mindre betydelse i detta avseende.<\/p>\n\n<p>F\u00f6r att snabbt kunna ange vilken typ av POI det \u00e4r, \u00e4r det ocks\u00e5 viktigt att ange dess roll med r\u00e4tt ikon. F\u00f6r att g\u00f6ra detta, se till att du anv\u00e4nder symboler som \u00e4r allm\u00e4nt igenk\u00e4nnliga, som ett flygplan f\u00f6r flygplatser, en hamburgare f\u00f6r ett st\u00e4lle att \u00e4ta, eller f\u00f6r dem som \u00e4r mer intresserade av flytande n\u00e4ring, en vinflaska med ett glas f\u00f6r st\u00e4llen att dricka.<\/p>\n\n<div style=\"height:100px\" aria-hidden=\"true\" class=\"wp-block-spacer\"><\/div>\n<div class=\"wp-block-image\">\n<figure class=\"alignleft size-large is-resized\"><img decoding=\"async\" width=\"621\" height=\"438\" src=\"https:\/\/www.printmaps.net\/wp-content\/uploads\/2018\/03\/FreeWebImage-8.png\" alt=\"turistguide karta\" class=\"wp-image-28695\" style=\"width:614px;height:433px\"\/><\/figure><\/div>\n<h3 class=\"wp-block-heading\">Vandringsleder<\/h3>\n\n<p>M\u00e5nga turistm\u00e5l anv\u00e4nds av bes\u00f6kare f\u00f6r att ta sig ut och njuta av naturen. F\u00f6r att l\u00e4sarna ska kunna hitta de b\u00e4sta rutterna f\u00f6r vandringar eller promenader \u00e4r det l\u00e4mpligt att kartl\u00e4gga rutterna. Till skillnad fr\u00e5n de ovan beskrivna kartorna f\u00f6r intressepunkter \u00e4r det i den h\u00e4r typen av kartor viktigast att inkludera topografi, s\u00e5 att bes\u00f6karna med en snabb blick kan se om de kommer att g\u00e5 uppf\u00f6r en backe eller l\u00e4ngs en plan som inte kommer att testa deras kondition.<\/p>\n\n<div style=\"height:44px\" aria-hidden=\"true\" class=\"wp-block-spacer\"><\/div>\n\n<h3 class=\"wp-block-heading\">Dra nytta av Printmaps<\/h3>\n\n<p><p>F\u00f6rutom de m\u00e5nga andra funktioner som Printmaps erbjuder har vi ocks\u00e5 en inbyggd geokodare som g\u00f6r att du kan ladda upp och konvertera dina adresser till deras respektive koordinater. Det \u00e4r verkligen lika enkelt som att kopiera och sedan klistra in data fr\u00e5n ett kalkylblad eller en databaskolumn. Klicka bara p\u00e5 den h\u00e4r knappen i redigeraren: <img loading=\"lazy\" loading=\"lazy\" decoding=\"async\" src=\"https:\/\/www.printmaps.net\/wp-content\/uploads\/2018\/03\/poibutton.png\" alt=\"\" width=\"58\" height=\"51\"\/>s\u00e5 f\u00e5r du en v\u00e4lbekant vy framf\u00f6r dig. Allt du beh\u00f6ver g\u00f6ra \u00e4r att klistra in ditt inneh\u00e5ll i respektive f\u00e4lt, s\u00e5 g\u00f6r Printmaps resten.<\/p><\/p>\n<div class=\"wp-block-image\">\n<figure class=\"aligncenter size-large\"><img loading=\"lazy\" loading=\"lazy\" decoding=\"async\" width=\"1024\" height=\"517\" src=\"https:\/\/www.printmaps.net\/wp-content\/uploads\/2019\/07\/printable-map-batch-geocode-addresses-excel-2-1024x517.gif\" alt=\"Geokoda adresser i batch f&#xF6;r utskrivbara kartor\" class=\"wp-image-37475\" srcset=\"https:\/\/www.printmaps.net\/wp-content\/uploads\/2019\/07\/printable-map-batch-geocode-addresses-excel-2-1024x517.gif 1024w, https:\/\/www.printmaps.net\/wp-content\/uploads\/2019\/07\/printable-map-batch-geocode-addresses-excel-2-980x495.gif 980w, https:\/\/www.printmaps.net\/wp-content\/uploads\/2019\/07\/printable-map-batch-geocode-addresses-excel-2-480x242.gif 480w\" sizes=\"auto, (min-width: 0px) and (max-width: 480px) 480px, (min-width: 481px) and (max-width: 980px) 980px, (min-width: 981px) 1024px, 100vw\" \/><\/figure><\/div>\n<p>N\u00e4r v\u00e5r geokodningsmotor har konverterat adresserna till deras respektive koordinater kan du g\u00e5 vidare och \u00e4ndra typen av mark\u00f6r, f\u00e4rgen, ikonen eller deras storlek. Alla intressepunkter sparas i ett separat lager, s\u00e5 n\u00e4r du har laddat ner din karta i Photoshop-format kan du \u00f6ppna den och finjustera placeringen av dina intressepunkter.<\/p>\n\n<div style=\"height:30px\" aria-hidden=\"true\" class=\"wp-block-spacer\"><\/div>\n\n<h3 class=\"wp-block-heading\">Men v\u00e4nta, det finns mer<\/h3>\n\n<p>F\u00f6rutom m\u00f6jligheten att placera ut s\u00e5 m\u00e5nga intressepunkter som du vill, tillhandah\u00e5ller Printmaps en m\u00e4ngd olika verktyg f\u00f6r att effektivisera din upplevelse. Om du till exempel vill uppm\u00e4rksamma ett specifikt land eller ett kommunalt omr\u00e5de kan du anv\u00e4nda Printmaps shapes-verktyg. Klicka bara p\u00e5 den h\u00e4r knappen <img loading=\"lazy\" loading=\"lazy\" decoding=\"async\" src=\"https:\/\/www.printmaps.net\/wp-content\/uploads\/2018\/03\/shapesButton.png\" alt=\"\" width=\"57\" height=\"50\"\/> och s\u00f6k efter det du beh\u00f6ver.<\/p>\n\n<figure class=\"wp-block-image size-large\"><img loading=\"lazy\" loading=\"lazy\" decoding=\"async\" width=\"993\" height=\"580\" src=\"https:\/\/www.printmaps.net\/wp-content\/uploads\/2018\/03\/shapetool.png\" alt=\"\" class=\"wp-image-61153\"\/><\/figure>\n<div style=\"height:100px\" aria-hidden=\"true\" class=\"wp-block-spacer\"><\/div>\n<div class=\"wp-block-image\">\n<figure class=\"alignright size-large\"><img loading=\"lazy\" loading=\"lazy\" decoding=\"async\" width=\"621\" height=\"438\" src=\"https:\/\/www.printmaps.net\/wp-content\/uploads\/2018\/03\/FreeWebImage-4.png\" alt=\"\" class=\"wp-image-28655\"\/><\/figure><\/div>\n<p>Att anv\u00e4nda former hj\u00e4lper inte bara till att styra betraktarens fokus till det omr\u00e5de du vill visa upp, utan tar ocks\u00e5 bort omr\u00e5den som du inte vill ska synas p\u00e5 din karta, oavsett vad dina sk\u00e4l kan vara.<\/p>\n\n<div style=\"height:100px\" aria-hidden=\"true\" class=\"wp-block-spacer\"><\/div>\n<div class=\"wp-block-image\">\n<figure class=\"alignleft size-large is-resized\"><img loading=\"lazy\" loading=\"lazy\" decoding=\"async\" width=\"1200\" height=\"800\" src=\"https:\/\/www.printmaps.net\/wp-content\/uploads\/2018\/01\/bodensee-karte.jpg\" alt=\"turistguide karta\" class=\"wp-image-27849\" style=\"width:579px;height:385px\"\/><\/figure><\/div>\n<h3 class=\"wp-block-heading\">Skapa rutter med n\u00e5gra f\u00e5 klick<\/h3>\n\n<p>Att l\u00e4gga till kartor med vandringsleder \u00e4r ocks\u00e5 en promenad i parken. V\u00e5r ruttredigerare l\u00e5ter dig inte bara rita dina rutter p\u00e5 fri hand, den anv\u00e4nder ocks\u00e5 en guide som magnetiskt sn\u00e4pper till befintliga v\u00e4gar, s\u00e5 att du bokstavligen kan skapa rutter inom n\u00e5gra sekunder.<\/p>\n\n<p>Men det \u00e4r inte allt. Om du n\u00e5gonsin har registrerat dina rutter med en GPS-aktiverad enhet kan du ladda upp dessa filer &#8211; vanligtvis i GPX-format &#8211; till redigeraren och de kommer sedan att visas p\u00e5 din karta. En annan bra sak med det: Du kan ladda upp s\u00e5 m\u00e5nga rutter som du vill &#8211; och som f\u00e5r plats p\u00e5 kartan.<\/p>\n\n<div style=\"height:100px\" aria-hidden=\"true\" class=\"wp-block-spacer\"><\/div>\n\n<p class=\"has-large-font-size\">Det \u00e4r vad du g\u00f6r det till<\/p>\n\n<p>Att skapa utskrivbara kartor f\u00f6r publikationer inneb\u00e4r mer \u00e4n att bara ha r\u00e4tt geoverktyg; det handlar om att utnyttja dina egna m\u00f6nster och id\u00e9er. Med Printmaps har du fullst\u00e4ndig flexibilitet, oavsett om det g\u00e4ller att v\u00e4lja typ av kartografi eller v\u00e4lja de funktioner som ska inkluderas i din karta.<\/p>\n\n<p>Men anpassningsm\u00f6jligheterna slutar inte d\u00e4r. N\u00e4r du har skapat och laddat ner din karta \u00e4r m\u00f6jligheterna o\u00e4ndliga. Vill du f\u00f6rb\u00e4ttra intressanta platser med ytterligare detaljer? L\u00e4gga till dina egna logotyper, grafik eller text? V\u00e5ra kartor levereras i ett PSD-format med lager, s\u00e5 att du kan \u00e4ndra alla aspekter, \u00e4nda ner till enskilda intressepunkter.<\/p>\n\n<p>Varf\u00f6r inte prova v\u00e5r redigerare och uppt\u00e4cka hur du enkelt kan omvandla dina id\u00e9er till den perfekta kartan som \u00e4r skr\u00e4ddarsydd f\u00f6r publicering?<\/p>\n\n<div style=\"height:48px\" aria-hidden=\"true\" class=\"wp-block-spacer\"><\/div>\n\n<div class=\"wp-block-group\"><div class=\"wp-block-group__inner-container is-layout-constrained wp-block-group-is-layout-constrained\">\n<h2 class=\"wp-block-heading has-text-align-center has-large-font-size\" style=\"font-style:normal;font-weight:700\">Prova Printmaps<\/h2>\n\n\n\n<p class=\"has-text-align-center has-medium-font-size\">Med v\u00e5r kartredigerare kan du skapa utskrivbara kartor \u00f6ver hela v\u00e4rlden p\u00e5 nolltid.<\/p>\n\n\n\n<div style=\"height:15px\" aria-hidden=\"true\" class=\"wp-block-spacer\"><\/div>\n\n\n\n<div class=\"wp-block-buttons is-content-justification-center is-layout-flex wp-container-core-buttons-is-layout-16018d1d wp-block-buttons-is-layout-flex\">\n<div class=\"wp-block-button has-custom-font-size\" style=\"font-size:18px\"><a class=\"wp-block-button__link has-background wp-element-button\" href=\"https:\/\/www.printmaps.net\/sv\/\" style=\"border-radius:10px;background-color:#e5017e\"><p><strong>Skapa din f\u00f6rsta karta nu<\/strong><\/p><\/a><\/div>\n<\/div>\n<\/div><\/div>\n\n<div style=\"height:150px\" aria-hidden=\"true\" class=\"wp-block-spacer\"><\/div>\n\n<div class=\"schema-faq wp-block-yoast-faq-block\"><div class=\"schema-faq-section\" id=\"faq-question-1757946994908\"><strong class=\"schema-faq-question\">Kan jag skapa samma karta p\u00e5 flera spr\u00e5k?<\/strong> <p class=\"schema-faq-answer\">Ja. Anv\u00e4nd funktionerna \u201dSpara\u201d och \u201d\u00d6ppna\u201d uppe till h\u00f6ger i editorn f\u00f6r att \u00f6ppna samma karta igen. D\u00e4refter kan du \u00e4ndra spr\u00e5ket f\u00f6r etiketterna under \u201dAvancerade stilinst\u00e4llningar\u201d. Om etiketterna inte finns p\u00e5 det valda spr\u00e5ket visas de i det lokala spr\u00e5ket i st\u00e4llet.<\/p> <\/div> <div class=\"schema-faq-section\" id=\"faq-question-1757947141133\"><strong class=\"schema-faq-question\"><strong>Hur visualiserar jag g\u00e5ng och kollektivtrafik tillsammans?<\/strong><\/strong> <p class=\"schema-faq-answer\">Du kan visa flera f\u00e4rds\u00e4tt i samma rutt genom att visa ett ikon-l\u00e4ge bredvid rutten. Det \u00e4r enkelt i v\u00e5rt rittutritningsverktyg. V\u00e4lj f\u00e4rds\u00e4tt, aktivera \u201dVisa ikoner\u201d och rita sedan din rutt. Du kan visa olika f\u00e4rds\u00e4tt f\u00f6r olika delar av rutten. F\u00f6r rutter ritade med magnet-verktyget finns ikoner f\u00f6r fotg\u00e4ngare, cykel och bil. Med arc-line-verktyget finns flygplan, fartyg och t\u00e5g. Med straight line-verktyget kan alla f\u00e4rds\u00e4tt v\u00e4ljas.<\/p> <\/div> <div class=\"schema-faq-section\" id=\"faq-question-1757947701254\"><strong class=\"schema-faq-question\">Vad hj\u00e4lper f\u00f6rstag\u00e5ngsbes\u00f6kare mest p\u00e5 en g\u00e5ngkarta?<\/strong> <p class=\"schema-faq-answer\">Tydlig hierarki: numrerade POI, korta namn, konsekventa ikonformer och en enkel teckenf\u00f6rklaring. Ge tidsestimat mellan kluster i st\u00e4llet f\u00f6r exakta minuter.<\/p> <\/div> <div class=\"schema-faq-section\" id=\"faq-question-1757948908032\"><strong class=\"schema-faq-question\">Hur kan jag p\u00e5 ett smakfullt s\u00e4tt framh\u00e4va omr\u00e5det av intresse?<\/strong> <p class=\"schema-faq-answer\">Det enklaste \u00e4r att markera det administrativa omr\u00e5det med \u201dL\u00e4gg till geoform\u201d och invertera markeringen. \u00c4ndra sedan f\u00e4rgen till vitt (eller den f\u00e4rg du vill) och best\u00e4m opaciteten genom att \u00e4ndra \u201dA\u201d-v\u00e4rdet i f\u00e4rgverktyget. Genom att g\u00f6ra \u00f6vriga omr\u00e5den ljusare blir det valda omr\u00e5det mer framtr\u00e4dande.<\/p> <\/div> <\/div>\n","protected":false},"excerpt":{"rendered":"<p>Oavsett om det handlar om en metropol som New York eller den karga landsbygden i de avl\u00e4gsna skotska h\u00f6gl\u00e4nderna: att resa till avl\u00e4gsna platser kommer alltid att vara lockande f\u00f6r m\u00e4nniskor. F\u00f6r att se till att m\u00e4nniskor hittar till dessa platser producerar f\u00f6rlagen en h\u00e4pnadsv\u00e4ckande m\u00e4ngd turistguider. Och vilken turistguide skulle vara komplett utan omfattande [&hellip;]<\/p>\n","protected":false},"author":6,"featured_media":0,"parent":0,"menu_order":0,"comment_status":"closed","ping_status":"closed","template":"","meta":{"_et_pb_use_builder":"off","_et_pb_old_content":"","_et_gb_content_width":"","footnotes":""},"class_list":["post-170791","page","type-page","status-publish","hentry"],"_links":{"self":[{"href":"https:\/\/www.printmaps.net\/sv\/wp-json\/wp\/v2\/pages\/170791","targetHints":{"allow":["GET"]}}],"collection":[{"href":"https:\/\/www.printmaps.net\/sv\/wp-json\/wp\/v2\/pages"}],"about":[{"href":"https:\/\/www.printmaps.net\/sv\/wp-json\/wp\/v2\/types\/page"}],"author":[{"embeddable":true,"href":"https:\/\/www.printmaps.net\/sv\/wp-json\/wp\/v2\/users\/6"}],"replies":[{"embeddable":true,"href":"https:\/\/www.printmaps.net\/sv\/wp-json\/wp\/v2\/comments?post=170791"}],"version-history":[{"count":7,"href":"https:\/\/www.printmaps.net\/sv\/wp-json\/wp\/v2\/pages\/170791\/revisions"}],"predecessor-version":[{"id":221930,"href":"https:\/\/www.printmaps.net\/sv\/wp-json\/wp\/v2\/pages\/170791\/revisions\/221930"}],"wp:attachment":[{"href":"https:\/\/www.printmaps.net\/sv\/wp-json\/wp\/v2\/media?parent=170791"}],"curies":[{"name":"wp","href":"https:\/\/api.w.org\/{rel}","templated":true}]}}