{"id":170794,"date":"2024-05-07T11:17:03","date_gmt":"2024-05-07T10:17:03","guid":{"rendered":"https:\/\/www.printmaps.net\/skapa-karta-med-nalar\/"},"modified":"2025-10-23T17:08:24","modified_gmt":"2025-10-23T16:08:24","slug":"skapa-karta-med-nalar","status":"publish","type":"page","link":"https:\/\/www.printmaps.net\/sv\/skapa-karta-med-nalar\/","title":{"rendered":"Skapa enkelt en karta med n\u00e5lar med Printmaps-redigeraren"},"content":{"rendered":"\n<div class=\"wp-block-columns is-layout-flex wp-container-core-columns-is-layout-9d6595d7 wp-block-columns-is-layout-flex\">\n<div class=\"wp-block-column is-layout-flow wp-block-column-is-layout-flow\" style=\"flex-basis:66.66%\"><div class=\"wp-block-image\">\n<figure class=\"alignright size-large is-resized\"><img fetchpriority=\"high\" fetchpriority=\"high\" decoding=\"async\" width=\"1024\" height=\"722\" src=\"https:\/\/www.printmaps.net\/wp-content\/uploads\/2020\/04\/Create-map-with-pins-1-1024x722.png\" alt=\"karta med n&#xE5;lar\" class=\"wp-image-60669\" style=\"width:621px\" srcset=\"https:\/\/www.printmaps.net\/wp-content\/uploads\/2020\/04\/Create-map-with-pins-1-980x691.png 980w, https:\/\/www.printmaps.net\/wp-content\/uploads\/2020\/04\/Create-map-with-pins-1-480x339.png 480w\" sizes=\"(min-width: 0px) and (max-width: 480px) 480px, (min-width: 481px) and (max-width: 980px) 980px, (min-width: 981px) 1024px, 100vw\" \/><\/figure><\/div><\/div>\n\n\n\n<div class=\"wp-block-column is-layout-flow wp-block-column-is-layout-flow\" style=\"flex-basis:33.33%\">\n<p>Att markera intressepunkter f\u00f6r att skapa en karta med n\u00e5lar kan vara tidskr\u00e4vande och resultatet ibland en besvikelse. Att redigera sk\u00e4rmdumpar ger problem med att bevara bildens kvalitet n\u00e4r du anv\u00e4nder den p\u00e5 webben eller i tryck. Under tiden vill du bara enkelt f\u00e4sta dessa intressepunkter p\u00e5 deras exakta plats, visa den kronologiska ordningen p\u00e5 en rutt och ange stiften med l\u00e4mpliga mark\u00f6rer och etiketter.<\/p>\n\n\n\n<p>Printmaps-redigeraren g\u00f6r allt detta m\u00f6jligt.<\/p>\n\n\n\n<div class=\"wp-block-buttons is-content-justification-center is-layout-flex wp-container-core-buttons-is-layout-16018d1d wp-block-buttons-is-layout-flex\">\n<div class=\"wp-block-button has-custom-font-size\" style=\"font-size:18px\"><a class=\"wp-block-button__link has-background wp-element-button\" href=\"https:\/\/www.printmaps.net\/sv\/\" style=\"border-radius:10px;background-color:#e5017e\"><p><strong>B\u00f6rja kartl\u00e4gga nu, ingen registrering beh\u00f6vs<\/strong><\/p><\/a><\/div>\n<\/div>\n<\/div>\n<\/div>\n\n<div style=\"height:68px\" aria-hidden=\"true\" class=\"wp-block-spacer\"><\/div>\n\n<div class=\"wp-block-columns is-layout-flex wp-container-core-columns-is-layout-9d6595d7 wp-block-columns-is-layout-flex\">\n<div class=\"wp-block-column is-layout-flow wp-block-column-is-layout-flow\" style=\"flex-basis:33.33%\">\n<h3 class=\"wp-block-heading\" id=\"mark-your-business-locations-on-the-map-with-pins\">Markera dina aff\u00e4rsplatser p\u00e5 kartan med hj\u00e4lp av n\u00e5lar<\/h3>\n\n\n\n<p><p>Editorn \u00e4r mycket anv\u00e4ndbar f\u00f6r f\u00f6retag som vill <a href=\"\/sv\/skriv-ut-karta-med-flera-platser\" data-mce-href=\"\/sv\/skriv-ut-karta-med-flera-platser\">f\u00e4sta flera platser<\/a> eller butiker p\u00e5 en h\u00f6guppl\u00f6st karta som ska skrivas ut eller anv\u00e4ndas online. Editorn g\u00f6r det m\u00f6jligt att kopiera postadresserna till en bulk-geokodningsuppladdare och de kommer alla att konverteras till sina geografiska koordinater. P\u00e5 s\u00e5 s\u00e4tt visas aff\u00e4rsplatserna p\u00e5 kartan med dina egna, anpassade eller en av de standardm\u00e4rkta mark\u00f6rerna.<\/p><\/p>\n<\/div>\n\n\n\n<div class=\"wp-block-column is-layout-flow wp-block-column-is-layout-flow\" style=\"flex-basis:66.66%\"><div class=\"wp-block-image\">\n<figure class=\"alignleft size-full\"><img decoding=\"async\" width=\"621\" height=\"438\" src=\"https:\/\/www.printmaps.net\/wp-content\/uploads\/2020\/04\/Map-with-pins.png\" alt=\"Skapa karta med n&#xE5;lar\" class=\"wp-image-60641\" srcset=\"https:\/\/www.printmaps.net\/wp-content\/uploads\/2020\/04\/Map-with-pins.png 621w, https:\/\/www.printmaps.net\/wp-content\/uploads\/2020\/04\/Map-with-pins-480x339.png 480w\" sizes=\"(min-width: 0px) and (max-width: 480px) 480px, (min-width: 481px) 621px, 100vw\" \/><\/figure><\/div><\/div>\n<\/div>\n\n<div style=\"height:56px\" aria-hidden=\"true\" class=\"wp-block-spacer\"><\/div>\n\n<div class=\"wp-block-columns is-layout-flex wp-container-core-columns-is-layout-9d6595d7 wp-block-columns-is-layout-flex\">\n<div class=\"wp-block-column is-layout-flow wp-block-column-is-layout-flow\" style=\"flex-basis:66.66%\"><div class=\"wp-block-image\">\n<figure class=\"alignright size-large is-resized\"><img decoding=\"async\" width=\"1024\" height=\"722\" src=\"https:\/\/www.printmaps.net\/wp-content\/uploads\/2020\/04\/Create-map-with-pins-2-1024x722.png\" alt=\"skapa en karta med n&#xE5;lar\" class=\"wp-image-60689\" style=\"width:621px\" srcset=\"https:\/\/www.printmaps.net\/wp-content\/uploads\/2020\/04\/Create-map-with-pins-2-980x691.png 980w, https:\/\/www.printmaps.net\/wp-content\/uploads\/2020\/04\/Create-map-with-pins-2-480x339.png 480w\" sizes=\"(min-width: 0px) and (max-width: 480px) 480px, (min-width: 481px) and (max-width: 980px) 980px, (min-width: 981px) 1024px, 100vw\" \/><\/figure><\/div><\/div>\n\n\n\n<div class=\"wp-block-column is-layout-flow wp-block-column-is-layout-flow\" style=\"flex-basis:33.33%\">\n<h3 class=\"wp-block-heading\" id=\"mark-routes-on-existing-roads\">Markera rutter p\u00e5 befintliga v\u00e4gar<\/h3>\n\n\n\n<p><p>V\u00e5ra kunder <a href=\"\/sv\/rita-rutt-pa-karta\/\">skapar ruttkartor<\/a> med n\u00e5lar f\u00f6r att visa upp vandrings- eller cykelv\u00e4gar, eller helt enkelt v\u00e4gbeskrivningar. Dra enkelt linjer p\u00e5 befintliga v\u00e4gar, cykel- och promenadstr\u00e5k. Med m\u00f6jlighet att f\u00e4sta intressepunkterna med siffror blir det enkelt att visa ruttens riktning.<\/p><\/p>\n\n\n\n<p><p>L\u00e4s mer om <a href=\"\/sv\/funktioner\" data-mce-href=\"\/sv\/funktioner\">hur redigeraren fungerar<\/a> och vilka funktioner den har.<\/p><\/p>\n<\/div>\n<\/div>\n\n<div style=\"height:66px\" aria-hidden=\"true\" class=\"wp-block-spacer\"><\/div>\n\n<div class=\"wp-block-columns is-layout-flex wp-container-core-columns-is-layout-9d6595d7 wp-block-columns-is-layout-flex\">\n<div class=\"wp-block-column is-layout-flow wp-block-column-is-layout-flow\" style=\"flex-basis:33.33%\">\n<h3 class=\"wp-block-heading\" id=\"create-a-travel-map-for-your-photobook\">Skapa en resekarta f\u00f6r din fotobok<\/h3>\n\n\n\n<p><p>Markera exakt de platser du bes\u00f6kte under den d\u00e4r of\u00f6rgl\u00f6mliga resan. Du kan markera dina intressanta platser med prickar, rutor eller n\u00e5gon av de standardformer som finns i redigeraren, eller visa etiketten utan en omgivande mark\u00f6r, som ett flygplan eller en f\u00e4rja. Markera dina favoritrestauranger, vandringar eller str\u00e4nder. Med de olika kartstilarna och m\u00f6jligheten att l\u00e4gga till f\u00e4rgade landformer kan du enkelt skapa din egen skr\u00e4ddarsydda <a href=\"\/sv\/resekarta-fotobok\">resekarta f\u00f6r din fotobok<\/a>.<\/p><\/p>\n<\/div>\n\n\n\n<div class=\"wp-block-column is-layout-flow wp-block-column-is-layout-flow\" style=\"flex-basis:66.66%\">\n<figure class=\"wp-block-image size-large is-resized\"><img loading=\"lazy\" loading=\"lazy\" decoding=\"async\" width=\"1024\" height=\"722\" src=\"https:\/\/www.printmaps.net\/wp-content\/uploads\/2020\/10\/Create-map-with-pins-1-1024x722.png\" alt=\"\" class=\"wp-image-70246\" style=\"width:621px\" srcset=\"https:\/\/www.printmaps.net\/wp-content\/uploads\/2020\/10\/Create-map-with-pins-1-980x691.png 980w, https:\/\/www.printmaps.net\/wp-content\/uploads\/2020\/10\/Create-map-with-pins-1-480x338.png 480w\" sizes=\"auto, (min-width: 0px) and (max-width: 480px) 480px, (min-width: 481px) and (max-width: 980px) 980px, (min-width: 981px) 1024px, 100vw\" \/><\/figure><\/div>\n<\/div>\n\n<div class=\"wp-block-group\"><div class=\"wp-block-group__inner-container is-layout-constrained wp-block-group-is-layout-constrained\">\n<div style=\"height:130px\" aria-hidden=\"true\" class=\"wp-block-spacer\"><\/div>\n\n\n\n<h2 class=\"wp-block-heading has-x-large-font-size\" style=\"font-style:normal;font-weight:700\">Beh\u00f6ver du fortfarande hj\u00e4lp? Skicka ett meddelande till oss!<\/h2>\n\n\n\n<p style=\"font-size:22px\"><p><a href=\"https:\/\/support.printmaps.net\/sv-SE\/support\/tickets\/new\">Skicka oss en biljett p\u00e5 v\u00e5r supportplattform<\/a><\/p><\/p>\n\n\n\n<div style=\"height:150px\" aria-hidden=\"true\" class=\"wp-block-spacer\"><\/div>\n<\/div><\/div>\n\n<div style=\"height:80px\" aria-hidden=\"true\" class=\"wp-block-spacer\"><\/div>\n\n<h3 class=\"wp-block-heading\">Vanliga fr\u00e5gor<\/h3>\n\n<div class=\"schema-faq wp-block-yoast-faq-block\"><div class=\"schema-faq-section\" id=\"faq-question-1757925419641\"><strong class=\"schema-faq-question\"><p><strong>Kan jag importera koordinater i st\u00e4llet f\u00f6r adresser?<\/strong><\/p><\/strong> <p class=\"schema-faq-answer\"><p>Ja. Du kan <a href=\"https:\/\/support.printmaps.net\/sv-SE\/support\/solutions\/articles\/204000000551-jag-har-en-lista-med-adresser-i-excel-kan-jag-konvertera-dem-till-punkter-pa-kartan-\">klistra in decimala v\u00e4rden f\u00f6r longitud och latitud direkt i kalkylarks-import\u00f6ren<\/a>. Varje element blir ett separat, namngivet lager i nedladdningen om du laddar ner som SVG eller PSD.<\/p><\/p> <\/div> <div class=\"schema-faq-section\" id=\"faq-question-1757942421299\"><strong class=\"schema-faq-question\">Kan jag \u00e4ndra stilen p\u00e5 n\u00e5larna i editorn?<\/strong> <p class=\"schema-faq-answer\">Ja. Vi erbjuder flera olika former att v\u00e4lja mellan f\u00f6r b\u00e5de den yttre och inre formen, och f\u00e4rgerna kan v\u00e4ljas fritt. Bland de inre formerna finns m\u00e5nga ikoner som du kan anv\u00e4nda f\u00f6r att visa temat f\u00f6r den plats du markerar, till exempel en kundvagn f\u00f6r en butik eller en springande figur f\u00f6r ett sportcenter.<\/p> <\/div> <div class=\"schema-faq-section\" id=\"faq-question-1757942575893\"><strong class=\"schema-faq-question\">Kan jag importera n\u00e5lar genom att ladda upp en fil?<\/strong> <p class=\"schema-faq-answer\">Ja. Du kan ladda upp GPX-, KML- eller GeoJSON-filer i v\u00e5r editor. Dessa filer kan inneh\u00e5lla rutter, n\u00e5lar eller former och importeras direkt till kartan. Varje element kan sedan stylas, precis som manuellt tillagda n\u00e5lar.<\/p> <\/div> <div class=\"schema-faq-section\" id=\"faq-question-1757943989629\"><strong class=\"schema-faq-question\">Kan kartan lutas eller roteras?<\/strong> <p class=\"schema-faq-answer\">Ja. Du kan justera lutnings- eller rotationsniv\u00e5n uppe till v\u00e4nster i editorn. Men om du g\u00f6r det kan kartan inte k\u00f6pas som SVG p\u00e5 grund av tekniska begr\u00e4nsningar.<\/p> <\/div> <div class=\"schema-faq-section\" id=\"faq-question-1757944170878\"><strong class=\"schema-faq-question\"><p><strong>Vilket exportformat ska jag anv\u00e4nda f\u00f6r tryck och webb?<\/strong><\/p><\/strong> <p class=\"schema-faq-answer\">PNG r\u00e4cker f\u00f6r webb och tryck om du inte beh\u00f6ver mycket efterbearbetning och, vid tryck, inte vill skriva ut st\u00f6rre \u00e4n 22 cm \u00d7 22 cm. Om du vill anpassa kartan helt eller skriva ut den i st\u00f6rre format passar PSD och SVG b\u00e4ttre.<\/p> <\/div> <div class=\"schema-faq-section\" id=\"faq-question-1757945617450\"><strong class=\"schema-faq-question\">Kan jag placera en etikett p\u00e5 kartan utan n\u00e5l?<\/strong> <p class=\"schema-faq-answer\">Ja. Du g\u00f6r det genom att st\u00e4lla in den yttre och inre n\u00e5lens f\u00e4rg som genomskinlig.<\/p> <\/div> <\/div>\n\n<div style=\"height:66px\" aria-hidden=\"true\" class=\"wp-block-spacer\"><\/div>\n","protected":false},"excerpt":{"rendered":"<p>Att markera intressepunkter f\u00f6r att skapa en karta med n\u00e5lar kan vara tidskr\u00e4vande och resultatet ibland en besvikelse. Att redigera sk\u00e4rmdumpar ger problem med att bevara bildens kvalitet n\u00e4r du anv\u00e4nder den p\u00e5 webben eller i tryck. Under tiden vill du bara enkelt f\u00e4sta dessa intressepunkter p\u00e5 deras exakta plats, visa den kronologiska ordningen p\u00e5 [&hellip;]<\/p>\n","protected":false},"author":8,"featured_media":0,"parent":0,"menu_order":0,"comment_status":"closed","ping_status":"closed","template":"","meta":{"_et_pb_use_builder":"","_et_pb_old_content":"","_et_gb_content_width":"","footnotes":""},"class_list":["post-170794","page","type-page","status-publish","hentry"],"_links":{"self":[{"href":"https:\/\/www.printmaps.net\/sv\/wp-json\/wp\/v2\/pages\/170794","targetHints":{"allow":["GET"]}}],"collection":[{"href":"https:\/\/www.printmaps.net\/sv\/wp-json\/wp\/v2\/pages"}],"about":[{"href":"https:\/\/www.printmaps.net\/sv\/wp-json\/wp\/v2\/types\/page"}],"author":[{"embeddable":true,"href":"https:\/\/www.printmaps.net\/sv\/wp-json\/wp\/v2\/users\/8"}],"replies":[{"embeddable":true,"href":"https:\/\/www.printmaps.net\/sv\/wp-json\/wp\/v2\/comments?post=170794"}],"version-history":[{"count":6,"href":"https:\/\/www.printmaps.net\/sv\/wp-json\/wp\/v2\/pages\/170794\/revisions"}],"predecessor-version":[{"id":221989,"href":"https:\/\/www.printmaps.net\/sv\/wp-json\/wp\/v2\/pages\/170794\/revisions\/221989"}],"wp:attachment":[{"href":"https:\/\/www.printmaps.net\/sv\/wp-json\/wp\/v2\/media?parent=170794"}],"curies":[{"name":"wp","href":"https:\/\/api.w.org\/{rel}","templated":true}]}}