{"id":170809,"date":"2024-05-07T13:04:51","date_gmt":"2024-05-07T12:04:51","guid":{"rendered":"https:\/\/www.printmaps.net\/gratis-utskrivbara-kartor\/"},"modified":"2025-03-20T14:49:59","modified_gmt":"2025-03-20T13:49:59","slug":"gratis-utskrivbara-kartor","status":"publish","type":"page","link":"https:\/\/www.printmaps.net\/sv\/gratis-utskrivbara-kartor\/","title":{"rendered":"Gratis utskrivbara kartor f\u00f6r ideella organisationer"},"content":{"rendered":"\n<p><p>Printmaps.net erbjuder gratis utskrivbara kartor f\u00f6r obegr\u00e4nsad cirkulation (till ett v\u00e4rde av cirka 350 euro).<br\/><a href=\"\/sv\/\">Testa Printmaps-redigerare<\/a> innan du ans\u00f6ker f\u00f6r att se om den \u00e4r l\u00e4mplig f\u00f6r dina behov.<\/p><\/p>\n\n<div style=\"height:60px\" aria-hidden=\"true\" class=\"wp-block-spacer\"><\/div>\n\n<div class=\"wp-block-group\"><div class=\"wp-block-group__inner-container is-layout-constrained wp-block-group-is-layout-constrained\">\n<div style=\"height:120px\" aria-hidden=\"true\" class=\"wp-block-spacer\"><\/div>\n\n\n\n<h2 class=\"wp-block-heading has-large-font-size\">Hur vet du att du \u00e4r ber\u00e4ttigad?<\/h2>\n\n\n\n<p>Din organisation m\u00e5ste ha en giltig v\u00e4lg\u00f6renhetsstatus hos en lokal skattemyndighet\/v\u00e4lg\u00f6renhetskommission.<\/p>\n\n\n\n<p>Dessutom m\u00e5ste din organisation uppfylla f\u00f6ljande kriterier:<\/p>\n\n\n\n<ul class=\"wp-block-list\">\n<li>Inte \u00e4r en organisation f\u00f6r lagstiftande eller politisk verksamhet<\/li>\n\n\n\n<li>Inte \u00e4r en kyrka, en sammanslutning av kyrkor eller n\u00e5gon annan religi\u00f6s eller evangelisk organisation<\/li>\n\n\n\n<li>Inte \u00e4r en organisation som f\u00f6rs\u00f6ker p\u00e5verka den allm\u00e4nna opinionen<\/li>\n\n\n\n<li>Inte \u00e4r en privat anslagsbeviljande, oberoende eller operativ stiftelse<\/li>\n\n\n\n<li>Inte diskriminerar p\u00e5 grund av k\u00f6n, ras, etnicitet, nationellt ursprung, religion, politisk tillh\u00f6righet eller \u00f6vertygelse, sexuell l\u00e4ggning eller k\u00f6nsidentitet eller k\u00f6nsuttryck<\/li>\n<\/ul>\n\n\n\n<h3 class=\"wp-block-heading has-medium-font-size\">Hur du ans\u00f6ker<\/h3>\n\n\n\n<p><p>Skicka in din f\u00f6rfr\u00e5gan via en <a href=\"https:\/\/support.printmaps.net\/sv-SE\/support\/tickets\/new\">biljett p\u00e5 v\u00e5r supportplattform<\/a>. Ange din organisations juridiska namn, plats, webbplats och en kort beskrivning av den tryckprodukt som du beh\u00f6ver din gratis utskrivbara karta f\u00f6r.<\/p><\/p>\n\n\n\n<div style=\"height:120px\" aria-hidden=\"true\" class=\"wp-block-spacer\"><\/div>\n<\/div><\/div>\n\n<div style=\"height:20px\" aria-hidden=\"true\" class=\"wp-block-spacer\"><\/div>\n\n<div class=\"wp-block-group\"><div class=\"wp-block-group__inner-container is-layout-constrained wp-block-group-is-layout-constrained\">\n<h2 class=\"wp-block-heading has-text-align-center has-large-font-size\" style=\"font-style:normal;font-weight:700\">Prova Printmaps<\/h2>\n\n\n\n<p class=\"has-text-align-center has-medium-font-size\">Med v\u00e5r kartredigerare kan du skapa utskrivbara kartor \u00f6ver hela v\u00e4rlden p\u00e5 nolltid.<\/p>\n\n\n\n<div style=\"height:15px\" aria-hidden=\"true\" class=\"wp-block-spacer\"><\/div>\n\n\n\n<div class=\"wp-block-buttons is-content-justification-center is-layout-flex wp-container-core-buttons-is-layout-16018d1d wp-block-buttons-is-layout-flex\">\n<div class=\"wp-block-button has-custom-font-size\" style=\"font-size:18px\"><a class=\"wp-block-button__link has-background wp-element-button\" href=\"https:\/\/www.printmaps.net\/sv\/\" style=\"border-radius:10px;background-color:#e5017e\"><p><strong>Skapa din f\u00f6rsta karta nu<\/strong><\/p><\/a><\/div>\n<\/div>\n<\/div><\/div>\n\n<div style=\"height:150px\" aria-hidden=\"true\" class=\"wp-block-spacer\"><\/div>\n\n<p><\/p>\n","protected":false},"excerpt":{"rendered":"<p>Printmaps.net erbjuder gratis utskrivbara kartor f\u00f6r obegr\u00e4nsad cirkulation (till ett v\u00e4rde av cirka 350 euro).Testa Printmaps-redigerare innan du ans\u00f6ker f\u00f6r att se om den \u00e4r l\u00e4mplig f\u00f6r dina behov.<\/p>\n","protected":false},"author":23,"featured_media":0,"parent":0,"menu_order":0,"comment_status":"closed","ping_status":"closed","template":"","meta":{"_et_pb_use_builder":"off","_et_pb_old_content":"","_et_gb_content_width":"","footnotes":""},"class_list":["post-170809","page","type-page","status-publish","hentry"],"_links":{"self":[{"href":"https:\/\/www.printmaps.net\/sv\/wp-json\/wp\/v2\/pages\/170809","targetHints":{"allow":["GET"]}}],"collection":[{"href":"https:\/\/www.printmaps.net\/sv\/wp-json\/wp\/v2\/pages"}],"about":[{"href":"https:\/\/www.printmaps.net\/sv\/wp-json\/wp\/v2\/types\/page"}],"author":[{"embeddable":true,"href":"https:\/\/www.printmaps.net\/sv\/wp-json\/wp\/v2\/users\/23"}],"replies":[{"embeddable":true,"href":"https:\/\/www.printmaps.net\/sv\/wp-json\/wp\/v2\/comments?post=170809"}],"version-history":[{"count":3,"href":"https:\/\/www.printmaps.net\/sv\/wp-json\/wp\/v2\/pages\/170809\/revisions"}],"predecessor-version":[{"id":171330,"href":"https:\/\/www.printmaps.net\/sv\/wp-json\/wp\/v2\/pages\/170809\/revisions\/171330"}],"wp:attachment":[{"href":"https:\/\/www.printmaps.net\/sv\/wp-json\/wp\/v2\/media?parent=170809"}],"curies":[{"name":"wp","href":"https:\/\/api.w.org\/{rel}","templated":true}]}}