{"id":170814,"date":"2024-05-07T13:23:51","date_gmt":"2024-05-07T12:23:51","guid":{"rendered":"https:\/\/www.printmaps.net\/tryck-komoot-turer\/"},"modified":"2024-05-29T13:32:22","modified_gmt":"2024-05-29T12:32:22","slug":"tryck-komoot-turer","status":"publish","type":"page","link":"https:\/\/www.printmaps.net\/sv\/tryck-komoot-turer\/","title":{"rendered":"Hur Komoot-anv\u00e4ndare skriver ut turer med Printmaps f\u00f6r att informera sina g\u00e4ster, l\u00e4sare eller kunder"},"content":{"rendered":"\n<hr class=\"wp-block-separator has-css-opacity\"\/>\n\n<div style=\"height:29px\" aria-hidden=\"true\" class=\"wp-block-spacer\"><\/div>\n\n<p>Med integrationen av Komoot i Printmaps-editorn kan hotell, turistm\u00e5l och f\u00f6rl\u00e4ggare enkelt skriva ut sina Komoot-turer i 300 dpi. En h\u00f6gkvalitativ utskrift f\u00f6r broschyrer och informationsflyers. G\u00e4ster, l\u00e4sare och kunder kommer d\u00e4rf\u00f6r, f\u00f6rutom den tryckta versionen, att kunna hitta rutten omedelbart p\u00e5 sin smartphone f\u00f6r p\u00e5 v\u00e4gen.<\/p>\n\n<p><\/p>\n\n<p>Logga in med din Komoot-profil direkt i redigeringsverktyget. Tryck p\u00e5 knappen med prickar och v\u00e4lj Komoot. Den stora f\u00f6rdelen med partnerskapet mellan Printmaps.net och Komoot \u00e4r att g\u00e4ster, l\u00e4sare och kunder kan anv\u00e4nda turerna inte bara i tryck, utan direkt i Komoot-appen.<\/p>\n\n<p><\/p>\n\n<div class=\"wp-block-buttons is-content-justification-center is-layout-flex wp-container-core-buttons-is-layout-16018d1d wp-block-buttons-is-layout-flex\">\n<div class=\"wp-block-button has-custom-font-size\" style=\"font-size:18px\"><a class=\"wp-block-button__link has-background wp-element-button\" href=\"https:\/\/www.printmaps.net\/sv\/\" style=\"border-radius:10px;background-color:#e5017e\"><p><strong>B\u00f6rja kartl\u00e4gga nu, ingen registrering beh\u00f6vs<\/strong><\/p><\/a><\/div>\n<\/div>\n\n<div style=\"height:34px\" aria-hidden=\"true\" class=\"wp-block-spacer\"><\/div>\n\n<hr class=\"wp-block-separator has-css-opacity\"\/>\n\n<div style=\"height:35px\" aria-hidden=\"true\" class=\"wp-block-spacer\"><\/div>\n\n<div class=\"wp-block-columns is-layout-flex wp-container-core-columns-is-layout-9d6595d7 wp-block-columns-is-layout-flex\">\n<div class=\"wp-block-column is-layout-flow wp-block-column-is-layout-flow\">\n<figure class=\"wp-block-image\"><img fetchpriority=\"high\" fetchpriority=\"high\" decoding=\"async\" width=\"875\" height=\"618\" src=\"https:\/\/www.printmaps.net\/wp-content\/uploads\/2021\/03\/print-komoot-route.png\" alt=\"\" class=\"wp-image-81054\" srcset=\"https:\/\/www.printmaps.net\/wp-content\/uploads\/2021\/03\/print-komoot-route.png 875w, https:\/\/www.printmaps.net\/wp-content\/uploads\/2021\/03\/print-komoot-route-480x339.png 480w\" sizes=\"(min-width: 0px) and (max-width: 480px) 480px, (min-width: 481px) 875px, 100vw\" \/><\/figure><\/div>\n\n\n\n<div class=\"wp-block-column is-layout-flow wp-block-column-is-layout-flow\">\n<p><p>Till exempel visar <a href=\"https:\/\/alexandersonderegger.wixsite.com\/tourenspuren\/alle-touren\" target=\"_blank\" rel=\"noreferrer noopener\">e-mountainbikern Alexander Sonderegger<\/a> varje tur med en karta, h\u00f6jdprofil och ruttkarakteristik. Detta tillhandah\u00e5lls tillsammans med en QR-kod och en l\u00e4nk till turen. P\u00e5 s\u00e5 s\u00e4tt kan l\u00e4saren anv\u00e4nda informationen om turen direkt fr\u00e5n sin smartphone, anv\u00e4nda Komoot f\u00f6r navigering eller skriva ut turen med v\u00e4gbeskrivningar f\u00f6r att ha med sig p\u00e5 resan.<\/p><\/p>\n<\/div>\n<\/div>\n\n<div style=\"height:30px\" aria-hidden=\"true\" class=\"wp-block-spacer\"><\/div>\n\n<div class=\"wp-block-columns is-layout-flex wp-container-core-columns-is-layout-9d6595d7 wp-block-columns-is-layout-flex\">\n<div class=\"wp-block-column is-layout-flow wp-block-column-is-layout-flow\">\n<h2 class=\"wp-block-heading\">Hur man skriver ut Komoot-turer<\/h2>\n\n\n\n<p>I Komoots ruttplanerare skapas rutter med n\u00e5gra f\u00e5 klick och integreras direkt i Printmaps-redigeraren. F\u00f6r att skapa kartor f\u00f6r professionell utskrift i 300dpi ansluter du Printmaps.net till Komoot. \u00d6ppna Printmaps.net, scrolla ner till redigeraren, v\u00e4lj utskriftsstorlek, vilket omr\u00e5de som ska visas p\u00e5 kartan, zoomniv\u00e5, rotation och lutning. N\u00e4r det \u00e4r gjort v\u00e4ljer du din kartstil och g\u00e5r till fliken \u201dL\u00e4gg till inneh\u00e5ll\u201d f\u00f6r att hitta alternativet p\u00e5 h\u00f6ger sida av sk\u00e4rmen f\u00f6r att \u201dImportera Komoot-Tour\u201d. H\u00e4r kan du logga in p\u00e5 Komoot. Till\u00e5t Printmaps att komma \u00e5t Komoot och komma \u00e5t turerna i ditt Komoot-konto.<\/p>\n\n\n\n<p><\/p>\n<\/div>\n\n\n\n<div class=\"wp-block-column is-layout-flow wp-block-column-is-layout-flow\">\n<figure class=\"wp-block-image size-full\"><img decoding=\"async\" width=\"421\" height=\"235\" src=\"https:\/\/www.printmaps.net\/wp-content\/uploads\/2024\/03\/image.png\" alt=\"\" class=\"wp-image-165413\" srcset=\"https:\/\/www.printmaps.net\/wp-content\/uploads\/2024\/03\/image.png 421w, https:\/\/www.printmaps.net\/wp-content\/uploads\/2024\/03\/image-300x167.png 300w\" sizes=\"(max-width: 421px) 100vw, 421px\" \/><\/figure>\n\n\n<div class=\"wp-block-columns is-layout-flex wp-container-core-columns-is-layout-9d6595d7 wp-block-columns-is-layout-flex\">\n<div class=\"wp-block-column is-layout-flow wp-block-column-is-layout-flow\"><\/div>\n<\/div>\n<\/div>\n<\/div>\n\n<div class=\"wp-block-columns is-layout-flex wp-container-core-columns-is-layout-9d6595d7 wp-block-columns-is-layout-flex\">\n<div class=\"wp-block-column is-layout-flow wp-block-column-is-layout-flow\">\n<figure class=\"wp-block-image size-large\"><img decoding=\"async\" width=\"699\" height=\"425\" src=\"https:\/\/www.printmaps.net\/wp-content\/uploads\/2021\/03\/printmaps-and-komoot.png\" alt=\"trycka turer\" class=\"wp-image-81059\" srcset=\"https:\/\/www.printmaps.net\/wp-content\/uploads\/2021\/03\/printmaps-and-komoot.png 699w, https:\/\/www.printmaps.net\/wp-content\/uploads\/2021\/03\/printmaps-and-komoot-480x292.png 480w\" sizes=\"(min-width: 0px) and (max-width: 480px) 480px, (min-width: 481px) 699px, 100vw\" \/><\/figure><\/div>\n\n\n\n<div class=\"wp-block-column is-layout-flow wp-block-column-is-layout-flow\">\n<p>En eller flera turer kan nu v\u00e4ljas. N\u00e4r de v\u00e4l har valts visas de direkt p\u00e5 kartan. F\u00f6r att l\u00e4gga till fler turer fr\u00e5n Komoot-kontot klickar du helt enkelt p\u00e5 Komoot-logotypen igen. Varje ny tur som sparats i Komoot-profilen visas direkt i listan och kan l\u00e4ggas till p\u00e5 kartan.<\/p>\n\n\n\n<p><\/p>\n\n\n\n<p>Den slutliga kartan med rutterna kan anpassas p\u00e5 olika s\u00e4tt. Justera kartstilen, \u00e4ndra f\u00e4rgen p\u00e5 rutten, l\u00e4gg till intressanta platser i redigeringsverktyget. Ta en titt p\u00e5 f\u00f6rhandsgranskningen och k\u00f6p sedan kartan direkt online.<\/p>\n<\/div>\n<\/div>\n\n<p><\/p>\n\n<div style=\"height:33px\" aria-hidden=\"true\" class=\"wp-block-spacer\"><\/div>\n\n<h3 class=\"wp-block-heading\">Andra partnerl\u00f6sningar som erbjuds av Komoot och som anv\u00e4nds av hotell, turistm\u00e5l och andra tj\u00e4nsteleverant\u00f6rer, f\u00f6rfattare och utgivare \u00e4r:<\/h3>\n\n<div style=\"height:26px\" aria-hidden=\"true\" class=\"wp-block-spacer\"><\/div>\n\n<h4 class=\"wp-block-heading\">1. Komoot ruttplanerare (gratis): f\u00f6r att skapa rutter f\u00f6r kunder med n\u00e5gra f\u00e5 klick.<\/h4>\n\n<p><\/p>\n\n<h4 class=\"wp-block-heading\">2. Komoot webbplats plugin (gratis): f\u00f6r att integrera turer och \u00f6versiktskartor p\u00e5 din egen webbplats.<\/h4>\n\n<div style=\"height:100px\" aria-hidden=\"true\" class=\"wp-block-spacer\"><\/div>\n\n<hr class=\"wp-block-separator has-css-opacity\"\/>\n\n<p><\/p>\n\n<p><p>Detta blogginl\u00e4gg p\u00e5 Medium \u00e4r skrivet av Markus Hallermann, medgrundare av Komoot. L\u00e4s det p\u00e5 tyska h\u00e4r: <a href=\"https:\/\/medium.com\/komoot\/printmaps-net-by-toursprung-komoot-46f0c752883a\" target=\"_blank\" rel=\"noreferrer noopener\">Printmaps.net by Toursprung &amp; Komoot.<\/a><\/p><\/p>\n\n<div style=\"height:21px\" aria-hidden=\"true\" class=\"wp-block-spacer\"><\/div>\n\n<p><\/p>\n","protected":false},"excerpt":{"rendered":"<p>Med integrationen av Komoot i Printmaps-editorn kan hotell, turistm\u00e5l och f\u00f6rl\u00e4ggare enkelt skriva ut sina Komoot-turer i 300 dpi. En h\u00f6gkvalitativ utskrift f\u00f6r broschyrer och informationsflyers. G\u00e4ster, l\u00e4sare och kunder kommer d\u00e4rf\u00f6r, f\u00f6rutom den tryckta versionen, att kunna hitta rutten omedelbart p\u00e5 sin smartphone f\u00f6r p\u00e5 v\u00e4gen. Logga in med din Komoot-profil direkt i redigeringsverktyget. [&hellip;]<\/p>\n","protected":false},"author":19,"featured_media":0,"parent":0,"menu_order":0,"comment_status":"closed","ping_status":"closed","template":"","meta":{"_et_pb_use_builder":"","_et_pb_old_content":"","_et_gb_content_width":"","footnotes":""},"class_list":["post-170814","page","type-page","status-publish","hentry"],"_links":{"self":[{"href":"https:\/\/www.printmaps.net\/sv\/wp-json\/wp\/v2\/pages\/170814","targetHints":{"allow":["GET"]}}],"collection":[{"href":"https:\/\/www.printmaps.net\/sv\/wp-json\/wp\/v2\/pages"}],"about":[{"href":"https:\/\/www.printmaps.net\/sv\/wp-json\/wp\/v2\/types\/page"}],"author":[{"embeddable":true,"href":"https:\/\/www.printmaps.net\/sv\/wp-json\/wp\/v2\/users\/19"}],"replies":[{"embeddable":true,"href":"https:\/\/www.printmaps.net\/sv\/wp-json\/wp\/v2\/comments?post=170814"}],"version-history":[{"count":5,"href":"https:\/\/www.printmaps.net\/sv\/wp-json\/wp\/v2\/pages\/170814\/revisions"}],"predecessor-version":[{"id":172797,"href":"https:\/\/www.printmaps.net\/sv\/wp-json\/wp\/v2\/pages\/170814\/revisions\/172797"}],"wp:attachment":[{"href":"https:\/\/www.printmaps.net\/sv\/wp-json\/wp\/v2\/media?parent=170814"}],"curies":[{"name":"wp","href":"https:\/\/api.w.org\/{rel}","templated":true}]}}