{"id":170831,"date":"2024-05-07T14:56:27","date_gmt":"2024-05-07T13:56:27","guid":{"rendered":"https:\/\/www.printmaps.net\/funktioner\/"},"modified":"2024-10-23T15:15:24","modified_gmt":"2024-10-23T14:15:24","slug":"funktioner","status":"publish","type":"page","link":"https:\/\/www.printmaps.net\/sv\/funktioner\/","title":{"rendered":"S\u00e5 h\u00e4r fungerar Printmaps kartredigerare"},"content":{"rendered":"\n<p><p>Du beh\u00f6ver inte vara en professionell kartograf eller designer f\u00f6r att skapa fantastiska och snygga kartor inom n\u00e5gra minuter \u2013 vare sig det \u00e4r\u00a0<strong>stadskartor<\/strong>,\u00a0<strong>sp\u00e5rkartor<\/strong>,\u00a0<strong>riktningskartor<\/strong>,\u00a0<strong>turistkartor<\/strong>\u00a0eller allm\u00e4nna\u00a0<strong>\u00f6versiktskartor<\/strong>.<\/p><\/p>\n\n<figure class=\"wp-block-image\"><a href=\"\/sv\/\"><img decoding=\"async\" src=\"https:\/\/www.printmaps.net\/wp-content\/uploads\/2024\/09\/print-map-1.png\" alt=\"skriva ut karta\" title=\"redigerare f&#xF6;r att skriva ut kartor\"\/><\/a><\/figure>\n<p><p>Vi lovar:\u00a0<a href=\"https:\/\/www.printmaps.net\/sv\/\">Printmaps kartredigerare<\/a>\u00a0kommer att spara dig m\u00e5nga timmar i kartritning och ruttsp\u00e5rning. Vill du skriva ut\u00a0<strong>h\u00f6guppl\u00f6sta kartor<\/strong>\u00a0f\u00f6r fastigheter eller turistguider, beh\u00f6ver du en\u00a0<strong>kartfil i lagerformat f\u00f6r vidare redigering<\/strong>\u00a0eller f\u00f6r att skapa en\u00a0<strong>personlig resekarta<\/strong>? L\u00e5t oss utarbeta de olika funktionerna du kan hitta under de tre flikarna i redigeraren: Designa karta, L\u00e4gg till inneh\u00e5ll &amp; Ladda ner karta, s\u00e5 att ingenting st\u00e5r i v\u00e4gen mellan dig och din Printmap!<\/p><\/p>\n\n<h2 class=\"wp-block-heading\">\u00a0<\/h2>\n\n<h2 class=\"wp-block-heading\">1. Utforma din karta<\/h2>\n\n<hr class=\"wp-block-separator has-alpha-channel-opacity\"\/>\n\n<p><p>Under fliken Design Map i redigeringsverktyget kan du justera kartans grundl\u00e4ggande element. Best\u00e4m utskriftsstorlek f\u00f6r kartan och rotera eller luta kartan. Justera textskalan f\u00f6r att\u00a0<strong>\u00e4ndra storleken p\u00e5 den text<\/strong>\u00a0som visas p\u00e5 kartan och\u00a0<strong>v\u00e4lj vilka titlar du vill visa<\/strong>\u00a0eller d\u00f6lja.\u00a0<strong>\u00c4ndra spr\u00e5ket som visas<\/strong>\u00a0p\u00e5 kartan och v\u00e4lj mellan\u00a0<strong>olika kartstilar<\/strong>.<\/p><\/p>\n\n<figure class=\"wp-block-image\"><img decoding=\"async\" src=\"https:\/\/www.printmaps.net\/wp-content\/uploads\/2019\/07\/printable-map-editor-1-1024x681.gif\" alt=\"Rita en rutt med det magnetiska verktyget.\"\/><\/figure>\n<div style=\"height:26px\" aria-hidden=\"true\" class=\"wp-block-spacer\"><\/div>\n\n<h3 class=\"wp-block-heading\">Karta \u00f6ver hela v\u00e4rlden i alla zoomniv\u00e5er<\/h3>\n\n<p>Vi tillhandah\u00e5ller kartografi \u00f6ver hela v\u00e4rlden med alla zoomniv\u00e5er. S\u00e5 g\u00e5 s\u00e5 h\u00f6gt eller s\u00e5 djupt som du vill!<\/p>\n\n<h3 class=\"wp-block-heading\"><p><strong>\u00c4ndra storlek p\u00e5 kartan<\/strong><\/p><\/h3>\n\n<p><p>Ange din utskriftsstorlek under fliken Design Map. V\u00e4lj en av standardstorlekarna eller ange en anpassad storlek i mm bredd och h\u00f6jd. Obs: kartor med en sidol\u00e4ngd l\u00e4ngre \u00e4n 220 mm \u00e4r inte tillg\u00e4ngliga som PNG, endast som PSD eller SVG. Ta en titt p\u00e5 effekten av detta p\u00e5 v\u00e5r priss\u00e4ttning.<\/p><\/p>\n\n<p><p>Dra runt kartan med mark\u00f6ren f\u00f6r att best\u00e4mma \u00f6nskad kartram.\u00a0<em>Obs: den maximala storleken p\u00e5 en Printmap \u00e4r 1330x1330mm.<\/em>\u00a0Gl\u00f6m inte att\u00a0<strong>l\u00e5sa kartomr\u00e5det<\/strong>\u00a0n\u00e4r du har best\u00e4mt r\u00e4tt bildram. P\u00e5 s\u00e5 s\u00e4tt kommer din kartram inte att flytta sig l\u00e4ngre!<\/p><\/p>\n\n<figure class=\"wp-block-image\"><img decoding=\"async\" src=\"https:\/\/www.printmaps.net\/wp-content\/uploads\/2021\/01\/Online-map-editor-1024x560.png\" alt=\"\"\/><\/figure>\n<figure class=\"wp-block-image\"><img decoding=\"async\" src=\"https:\/\/www.printmaps.net\/wp-content\/uploads\/2021\/01\/map-styles.png\" alt=\"\"\/><\/figure>\n<div style=\"height:34px\" aria-hidden=\"true\" class=\"wp-block-spacer\"><\/div>\n\n<h3 class=\"wp-block-heading\">V\u00e4lj din kartstil<\/h3>\n\n<p><p>Din karta, din stil. V\u00e4lj mellan ett antal olika kartstilar, fr\u00e5n full terr\u00e4ng till vinter- och stadsstilar. Eternalisera enkelt\u00a0<a href=\"http:\/\/www.komoot.com\/\" target=\"_blank\" rel=\"noreferrer noopener\">Komoot vandringar,<\/a>\u00a0<a href=\"http:\/\/www.bikemap.net\/\" target=\"_blank\" rel=\"noreferrer noopener\">Bikemap cykelturer<\/a>\u00a0eller\u00a0<a href=\"https:\/\/www.facebook.com\/ulmon\/\" target=\"_blank\" rel=\"noreferrer noopener\">CityMaps2Go sightseeingkartor<\/a>\u00a0i samma kartstil som appen.<\/p><\/p>\n\n<figure class=\"wp-block-image\"><img decoding=\"async\" src=\"https:\/\/www.printmaps.net\/wp-content\/uploads\/2019\/09\/printable-map-features-layers-styles-edit.gif\" alt=\"\"\/><\/figure>\n<div style=\"height:35px\" aria-hidden=\"true\" class=\"wp-block-spacer\"><\/div>\n\n<h3 class=\"wp-block-heading\">Designa den sj\u00e4lv<\/h3>\n\n<p>V\u00e4lj din egen design genom att markera eller avmarkera de objekt som du vill ska ing\u00e5 i din karta. Du kan g\u00f6ra den s\u00e5 inkluderande eller tom som du beh\u00f6ver. Med bara n\u00e5gra f\u00e5 klick skapar du tomma kartor \u00f6ver stater, provinser eller l\u00e4nder.<\/p>\n\n<figure class=\"wp-block-image\"><img decoding=\"async\" src=\"https:\/\/www.printmaps.net\/wp-content\/uploads\/2019\/09\/printable-map-3d-tilted-citymap-streets-1-1024x725.png\" alt=\"\"\/><\/figure>\n<div style=\"height:33px\" aria-hidden=\"true\" class=\"wp-block-spacer\"><\/div>\n\n<h3 class=\"wp-block-heading\"><p>Luta och rotera kartan<\/p><\/h3>\n\n<p><p>Rotera kartan runt f\u00f6r att visa kartan i den riktning du f\u00f6redrar. Luta kartan upp till 60\u00b0 f\u00f6r att l\u00e4gga till perspektiv. Perfekt f\u00f6r fastighetskartor, hotellkartor eller stadsvandringar.\u00a0<em>Obs: Lutande och roterade kartor \u00e4r inte tillg\u00e4ngliga som SVG, endast som PSD eller PNG.<\/em><\/p><\/p>\n\n<h2 class=\"wp-block-heading\"><p>2.\u00a0<strong>L\u00e4gg till inneh\u00e5ll p\u00e5 din karta<\/strong><\/p><\/h2>\n\n<hr class=\"wp-block-separator has-alpha-channel-opacity\"\/>\n\n<p><p>Under fliken L\u00e4gg till inneh\u00e5ll kan du\u00a0<strong>rita en rutt, ladda upp en GPX-, KML- eller GeoJSON-fil (inspelad rutt), l\u00e4gga till intressepunkter\u00a0<\/strong>och\u00a0<strong>redigera med geografiska former<\/strong>.<\/p><\/p>\n\n<figure class=\"wp-block-image\"><img decoding=\"async\" src=\"https:\/\/www.printmaps.net\/wp-content\/uploads\/2020\/05\/biking-route-map-1024x665.png\" alt=\"rita rutt p&#xE5; karta\"\/><\/figure>\n<div style=\"height:34px\" aria-hidden=\"true\" class=\"wp-block-spacer\"><\/div>\n\n<h3 class=\"wp-block-heading\">Rita en rutt<\/h3>\n\n<p>Vill du inkludera en rutt i din karta? Det \u00e4r s\u00e5 enkelt som att anv\u00e4nda v\u00e5rt magnetiska ritverktyg. Gillar du mer frihand? Ingen fara, vi har st\u00f6d f\u00f6r det ocks\u00e5. I \u201dEasy Mode\u201d kan du rita rutter genom att ange destinationspunkterna i s\u00f6kf\u00e4ltet. I \u201dExpert Mode\u201d kan du rita genom att klicka p\u00e5 destinationspunkterna p\u00e5 kartan. I b\u00e5da l\u00e4gena kan du rita antingen raka linjer eller b\u00e5glinjer, eller rita en linje som magnetiskt sn\u00e4pper fast vid befintliga v\u00e4gar. Justera linjens tjocklek och f\u00e4rg. Best\u00e4m om du vill visa ikonerna f\u00f6r reses\u00e4tt (flyg, t\u00e5g, bil, promenad, cykel, fartyg) eller d\u00f6lja dem.<\/p>\n\n<figure class=\"wp-block-image\"><img decoding=\"async\" src=\"https:\/\/www.printmaps.net\/wp-content\/uploads\/2020\/10\/maps-with-layers-for-adobe-photoshop-illustrator.gif\" alt=\"\"\/><\/figure>\n<div style=\"height:36px\" aria-hidden=\"true\" class=\"wp-block-spacer\"><\/div>\n\n<h3 class=\"wp-block-heading\"><p><strong>S\u00e5 h\u00e4r laddar du upp inspelade rutter till kartan<\/strong><\/p><\/h3>\n\n<p>Har du en GPX eller KML som du vill ska ing\u00e5 i din karta? Inga problem, du kan ladda upp s\u00e5 m\u00e5nga du vill och f\u00e5 dem visade p\u00e5 din karta.<\/p>\n\n<p>Under knappen \u201dLadda upp fil\u201d hittar du m\u00f6jligheten att ladda upp GPX-, KML- eller GeoJSON-filer till kartan. P\u00e5 s\u00e5 s\u00e4tt kan du visualisera din inspelade rutt p\u00e5 en h\u00f6guppl\u00f6st utskriftskarta. Ett enkelt s\u00e4tt att skriva ut en gpx-karta.<\/p>\n\n<p>Anv\u00e4nds ofta av motorv\u00e4gsmagasin, perfekt f\u00f6r guider med vandrings- och cykelkartor eller resebloggar. F\u00f6rviga din favoritrunda i grannskapet eller ett maratonlopp p\u00e5 v\u00e4ggen. Ta en titt p\u00e5 dessa fantastiska exempel p\u00e5 Strava-utskrifter.<\/p>\n\n<iframe width=\"560\" height=\"315\" src=\"https:\/\/www.youtube.com\/embed\/aM5W250xMYU?si=mXwtWV4P2VcECvM8\" title=\"YouTube video player\" frameborder=\"0\" allow=\"accelerometer; autoplay; clipboard-write; encrypted-media; gyroscope; picture-in-picture; web-share\" referrerpolicy=\"strict-origin-when-cross-origin\" allowfullscreen=\"\"><\/iframe>\r\n\n<div style=\"height:42px\" aria-hidden=\"true\" class=\"wp-block-spacer\"><\/div>\n\n<figure class=\"wp-block-image\"><img decoding=\"async\" src=\"https:\/\/www.printmaps.net\/wp-content\/uploads\/2019\/09\/printable-map-batch-geocode-addresses-POI-1024x725.gif\" alt=\"\"\/><\/figure>\n<div style=\"height:41px\" aria-hidden=\"true\" class=\"wp-block-spacer\"><\/div>\n\n<h3 class=\"wp-block-heading\"><p><strong>Skapa en karta med n\u00e5lar och etiketter<\/strong><\/p><\/h3>\n\n<p>Rita in enskilda intressepunkter p\u00e5 kartan genom att dra och placera dem p\u00e5 kartan eller ange deras exakta plats i kalkylbladet. Justera enkelt deras storlek och v\u00e4lj bland ett antal f\u00e4rger och ikoner f\u00f6r att utforma dem.<\/p>\n\n<p><p><strong>Karta med egna n\u00e5lar<\/strong><\/p><\/p>\n\n<p><p>V\u00e4lj bland standardmark\u00f6rer och etiketter eller ladda upp dina egna anpassade n\u00e5lar.\u00a0Hitta och ladda ner anpassade n\u00e5lar online\u00a0eller skapa dina egna. Karta med din f\u00f6retagslogotyp eller n\u00e5gon annan bild som du vill visa p\u00e5 kartan.\u00a0<em>Obs: minsta storlek f\u00f6r den anpassade pin-bilden \u00e4r 100x100px.<\/em><\/p><\/p>\n\n<figure class=\"wp-block-image\"><img decoding=\"async\" src=\"https:\/\/www.printmaps.net\/wp-content\/uploads\/2019\/09\/printable-map-custom-markers-1024x723.gif\" alt=\"\"\/><\/figure>\n<div style=\"height:38px\" aria-hidden=\"true\" class=\"wp-block-spacer\"><\/div>\n\n<h3 class=\"wp-block-heading\"><p><strong>Kartl\u00e4ggning av flera platser<\/strong><\/p><\/h3>\n\n<p><p><a href=\"https:\/\/www.printmaps.net\/sv\/skriv-ut-karta-med-flera-platser\/\">Rita in flera adresser samtidigt<\/a> p\u00e5 kartan genom att klistra in platslistan i kalkylbladet. Enkelt att kopiera och klistra in fr\u00e5n Excel.<\/p><\/p>\n\n<figure class=\"wp-block-image\"><img decoding=\"async\" src=\"https:\/\/www.printmaps.net\/wp-content\/uploads\/2019\/07\/printable-map-batch-geocode-addresses-excel-2-1024x517.gif\" alt=\"Batch-geokoda adresser f&#xF6;r utskrivbara kartor.\"\/><\/figure>\n<figure class=\"wp-block-image\"><img decoding=\"async\" src=\"https:\/\/www.printmaps.net\/wp-content\/uploads\/2019\/09\/printable-map-regions-areas-1024x636.gif\" alt=\"\"\/><\/figure>\n<div style=\"height:50px\" aria-hidden=\"true\" class=\"wp-block-spacer\"><\/div>\n\n<h3 class=\"wp-block-heading\"><p><strong>Hur man f\u00e4rgl\u00e4gger olika l\u00e4nder, regioner eller st\u00e4der p\u00e5 en karta<\/strong><\/p><\/h3>\n\n<p><p>Med Printmaps editor kan du f\u00e4rgl\u00e4gga olika omr\u00e5den genom att placera en geografisk form ovanp\u00e5 dem. V\u00e4lj administrativa omr\u00e5den (l\u00e4nder, kommuner, regioner) fr\u00e5n v\u00e5r databas. Det blir enkelt att\u00a0markera l\u00e4nder p\u00e5 en karta, f\u00e4rgl\u00e4gg bara l\u00e4nderna p\u00e5 v\u00e4rldskartan.\u00a0<em>Obs: \u00e4n s\u00e5 l\u00e4nge \u00e4r det inte m\u00f6jligt att f\u00e4rgl\u00e4gga hela kontinenter p\u00e5 en g\u00e5ng.<\/em><\/p><\/p>\n\n<p><p>Vill du ge omr\u00e5dets omgivningar en annan f\u00e4rg? Klicka p\u00e5\u00a0<strong>invertera<\/strong>. Du kan \u00e4ndra b\u00e5de\u00a0<strong>f\u00e4rg<\/strong>\u00a0och\u00a0<strong>transparens<\/strong>\u00a0p\u00e5 formen. V\u00e4lj en av standardf\u00e4rgerna eller ange HEX-koden eller RGB-v\u00e4rdena f\u00f6r den f\u00e4rg du vill visa!<\/p><\/p>\n\n<p><p>Den perfekta funktionen f\u00f6r att hj\u00e4lpa dig att markera din destination, till exempel n\u00e4r du\u00a0<a href=\"https:\/\/www.printmaps.net\/sv\/resekarta-fotobok\/\">skapar en resekarta f\u00f6r din fotobok<\/a>.<\/p><\/p>\n\n<figure class=\"wp-block-image\"><img decoding=\"async\" src=\"https:\/\/www.printmaps.net\/wp-content\/uploads\/2019\/09\/printable-map-draw-geographic-shape-administrative.gif\" alt=\"\"\/><\/figure>\n<figure class=\"wp-block-image\"><img decoding=\"async\" src=\"https:\/\/www.printmaps.net\/wp-content\/uploads\/2021\/01\/Austria-map-1024x722.png\" alt=\"\"\/><\/figure>\n<h3 class=\"wp-block-heading\"><p><strong>Markera gr\u00e4nser<\/strong><\/p><\/h3>\n\n<p><p>Vill du visa en\u00a0<strong>gr\u00e4ns<\/strong>\u00a0i en annan f\u00e4rg runt formen? Placera d\u00e5 f\u00f6rst en geografisk form med gr\u00e4ns (v\u00e4lj \u201dstroke\u201d) \u00f6ver omr\u00e5det och sedan en geografisk form utan stroke ovanp\u00e5 den.<\/p><\/p>\n\n<figure class=\"wp-block-image\"><img decoding=\"async\" src=\"https:\/\/www.printmaps.net\/wp-content\/uploads\/2020\/05\/Image-from-Marlon-Blackwell-Architects.jpg\" alt=\"Karta f&#xF6;r platsanalys\"\/><\/figure>\n<div style=\"height:42px\" aria-hidden=\"true\" class=\"wp-block-spacer\"><\/div>\n\n<h2 class=\"wp-block-heading\"><p><strong>Lista \u00f6ver lager<\/strong><\/p><\/h2>\n\n<p><p>Printmaps-redigeraren arbetar med inneh\u00e5llslager. Lagren kan inneh\u00e5lla t.ex. textetiketter, rutten eller en f\u00e4rgad form. Precis som i andra redigeringsprogram, t.ex. Photoshop och Illustrator, kan du flytta runt lagren. Markera ett lager och dra det ovanp\u00e5 f\u00f6r att visa det \u00f6ver det andra.\u00a0<strong>N\u00e4r du placerar mark\u00f6ren p\u00e5 ett lager i lagerlistorna t\u00e4nds det p\u00e5 kartan.<\/strong>\u00a0P\u00e5 s\u00e5 s\u00e4tt \u00e4r de olika lagren l\u00e4tta att hitta och du kan ta bort, d\u00f6lja, redigera eller ers\u00e4tta dem.<\/p><\/p>\n\n<p>Ladda ner kartan som SVG- eller PSD-fil och du kommer att beh\u00e5lla dessa inneh\u00e5llslager som du lagt till och de andra inneh\u00e5llslagren som kartan inneh\u00e5ller (hillshading, v\u00e4gar, byggnader, \u2026). Etiketterna visas med tydliga namn n\u00e4r du \u00f6ppnar dem i Photoshop eller Illustrator.<\/p>\n\n<p>S\u00e4g att du vill flytta runt en etikett \u2013 inga problem. Inneh\u00e5llet under etiketten kommer inte att p\u00e5verkas. Bra start som GIS-kartlager.<\/p>\n\n<figure class=\"wp-block-image\"><img decoding=\"async\" src=\"https:\/\/www.printmaps.net\/wp-content\/uploads\/2020\/06\/layered-map-in-illustrator.png\" alt=\"\"\/><\/figure>\n<div style=\"height:41px\" aria-hidden=\"true\" class=\"wp-block-spacer\"><\/div>\n\n<h2 class=\"wp-block-heading\">3. Ladda ner din karta<\/h2>\n\n<hr class=\"wp-block-separator has-alpha-channel-opacity\"\/>\n\n<p>Med Printmaps-editorn laddar du ner h\u00f6guppl\u00f6sta kartor (300 dpi) som inte f\u00f6rlorar n\u00e5gra detaljer n\u00e4r de skrivs ut. Du har m\u00f6jlighet att ladda ner kartan som en PNG-, PSD- eller SVG-fil. Val av filtyp och kopieringsbelopp f\u00f6r utskriftscirkulation har inflytande p\u00e5 v\u00e5ra priser.<\/p>\n\n<figure class=\"wp-block-image\"><img decoding=\"async\" src=\"https:\/\/www.printmaps.net\/wp-content\/uploads\/2019\/09\/printable-map-routes-trails-itineraries-1024x722.gif\" alt=\"\"\/><\/figure>\n<div style=\"height:41px\" aria-hidden=\"true\" class=\"wp-block-spacer\"><\/div>\n\n<h3 class=\"wp-block-heading\"><p><strong>PNG-karta<\/strong><\/p><\/h3>\n\n<p><p>Om du inte beh\u00f6ver kartlager efter att du har laddat ner kartan kan du v\u00e4lja att ladda ner en enkel PNG-fil. Beh\u00f6ver din karta fortfarande en sista touch? Sj\u00e4lvklart \u00e4r det fortfarande m\u00f6jligt att l\u00e4gga till extra detaljer p\u00e5 kartan med andra redigeringsprogram efter nedladdningen! Perfekt f\u00f6r en resekarta i din fotobok eller n\u00e5gon annan enkel karta f\u00f6r tryck eller online-anv\u00e4ndning.\u00a0<em>Obs: Kartor med en sidl\u00e4ngd som \u00e4r l\u00e4ngre \u00e4n 220 mm \u00e4r inte tillg\u00e4ngliga som PNG.<\/em><\/p><\/p>\n\n<figure class=\"wp-block-image\"><img decoding=\"async\" src=\"https:\/\/www.printmaps.net\/wp-content\/uploads\/2021\/01\/Peru-1024x723.png\" alt=\"\"\/><\/figure>\n<div style=\"height:39px\" aria-hidden=\"true\" class=\"wp-block-spacer\"><\/div>\n\n<h3 class=\"wp-block-heading\">PSD-karta<\/h3>\n\n<p>F\u00f6r Photoshop-anv\u00e4ndare \u00e4r det praktiskt med en PSD-fil (Photoshop Document). H\u00e4r finns kartans lager kvar och de f\u00e5r tydliga namn n\u00e4r du \u00f6ppnar filen i Photoshop (eller Illustrator). \u00c4ndra t.ex. f\u00e4rgerna p\u00e5 floderna och dra upp vattenlagret f\u00f6r att visa dem ovanp\u00e5 i ett f\u00e4rgat land, l\u00e4gg till textetiketter i ditt favoritteckensnitt.<\/p>\n\n<figure class=\"wp-block-image\"><img decoding=\"async\" src=\"https:\/\/www.printmaps.net\/wp-content\/uploads\/2019\/09\/printable-map-countries-outline-overview-1024x722.gif\" alt=\"\"\/><\/figure>\n<div style=\"height:41px\" aria-hidden=\"true\" class=\"wp-block-spacer\"><\/div>\n\n<h3 class=\"wp-block-heading\"><p><strong>SVG-karta<\/strong><\/p><\/h3>\n\n<p>Om du vill ladda ner en SVG-karta kan Printmaps-editorn vara ett bra alternativ f\u00f6r dig. SVG-bilder och deras beteenden definieras i XML-textfiler. Detta inneb\u00e4r att de kan s\u00f6kas, indexeras, skriptas och komprimeras. SVG \u00e4r perfekta baskartor f\u00f6r att skapa interaktiva kartor.<\/p>\n\n<p><p><em>Obs: Lutande och roterade kartor \u00e4r inte tillg\u00e4ngliga som SVG.<\/em><\/p><\/p>\n\n<h2 class=\"wp-block-heading\">Funktionslista<\/h2>\n\n<figure class=\"wp-block-table is-style-stripes\"><table><tbody><tr><td><p><strong>Kartdesign<\/strong><\/p><\/td><\/tr><tr><td><p>\u00a0<img decoding=\"async\" src=\"https:\/\/www.printmaps.net\/wp-content\/uploads\/2017\/12\/check.png\" alt=\"ok\" width=\"16\" height=\"16\"\/>\u00a0 Kartskalor fr\u00e5n hela v\u00e4rlden till 1:1000 (enskilda hus)<\/p><\/td><\/tr><tr><td><p>\u00a0<img decoding=\"async\" src=\"https:\/\/www.printmaps.net\/wp-content\/uploads\/2017\/12\/check.png\" alt=\"ok\" width=\"16\" height=\"16\"\/>\u00a0 V\u00e4lj bland m\u00e5nga f\u00f6rdefinierade kartstilar<\/p><\/td><\/tr><tr><td><p><img decoding=\"async\" src=\"https:\/\/www.printmaps.net\/wp-content\/uploads\/2017\/12\/check.png\" alt=\"ok\" width=\"16\" height=\"16\"\/>\u00a0 Anv\u00e4nd utskrivbara flygfoton som kartbakgrund (utvalda l\u00e4nder)<\/p><\/td><\/tr><tr><td><p>\u00a0<img decoding=\"async\" src=\"https:\/\/www.printmaps.net\/wp-content\/uploads\/2017\/12\/check.png\" alt=\"ok\" width=\"16\" height=\"16\"\/>\u00a0 Visa eller d\u00f6lj varje kartfunktion individuellt<\/p><\/td><\/tr><tr><td><p>\u00a0<img decoding=\"async\" src=\"https:\/\/www.printmaps.net\/wp-content\/uploads\/2017\/12\/check.png\" alt=\"ok\" width=\"16\" height=\"16\"\/>\u00a0 Skala ner kartans detaljer upp till 50%<\/p><\/td><\/tr><tr><td><p>\u00a0<img decoding=\"async\" src=\"https:\/\/www.printmaps.net\/wp-content\/uploads\/2017\/12\/check.png\" alt=\"ok\" width=\"16\" height=\"16\"\/>\u00a0 Luta och rotera kartan<\/p><\/td><\/tr><tr><td><p>\u00a0<img decoding=\"async\" src=\"https:\/\/www.printmaps.net\/wp-content\/uploads\/2017\/12\/check.png\" alt=\"ok\" width=\"16\" height=\"16\"\/>\u00a0 Skriv ut en karta fr\u00e5n vilken plats som helst i v\u00e4rlden<\/p><\/td><\/tr><tr><td><p><br\/><strong>Inneh\u00e5ll<\/strong><\/p><\/td><\/tr><tr><td><p>\u00a0<img decoding=\"async\" src=\"https:\/\/www.printmaps.net\/wp-content\/uploads\/2017\/12\/check.png\" alt=\"ok\" width=\"16\" height=\"16\"\/>\u00a0 Rita en rutt med magnetverktyget<\/p><\/td><\/tr><tr><td><p>\u00a0<img decoding=\"async\" src=\"https:\/\/www.printmaps.net\/wp-content\/uploads\/2017\/12\/check.png\" alt=\"ok\" width=\"16\" height=\"16\"\/>\u00a0 Ladda upp GPX-fil<\/p><\/td><\/tr><tr><td><p>\u00a0<img decoding=\"async\" src=\"https:\/\/www.printmaps.net\/wp-content\/uploads\/2017\/12\/check.png\" alt=\"ok\" width=\"16\" height=\"16\"\/>\u00a0 Ladda upp GeoJSON-fil<\/p><\/td><\/tr><tr><td><p>\u00a0<img decoding=\"async\" src=\"https:\/\/www.printmaps.net\/wp-content\/uploads\/2017\/12\/check.png\" alt=\"ok\" width=\"16\" height=\"16\"\/> Ladda upp KML-fil<\/p><\/td><\/tr><tr><td><p>\u00a0<img decoding=\"async\" src=\"https:\/\/www.printmaps.net\/wp-content\/uploads\/2017\/12\/check.png\" alt=\"ok\" width=\"16\" height=\"16\"\/>\u00a0 L\u00e4gg till POI:er<\/p><\/td><\/tr><tr><td><p>\u00a0<img decoding=\"async\" src=\"https:\/\/www.printmaps.net\/wp-content\/uploads\/2017\/12\/check.png\" alt=\"ok\" width=\"16\" height=\"16\"\/>\u00a0 Batch Geokodning<\/p><\/td><\/tr><tr><td><p>\u00a0<img decoding=\"async\" src=\"https:\/\/www.printmaps.net\/wp-content\/uploads\/2017\/12\/check.png\" alt=\"ok\" width=\"16\" height=\"16\"\/>\u00a0 L\u00e4gg till geografiska former<\/p><\/td><\/tr><tr><td><p><br\/><strong>Utg\u00e5ng<\/strong><\/p><\/td><\/tr><tr><td><p>\u00a0<img decoding=\"async\" src=\"https:\/\/www.printmaps.net\/wp-content\/uploads\/2017\/12\/check.png\" alt=\"ok\" width=\"16\" height=\"16\"\/>\u00a0 Kartor upp till 330 mm x 330 mm i storlek<\/p><\/td><\/tr><tr><td><p>\u00a0<img decoding=\"async\" src=\"https:\/\/www.printmaps.net\/wp-content\/uploads\/2017\/12\/check.png\" alt=\"ok\" width=\"16\" height=\"16\"\/>\u00a0 300 dpi<\/p><\/td><\/tr><tr><td><p>\u00a0<img decoding=\"async\" src=\"https:\/\/www.printmaps.net\/wp-content\/uploads\/2017\/12\/check.png\" alt=\"ok\" width=\"16\" height=\"16\"\/>\u00a0 H\u00f6guppl\u00f6st PNG<\/p><\/td><\/tr><tr><td><p>\u00a0<img decoding=\"async\" src=\"https:\/\/www.printmaps.net\/wp-content\/uploads\/2017\/12\/check.png\" alt=\"ok\" width=\"16\" height=\"16\"\/>\u00a0 H\u00f6guppl\u00f6st PSD i lager<\/p><\/td><\/tr><tr><td><p>\u00a0<img decoding=\"async\" src=\"https:\/\/www.printmaps.net\/wp-content\/uploads\/2017\/12\/check.png\" alt=\"ok\" width=\"16\" height=\"16\"\/>\u00a0 Allt inneh\u00e5ll (inklusive varje POI) som separat lager<\/p><\/td><\/tr><\/tbody><\/table><\/figure>\n<div style=\"height:43px\" aria-hidden=\"true\" class=\"wp-block-spacer\"><\/div>\n\n<figure class=\"wp-block-table is-style-stripes\"><table class=\"has-fixed-layout\"><thead><tr><th class=\"has-text-align-center\" data-align=\"center\"><a href=\"https:\/\/www.printmaps.net\/sv\/priser\/\">Licensalternativ<\/a><\/th><th class=\"has-text-align-center\" data-align=\"center\">Unlimited<\/th><th class=\"has-text-align-center\" data-align=\"center\">Standard<\/th><th class=\"has-text-align-center\" data-align=\"center\">Mini<\/th><\/tr><\/thead><tbody><tr><td class=\"has-text-align-center\" data-align=\"center\">Max. tryckt upplaga<\/td><td class=\"has-text-align-center\" data-align=\"center\">obegr\u00e4nsad<\/td><td class=\"has-text-align-center\" data-align=\"center\">35,000<\/td><td class=\"has-text-align-center\" data-align=\"center\">1,000<\/td><\/tr><\/tbody><\/table><\/figure>\n<div style=\"height:46px\" aria-hidden=\"true\" class=\"wp-block-spacer\"><\/div>\n\n<p><p>F\u00f6r avancerade funktioner som API-\u00e5tkomst, whitelabeling, \u00e5terf\u00f6rs\u00e4ljning eller affiliate-\u00e5tkomst, <span dir=\"ltr\">v\u00e4nligen<\/span><span dir=\"ltr\">\u00a0<a dir=\"ltr\" href=\"https:\/\/support.printmaps.net\/sv-SE\/support\/tickets\/new\">kontakta oss<\/a>.<\/span><\/p><\/p>\n\n<div style=\"height:67px\" aria-hidden=\"true\" class=\"wp-block-spacer\"><\/div>\n\n<div class=\"wp-block-group\"><div class=\"wp-block-group__inner-container is-layout-constrained wp-block-group-is-layout-constrained\">\n<h2 class=\"wp-block-heading has-text-align-center has-large-font-size\" style=\"font-style:normal;font-weight:700\">Prova Printmaps<\/h2>\n\n\n\n<p class=\"has-text-align-center has-medium-font-size\">Med v\u00e5r kartredigerare kan du skapa utskrivbara kartor \u00f6ver hela v\u00e4rlden p\u00e5 nolltid.<\/p>\n\n\n\n<div style=\"height:15px\" aria-hidden=\"true\" class=\"wp-block-spacer\"><\/div>\n\n\n\n<div class=\"wp-block-buttons is-content-justification-center is-layout-flex wp-container-core-buttons-is-layout-16018d1d wp-block-buttons-is-layout-flex\">\n<div class=\"wp-block-button has-custom-font-size\" style=\"font-size:18px\"><a class=\"wp-block-button__link has-background wp-element-button\" href=\"https:\/\/www.printmaps.net\/sv\/\" style=\"border-radius:10px;background-color:#e5017e\"><p><strong>Skapa din f\u00f6rsta karta nu<\/strong><\/p><\/a><\/div>\n<\/div>\n<\/div><\/div>\n\n<div style=\"height:71px\" aria-hidden=\"true\" class=\"wp-block-spacer\"><\/div>\n","protected":false},"excerpt":{"rendered":"<p>Du beh\u00f6ver inte vara en professionell kartograf eller designer f\u00f6r att skapa fantastiska och snygga kartor inom n\u00e5gra minuter \u2013 vare sig det \u00e4r\u00a0stadskartor,\u00a0sp\u00e5rkartor,\u00a0riktningskartor,\u00a0turistkartor\u00a0eller allm\u00e4nna\u00a0\u00f6versiktskartor. Vi lovar:\u00a0Printmaps kartredigerare\u00a0kommer att spara dig m\u00e5nga timmar i kartritning och ruttsp\u00e5rning. Vill du skriva ut\u00a0h\u00f6guppl\u00f6sta kartor\u00a0f\u00f6r fastigheter eller turistguider, beh\u00f6ver du en\u00a0kartfil i lagerformat f\u00f6r vidare redigering\u00a0eller f\u00f6r att [&hellip;]<\/p>\n","protected":false},"author":5,"featured_media":0,"parent":0,"menu_order":0,"comment_status":"closed","ping_status":"closed","template":"","meta":{"_et_pb_use_builder":"off","_et_pb_old_content":"","_et_gb_content_width":"","footnotes":""},"class_list":["post-170831","page","type-page","status-publish","hentry"],"_links":{"self":[{"href":"https:\/\/www.printmaps.net\/sv\/wp-json\/wp\/v2\/pages\/170831","targetHints":{"allow":["GET"]}}],"collection":[{"href":"https:\/\/www.printmaps.net\/sv\/wp-json\/wp\/v2\/pages"}],"about":[{"href":"https:\/\/www.printmaps.net\/sv\/wp-json\/wp\/v2\/types\/page"}],"author":[{"embeddable":true,"href":"https:\/\/www.printmaps.net\/sv\/wp-json\/wp\/v2\/users\/5"}],"replies":[{"embeddable":true,"href":"https:\/\/www.printmaps.net\/sv\/wp-json\/wp\/v2\/comments?post=170831"}],"version-history":[{"count":10,"href":"https:\/\/www.printmaps.net\/sv\/wp-json\/wp\/v2\/pages\/170831\/revisions"}],"predecessor-version":[{"id":185839,"href":"https:\/\/www.printmaps.net\/sv\/wp-json\/wp\/v2\/pages\/170831\/revisions\/185839"}],"wp:attachment":[{"href":"https:\/\/www.printmaps.net\/sv\/wp-json\/wp\/v2\/media?parent=170831"}],"curies":[{"name":"wp","href":"https:\/\/api.w.org\/{rel}","templated":true}]}}