{"id":170839,"date":"2024-05-07T15:13:25","date_gmt":"2024-05-07T14:13:25","guid":{"rendered":"https:\/\/www.printmaps.net\/skriv-ut-karta-med-flera-platser\/"},"modified":"2024-06-04T12:49:32","modified_gmt":"2024-06-04T11:49:32","slug":"skriv-ut-karta-med-flera-platser","status":"publish","type":"page","link":"https:\/\/www.printmaps.net\/sv\/skriv-ut-karta-med-flera-platser\/","title":{"rendered":"S\u00e5 h\u00e4r skriver du ut en karta med flera platser"},"content":{"rendered":"\n<div style=\"height:29px\" aria-hidden=\"true\" class=\"wp-block-spacer\"><\/div>\n\n<div class=\"wp-block-columns is-layout-flex wp-container-core-columns-is-layout-9d6595d7 wp-block-columns-is-layout-flex\">\n<div class=\"wp-block-column is-layout-flow wp-block-column-is-layout-flow\" style=\"flex-basis:66.66%\">\n<figure class=\"wp-block-image size-large\"><img fetchpriority=\"high\" fetchpriority=\"high\" decoding=\"async\" width=\"621\" height=\"438\" src=\"https:\/\/www.printmaps.net\/wp-content\/uploads\/2018\/03\/FreeWebImage-1.png\" alt=\"Skriv ut karta med flera platser\" class=\"wp-image-61156\"\/><\/figure><\/div>\n\n\n\n<div class=\"wp-block-column is-layout-flow wp-block-column-is-layout-flow\" style=\"flex-basis:33.33%\">\n<p>N\u00e4r det g\u00e4ller att kartl\u00e4gga flera platser finns det n\u00e5gra saker att ta h\u00e4nsyn till. F\u00f6r det f\u00f6rsta, hur du s\u00e5 snabbt och effektivt som m\u00f6jligt kan placera dina aff\u00e4rsplatser, butiker och andra viktiga intressepunkter p\u00e5 r\u00e4tt plats p\u00e5 kartan. F\u00f6r det andra, hur man bevarar kvaliteten p\u00e5 kartan s\u00e5 att den kan skrivas ut i h\u00f6g uppl\u00f6sning. Att skriva ut en karta med flera platser f\u00f6r ditt f\u00f6retag kan l\u00e4tt bli en tidskr\u00e4vande och dyr verksamhet i sig. S\u00e4rskilt om din verksamhet best\u00e5r av m\u00e5nga fysiska butiker, kommer det att ta tid, kunskap och en hel del t\u00e5lamod att f\u00e5 alla dessa att visas p\u00e5 en karta.<\/p>\n<\/div>\n<\/div>\n\n<div style=\"height:23px\" aria-hidden=\"true\" class=\"wp-block-spacer\"><\/div>\n\n<div class=\"wp-block-buttons is-content-justification-center is-layout-flex wp-container-core-buttons-is-layout-16018d1d wp-block-buttons-is-layout-flex\">\n<div class=\"wp-block-button has-custom-font-size\" style=\"font-size:18px\"><a class=\"wp-block-button__link has-background wp-element-button\" href=\"https:\/\/www.printmaps.net\/sv\/\" style=\"border-radius:10px;background-color:#e5017e\"><p><strong>B\u00f6rja kartl\u00e4gga nu, ingen registrering beh\u00f6vs<\/strong><\/p><\/a><\/div>\n<\/div>\n\n<div style=\"height:100px\" aria-hidden=\"true\" class=\"wp-block-spacer\"><\/div>\n\n<p><p><strong>I den h\u00e4r artikeln f\u00f6rklarar vi hur du drastiskt kan minska den tid det tar att skapa en kartfil f\u00f6r att skriva ut en karta med flera platser samtidigt som vi visar hur du g\u00f6r det hela l\u00e4tt f\u00f6r \u00f6gonen.<\/strong><\/p><\/p>\n\n<h3 class=\"wp-block-heading\" id=\"plot-several-locations-at-once\">Plotta flera platser samtidigt<\/h3>\n\n<p>Du kanske k\u00e4nner till att det alltid \u00e4r en bra id\u00e9 att k\u00f6pa i stora m\u00e4ngder. Men visste du att det kan vara lika f\u00f6rdelaktigt att ladda upp dina geodata i bulk?<\/p>\n\n<p>Ofta har f\u00f6retag inte bara en eller tv\u00e5 eller kanske tre fysiska butiker. Det kan finnas s\u00e5 m\u00e5nga att tanken p\u00e5 att ta reda p\u00e5 deras koordinater f\u00f6r att lokalisera dem p\u00e5 en karta f\u00f6r utskrifts- eller presentations\u00e4ndam\u00e5l verkar vara den mest besv\u00e4rliga av uppgifter. Det \u00e4r h\u00e4r bulk-geokodning kommer in.<\/p>\n\n<div class=\"wp-block-columns is-layout-flex wp-container-core-columns-is-layout-9d6595d7 wp-block-columns-is-layout-flex\">\n<div class=\"wp-block-column is-layout-flow wp-block-column-is-layout-flow\" style=\"flex-basis:33.33%\">\n<p><p>Genom att bara kopiera postadresserna till en <strong>bulk-geokodningsuppladdare<\/strong> kommer alla postadresser att konverteras till sina respektive geografiska koordinater. Ett bra bulk-geokodningsverktyg l\u00e5ter dig anv\u00e4nda information som kopierats och klistrats in fr\u00e5n en databas eller fr\u00e5n ett kalkylblad som Microsofts Excel eller Libreoffice&#8217;s Calc och g\u00f6r allt det tunga arbetet \u00e5t dig. Resultatet blir att alla dina intressepunkter (POI) finns p\u00e5 kartan inom n\u00e5gra minuter.<\/p><\/p>\n<\/div>\n\n\n\n<div class=\"wp-block-column is-layout-flow wp-block-column-is-layout-flow\" style=\"flex-basis:66.66%\">\n<figure class=\"wp-block-image size-large\"><img decoding=\"async\" width=\"621\" height=\"438\" src=\"https:\/\/www.printmaps.net\/wp-content\/uploads\/2018\/03\/FreeWebImage-3.png\" alt=\"Skriv ut karta med flera platser\" class=\"wp-image-61158\"\/><\/figure><\/div>\n<\/div>\n\n<div style=\"height:38px\" aria-hidden=\"true\" class=\"wp-block-spacer\"><\/div>\n\n<h3 class=\"wp-block-heading\" id=\"easily-pin-multiple-locations-on-the-print-map\"><p>F\u00e4st enkelt flera platser p\u00e5 utskriftskartan<\/p><\/h3>\n\n<p>F\u00f6rutom de m\u00e5nga andra funktioner som Printmaps erbjuder har vi ocks\u00e5 en inbyggd geokodare som g\u00f6r att du kan ladda upp och konvertera dina adresser till deras respektive koordinater. Det \u00e4r verkligen lika enkelt som att kopiera och sedan klistra in data fr\u00e5n ett kalkylblad eller en databaskolumn. Klicka bara p\u00e5 den h\u00e4r knappen i redigeraren: <img decoding=\"async\" src=\"https:\/\/www.printmaps.net\/wp-content\/uploads\/2018\/03\/poibutton.png\" alt=\"\" width=\"58\" height=\"51\"\/> s\u00e5 f\u00e5r du en v\u00e4lbekant vy framf\u00f6r dig. Allt du beh\u00f6ver g\u00f6ra \u00e4r att klistra in ditt inneh\u00e5ll i respektive f\u00e4lt, s\u00e5 g\u00f6r Printmaps resten. Bara kopiera och klistra in om du vill <span style=\"text-decoration: underline;\">kartl\u00e4gga flera platser fr\u00e5n excel<\/span>.<\/p>\n\n<div style=\"height:43px\" aria-hidden=\"true\" class=\"wp-block-spacer\"><\/div>\n\n<figure class=\"wp-block-image size-large\"><img loading=\"lazy\" loading=\"lazy\" decoding=\"async\" width=\"1024\" height=\"517\" src=\"https:\/\/www.printmaps.net\/wp-content\/uploads\/2019\/09\/printable-map-batch-geocode-addresses-excel-1024x517.gif\" alt=\"\" class=\"wp-image-37457\" srcset=\"https:\/\/www.printmaps.net\/wp-content\/uploads\/2019\/09\/printable-map-batch-geocode-addresses-excel-1024x517.gif 1024w, https:\/\/www.printmaps.net\/wp-content\/uploads\/2019\/09\/printable-map-batch-geocode-addresses-excel-980x495.gif 980w, https:\/\/www.printmaps.net\/wp-content\/uploads\/2019\/09\/printable-map-batch-geocode-addresses-excel-480x242.gif 480w\" sizes=\"auto, (min-width: 0px) and (max-width: 480px) 480px, (min-width: 481px) and (max-width: 980px) 980px, (min-width: 981px) 1024px, 100vw\" \/><\/figure>\n<div style=\"height:20px\" aria-hidden=\"true\" class=\"wp-block-spacer\"><\/div>\n\n<p>N\u00e4r v\u00e5r geokodningsmotor har konverterat adresserna till deras respektive koordinater kan du g\u00e5 vidare och \u00e4ndra typen av mark\u00f6r, f\u00e4rgen, ikonen eller deras storlek. Alla intressepunkter sparas i ett separat lager, s\u00e5 n\u00e4r du har laddat ner din karta i Photoshop-format kan du \u00f6ppna den och finjustera placeringen av dina intressepunkter.<\/p>\n\n<div style=\"height:20px\" aria-hidden=\"true\" class=\"wp-block-spacer\"><\/div>\n\n<h3 class=\"wp-block-heading\" id=\"add-custom-pins-to-your-multiple-locations-map\">L\u00e4gg till anpassade n\u00e5lar p\u00e5 din karta \u00f6ver flera platser<\/h3>\n\n<p><p>Om du vill skriva ut en karta med flera platser kanske du vill f\u00e4sta dessa platser med stift som visar ditt f\u00f6retags logotyp. I redigeringsverktyget har du m\u00f6jlighet att <a href=\"\/sv\/skapa-karta-med-nalar\">ladda upp dina egna anpassade n\u00e5lar<\/a> och omedelbart f\u00e4sta dem p\u00e5 din karta. Du kan ocks\u00e5 v\u00e4lja att l\u00e4gga till dina egna pins senare n\u00e4r du redigerar i Photoshop eller Illustrator.<\/p><\/p>\n\n<h2 class=\"wp-block-heading\" id=\"but-wait-there-s-more\">Men v\u00e4nta, det finns mer<\/h2>\n\n<p>F\u00f6rutom att du kan placera ut hur m\u00e5nga intressepunkter som helst erbjuder Printmaps ett brett utbud av verktyg som g\u00f6r ditt liv enklare. Vill du till exempel rita en kant runt ett land eller ett kommunalt omr\u00e5de som du vill framh\u00e4va? Det \u00e4r vad Printmaps formverktyg \u00e4r till f\u00f6r. Klicka p\u00e5 den h\u00e4r knappen <img loading=\"lazy\" loading=\"lazy\" decoding=\"async\" src=\"https:\/\/www.printmaps.net\/wp-content\/uploads\/2018\/03\/shapesButton.png\" alt=\"\" width=\"57\" height=\"50\"\/> och s\u00f6k sedan helt enkelt efter det du letar efter.<\/p>\n\n<figure class=\"wp-block-image size-large\"><img loading=\"lazy\" loading=\"lazy\" decoding=\"async\" width=\"529\" height=\"417\" src=\"https:\/\/www.printmaps.net\/wp-content\/uploads\/2019\/07\/printable-map-draw-geographic-shape-administrative-1.gif\" alt=\"V&#xE4;lj geografiska\/administrativa former\" class=\"wp-image-37476\"\/><\/figure>\n<div style=\"height:61px\" aria-hidden=\"true\" class=\"wp-block-spacer\"><\/div>\n\n<div class=\"wp-block-columns is-layout-flex wp-container-core-columns-is-layout-9d6595d7 wp-block-columns-is-layout-flex\">\n<div class=\"wp-block-column is-layout-flow wp-block-column-is-layout-flow\" style=\"flex-basis:33.33%\">\n<p>Att anv\u00e4nda former hj\u00e4lper inte bara till att styra betraktarens fokus till det omr\u00e5de du vill visa upp, utan tar ocks\u00e5 bort omr\u00e5den som du inte vill ska synas p\u00e5 din karta, oavsett vad dina sk\u00e4l kan vara.<\/p>\n<\/div>\n\n\n\n<div class=\"wp-block-column is-layout-flow wp-block-column-is-layout-flow\" style=\"flex-basis:66.66%\">\n<figure class=\"wp-block-image size-large\"><img loading=\"lazy\" loading=\"lazy\" decoding=\"async\" width=\"621\" height=\"438\" src=\"https:\/\/www.printmaps.net\/wp-content\/uploads\/2018\/03\/FreeWebImage-4.png\" alt=\"Skriv ut karta med flera platser\" class=\"wp-image-61152\"\/><\/figure>\n\n\n<p><\/p>\n<\/div>\n<\/div>\n\n<div style=\"height:27px\" aria-hidden=\"true\" class=\"wp-block-spacer\"><\/div>\n\n<div class=\"wp-block-columns is-layout-flex wp-container-core-columns-is-layout-9d6595d7 wp-block-columns-is-layout-flex\">\n<div class=\"wp-block-column is-layout-flow wp-block-column-is-layout-flow\" style=\"flex-basis:66.66%\">\n<figure class=\"wp-block-image size-large\"><img loading=\"lazy\" loading=\"lazy\" decoding=\"async\" width=\"621\" height=\"438\" src=\"https:\/\/www.printmaps.net\/wp-content\/uploads\/2018\/03\/FreeWebImage-5.png\" alt=\"Skriv ut karta med flera platser\" class=\"wp-image-28654\"\/><\/figure><\/div>\n\n\n\n<div class=\"wp-block-column is-layout-flow wp-block-column-is-layout-flow\" style=\"flex-basis:33.33%\">\n<p>Ett annat viktigt och anv\u00e4ndbart ritverktyg \u00e4r ruttredigeraren. Har du en rutt mellan platser som du vill visa p\u00e5 kartan? Antingen ritar du den bara, eller s\u00e5 laddar du upp den som en GPX-fil s\u00e5 l\u00e4ggs den till p\u00e5 kartan. Och ja, du kan naturligtvis rita mer \u00e4n bara en rutt p\u00e5 din karta.<\/p>\n<\/div>\n<\/div>\n\n<div style=\"height:61px\" aria-hidden=\"true\" class=\"wp-block-spacer\"><\/div>\n\n<div class=\"wp-block-group\"><div class=\"wp-block-group__inner-container is-layout-constrained wp-block-group-is-layout-constrained\">\n<h2 class=\"wp-block-heading has-text-align-center has-large-font-size\" style=\"font-style:normal;font-weight:700\">Prova Printmaps<\/h2>\n\n\n\n<p class=\"has-text-align-center has-medium-font-size\">Med v\u00e5r kartredigerare kan du skapa utskrivbara kartor \u00f6ver hela v\u00e4rlden p\u00e5 nolltid.<\/p>\n\n\n\n<div style=\"height:15px\" aria-hidden=\"true\" class=\"wp-block-spacer\"><\/div>\n\n\n\n<div class=\"wp-block-buttons is-content-justification-center is-layout-flex wp-container-core-buttons-is-layout-16018d1d wp-block-buttons-is-layout-flex\">\n<div class=\"wp-block-button has-custom-font-size\" style=\"font-size:18px\"><a class=\"wp-block-button__link has-background wp-element-button\" href=\"https:\/\/www.printmaps.net\/sv\/\" style=\"border-radius:10px;background-color:#e5017e\"><p><strong>Skapa din f\u00f6rsta karta nu<\/strong><\/p><\/a><\/div>\n<\/div>\n<\/div><\/div>\n\n<div style=\"height:150px\" aria-hidden=\"true\" class=\"wp-block-spacer\"><\/div>\n","protected":false},"excerpt":{"rendered":"<p>N\u00e4r det g\u00e4ller att kartl\u00e4gga flera platser finns det n\u00e5gra saker att ta h\u00e4nsyn till. F\u00f6r det f\u00f6rsta, hur du s\u00e5 snabbt och effektivt som m\u00f6jligt kan placera dina aff\u00e4rsplatser, butiker och andra viktiga intressepunkter p\u00e5 r\u00e4tt plats p\u00e5 kartan. F\u00f6r det andra, hur man bevarar kvaliteten p\u00e5 kartan s\u00e5 att den kan skrivas ut [&hellip;]<\/p>\n","protected":false},"author":19,"featured_media":0,"parent":0,"menu_order":0,"comment_status":"closed","ping_status":"closed","template":"","meta":{"_et_pb_use_builder":"off","_et_pb_old_content":"","_et_gb_content_width":"","footnotes":""},"class_list":["post-170839","page","type-page","status-publish","hentry"],"_links":{"self":[{"href":"https:\/\/www.printmaps.net\/sv\/wp-json\/wp\/v2\/pages\/170839","targetHints":{"allow":["GET"]}}],"collection":[{"href":"https:\/\/www.printmaps.net\/sv\/wp-json\/wp\/v2\/pages"}],"about":[{"href":"https:\/\/www.printmaps.net\/sv\/wp-json\/wp\/v2\/types\/page"}],"author":[{"embeddable":true,"href":"https:\/\/www.printmaps.net\/sv\/wp-json\/wp\/v2\/users\/19"}],"replies":[{"embeddable":true,"href":"https:\/\/www.printmaps.net\/sv\/wp-json\/wp\/v2\/comments?post=170839"}],"version-history":[{"count":7,"href":"https:\/\/www.printmaps.net\/sv\/wp-json\/wp\/v2\/pages\/170839\/revisions"}],"predecessor-version":[{"id":173434,"href":"https:\/\/www.printmaps.net\/sv\/wp-json\/wp\/v2\/pages\/170839\/revisions\/173434"}],"wp:attachment":[{"href":"https:\/\/www.printmaps.net\/sv\/wp-json\/wp\/v2\/media?parent=170839"}],"curies":[{"name":"wp","href":"https:\/\/api.w.org\/{rel}","templated":true}]}}