{"id":170847,"date":"2024-05-07T15:31:33","date_gmt":"2024-05-07T14:31:33","guid":{"rendered":"https:\/\/www.printmaps.net\/impressum\/"},"modified":"2024-05-13T13:42:12","modified_gmt":"2024-05-13T12:42:12","slug":"impressum","status":"publish","type":"page","link":"https:\/\/www.printmaps.net\/sv\/impressum\/","title":{"rendered":"Impressum &#8211; Juridisk information"},"content":{"rendered":"\n<p>Ansvarig f\u00f6r denna webbplats:<\/p>\n\n<p><strong>Toursprung GmbH<\/strong><br\/>Mariahilfer Strasse 93\/20<br\/>1060 Vienna<br\/>Austria<\/p>\n\n<p><p>F\u00f6retagsregister: FN 432876 h (Handelsdomstolen i Wien)<br\/>Verkst\u00e4llande direkt\u00f6r: Helge Fahrnberger<\/p><\/p>\n\n<figure class=\"wp-block-image size-large is-resized\"><a href=\"https:\/\/www.maptoolkit.com\/\"><img fetchpriority=\"high\" fetchpriority=\"high\" decoding=\"async\" src=\"https:\/\/www.printmaps.net\/wp-content\/uploads\/2023\/03\/maptollkit-logo-dark-transparent-1024x422.png\" alt=\"Logo Maptoolkit\" class=\"wp-image-140762\" width=\"512\" height=\"211\"\/><\/a><\/figure>\n<p><p><strong>Kontor Tyskland:<\/strong><\/p><\/p>\n\n<p>Toursprung GmbH<br\/>Fritz-Arnold-Str. 16<br\/>78467 Konstanz<br\/>Germany<br\/><br\/>Company Registry: HRB703095 (Handelsregister Freiburg)<br\/><\/p>\n\n<p><p><strong>Kontor \u00d6sterrike:<\/strong><\/p><\/p>\n\n<p>Toursprung GmbH<br\/>Mariahilfer Stra\u00dfe 93\/20<br\/>1060 Wien<br\/>Austria<br\/><br\/>Company Registry: FN 432876 h (Handelsgericht Wien)<\/p>\n\n<div style=\"height:100px\" aria-hidden=\"true\" class=\"wp-block-spacer\"><\/div>\n","protected":false},"excerpt":{"rendered":"<p>Ansvarig f\u00f6r denna webbplats: Toursprung GmbHMariahilfer Strasse 93\/201060 ViennaAustria F\u00f6retagsregister: FN 432876 h (Handelsdomstolen i Wien)Verkst\u00e4llande direkt\u00f6r: Helge Fahrnberger Kontor Tyskland: Toursprung GmbHFritz-Arnold-Str. 1678467 KonstanzGermany Company Registry: HRB703095 (Handelsregister Freiburg) Kontor \u00d6sterrike: Toursprung GmbHMariahilfer Stra\u00dfe 93\/201060 WienAustria Company Registry: FN 432876 h (Handelsgericht Wien)<\/p>\n","protected":false},"author":5,"featured_media":0,"parent":0,"menu_order":0,"comment_status":"closed","ping_status":"closed","template":"","meta":{"_et_pb_use_builder":"","_et_pb_old_content":"","_et_gb_content_width":"","footnotes":""},"class_list":["post-170847","page","type-page","status-publish","hentry"],"_links":{"self":[{"href":"https:\/\/www.printmaps.net\/sv\/wp-json\/wp\/v2\/pages\/170847","targetHints":{"allow":["GET"]}}],"collection":[{"href":"https:\/\/www.printmaps.net\/sv\/wp-json\/wp\/v2\/pages"}],"about":[{"href":"https:\/\/www.printmaps.net\/sv\/wp-json\/wp\/v2\/types\/page"}],"author":[{"embeddable":true,"href":"https:\/\/www.printmaps.net\/sv\/wp-json\/wp\/v2\/users\/5"}],"replies":[{"embeddable":true,"href":"https:\/\/www.printmaps.net\/sv\/wp-json\/wp\/v2\/comments?post=170847"}],"version-history":[{"count":3,"href":"https:\/\/www.printmaps.net\/sv\/wp-json\/wp\/v2\/pages\/170847\/revisions"}],"predecessor-version":[{"id":171335,"href":"https:\/\/www.printmaps.net\/sv\/wp-json\/wp\/v2\/pages\/170847\/revisions\/171335"}],"wp:attachment":[{"href":"https:\/\/www.printmaps.net\/sv\/wp-json\/wp\/v2\/media?parent=170847"}],"curies":[{"name":"wp","href":"https:\/\/api.w.org\/{rel}","templated":true}]}}