{"id":170852,"date":"2024-05-07T16:00:54","date_gmt":"2024-05-07T15:00:54","guid":{"rendered":"https:\/\/www.printmaps.net\/mairdumont-hubermedia-falk-vs-printmaps\/"},"modified":"2024-07-10T12:46:07","modified_gmt":"2024-07-10T11:46:07","slug":"mairdumont-hubermedia-falk-vs-printmaps","status":"publish","type":"page","link":"https:\/\/www.printmaps.net\/sv\/mairdumont-hubermedia-falk-vs-printmaps\/","title":{"rendered":"MairDumont \/ Hubermedia alternativ: Printmaps.net"},"content":{"rendered":"\n<p><p>Om du skapade kartor med kartredakt\u00f6ren f\u00f6r <a href=\"http:\/\/kartenserver.mairdumont.com\/\">MairDumont Business Solutions<\/a> eller liknande redakt\u00f6rer fr\u00e5n <a href=\"https:\/\/www.hubermedia.de\/\">Hubermedia et4<\/a>, kommer du att vara intresserad av att se hur Printmaps.net st\u00e5r sig j\u00e4mf\u00f6rt med det.<\/p><\/p>\n\n<p><p>Vi har skapat nedanst\u00e5ende j\u00e4mf\u00f6relsetabell f\u00f6r att ge dig en snabb \u00f6verblick \u00f6ver n\u00e5gra av de viktigaste <strong><a href=\"\/sv\/funktioner\">funktionerna i Printmaps-redigerare<\/a><\/strong> och hur de j\u00e4mf\u00f6r sig med MairDumont \/ Hubermedia \/ Falk.de \/ Kompass \/ Destination.one. Var noga med att ta en titt p\u00e5 v\u00e5ra exempel p\u00e5 vad Printmaps.net redan anv\u00e4nds f\u00f6r under v\u00e5rt j\u00e4mf\u00f6relsediagram. (<a href=\"\/sv\/\">Prova redigeraren h\u00e4r<\/a>.)<\/p><\/p>\n\n<div style=\"height:48px\" aria-hidden=\"true\" class=\"wp-block-spacer\"><\/div>\n\n<figure class=\"wp-block-table is-style-stripes\"><table class=\"has-fixed-layout\"><thead><tr><th><\/th><th>Printmaps<\/th><th>MairDumont \/ Hubermedia<\/th><\/tr><\/thead><tbody><tr><td><p><em>Format<\/em><\/p><\/td><td>SVG, PSD, PNG<\/td><td>TIFF, PNG, TFW (Rasterkartor) eller TIFF, PNG, SVG, PDF (Vektorkartor)<\/td><\/tr><tr><td><p><em>Prispunkt<\/em><\/p><\/td><td>Priserna beror p\u00e5 format och upplaga. De b\u00f6rjar p\u00e5 7,14 euro (inkl. moms)<\/td><td>Priserna beror p\u00e5 kartstil, format, storlek och upplaga. De b\u00f6rjar p\u00e5 68,43 euro (inkl. moms)<\/td><\/tr><tr><td><p><em>Anpassade data<\/em><\/p><\/td><td><p>* Ruttredigerare<br\/>* Geografiska former<br\/>* Filuppladdning<br\/>* POI:er (manuellt eller kopiera\/klistra in fr\u00e5n Excel)<\/p><\/td><td>Inget till\u00e4gg av anpassade data m\u00f6jligt via editor<\/td><\/tr><tr><td><p><em>Storlek p\u00e5 utmatning<\/em><\/p><\/td><td>Maximalt 133 x 133 cm (15712 x 15712 px)<\/td><td>Maximalt ca 30 x 30 cm<\/td><\/tr><tr><td><p><em>Visa\/d\u00f6lj kartfunktioner<\/em><\/p><\/td><td>Ja<\/td><td>Nej<\/td><\/tr><\/tbody><\/table><\/figure>\n<div style=\"height:150px\" aria-hidden=\"true\" class=\"wp-block-spacer\"><\/div>\n\n<h3 class=\"wp-block-heading\">N\u00e5gra av de s\u00e4tt som v\u00e5ra utskrivbara kartor anv\u00e4nds p\u00e5<\/h3>\n\n<div class=\"wp-block-columns is-layout-flex wp-container-core-columns-is-layout-9d6595d7 wp-block-columns-is-layout-flex\">\n<div class=\"wp-block-column is-layout-flow wp-block-column-is-layout-flow\" style=\"flex-basis:66.66%\">\n<div class=\"wp-block-group\"><div class=\"wp-block-group__inner-container is-layout-flow wp-block-group-is-layout-flow\">\n<figure class=\"wp-block-image size-large\"><img fetchpriority=\"high\" fetchpriority=\"high\" decoding=\"async\" width=\"765\" height=\"531\" src=\"https:\/\/www.printmaps.net\/wp-content\/uploads\/2017\/09\/Layers-big.png\" alt=\"\" class=\"wp-image-26345\" srcset=\"https:\/\/www.printmaps.net\/wp-content\/uploads\/2017\/09\/Layers-big.png 765w, https:\/\/www.printmaps.net\/wp-content\/uploads\/2017\/09\/Layers-big-300x208.png 300w\" sizes=\"(max-width: 765px) 100vw, 765px\" \/><\/figure><\/div><\/div>\n<\/div>\n\n\n\n<div class=\"wp-block-column is-layout-flow wp-block-column-is-layout-flow\" style=\"flex-basis:33.33%\">\n<p>Printmaps-editorn producerar h\u00f6guppl\u00f6sta 300 dpi-kartor i PNG- och PSD-format (Photoshop) plus skalbara SVG-vektorkartor. Kartfunktioner i SVG- och PSD-filer kommer i separata lager, s\u00e5 att du kan redigera kartfunktioner utan att skada n\u00e5gra funktioner under. <\/p>\n<\/div>\n<\/div>\n\n<div class=\"wp-block-columns is-layout-flex wp-container-core-columns-is-layout-9d6595d7 wp-block-columns-is-layout-flex\">\n<div class=\"wp-block-column is-layout-flow wp-block-column-is-layout-flow\" style=\"flex-basis:66.66%\">\n<figure class=\"wp-block-image size-large\"><img decoding=\"async\" width=\"765\" height=\"531\" src=\"https:\/\/www.printmaps.net\/wp-content\/uploads\/2017\/09\/bodensee-karte.jpg\" alt=\"\" class=\"wp-image-26301\"\/><\/figure><\/div>\n\n\n\n<div class=\"wp-block-column is-layout-flow wp-block-column-is-layout-flow\" style=\"flex-basis:33.33%\">\n<p>V\u00e5ra kunder anv\u00e4nder Printmaps-redigeraren f\u00f6r att enkelt kartl\u00e4gga rutter &#8211; resv\u00e4gar, vandrings- och cykelleder, stadsvandringar eller helt enkelt v\u00e4gbeskrivningar &#8211; och f\u00f6r att l\u00e4gga \u00f6ver sina intressepunkter p\u00e5 en karta. Redigeraren g\u00f6r det v\u00e4ldigt enkelt att skapa vikkartor, kartor f\u00f6r turistmappar och broschyrer eller kartor f\u00f6r guideb\u00f6cker.<\/p>\n<\/div>\n<\/div>\n\n<div class=\"wp-block-columns is-layout-flex wp-container-core-columns-is-layout-9d6595d7 wp-block-columns-is-layout-flex\">\n<div class=\"wp-block-column is-layout-flow wp-block-column-is-layout-flow\" style=\"flex-basis:66.66%\">\n<figure class=\"wp-block-image size-large\"><img decoding=\"async\" width=\"765\" height=\"531\" src=\"https:\/\/www.printmaps.net\/wp-content\/uploads\/2017\/09\/immo-expose.jpg\" alt=\"\" class=\"wp-image-26308\"\/><\/figure>\n\n\n<p><\/p>\n<\/div>\n\n\n\n<div class=\"wp-block-column is-layout-flow wp-block-column-is-layout-flow\" style=\"flex-basis:33.33%\">\n<p><p>V\u00e5r \u00f6verkomliga <a href=\"\/sv\/priser\">priss\u00e4ttning<\/a> p\u00e5 startniv\u00e5 g\u00f6r det m\u00f6jligt f\u00f6r kunder med mycket l\u00e5ga tryckta upplagor att ha r\u00e5d med v\u00e5ra kartor. Typiska exempel inkluderar fastighetsexponeringar och fotob\u00f6cker, tryckta i l\u00e5ga antal men som beh\u00f6ver h\u00f6gkvalitativa plats- eller ruttkartor.<\/p><\/p>\n<\/div>\n<\/div>\n\n<div class=\"wp-block-columns is-layout-flex wp-container-core-columns-is-layout-9d6595d7 wp-block-columns-is-layout-flex\">\n<div class=\"wp-block-column is-layout-flow wp-block-column-is-layout-flow\" style=\"flex-basis:66.66%\">\n<figure class=\"wp-block-image size-large\"><img loading=\"lazy\" loading=\"lazy\" decoding=\"async\" width=\"765\" height=\"531\" src=\"https:\/\/www.printmaps.net\/wp-content\/uploads\/2017\/07\/mallorca.jpg\" alt=\"\" class=\"wp-image-60813\" srcset=\"https:\/\/www.printmaps.net\/wp-content\/uploads\/2017\/07\/mallorca.jpg 765w, https:\/\/www.printmaps.net\/wp-content\/uploads\/2017\/07\/mallorca-300x208.jpg 300w\" sizes=\"auto, (max-width: 765px) 100vw, 765px\" \/><\/figure>\n\n\n<p><\/p>\n<\/div>\n\n\n\n<div class=\"wp-block-column is-layout-flow wp-block-column-is-layout-flow\" style=\"flex-basis:33.33%\">\n<p>M\u00e5nga guideboksf\u00f6rlag illustrerar sina reseguider och vandringsguider helt med Printmaps-kartor. Du kan tillgodose alla typiska kartl\u00e4ggningsbehov med v\u00e5ra kartor, allt fr\u00e5n \u00f6versiktskartor och allm\u00e4nna platskartor till aktivitetskartor med vandrings- eller cykelv\u00e4gar, stadskartor \/ gatukartor till riktningskartor.<\/p>\n<\/div>\n<\/div>\n\n<div style=\"height:100px\" aria-hidden=\"true\" class=\"wp-block-spacer\"><\/div>\n\n<div class=\"wp-block-group\"><div class=\"wp-block-group__inner-container is-layout-constrained wp-block-group-is-layout-constrained\">\n<h2 class=\"wp-block-heading has-text-align-center has-large-font-size\" style=\"font-style:normal;font-weight:700\">Prova Printmaps<\/h2>\n\n\n\n<p class=\"has-text-align-center has-medium-font-size\">Med v\u00e5r kartredigerare kan du skapa utskrivbara kartor \u00f6ver hela v\u00e4rlden p\u00e5 nolltid.<\/p>\n\n\n\n<div style=\"height:15px\" aria-hidden=\"true\" class=\"wp-block-spacer\"><\/div>\n\n\n\n<div class=\"wp-block-buttons is-content-justification-center is-layout-flex wp-container-core-buttons-is-layout-16018d1d wp-block-buttons-is-layout-flex\">\n<div class=\"wp-block-button has-custom-font-size\" style=\"font-size:18px\"><a class=\"wp-block-button__link has-background wp-element-button\" href=\"https:\/\/www.printmaps.net\/sv\/\" style=\"border-radius:10px;background-color:#e5017e\"><p><strong>Skapa din f\u00f6rsta karta nu<\/strong><\/p><\/a><\/div>\n<\/div>\n<\/div><\/div>\n\n<div style=\"height:150px\" aria-hidden=\"true\" class=\"wp-block-spacer\"><\/div>\n","protected":false},"excerpt":{"rendered":"<p>Om du skapade kartor med kartredakt\u00f6ren f\u00f6r MairDumont Business Solutions eller liknande redakt\u00f6rer fr\u00e5n Hubermedia et4, kommer du att vara intresserad av att se hur Printmaps.net st\u00e5r sig j\u00e4mf\u00f6rt med det. Vi har skapat nedanst\u00e5ende j\u00e4mf\u00f6relsetabell f\u00f6r att ge dig en snabb \u00f6verblick \u00f6ver n\u00e5gra av de viktigaste funktionerna i Printmaps-redigerare och hur de j\u00e4mf\u00f6r [&hellip;]<\/p>\n","protected":false},"author":5,"featured_media":0,"parent":0,"menu_order":0,"comment_status":"closed","ping_status":"closed","template":"","meta":{"_et_pb_use_builder":"off","_et_pb_old_content":"","_et_gb_content_width":"","footnotes":""},"class_list":["post-170852","page","type-page","status-publish","hentry"],"_links":{"self":[{"href":"https:\/\/www.printmaps.net\/sv\/wp-json\/wp\/v2\/pages\/170852","targetHints":{"allow":["GET"]}}],"collection":[{"href":"https:\/\/www.printmaps.net\/sv\/wp-json\/wp\/v2\/pages"}],"about":[{"href":"https:\/\/www.printmaps.net\/sv\/wp-json\/wp\/v2\/types\/page"}],"author":[{"embeddable":true,"href":"https:\/\/www.printmaps.net\/sv\/wp-json\/wp\/v2\/users\/5"}],"replies":[{"embeddable":true,"href":"https:\/\/www.printmaps.net\/sv\/wp-json\/wp\/v2\/comments?post=170852"}],"version-history":[{"count":3,"href":"https:\/\/www.printmaps.net\/sv\/wp-json\/wp\/v2\/pages\/170852\/revisions"}],"predecessor-version":[{"id":171336,"href":"https:\/\/www.printmaps.net\/sv\/wp-json\/wp\/v2\/pages\/170852\/revisions\/171336"}],"wp:attachment":[{"href":"https:\/\/www.printmaps.net\/sv\/wp-json\/wp\/v2\/media?parent=170852"}],"curies":[{"name":"wp","href":"https:\/\/api.w.org\/{rel}","templated":true}]}}