{"id":170926,"date":"2024-05-08T13:47:49","date_gmt":"2024-05-08T12:47:49","guid":{"rendered":"https:\/\/www.printmaps.net\/mapz-com-alternativ\/"},"modified":"2024-07-10T16:17:16","modified_gmt":"2024-07-10T15:17:16","slug":"mapz-com-alternativ","status":"publish","type":"page","link":"https:\/\/www.printmaps.net\/sv\/mapz-com-alternativ\/","title":{"rendered":"Mapz.com &#8211; en j\u00e4mf\u00f6relse av alternativ med Printmaps"},"content":{"rendered":"\n<div class=\"wp-block-columns is-layout-flex wp-container-core-columns-is-layout-9d6595d7 wp-block-columns-is-layout-flex\">\n<div class=\"wp-block-column is-layout-flow wp-block-column-is-layout-flow\" style=\"flex-basis:66.66%\">\n<p><p>Om du har arbetat med <a href=\"http:\/\/mapz.com\/\">Mapz.com<\/a> fr\u00e5n de v\u00e4lk\u00e4nda kartograferna Kober-K\u00fcmmerly+Frey, kommer du att vara intresserad av att se hur Printmaps.net st\u00e5r sig j\u00e4mf\u00f6rt med Mapz.<\/p><\/p>\n\n\n\n<p><p>Vi har skapat nedanst\u00e5ende j\u00e4mf\u00f6relsetabell f\u00f6r att ge dig en snabb \u00f6verblick \u00f6ver n\u00e5gra av de viktigaste <a href=\"\/sv\/funktioner\"><strong>funktionerna i Printmaps-redigerare<\/strong><\/a> och hur de j\u00e4mf\u00f6r sig med Mapz.com. Se till att ta en titt p\u00e5 v\u00e5ra exempel p\u00e5 vad Printmaps.net redan anv\u00e4nds f\u00f6r under v\u00e5rt j\u00e4mf\u00f6relsetabell. (<a href=\"\/sv\">Prova redigeraren h\u00e4r<\/a>.)<\/p><\/p>\n<\/div>\n\n\n\n<div class=\"wp-block-column is-layout-flow wp-block-column-is-layout-flow\" style=\"flex-basis:33.33%\">\n<figure class=\"wp-block-image size-large is-resized\"><img fetchpriority=\"high\" fetchpriority=\"high\" decoding=\"async\" width=\"251\" height=\"320\" src=\"https:\/\/www.printmaps.net\/wp-content\/uploads\/2018\/02\/mapz-com-stadtplan.png\" alt=\"\" class=\"wp-image-28073\" style=\"width:141px;height:180px\"\/><\/figure><\/div>\n<\/div>\n\n<figure class=\"wp-block-table is-style-stripes\"><table class=\"has-fixed-layout\"><thead><tr><th><\/th><th>Printmaps<\/th><th>Mapz.com<\/th><\/tr><\/thead><tbody><tr><td><em>Format<\/em><\/td><td>SVG, PSD, PNG<\/td><td>PNG, JPG, PSD, PDF<\/td><\/tr><tr><td><em>Uppl\u00f6sning<\/em><\/td><td>75 \/ 300 ppi, vektor<\/td><td>100 \/ 200 \/ 400 ppi, vektor<\/td><\/tr><tr><td><em>Prispunkt<\/em><\/td><td><p>Fr\u00e5n ca \u20ac7. Prismodellen beror p\u00e5 filformat och antal kopior som kartan ska anv\u00e4ndas till.<br\/>T.ex: PNG 22 x 22 cm, 300 dpi, 35 000 exemplar = 39,27 euro (inkl. moms)<\/p><\/td><td><p>Beror p\u00e5 kartans storlek, uppl\u00f6sning och format.<br\/>T.ex: PNG 22 x 22 cm, 400 dpi = 299,50 euro (inkl. moms)<\/p><\/td><\/tr><tr><td><em>Anpassade data<\/em><\/td><td><p>* Ruttredigerare<br\/>* Geografiska former<br\/>* Filuppladdning<br\/>* POI:er (manuellt eller kopiera\/klistra in fr\u00e5n Excel)<\/p><\/td><td><p>* Filuppladdning (GeoJSON, CSV)<br\/>* Standard ritverktyg<\/p><\/td><\/tr><tr><td><em>Visa\/d\u00f6lj kartfunktioner?<\/em><\/td><td>Ja<\/td><td>Nej<\/td><\/tr><tr><td><em>Rotera kartan?<\/em><\/td><td>Ja<\/td><td>Nej<\/td><\/tr><\/tbody><\/table><\/figure>\n<div style=\"height:100px\" aria-hidden=\"true\" class=\"wp-block-spacer\"><\/div>\n\n<h3 class=\"wp-block-heading has-text-align-center\">N\u00e5gra av de s\u00e4tt som v\u00e5ra utskrivbara kartor anv\u00e4nds p\u00e5<\/h3>\n\n<div class=\"wp-block-group\"><div class=\"wp-block-group__inner-container is-layout-constrained wp-block-group-is-layout-constrained\">\n<div class=\"wp-block-columns is-layout-flex wp-container-core-columns-is-layout-9d6595d7 wp-block-columns-is-layout-flex\">\n<div class=\"wp-block-column is-vertically-aligned-top is-layout-flow wp-block-column-is-layout-flow\"><div class=\"wp-block-image is-style-default\">\n<figure class=\"alignright size-full is-resized\"><img decoding=\"async\" src=\"https:\/\/www.printmaps.net\/wp-content\/uploads\/2020\/10\/Layers-big.png\" alt=\"\" class=\"wp-image-70211\" width=\"765\" height=\"531\" srcset=\"https:\/\/www.printmaps.net\/wp-content\/uploads\/2020\/10\/Layers-big.png 765w, https:\/\/www.printmaps.net\/wp-content\/uploads\/2020\/10\/Layers-big-480x333.png 480w\" sizes=\"(min-width: 0px) and (max-width: 480px) 480px, (min-width: 481px) 765px, 100vw\" \/><\/figure><\/div><\/div>\n\n\n\n<div class=\"wp-block-column is-vertically-aligned-top is-layout-flow wp-block-column-is-layout-flow\" style=\"flex-basis:380px\">\n<p>Printmaps-editorn producerar h\u00f6guppl\u00f6sta 300 dpi-kartor i PNG-, PSD- (Photoshop) och SVG-format. Alla kartfunktioner kommer i separata lager s\u00e5 att du kan redigera kartfunktioner utan att skada n\u00e5gra funktioner under. se v\u00e5r screencast f\u00f6r mer information.<\/p>\n<\/div>\n<\/div>\n\n\n\n<div class=\"wp-block-columns is-layout-flex wp-container-core-columns-is-layout-9d6595d7 wp-block-columns-is-layout-flex\">\n<div class=\"wp-block-column is-vertically-aligned-top is-layout-flow wp-block-column-is-layout-flow\"><div class=\"wp-block-image is-style-default\">\n<figure class=\"alignright size-full\"><img decoding=\"async\" width=\"765\" height=\"531\" src=\"https:\/\/www.printmaps.net\/wp-content\/uploads\/2020\/10\/bodensee-karte.jpg\" alt=\"\" class=\"wp-image-70212\" srcset=\"https:\/\/www.printmaps.net\/wp-content\/uploads\/2020\/10\/bodensee-karte.jpg 765w, https:\/\/www.printmaps.net\/wp-content\/uploads\/2020\/10\/bodensee-karte-480x333.jpg 480w\" sizes=\"(min-width: 0px) and (max-width: 480px) 480px, (min-width: 481px) 765px, 100vw\" \/><\/figure><\/div><\/div>\n\n\n\n<div class=\"wp-block-column is-vertically-aligned-top is-layout-flow wp-block-column-is-layout-flow\" style=\"flex-basis:380px\">\n<p>V\u00e5ra kunder anv\u00e4nder Printmaps-redigeraren f\u00f6r att enkelt kartl\u00e4gga rutter &#8211; resv\u00e4gar, vandrings- och cykelleder, stadsvandringar eller helt enkelt v\u00e4gbeskrivningar &#8211; och f\u00f6r att l\u00e4gga \u00f6ver sina intressepunkter p\u00e5 en karta. Redigeraren g\u00f6r det v\u00e4ldigt enkelt att skapa vikkartor, kartor f\u00f6r turistmappar och broschyrer eller kartor f\u00f6r guideb\u00f6cker.<\/p>\n<\/div>\n<\/div>\n\n\n\n<div class=\"wp-block-columns is-layout-flex wp-container-core-columns-is-layout-9d6595d7 wp-block-columns-is-layout-flex\">\n<div class=\"wp-block-column is-vertically-aligned-top is-layout-flow wp-block-column-is-layout-flow\"><div class=\"wp-block-image is-style-default\">\n<figure class=\"alignright size-full\"><img loading=\"lazy\" loading=\"lazy\" decoding=\"async\" width=\"765\" height=\"531\" src=\"https:\/\/www.printmaps.net\/wp-content\/uploads\/2020\/10\/immo-expose.jpg\" alt=\"\" class=\"wp-image-70213\" srcset=\"https:\/\/www.printmaps.net\/wp-content\/uploads\/2020\/10\/immo-expose.jpg 765w, https:\/\/www.printmaps.net\/wp-content\/uploads\/2020\/10\/immo-expose-480x333.jpg 480w\" sizes=\"auto, (min-width: 0px) and (max-width: 480px) 480px, (min-width: 481px) 765px, 100vw\" \/><\/figure><\/div><\/div>\n\n\n\n<div class=\"wp-block-column is-vertically-aligned-top is-layout-flow wp-block-column-is-layout-flow\" style=\"flex-basis:380px\">\n<p><p>V\u00e5r billiga <a href=\"\/sv\/priser\">priss\u00e4ttning<\/a> p\u00e5 startniv\u00e5 g\u00f6r det m\u00f6jligt f\u00f6r kunder med mycket l\u00e5ga tryckupplagor att ha r\u00e5d med v\u00e5ra kartor. Typiska exempel inkluderar fastighetsexponeringar och fotob\u00f6cker, tryckta i l\u00e5ga antal men som beh\u00f6ver h\u00f6gkvalitativa plats- eller ruttkartor.<\/p><\/p>\n<\/div>\n<\/div>\n\n\n\n<div class=\"wp-block-columns is-layout-flex wp-container-core-columns-is-layout-9d6595d7 wp-block-columns-is-layout-flex\">\n<div class=\"wp-block-column is-vertically-aligned-top is-layout-flow wp-block-column-is-layout-flow\"><div class=\"wp-block-image is-style-default\">\n<figure class=\"alignright size-full\"><img loading=\"lazy\" loading=\"lazy\" decoding=\"async\" width=\"765\" height=\"531\" src=\"https:\/\/www.printmaps.net\/wp-content\/uploads\/2020\/10\/mallorca.jpg\" alt=\"\" class=\"wp-image-70214\" srcset=\"https:\/\/www.printmaps.net\/wp-content\/uploads\/2020\/10\/mallorca.jpg 765w, https:\/\/www.printmaps.net\/wp-content\/uploads\/2020\/10\/mallorca-480x333.jpg 480w\" sizes=\"auto, (min-width: 0px) and (max-width: 480px) 480px, (min-width: 481px) 765px, 100vw\" \/><\/figure><\/div><\/div>\n\n\n\n<div class=\"wp-block-column is-vertically-aligned-top is-layout-flow wp-block-column-is-layout-flow\" style=\"flex-basis:380px\">\n<p>M\u00e5nga guideboksf\u00f6rlag illustrerar sina reseguider och vandringsguider helt med Printmaps-kartor. Du kan tillgodose alla typiska kartl\u00e4ggningsbehov med v\u00e5ra kartor, allt fr\u00e5n \u00f6versiktskartor och allm\u00e4nna platskartor till aktivitetskartor med vandrings- eller cykelv\u00e4gar, stadskartor \/ gatukartor till riktningskartor.<\/p>\n<\/div>\n<\/div>\n<\/div><\/div>\n\n<div style=\"height:100px\" aria-hidden=\"true\" class=\"wp-block-spacer\"><\/div>\n\n<div class=\"wp-block-group\"><div class=\"wp-block-group__inner-container is-layout-constrained wp-block-group-is-layout-constrained\">\n<h2 class=\"wp-block-heading has-text-align-center has-large-font-size\" style=\"font-style:normal;font-weight:700\">Prova Printmaps<\/h2>\n\n\n\n<p class=\"has-text-align-center has-medium-font-size\">Med v\u00e5r kartredigerare kan du skapa utskrivbara kartor \u00f6ver hela v\u00e4rlden p\u00e5 nolltid.<\/p>\n\n\n\n<div style=\"height:15px\" aria-hidden=\"true\" class=\"wp-block-spacer\"><\/div>\n\n\n\n<div class=\"wp-block-buttons is-content-justification-center is-layout-flex wp-container-core-buttons-is-layout-16018d1d wp-block-buttons-is-layout-flex\">\n<div class=\"wp-block-button has-custom-font-size\" style=\"font-size:18px\"><a class=\"wp-block-button__link has-background wp-element-button\" href=\"https:\/\/www.printmaps.net\/sv\/\" style=\"border-radius:10px;background-color:#e5017e\"><p><strong>Skapa din f\u00f6rsta karta nu<\/strong><\/p><\/a><\/div>\n<\/div>\n<\/div><\/div>\n\n<div style=\"height:150px\" aria-hidden=\"true\" class=\"wp-block-spacer\"><\/div>\n","protected":false},"excerpt":{"rendered":"<p>Om du har arbetat med Mapz.com fr\u00e5n de v\u00e4lk\u00e4nda kartograferna Kober-K\u00fcmmerly+Frey, kommer du att vara intresserad av att se hur Printmaps.net st\u00e5r sig j\u00e4mf\u00f6rt med Mapz. Vi har skapat nedanst\u00e5ende j\u00e4mf\u00f6relsetabell f\u00f6r att ge dig en snabb \u00f6verblick \u00f6ver n\u00e5gra av de viktigaste funktionerna i Printmaps-redigerare och hur de j\u00e4mf\u00f6r sig med Mapz.com. Se till [&hellip;]<\/p>\n","protected":false},"author":8,"featured_media":0,"parent":0,"menu_order":0,"comment_status":"closed","ping_status":"closed","template":"","meta":{"_et_pb_use_builder":"off","_et_pb_old_content":"","_et_gb_content_width":"","footnotes":""},"class_list":["post-170926","page","type-page","status-publish","hentry"],"_links":{"self":[{"href":"https:\/\/www.printmaps.net\/sv\/wp-json\/wp\/v2\/pages\/170926","targetHints":{"allow":["GET"]}}],"collection":[{"href":"https:\/\/www.printmaps.net\/sv\/wp-json\/wp\/v2\/pages"}],"about":[{"href":"https:\/\/www.printmaps.net\/sv\/wp-json\/wp\/v2\/types\/page"}],"author":[{"embeddable":true,"href":"https:\/\/www.printmaps.net\/sv\/wp-json\/wp\/v2\/users\/8"}],"replies":[{"embeddable":true,"href":"https:\/\/www.printmaps.net\/sv\/wp-json\/wp\/v2\/comments?post=170926"}],"version-history":[{"count":7,"href":"https:\/\/www.printmaps.net\/sv\/wp-json\/wp\/v2\/pages\/170926\/revisions"}],"predecessor-version":[{"id":176266,"href":"https:\/\/www.printmaps.net\/sv\/wp-json\/wp\/v2\/pages\/170926\/revisions\/176266"}],"wp:attachment":[{"href":"https:\/\/www.printmaps.net\/sv\/wp-json\/wp\/v2\/media?parent=170926"}],"curies":[{"name":"wp","href":"https:\/\/api.w.org\/{rel}","templated":true}]}}