{"id":170938,"date":"2024-05-08T14:17:43","date_gmt":"2024-05-08T13:17:43","guid":{"rendered":"https:\/\/www.printmaps.net\/hojdprofilredigerare\/"},"modified":"2024-12-12T17:42:59","modified_gmt":"2024-12-12T16:42:59","slug":"hojdprofilredigerare","status":"publish","type":"page","link":"https:\/\/www.printmaps.net\/sv\/hojdprofilredigerare\/","title":{"rendered":"H\u00f6jdprofilredigerare"},"content":{"rendered":"\n<div class=\"wp-block-columns is-layout-flex wp-container-core-columns-is-layout-9d6595d7 wp-block-columns-is-layout-flex\">\n<div class=\"wp-block-column is-layout-flow wp-block-column-is-layout-flow\" style=\"flex-basis:66.66%\">\n<p><p>H\u00e4r kan du <strong>skapa h\u00f6jdprofiler<\/strong> som du kan anv\u00e4nda <strong><mark class=\"has-inline-color\" style=\"background-color: #fcfa00;\">gratis<\/mark><\/strong> i tryckta material och i din onlinekommunikation. Ladda bara upp din GPX-, KML- eller GeoJSON-fil nedan eller rita din rutt p\u00e5 kartan, v\u00e4lj dina inst\u00e4llningar och klicka p\u00e5 &#8221;Ladda ner&#8221;. Du f\u00e5r en SVG-fil med lager som du kan redigera i Adobe Illustrator, Photoshop eller Inkscape \u2013 eller anv\u00e4nda p\u00e5 en webbsida. Ta en titt p\u00e5 <a href=\"https:\/\/www.printmaps.net\/wp-content\/uploads\/2024\/11\/Elevation-Profile.svg\">det h\u00e4r nedladdningsbara exemplet p\u00e5 en SVG<\/a>.<\/p><\/p>\n\n\n\n<p><p>Anv\u00e4ndningskrav: H\u00f6jdprofilen m\u00e5ste krediteras med <mark class=\"has-inline-color\" style=\"background-color: #f1f1f1;\"><code>\u00a9 Printmaps.net<\/code> <\/mark> (liten och n\u00e4ra bilden) och l\u00e4nkas vid onlineanv\u00e4ndning.<\/p><\/p>\n<\/div>\n\n\n\n<div class=\"wp-block-column is-vertically-aligned-center is-layout-flow wp-block-column-is-layout-flow\" style=\"flex-basis:33.33%\">\n<p class=\"has-text-align-center\"><p>Beh\u00f6ver du skapa <a href=\"\/sv\/\">kartografi f\u00f6r utskrift<\/a>?<\/p><\/p>\n\n\n\n<div class=\"wp-block-buttons is-content-justification-center is-layout-flex wp-container-core-buttons-is-layout-16018d1d wp-block-buttons-is-layout-flex\">\n<div class=\"wp-block-button\"><a class=\"wp-block-button__link has-background wp-element-button\" href=\"https:\/\/www.printmaps.net\/sv\/\" style=\"background-color:#e5017e\">Prova v\u00e5r Kartredigerare<\/a><\/div>\n<\/div>\n\n\n\n<p class=\"has-text-align-center\"><\/p>\n\n\n\n<p><\/p>\n\n\n\n<p class=\"has-text-align-center\"><p>Beh\u00f6ver du en API?<br\/>Kolla in v\u00e5r <a href=\"https:\/\/www.maptoolkit.com\/api\/elevation-api\/\">H\u00f6jd-API<\/a><\/p><\/p>\n<\/div>\n<\/div>\n\n<div style=\"height:17px\" aria-hidden=\"true\" class=\"wp-block-spacer\"><\/div>\n\n<p class=\"has-text-align-center\"><\/p>\n<style>\n  @import \"https:\/\/static.maptoolkit.net\/api\/v8.10\/mtk.css\";\n  @import \"https:\/\/static.maptoolkit.net\/api\/v8.10\/editor.css\";\n  @import \"\/wp-content\/plugins\/printmaps_eprofile_editor\/css\/jquery-ui.min.css\";\n  @import \"\/wp-content\/plugins\/printmaps_eprofile_editor\/css\/spectrum.css\";\n  @import \"\/wp-content\/plugins\/printmaps_eprofile_editor\/css\/printmaps-ui.css\";\n  @import \"\/wp-content\/plugins\/printmaps_eprofile_editor\/css\/index.css\";\n  .bottom-bar { margin-bottom:1em; }\n<\/style>\n<div id=\"editor\"><\/div>\n<div id=\"elevation_profile_main\" style=\"overflow: auto\">\n  <br \/>\n  <h2 class=\"wpml_translation_result\">Resultat:<\/h2>\n  <div class=\"profile-dummy\"><\/div>\n  <div id=\"datapreview\">\n    <div class=\"elevationprofile_container\">\n      <div id=\"eprofile_loader\">\n        <div class=\"printmaps-ui-loader-circle\"><\/div>\n      <\/div>\n      <button\n        id=\"center_profile\"\n        class=\"printmaps-ui-btn printmaps-ui-btn-default\"\n        data-tooltip=\"Reset position back to center\"\n        style=\"display: none\"\n      >\n        <i class=\"printmaps-ui-icon-undo\"><\/i>\n      <\/button>\n      <div id=\"elevation_profile\" style=\"pointer-events: none\">\n        <img decoding=\"async\" id=\"eprofile_placeholder\" alt=\"elevation profile\" src=\"\/wp-content\/plugins\/printmaps_eprofile_editor\/images\/example-profile.png\" \/>\n      <\/div>\n    <\/div>\n    <table style=\"text-align: left\" id=\"profile_info\">\n      <tr>\n        <td class=\"wpml_translation_result_info_altitude_difference\">H\u00f6jdskillnad<\/td>\n        <td><\/td>\n      <\/tr>\n      <tr>\n        <td class=\"wpml_translation_result_info_distance\">Avst\u00e5nd<\/td>\n        <td><\/td>\n      <\/tr>\n      <tr>\n        <td class=\"wpml_translation_result_info_walking_time\">G\u00e5ngtid<\/td>\n        <td><\/td>\n      <\/tr>\n      <tr>\n        <td class=\"wpml_translation_result_info_normal_cycling_time\">Normal cykeltid<\/td>\n        <td><\/td>\n      <\/tr>\n      <tr>\n        <td class=\"wpml_translation_result_info_offroad_cycling_time\">Offroad-cykleltid<\/td>\n        <td><\/td>\n      <\/tr>\n      <tr>\n        <td class=\"wpml_translation_result_info_race_cycling_time\">T\u00e4vling cykeltid<\/td>\n        <td><\/td>\n      <\/tr>\n    <\/table>\n  <\/div>\n  <br \/>\n  <h2 class=\"wpml_translation_settings\">Inst\u00e4llningar:<\/h2>\n  <table class=\"editor-settings\">\n    <tr>\n      <td>\n        <b class=\"wpml_translation_settings_printwidth\">Utskriftsbredd:<\/b>\n      <\/td>\n      <td>\n        <input id=\"width\" class=\"printmaps-ui-input\" type=\"number\" min=\"70\" max=\"300\" value=\"150\" \/>\n        <small class=\"wpml_translation_settings_printwidth_info\" style=\"font-size: 12px\">mm (fr\u00e5n 50 till 300 mm) <\/small>\n      <\/td>\n    <\/tr>\n    <tr>\n      <td class=\"wpml_translation_settings_curve\">Kurva:<\/td>\n      <td>\n        <div>\n          <input id=\"colorpicker\" \/>\n          <div class=\"printmaps-ui-checkbox\">\n            <input type=\"checkbox\" name=\"stroke\" id=\"stroke\" checked \/>\n            <label class=\"wpml_translation_settings_curve_stroke\" for=\"stroke\">Rand<\/label>\n          <\/div>\n          <div class=\"printmaps-ui-checkbox\">\n            <input type=\"checkbox\" name=\"gradient\" id=\"gradient\" checked \/>\n            <label class=\"wpml_translation_settings_curve_gradient\" for=\"gradient\">Gradient<\/label>\n          <\/div>\n          <span class=\"wpml_translation_settings_curve_gradient_color\">F\u00e4rg p\u00e5 gradienten<\/span>\n          <div style=\"padding: 0; margin: 0\">\n            <input id=\"colorpicker3\" \/>\n          <\/div>\n        <\/div>\n      <\/td>\n    <\/tr>\n    <tr>\n      <td class=\"wpml_translation_settings_fontsize\">Fontstorlek:<\/td>\n      <td>\n        <input id=\"fontsize\" class=\"printmaps-ui-input\" type=\"number\" min=\"20\" max=\"70\" value=\"40\" \/>\n        <small class=\"wpml_translation_settings_fontsize_info\" style=\"font-size: 12px\">(fr\u00e5n 20 till 70)<\/small>\n      <\/td>\n    <\/tr>\n    <tr>\n      <td class=\"wpml_translation_settings_markers\">H\u00f6jdmark\u00f6rer:<\/td>\n      <td>\n        <div>\n          <div class=\"printmaps-ui-checkbox\" style=\"padding-left: 0px\">\n            <input type=\"checkbox\" name=\"marks\" id=\"marks\" checked \/>\n            <label for=\"marks\"><\/label>\n          <\/div>\n          <span class=\"wpml_translation_settings_markers_color\">F\u00e4rg:<\/span>\n          <div style=\"padding: 0; margin: 0\">\n            <input id=\"colorpicker2\" \/>\n          <\/div>\n        <\/div>\n      <\/td>\n    <\/tr>\n    <tr>\n      <td class=\"wpml_translation_settings_grid\">Rutn\u00e4t:<\/td>\n      <td>\n        <div>\n          <div class=\"printmaps-ui-checkbox\" style=\"padding-left: 0px\">\n            <input type=\"checkbox\" name=\"grid_horz\" id=\"grid_horz\" checked \/>\n            <label class=\"wpml_translation_settings_grid_horizontal\" for=\"grid_horz\">Horisontell<\/label>\n          <\/div>\n          <div class=\"printmaps-ui-checkbox\">\n            <input type=\"checkbox\" name=\"grid_vert\" id=\"grid_vert\" checked \/>\n            <label class=\"wpml_translation_settings_grid_vertical\" for=\"grid_vert\">Vertikal<\/label>\n          <\/div>\n        <\/div>\n      <\/td>\n    <\/tr>\n    <tr>\n      <td class=\"wpml_translation_settings_units\">Enheter:<\/td>\n      <td>\n        <div>\n          <div class=\"printmaps-ui-radio\" style=\"padding-left: 0px\">\n            <input type=\"radio\" name=\"unit\" id=\"unit_km\" value=\"km\" checked \/>\n            <label class=\"wpml_translation_settings_units_metric\" for=\"unit_km\">Meter\/Kilometer<\/label>\n          <\/div>\n          <div class=\"printmaps-ui-radio\">\n            <input type=\"radio\" name=\"unit\" id=\"unit_miles\" value=\"miles\" \/>\n            <label class=\"wpml_translation_settings_units_imperial\" for=\"unit_miles\">Feet\/Miles<\/label>\n          <\/div>\n        <\/div>\n      <\/td>\n    <\/tr>\n  <\/table>\n  <br \/>\n  <h2 class=\"wpml_translation_upload_draw\">Ladda upp eller rita din rutt:<\/h2>\n  <div id=\"addroute\">\n    <div id=\"filedrop\" class=\"printmaps-ui-filedrop\">\n      <input id=\"file\" type=\"file\" pui-filename=\"false\" \/>\n      <div id=\"dropzone\" class=\"printmaps-ui-filedrop-dropzone\">\n        <span class=\"printmaps-ui-filedrop-loader\"><\/span>\n        <span class=\"printmaps-ui-filedrop-info\">\n          <span class=\"printmaps-ui-filedrop-icon\"><\/span>\n          <span class=\"wpml_translation_upload_draw_filedrop printmaps-ui-filedrop-text\">L\u00e4gg en GPX\/KML\/GeoJSON-fil h\u00e4r eller klicka f\u00f6r att ladda upp<\/span>\n        <\/span>\n      <\/div>\n    <\/div>\n    <span class=\"wpml_translation_upload_draw_info\" style=\"padding: 15px 0; display: block\">eller rita en rutt med musen<\/span>\n    <div id=\"routetype_switch\" class=\"printmaps-ui-routetypeswitch\">\n      <a\n        class=\"wpml_translation_upload_draw_editor_routetype_car printmaps-ui-routetype-btn printmaps-ui-btn-active\"\n        data-routetype=\"car\"\n        data-tooltip=\"K\u00f6rl\u00e4ge\"\n      ><\/a>\n      <a\n        class=\"wpml_translation_upload_draw_editor_routetype_bike printmaps-ui-routetype-btn\"\n        data-routetype=\"bike\"\n        data-tooltip=\"Cyklingsl\u00e4ge\"\n      ><\/a>\n      <a\n        class=\"wpml_translation_upload_draw_editor_routetype_foot printmaps-ui-routetype-btn\"\n        data-routetype=\"foot\"\n        data-tooltip=\"G\u00e5ngl\u00e4ge\"\n      ><\/a>\n    <\/div>\n    <div id=\"locationsearch\" class=\"printmaps-ui-locationsearch\">\n      <span class=\"printmaps-ui-locationsearch-icon\"><\/span>\n      <input\n        type=\"text\"\n        class=\"wpml_translation_upload_draw_editor_locationsearch printmaps-ui-input-locationsearch\"\n        placeholder=\"Ange en plats eller region...\"\n        autocomplete=\"on\"\n      \/>\n      <a class=\"printmaps-ui-locationsearch-geolocation\"><\/a>\n    <\/div>\n    <div class=\"map printmaps-ui-map-editor\" id=\"map\"><\/div>\n  <\/div>\n  <br \/>\n  <br \/>\n  <div class=\"bottom-bar\" style=\"text-align:right;\">\n    <input type=\"button\" id=\"tsprintmaps_item_button_free_elevation_profile\" onclick=\"tsprintmaps_process_free_elevation_profile();\" class=\"tsprintmaps_button_free_elevation_profile\" value=\"Free Download\">\n    <a id=\"tsprintmaps_item_download_free_elevation_profile\" href=\"#\" download=\"MyElevationProfile-28Apr2026.zip\" style=\"display:none\" class=\"tsprintmaps_button_free_elevation_profile has-background\">Download Profile<\/a>\n    <p style=\"clear:both;\">&nbsp;<\/p>\n    <div id=\"tsprintmaps_item_download_free_elevation_profile_status_message\">&nbsp;<\/div>\n  <\/div>\n<\/div>\n<script src=\"\/wp-content\/plugins\/printmaps_eprofile_editor\/js\/jquery-ui.min.js\"><\/script>\n<script src=\"https:\/\/static.maptoolkit.net\/api\/v8.10\/mtk.de.js\"><\/script>\n<script src=\"https:\/\/static.maptoolkit.net\/api\/v8.10\/editor.js\"><\/script>\n<script src=\"\/wp-content\/plugins\/printmaps_eprofile_editor\/js\/raphael.js\"><\/script>\n<script src=\"\/wp-content\/plugins\/printmaps_eprofile_editor\/js\/ElevationProfile2.js\"><\/script>\n<script src=\"\/wp-content\/plugins\/printmaps_eprofile_editor\/js\/togeojson.min.js\"><\/script>\n<script src=\"\/wp-content\/plugins\/printmaps_eprofile_editor\/js\/spectrum.min.js\"><\/script>\n<script src=\"\/wp-content\/plugins\/printmaps_eprofile_editor\/js\/printmaps-ui.js\"><\/script>\n<script src=\"\/wp-content\/plugins\/printmaps_eprofile_editor\/js\/index.js\"><\/script>\n<script>\nif (undefined === window.pls) {\n\twindow.pls = function() {};\n}\nfunction tsprintmaps_process_free_elevation_profile(id) {\n\tjQuery('#tsprintmaps_item_button_free_elevation_profile').attr('value', 'Processing ...');\n\tvar data = {\n\t\taction: \"tsprintmaps_process_free_elevation_profile\",\n\t\tedd_tsprintmaps_elevation_data: JSON.stringify(getOrder()),\n\t\tlanguage: \"sv\"\n\t};\n\tjQuery.ajax({\n\t\ttype: \"POST\",\n\t\tdata: data,\n\t\tdataType: \"json\",\n\t\turl: edd_scripts.ajaxurl,\n\t\tsuccess: (response) => { tsprintmaps_download_free_elevation_profile(response, id) },\n\t\terror: (jqXHR, status, error) => { tsprintmaps_error_processing_free_elevation_profile(id, status, error) },\n\t});\n}\nfunction tsprintmaps_download_free_elevation_profile(response, id) {\n\tjQuery('#tsprintmaps_item_button_free_elevation_profile').css('background-color', '#e5017e');\n\tpls('Free elevation profile', { props: {\"Product\":\"Printable elevation profile -\",\"Price\":\"single item in cart - please ignore\",\"Quantity\":\"single item in cart - please ignore\",\"Discount\":\"single item in cart - please ignore\"} });\n\tif ('ok' == response.status) {\n\t\tjQuery('#tsprintmaps_item_download_free_elevation_profile').attr('href', response.code);\n\t\tjQuery('#tsprintmaps_item_download_free_elevation_profile_status_message').html('&nbsp;');\n\t\twindow.setTimeout(() => {\n\t\t\tjQuery('#tsprintmaps_item_download_free_elevation_profile').css('display', 'inline-block');\n\t\t\tjQuery('#tsprintmaps_item_button_free_elevation_profile').css('display', 'none');\n\t\t\tdocument.getElementById('tsprintmaps_item_download_free_elevation_profile').click();\n\t\t}, 4000);\n\t} else {\n\t\twindow.setTimeout(() => {\n\t\t\tjQuery('#tsprintmaps_item_button_free_elevation_profile').attr('value', 'Free Download');\n\t\t\tjQuery('#tsprintmaps_item_download_free_elevation_profile_status_message').html(response.code);\n\t\t}, 1000);\n\t}\n}\nfunction tsprintmaps_error_processing_free_elevation_profile(id, status, error) {\n\tjQuery('#tsprintmaps_item_button_free_elevation_profile').css('background-color', 'red');\n\tjQuery('#tsprintmaps_item_button_free_elevation_profile').attr('value', 'An error occured');\n}\n<\/script>\n\n\n<div style=\"height:37px\" aria-hidden=\"true\" class=\"wp-block-spacer\"><\/div>\n\n<h3 class=\"wp-block-heading has-text-align-center\">Vad \u00e4r h\u00f6jdprofiler?<\/h3>\n\n<div class=\"wp-block-media-text has-media-on-the-right is-stacked-on-mobile\"><div class=\"wp-block-media-text__content\">\n<p>En h\u00f6jdprofil, \u00e4ven k\u00e4nd som topografisk profil, tv\u00e4rsnitt eller topografisk snitt, \u00e4r ett s\u00e4tt att visa terr\u00e4ngens form genom att g\u00f6ra ett snitt \u00f6ver en topografisk karta. Den illustrerar h\u00f6jdskillnaderna l\u00e4ngs en specifik v\u00e4g. H\u00f6jdkurvor p\u00e5 kartan representerar omr\u00e5den med samma h\u00f6jd \u00f6ver havet. Medan den horisontella skalan p\u00e5 profilen ofta matchar kartans, \u00e4r den vertikala skalan vanligtvis \u00f6verdriven \u2013 vanligtvis tre till fem g\u00e5nger st\u00f6rre \u2013 f\u00f6r att b\u00e4ttre framh\u00e4va h\u00f6jdskillnader. Detta hj\u00e4lper till att g\u00f6ra terr\u00e4ngens detaljer mer synliga, s\u00e4rskilt i omr\u00e5den med subtila h\u00f6jdskillnader.<\/p>\n<\/div><figure class=\"wp-block-media-text__media\"><img fetchpriority=\"high\" fetchpriority=\"high\" decoding=\"async\" width=\"540\" height=\"540\" src=\"https:\/\/www.printmaps.net\/wp-content\/uploads\/2024\/11\/free-elevation-profile-1.png\" alt=\"\" class=\"wp-image-187706 size-full\" srcset=\"https:\/\/www.printmaps.net\/wp-content\/uploads\/2024\/11\/free-elevation-profile-1.png 540w, https:\/\/www.printmaps.net\/wp-content\/uploads\/2024\/11\/free-elevation-profile-1-480x480.png 480w\" sizes=\"(min-width: 0px) and (max-width: 480px) 480px, (min-width: 481px) 540px, 100vw\" \/><\/figure><\/div>\n\n<div style=\"height:35px\" aria-hidden=\"true\" class=\"wp-block-spacer\"><\/div>\n\n<h3 class=\"wp-block-heading has-text-align-center\">Vad elevationsprofiler \u00e4r<\/h3>\n\n<div class=\"wp-block-media-text is-stacked-on-mobile\"><figure class=\"wp-block-media-text__media\"><img decoding=\"async\" width=\"1024\" height=\"631\" src=\"https:\/\/www.printmaps.net\/wp-content\/uploads\/2024\/10\/elevation-profile-4-1024x631.png\" alt=\"h\u00f6jdprofil\" class=\"wp-image-186263 size-full\" srcset=\"https:\/\/www.printmaps.net\/wp-content\/uploads\/2024\/10\/elevation-profile-4-980x604.png 980w, https:\/\/www.printmaps.net\/wp-content\/uploads\/2024\/10\/elevation-profile-4-480x296.png 480w\" sizes=\"(min-width: 0px) and (max-width: 480px) 480px, (min-width: 481px) and (max-width: 980px) 980px, (min-width: 981px) 1024px, 100vw\" \/><\/figure><div class=\"wp-block-media-text__content\">\n<p>En h\u00f6jd- eller elevationsprofil \u00e4r en visuell representation av f\u00f6r\u00e4ndringar i terr\u00e4ngen l\u00e4ngs en rutt. Den ger viktig information om lutning, h\u00f6jd\u00f6kning och sv\u00e5righetsgrad, vilket g\u00f6r den till ett oumb\u00e4rligt verktyg f\u00f6r friluftsentusiaster, cyklister och vandrare. Genom att titta p\u00e5 en h\u00f6jdprofil kan anv\u00e4ndare snabbt bed\u00f6ma hur utmanande en rutt \u00e4r och planera sin resa d\u00e4refter.<\/p>\n<\/div><\/div>\n\n<div style=\"height:98px\" aria-hidden=\"true\" class=\"wp-block-spacer\"><\/div>\n\n<h3 class=\"wp-block-heading has-text-align-center\">Skapa H\u00f6jdprofiler fr\u00e5n GPX-filer<\/h3>\n\n<div class=\"wp-block-group is-nowrap is-layout-flex wp-container-core-group-is-layout-ad2f72ca wp-block-group-is-layout-flex\">\n<div class=\"wp-block-media-text has-media-on-the-right is-stacked-on-mobile\"><div class=\"wp-block-media-text__content\">\n<p><p>V\u00e5r h\u00f6jdprofilredigerare g\u00f6r det enkelt att skapa en <strong>GPX-h\u00f6jdprofil<\/strong> fr\u00e5n dina GPX-filer. Ladda bara upp dina GPX-data, s\u00e5 genererar redigeraren en tydlig grafisk representation av rutans h\u00f6jd\u00e4ndringar. Denna funktion \u00e4r idealisk f\u00f6r dem som vill omvandla sina digitala ruttdata till en informativ och attraktiv h\u00f6jdprofil f\u00f6r tryckta kartor eller guider.<br\/>Med v\u00e5ra verktyg \u00e4r det enkelt och intuitivt att skapa en detaljerad och visuellt tilltalande h\u00f6jdprofil. Oavsett om du \u00e4r en individ som planerar ditt n\u00e4sta \u00e4ventyr eller en organisation som skapar marknadsf\u00f6ringsmaterial, erbjuder v\u00e5r redigerare allt du beh\u00f6ver f\u00f6r att omvandla dina GPX-data till en informativ visuell representation.<\/p><\/p>\n<\/div><figure class=\"wp-block-media-text__media\"><img decoding=\"async\" width=\"652\" height=\"680\" src=\"https:\/\/www.printmaps.net\/wp-content\/uploads\/2024\/10\/gpx-elevation-profile-1.png\" alt=\"GPX-h\u00f6jdprofil\" class=\"wp-image-186264 size-full\" srcset=\"https:\/\/www.printmaps.net\/wp-content\/uploads\/2024\/10\/gpx-elevation-profile-1.png 652w, https:\/\/www.printmaps.net\/wp-content\/uploads\/2024\/10\/gpx-elevation-profile-1-480x501.png 480w\" sizes=\"(min-width: 0px) and (max-width: 480px) 480px, (min-width: 481px) 652px, 100vw\" \/><\/figure><\/div>\n<\/div>\n\n<div style=\"height:97px\" aria-hidden=\"true\" class=\"wp-block-spacer\"><\/div>\n\n<h3 class=\"wp-block-heading has-text-align-center\">H\u00f6jdprofiler p\u00e5 Tryckta Kartor<\/h3>\n\n<div class=\"wp-block-group is-nowrap is-layout-flex wp-container-core-group-is-layout-ad2f72ca wp-block-group-is-layout-flex\">\n<div class=\"wp-block-media-text is-stacked-on-mobile\"><figure class=\"wp-block-media-text__media\"><img loading=\"lazy\" loading=\"lazy\" decoding=\"async\" width=\"701\" height=\"499\" src=\"https:\/\/www.printmaps.net\/wp-content\/uploads\/2024\/10\/elevation-profile-maker.png\" alt=\"H\u00f6jdprofilskapare\" class=\"wp-image-186265 size-full\" srcset=\"https:\/\/www.printmaps.net\/wp-content\/uploads\/2024\/10\/elevation-profile-maker.png 701w, https:\/\/www.printmaps.net\/wp-content\/uploads\/2024\/10\/elevation-profile-maker-480x342.png 480w\" sizes=\"auto, (min-width: 0px) and (max-width: 480px) 480px, (min-width: 481px) 701px, 100vw\" \/><\/figure><div class=\"wp-block-media-text__content\">\n<p><p>M\u00e5nga anv\u00e4nder v\u00e5r h\u00f6jdprofilskapare f\u00f6r att f\u00f6rb\u00e4ttra tryckta produkter i kombination med <a href=\"\/sv\/\">kartor fr\u00e5n v\u00e5r redigerare<\/a>, s\u00e5som cykel- och vandringskartor, evenemangsbroschyrer och reseguider. En h\u00f6jdprofil baserad p\u00e5 GPX-data ger anv\u00e4ndarna en komplett \u00f6versikt \u00f6ver terr\u00e4ngen, vilket g\u00f6r det m\u00f6jligt att planera raster, f\u00f6rutse utmanande stigningar och uppskatta restider mer exakt.<br\/>Att inkludera h\u00f6jdprofiler i tryckt material ger inte bara en professionell touch utan ger ocks\u00e5 anv\u00e4ndarna den information de beh\u00f6ver f\u00f6r att navigera s\u00e4kert. Genom att anv\u00e4nda v\u00e5r h\u00f6jdprofilredigerare kan du skapa vackra och praktiska h\u00f6jdprofiler fr\u00e5n GPX-data, idealiska f\u00f6r olika typer av tryckta till\u00e4mpningar.<\/p><\/p>\n<\/div><\/div>\n<\/div>\n\n<div style=\"height:66px\" aria-hidden=\"true\" class=\"wp-block-spacer\"><\/div>\n\n<h3 class=\"wp-block-heading\">Vanliga fr\u00e5gor och svar<\/h3>\n\n<div class=\"schema-faq wp-block-yoast-faq-block\"><div class=\"schema-faq-section\" id=\"faq-question-1733750258467\"><strong class=\"schema-faq-question\">Kan jag skapa en h\u00f6jdprofil online utan att ladda ner programvara?<\/strong> <p class=\"schema-faq-answer\">V\u00e5r H\u00f6jdprofilskapare kan anv\u00e4ndas direkt i webbl\u00e4saren utan att beh\u00f6va ladda ner programvara, skapa ett konto eller logga in. Skapa helt enkelt din personliga h\u00f6jdprofil och ladda ner den.<\/p> <\/div> <div class=\"schema-faq-section\" id=\"faq-question-1733750364387\"><strong class=\"schema-faq-question\">Kan jag generera h\u00f6jdprofiler i olika filformat?<\/strong> <p class=\"schema-faq-answer\">Som standard f\u00e5r du din h\u00f6jdprofil i form av en PDF-fil, en SVG-fil f\u00f6r vidare bearbetning och en PNG-fil efter nedladdning.<\/p> <\/div> <div class=\"schema-faq-section\" id=\"faq-question-1733750629782\"><strong class=\"schema-faq-question\">Kan jag anpassa utseendet p\u00e5 min h\u00f6jdprofil?<\/strong> <p class=\"schema-faq-answer\">Du kan anpassa utskriftsstorlek, teckenstorlek, gradientf\u00e4rg, linjef\u00e4rg, enheter och f\u00e4rgen p\u00e5 mark\u00f6rer. Om du vill kan du anpassa den \u00e4nnu mer efter nedladdning i valfritt bildredigeringsprogram.<\/p> <\/div> <div class=\"schema-faq-section\" id=\"faq-question-1733750818088\"><strong class=\"schema-faq-question\">Vad \u00e4r det enklaste s\u00e4ttet att skapa en h\u00f6jdprofil f\u00f6r min vandringsrutt?<\/strong> <p class=\"schema-faq-answer\">Det enklaste s\u00e4ttet att sp\u00e5ra en rutt \u00e4r att helt enkelt ladda upp en GPX-fil om du har en. Om inte, kan du v\u00e4lja start- och slutpunkt f\u00f6r din rutt med hj\u00e4lp av magnetverktyget, som automatiskt sp\u00e5rar rutten l\u00e4ngs befintliga v\u00e4gar. Om din rutt inte f\u00f6ljer en befintlig v\u00e4g kan du rita den f\u00f6r hand med frihandsverktyget.<\/p> <\/div> <div class=\"schema-faq-section\" id=\"faq-question-1733750943459\"><strong class=\"schema-faq-question\">Beh\u00f6ver jag l\u00e4gga till h\u00f6jdprofilen i min cookie-banner f\u00f6r anv\u00e4ndning p\u00e5 webben?<\/strong> <p class=\"schema-faq-answer\">Nej. Oavsett om du anv\u00e4nder v\u00e5ra h\u00f6jdprofiler som statiska bilder i dina inl\u00e4gg eller g\u00f6r SVG-filerna interaktiva, kr\u00e4vs ingen insamling av cookies, vilket s\u00e4kerst\u00e4ller en oavbruten anv\u00e4ndarupplevelse.<\/p> <\/div> <\/div>\r\n\n<div style=\"height:80px\" aria-hidden=\"true\" class=\"wp-block-spacer\"><\/div>\n","protected":false},"excerpt":{"rendered":"<p>H\u00e4r kan du skapa h\u00f6jdprofiler som du kan anv\u00e4nda gratis i tryckta material och i din onlinekommunikation. Ladda bara upp din GPX-, KML- eller GeoJSON-fil nedan eller rita din rutt p\u00e5 kartan, v\u00e4lj dina inst\u00e4llningar och klicka p\u00e5 &#8221;Ladda ner&#8221;. Du f\u00e5r en SVG-fil med lager som du kan redigera i Adobe Illustrator, Photoshop eller [&hellip;]<\/p>\n","protected":false},"author":8,"featured_media":0,"parent":0,"menu_order":0,"comment_status":"closed","ping_status":"closed","template":"","meta":{"_et_pb_use_builder":"off","_et_pb_old_content":"","_et_gb_content_width":"","footnotes":""},"class_list":["post-170938","page","type-page","status-publish","hentry"],"_links":{"self":[{"href":"https:\/\/www.printmaps.net\/sv\/wp-json\/wp\/v2\/pages\/170938","targetHints":{"allow":["GET"]}}],"collection":[{"href":"https:\/\/www.printmaps.net\/sv\/wp-json\/wp\/v2\/pages"}],"about":[{"href":"https:\/\/www.printmaps.net\/sv\/wp-json\/wp\/v2\/types\/page"}],"author":[{"embeddable":true,"href":"https:\/\/www.printmaps.net\/sv\/wp-json\/wp\/v2\/users\/8"}],"replies":[{"embeddable":true,"href":"https:\/\/www.printmaps.net\/sv\/wp-json\/wp\/v2\/comments?post=170938"}],"version-history":[{"count":6,"href":"https:\/\/www.printmaps.net\/sv\/wp-json\/wp\/v2\/pages\/170938\/revisions"}],"predecessor-version":[{"id":191121,"href":"https:\/\/www.printmaps.net\/sv\/wp-json\/wp\/v2\/pages\/170938\/revisions\/191121"}],"wp:attachment":[{"href":"https:\/\/www.printmaps.net\/sv\/wp-json\/wp\/v2\/media?parent=170938"}],"curies":[{"name":"wp","href":"https:\/\/api.w.org\/{rel}","templated":true}]}}