{"id":174971,"date":"2024-06-24T20:53:15","date_gmt":"2024-06-24T19:53:15","guid":{"rendered":"https:\/\/www.printmaps.net\/wordpress-plugin-static-maps-editor\/"},"modified":"2024-06-25T22:08:22","modified_gmt":"2024-06-25T21:08:22","slug":"wordpress-plugin-static-maps-editor","status":"publish","type":"page","link":"https:\/\/www.printmaps.net\/sv\/wordpress-plugin-static-maps-editor\/","title":{"rendered":"Gratis WordPress-plugin: Static Maps Editor"},"content":{"rendered":"\n<p><p>Med pluginet Static Maps Editor kan du enkelt skapa personliga, icke-interaktiva &#8221;statisk&#8221; kartor. \u00c4ndra kartstilen, l\u00e4gg till rutter, intressanta platser och geografi-former till dina fullt anpassningsbara kartor med hj\u00e4lp av kartredigeraren som \u00e4r v\u00e4rd p\u00e5 <a href=\"\/sv\/\">Printmaps.net<\/a> och integrera dem snabbt p\u00e5 din WordPress-sida. Forts\u00e4tt l\u00e4sa f\u00f6r att ta reda p\u00e5 vad Static Maps Editor kan g\u00f6ra f\u00f6r dig eller ladda ner WordPress-pluginet via knappen nedan.<\/p><\/p>\n\n<div class=\"wp-block-buttons is-content-justification-center is-layout-flex wp-container-core-buttons-is-layout-16018d1d wp-block-buttons-is-layout-flex\">\n<div class=\"wp-block-button is-style-fill\"><a class=\"wp-block-button__link has-vivid-red-background-color has-background wp-element-button\" href=\"https:\/\/sv.wordpress.org\/plugins\/static-maps-editor\/\" style=\"border-radius:20px\"><p><strong>Ladda ner gratis fr\u00e5n WordPress Plugin Directory!<\/strong><\/p><\/a><\/div>\n<\/div>\n\n<div style=\"height:37px\" aria-hidden=\"true\" class=\"wp-block-spacer\"><\/div>\n\n<figure class=\"wp-block-image size-large\"><img fetchpriority=\"high\" fetchpriority=\"high\" decoding=\"async\" width=\"1024\" height=\"556\" src=\"https:\/\/www.printmaps.net\/wp-content\/uploads\/2023\/09\/wordpress-plugin-static-maps-editor-1024x556.png\" alt=\"Wordpress Plugin Static Maps Editor\" class=\"wp-image-153617\" srcset=\"https:\/\/www.printmaps.net\/wp-content\/uploads\/2023\/09\/wordpress-plugin-static-maps-editor-980x532.png 980w, https:\/\/www.printmaps.net\/wp-content\/uploads\/2023\/09\/wordpress-plugin-static-maps-editor-480x261.png 480w\" sizes=\"(min-width: 0px) and (max-width: 480px) 480px, (min-width: 481px) and (max-width: 980px) 980px, (min-width: 981px) 1024px, 100vw\" \/><\/figure>\n<p><\/p>\n\n<h2 class=\"wp-block-heading\">Varf\u00f6r ska jag anv\u00e4nda Static Maps Editor?<\/h2>\n\n<p><\/p>\n\n<h3 class=\"wp-block-heading\">1. Det f\u00f6rsta WordPress-pluginet f\u00f6r att redigera icke-interaktiva kartor<\/h3>\n\n<p>Medan det finns dussintals plugins p\u00e5 WordPress att v\u00e4lja mellan f\u00f6r att passa dina behov av interaktiva kartor, \u00e4r Static Maps Editor det f\u00f6rsta pluginet som l\u00e5ter dig redigera kartor helt och h\u00e5llet inom din WordPress back-end.<\/p>\n\n<p><\/p>\n\n<h3 class=\"wp-block-heading\">2. Spara tid utan att f\u00f6rlora kvalitet<\/h3>\n\n<p>Om du ofta beh\u00f6ver kartor f\u00f6r din reseblogg, fastighetsannonser eller turismwebbplats, kan du spara mycket tid p\u00e5 ditt arbetsfl\u00f6de genom att eliminera de extra stegen. Att skapa kartor med Static Maps Editor \u00e4r enkelt och snabbt. Anv\u00e4nd all den extra tiden till att f\u00f6rfina dina kartor efter eget \u00f6nskem\u00e5l och skapa i\u00f6gonfallande konstverk till f\u00f6rm\u00e5n f\u00f6r din publik eller dina kunder.<\/p>\n\n<p><\/p>\n\n<h3 class=\"wp-block-heading\">3. L\u00e4gg till v\u00e4rde till ditt inneh\u00e5ll<\/h3>\n\n<p>Tilltalande statiska kartor kan f\u00f6rb\u00e4ttra l\u00e4sarens upplevelse genom att ge visuellt sammanhang till dina artiklar och hj\u00e4lpa l\u00e4sarna att visualisera n\u00e4mnda platser. De kan f\u00f6renkla komplex information, visa resv\u00e4gar, framh\u00e4va geografiska platser och g\u00f6ra inneh\u00e5llet mer engagerande.<\/p>\n\n<p><\/p>\n\n<h3 class=\"wp-block-heading\">4. Skapa mer trafik till din webbplats<\/h3>\n\n<p>SEO \u00e4r ett viktigt \u00e4mne f\u00f6r \u00e4gare av webbplatsdom\u00e4ner som vill \u00f6ka eller beh\u00e5lla trafiken. Om det g\u00f6rs korrekt kan statiska kartor hj\u00e4lpa dig med detta. De f\u00e4rdiga kartorna sparas i din WordPress Mediabiblioteket som PNG-filer, vilka du kan integrera i dina sidor ovanf\u00f6r vikningen f\u00f6r att ge inneh\u00e5llsvariation f\u00f6r Googles s\u00f6kalgoritm och integrera en alt-text f\u00f6r att st\u00e4rka de nyckelord som din webbplats kan hittas f\u00f6r. Dessutom kommer de statiska kartorna att visas i Google Bilders s\u00f6kning, vilket ger en ytterligare v\u00e4g f\u00f6r potentiella l\u00e4sare.<\/p>\n\n<p><\/p>\n\n<h3 class=\"wp-block-heading\">5. H\u00e5ll din webbplats snabb<\/h3>\n\n<p>Som vi vet finns det inget som avskr\u00e4cker en villig l\u00e4sare s\u00e5 snabbt som en webbplats som inte laddas snabbt. Statiska kartor laddas lika snabbt som vilken annan PNG-fil som helst och belastar inte din webbplats i on\u00f6dan, vilket h\u00e5ller den lika snabb som alltid.<\/p>\n\n<p><\/p>\n\n<h2 class=\"wp-block-heading\">Hur du anv\u00e4nder Static Maps Editor:<\/h2>\n\n<ul class=\"wp-block-list\">\n<li><p>F\u00f6lj nedladdningsinstruktionerna i <a href=\"https:\/\/wordpress.org\/plugins\/static-maps-editor\/\">WordPress Plugin Directory<\/a><\/p><\/li>\n\n\n\n<li>Skapa och anpassa kartor efter eget \u00f6nskem\u00e5l<\/li>\n\n\n\n<li><p>Kartbilder lagras och hostas av din WordPress-installation, inom din <strong>Mediabiblioteket<\/strong><\/p><\/li>\n\n\n\n<li>Alla bilder lagras lokalt i din uppladdningsmapp, som vanligt.<\/li>\n<\/ul>\n\n<p><\/p>\n\n<h3 class=\"wp-block-heading\">Redigeringsfunktioner:<\/h3>\n\n<ul class=\"wp-block-list\">\n<li>Kartl\u00e4gg globalt<\/li>\n\n\n\n<li>V\u00e4lj mellan olika kartstilar<\/li>\n\n\n\n<li>Skapa rutter<\/li>\n\n\n\n<li>Markera punkter p\u00e5 kartan med n\u00e5lar<\/li>\n\n\n\n<li>Markera geografiska omr\u00e5den<\/li>\n\n\n\n<li>Visa h\u00f6jd<\/li>\n\n\n\n<li>Anpassa designen<\/li>\n\n\n\n<li>Luta eller rotera<\/li>\n<\/ul>\n\n<p>Static Maps Editor \u00e4r kompatibel med alla andra plugins som hanterar bilder och \u00e4r 100 % GDPR-kompatibel.<\/p>\n\n<p><\/p>\n\n<h3 class=\"wp-block-heading\">Exempel skapade med plugin-programmet Static Maps Editor:<\/h3>\n\n<figure class=\"wp-block-gallery has-nested-images columns-default is-cropped wp-block-gallery-1 is-layout-flex wp-block-gallery-is-layout-flex\">\n<figure class=\"wp-block-image size-large\"><img decoding=\"async\" width=\"1024\" height=\"665\" data-id=\"63054\" src=\"https:\/\/www.printmaps.net\/wp-content\/uploads\/2020\/05\/Real-Estate-Flyers-1024x665.png\" alt=\"Sk&#xE4;rmdump av POI-karta\" class=\"wp-image-63054\" srcset=\"https:\/\/www.printmaps.net\/wp-content\/uploads\/2020\/05\/Real-Estate-Flyers-980x636.png 980w, https:\/\/www.printmaps.net\/wp-content\/uploads\/2020\/05\/Real-Estate-Flyers-480x312.png 480w\" sizes=\"(min-width: 0px) and (max-width: 480px) 480px, (min-width: 481px) and (max-width: 980px) 980px, (min-width: 981px) 1024px, 100vw\" \/><\/figure>\n\n\n<figure class=\"wp-block-image size-large\"><img decoding=\"async\" width=\"1024\" height=\"722\" data-id=\"70205\" src=\"https:\/\/www.printmaps.net\/wp-content\/uploads\/2020\/10\/printable-maps-photobook-1-1024x722.png\" alt=\"Sk&#xE4;rmdump av ruttkarta\" class=\"wp-image-70205\" srcset=\"https:\/\/www.printmaps.net\/wp-content\/uploads\/2020\/10\/printable-maps-photobook-1-980x691.png 980w, https:\/\/www.printmaps.net\/wp-content\/uploads\/2020\/10\/printable-maps-photobook-1-480x339.png 480w\" sizes=\"(min-width: 0px) and (max-width: 480px) 480px, (min-width: 481px) and (max-width: 980px) 980px, (min-width: 981px) 1024px, 100vw\" \/><\/figure>\n\n\n<figure class=\"wp-block-image size-large\"><img loading=\"lazy\" loading=\"lazy\" decoding=\"async\" width=\"1024\" height=\"768\" data-id=\"70226\" src=\"https:\/\/www.printmaps.net\/wp-content\/uploads\/2020\/10\/800x600@2x-1024x768.png\" alt=\"Sk&#xE4;rmdump av monokrom karta\" class=\"wp-image-70226\" srcset=\"https:\/\/www.printmaps.net\/wp-content\/uploads\/2020\/10\/800x600@2x-980x735.png 980w, https:\/\/www.printmaps.net\/wp-content\/uploads\/2020\/10\/800x600@2x-480x360.png 480w\" sizes=\"auto, (min-width: 0px) and (max-width: 480px) 480px, (min-width: 481px) and (max-width: 980px) 980px, (min-width: 981px) 1024px, 100vw\" \/><\/figure>\n\n\n<figure class=\"wp-block-image size-large\"><img loading=\"lazy\" loading=\"lazy\" decoding=\"async\" width=\"1024\" height=\"714\" data-id=\"70195\" src=\"https:\/\/www.printmaps.net\/wp-content\/uploads\/2020\/10\/photobook-travel-map-1024x714.png\" alt=\"sk&#xE4;rmdump av ruttkarta\" class=\"wp-image-70195\" srcset=\"https:\/\/www.printmaps.net\/wp-content\/uploads\/2020\/10\/photobook-travel-map-980x683.png 980w, https:\/\/www.printmaps.net\/wp-content\/uploads\/2020\/10\/photobook-travel-map-480x335.png 480w\" sizes=\"auto, (min-width: 0px) and (max-width: 480px) 480px, (min-width: 481px) and (max-width: 980px) 980px, (min-width: 981px) 1024px, 100vw\" \/><\/figure><\/figure>\n\n<div style=\"height:55px\" aria-hidden=\"true\" class=\"wp-block-spacer\"><\/div>\n\n<div class=\"wp-block-buttons is-content-justification-center is-layout-flex wp-container-core-buttons-is-layout-16018d1d wp-block-buttons-is-layout-flex\">\n<div class=\"wp-block-button is-style-fill\"><a class=\"wp-block-button__link has-vivid-red-background-color has-background wp-element-button\" href=\"https:\/\/sv.wordpress.org\/plugins\/static-maps-editor\/\" style=\"border-radius:20px\"><p><strong>B\u00f6rja kartl\u00e4gga med n\u00e5gra f\u00e5 klick!<\/strong><\/p><\/a><\/div>\n<\/div>\n\n<div style=\"height:49px\" aria-hidden=\"true\" class=\"wp-block-spacer\"><\/div>\n","protected":false},"excerpt":{"rendered":"<p>Med pluginet Static Maps Editor kan du enkelt skapa personliga, icke-interaktiva &#8221;statisk&#8221; kartor. \u00c4ndra kartstilen, l\u00e4gg till rutter, intressanta platser och geografi-former till dina fullt anpassningsbara kartor med hj\u00e4lp av kartredigeraren som \u00e4r v\u00e4rd p\u00e5 Printmaps.net och integrera dem snabbt p\u00e5 din WordPress-sida. Forts\u00e4tt l\u00e4sa f\u00f6r att ta reda p\u00e5 vad Static Maps Editor kan [&hellip;]<\/p>\n","protected":false},"author":5,"featured_media":0,"parent":0,"menu_order":0,"comment_status":"closed","ping_status":"closed","template":"","meta":{"_et_pb_use_builder":"","_et_pb_old_content":"","_et_gb_content_width":"","footnotes":""},"class_list":["post-174971","page","type-page","status-publish","hentry"],"_links":{"self":[{"href":"https:\/\/www.printmaps.net\/sv\/wp-json\/wp\/v2\/pages\/174971","targetHints":{"allow":["GET"]}}],"collection":[{"href":"https:\/\/www.printmaps.net\/sv\/wp-json\/wp\/v2\/pages"}],"about":[{"href":"https:\/\/www.printmaps.net\/sv\/wp-json\/wp\/v2\/types\/page"}],"author":[{"embeddable":true,"href":"https:\/\/www.printmaps.net\/sv\/wp-json\/wp\/v2\/users\/5"}],"replies":[{"embeddable":true,"href":"https:\/\/www.printmaps.net\/sv\/wp-json\/wp\/v2\/comments?post=174971"}],"version-history":[{"count":1,"href":"https:\/\/www.printmaps.net\/sv\/wp-json\/wp\/v2\/pages\/174971\/revisions"}],"predecessor-version":[{"id":174972,"href":"https:\/\/www.printmaps.net\/sv\/wp-json\/wp\/v2\/pages\/174971\/revisions\/174972"}],"wp:attachment":[{"href":"https:\/\/www.printmaps.net\/sv\/wp-json\/wp\/v2\/media?parent=174971"}],"curies":[{"name":"wp","href":"https:\/\/api.w.org\/{rel}","templated":true}]}}