{"id":200287,"date":"2025-03-06T16:09:44","date_gmt":"2025-03-06T15:09:44","guid":{"rendered":"https:\/\/www.printmaps.net\/platsanalyskarta\/"},"modified":"2025-10-24T14:22:23","modified_gmt":"2025-10-24T13:22:23","slug":"platsanalyskarta","status":"publish","type":"page","link":"https:\/\/www.printmaps.net\/sv\/platsanalyskarta\/","title":{"rendered":"Platsanalyskarta \u2013 Online-editor f\u00f6r arkitektur och design"},"content":{"rendered":"\n<div class=\"wp-block-columns is-layout-flex wp-container-core-columns-is-layout-9d6595d7 wp-block-columns-is-layout-flex\">\n<div class=\"wp-block-column is-layout-flow wp-block-column-is-layout-flow\" style=\"flex-basis:66.66%\">\n<figure class=\"wp-block-image size-large\"><img fetchpriority=\"high\" fetchpriority=\"high\" decoding=\"async\" width=\"564\" height=\"752\" src=\"https:\/\/www.printmaps.net\/wp-content\/uploads\/2020\/05\/Image-from-FRPO-Rodriguez-Oriol-Architects.jpg\" alt=\"platsanalyskarta\" class=\"wp-image-62577\" srcset=\"https:\/\/www.printmaps.net\/wp-content\/uploads\/2020\/05\/Image-from-FRPO-Rodriguez-Oriol-Architects.jpg 564w, https:\/\/www.printmaps.net\/wp-content\/uploads\/2020\/05\/Image-from-FRPO-Rodriguez-Oriol-Architects-480x640.jpg 480w\" sizes=\"(min-width: 0px) and (max-width: 480px) 480px, (min-width: 481px) 564px, 100vw\" \/><\/figure>\n\n\n<div style=\"height:143px\" aria-hidden=\"true\" class=\"wp-block-spacer\"><\/div>\n<\/div>\n\n\n\n<div class=\"wp-block-column is-layout-flow wp-block-column-is-layout-flow\" style=\"flex-basis:33.33%\">\n<p><p><strong>Arkitektur- och designproffs<\/strong> anv\u00e4nder kartor p\u00e5 olika s\u00e4tt f\u00f6r platsanalys. Idag vill man inte presentera l\u00e5nga texter och siffror f\u00f6r kunder och kollegor. Att anv\u00e4nda visuellt inspirerande kartor f\u00f6r att <strong>illustrera platsdata<\/strong> hj\u00e4lper b\u00e5de till att b\u00e4ttre informera kunder och kollegor samt att driva den kreativa processen under <strong>platsanalysen<\/strong>.<\/p><\/p>\n\n\n\n<p><p>Printmaps-editorn importerar data fr\u00e5n <a href=\"https:\/\/www.openstreetmap.org\/\">OpenStreetMap<\/a> och g\u00f6r det enkelt att komma \u00e5t och redigera kartan direkt i editorn med former, filterbara lager, rutter och intressanta platser. Det slutliga resultatet kan laddas ner som en h\u00f6guppl\u00f6st PNG eller en lagerindelad PSD- eller SVG-fil.<\/p><\/p>\n\n\n\n<p><p>Utforska <a href=\"\/sv\/funktioner\/\">funktionerna i v\u00e5r online-editor<\/a> och hur du kan anv\u00e4nda dem.<\/p><\/p>\n\n\n\n<div style=\"height:100px\" aria-hidden=\"true\" class=\"wp-block-spacer\"><\/div>\n\n\n\n<div class=\"wp-block-buttons is-content-justification-center is-layout-flex wp-container-core-buttons-is-layout-16018d1d wp-block-buttons-is-layout-flex\">\n<div class=\"wp-block-button has-custom-font-size\" style=\"font-size:18px\"><a class=\"wp-block-button__link has-background wp-element-button\" href=\"https:\/\/www.printmaps.net\/sv\/\" style=\"border-radius:10px;background-color:#e5017e\"><p><strong>B\u00f6rja kartl\u00e4gga nu, ingen registrering beh\u00f6vs<\/strong><\/p><\/a><\/div>\n<\/div>\n<\/div>\n<\/div>\n\n<div style=\"height:43px\" aria-hidden=\"true\" class=\"wp-block-spacer\"><\/div>\n\n<div class=\"wp-block-columns is-layout-flex wp-container-core-columns-is-layout-9d6595d7 wp-block-columns-is-layout-flex\">\n<div class=\"wp-block-column is-layout-flow wp-block-column-is-layout-flow\" style=\"flex-basis:33.33%\">\n<p><\/p>\n\n\n\n<h3 class=\"wp-block-heading\">Anv\u00e4nd en lagerindelad karta fr\u00e5n v\u00e5r platsanalysgenerator<\/h3>\n\n\n\n<p><p>Arkitektur- och designproffs har olika s\u00e4tt att presentera sin platsanalys, och alla innefattar anv\u00e4ndning av kartor. Eftersom <strong>Adobe Illustrator<\/strong> eller <strong>Photoshop<\/strong> troligen redan \u00e4r ett v\u00e4lbekant verktyg f\u00f6r visualisering av data, kvarst\u00e5r fr\u00e5gan: var hittar man en <strong>h\u00f6guppl\u00f6st karta<\/strong>, helst redan <strong>lagerindelad och m\u00e4rkt<\/strong>?<\/p><\/p>\n<\/div>\n\n\n\n<div class=\"wp-block-column is-layout-flow wp-block-column-is-layout-flow\" style=\"flex-basis:66.66%\"><div class=\"wp-block-image\">\n<figure class=\"alignright size-large\"><img decoding=\"async\" width=\"564\" height=\"534\" src=\"https:\/\/www.printmaps.net\/wp-content\/uploads\/2020\/05\/Image-from-Marlon-Blackwell-Architects.jpg\" alt=\"Platsanalysgenerator\" class=\"wp-image-62578\" srcset=\"https:\/\/www.printmaps.net\/wp-content\/uploads\/2020\/05\/Image-from-Marlon-Blackwell-Architects.jpg 564w, https:\/\/www.printmaps.net\/wp-content\/uploads\/2020\/05\/Image-from-Marlon-Blackwell-Architects-480x454.jpg 480w\" sizes=\"(min-width: 0px) and (max-width: 480px) 480px, (min-width: 481px) 564px, 100vw\" \/><\/figure><\/div>\n\n\n<div style=\"height:100px\" aria-hidden=\"true\" class=\"wp-block-spacer\"><\/div>\n<\/div>\n<\/div>\n\n<div style=\"height:60px\" aria-hidden=\"true\" class=\"wp-block-spacer\"><\/div>\n\n<div class=\"wp-block-columns is-layout-flex wp-container-core-columns-is-layout-9d6595d7 wp-block-columns-is-layout-flex\">\n<div class=\"wp-block-column is-layout-flow wp-block-column-is-layout-flow\" style=\"flex-basis:66.66%\">\n<figure class=\"wp-block-image size-large\"><img decoding=\"async\" src=\"https:\/\/www.printmaps.net\/wp-content\/uploads\/2020\/06\/layered-map-in-illustrator.png\" alt=\"Karta f&#xF6;r platsanalys\" class=\"wp-image-64211\"\/><\/figure><\/div>\n\n\n\n<div class=\"wp-block-column is-layout-flow wp-block-column-is-layout-flow\" style=\"flex-basis:33.33%\">\n<h3 class=\"wp-block-heading\">H\u00e4r kommer Printmaps in i bilden<\/h3>\n\n\n\n<p>P\u00e5 bara n\u00e5gra minuter kan du ladda ner en lagerindelad karta. Med online-karteditorn kan du <strong>v\u00e4lja en plats, applicera filter och l\u00e4gga till former och inneh\u00e5ll<\/strong>. Ta emot en PSD- eller SVG-fil med lager och b\u00f6rja redigera i ditt f\u00f6redragna program.<\/p>\n\n\n\n<p>Det slutliga resultatet \u00e4r h\u00f6guppl\u00f6st och l\u00e4mpar sig f\u00f6r tryck av h\u00f6g kvalitet, med en maximal storlek p\u00e5 1330mm x 1330mm.<\/p>\n\n\n\n<p>D\u00e4rf\u00f6r \u00e4r en Printmap den perfekta grunden f\u00f6r en platsanalys.<\/p>\n\n\n\n<p><p><a href=\"https:\/\/support.printmaps.net\/sv-SE\/support\/tickets\/new\">Kontakta oss<\/a> f\u00f6r <strong>information om fasta prisalternativ<\/strong>.<\/p><\/p>\n<\/div>\n<\/div>\n\n<div style=\"height:72px\" aria-hidden=\"true\" class=\"wp-block-spacer\"><\/div>\n\n<div class=\"wp-block-group\"><div class=\"wp-block-group__inner-container is-layout-constrained wp-block-group-is-layout-constrained\">\n<h2 class=\"wp-block-heading has-text-align-center has-large-font-size\" style=\"font-style:normal;font-weight:700\">Prova Printmaps<\/h2>\n\n\n\n<p class=\"has-text-align-center has-medium-font-size\">Med v\u00e5r kartredigerare kan du skapa utskrivbara kartor \u00f6ver hela v\u00e4rlden p\u00e5 nolltid.<\/p>\n\n\n\n<div style=\"height:15px\" aria-hidden=\"true\" class=\"wp-block-spacer\"><\/div>\n\n\n\n<div class=\"wp-block-buttons is-content-justification-center is-layout-flex wp-container-core-buttons-is-layout-16018d1d wp-block-buttons-is-layout-flex\">\n<div class=\"wp-block-button has-custom-font-size\" style=\"font-size:18px\"><a class=\"wp-block-button__link has-background wp-element-button\" href=\"https:\/\/www.printmaps.net\/sv\/\" style=\"border-radius:10px;background-color:#e5017e\"><p><strong>Skapa din f\u00f6rsta karta nu<\/strong><\/p><\/a><\/div>\n<\/div>\n<\/div><\/div>\n\n<div style=\"height:77px\" aria-hidden=\"true\" class=\"wp-block-spacer\"><\/div>\n\n<div class=\"schema-faq wp-block-yoast-faq-block\"><div class=\"schema-faq-section\" id=\"faq-question-1750417966569\"><strong class=\"schema-faq-question\">Hur g\u00f6r jag en platsanalyskarta?<\/strong> <p class=\"schema-faq-answer\">B\u00f6rja med att tydligt definiera vilket kartomr\u00e5de du vill visa. V\u00e4lj zoomniv\u00e5 och kartans storlek utifr\u00e5n anv\u00e4ndningsfallet, allts\u00e5 en inzoomad vy av kvarteret eller en utzoomad vy av det st\u00f6rre omr\u00e5det. V\u00e4lj vilka element som \u00e4r mest l\u00e4mpliga att lyfta fram: milj\u00f6faktorer (solens bana, vindexponering), fastighetsgr\u00e4nser, befintliga byggnader och naturliga inslag.<\/p> <\/div> <div class=\"schema-faq-section\" id=\"faq-question-1757673170091\"><strong class=\"schema-faq-question\">Vad \u00e4r en platsanalyskarta?<\/strong> <p class=\"schema-faq-answer\">Inom arkitektur \u00e4r det en visuell sammanfattning av en projektsite och dess kontext som v\u00e4gleder tidiga designbeslut. Den visar vanligtvis gr\u00e4nser, tillfarter, byggnader, markanv\u00e4ndning, topografi, hydrologi, vegetation, ledningar och regleringsm\u00e4ssiga begr\u00e4nsningar.<\/p> <\/div> <div class=\"schema-faq-section\" id=\"faq-question-1757676678010\"><strong class=\"schema-faq-question\">Inneh\u00e5ller kartan byggnader och andra baslager?<\/strong> <p class=\"schema-faq-answer\">Ja. Editorn anv\u00e4nder OpenStreetMap-data och beh\u00e5ller kartlager (t.ex. v\u00e4gar, byggnader) som du kan visa\/d\u00f6lja eller f\u00f6renkla.<\/p> <\/div> <div class=\"schema-faq-section\" id=\"faq-question-1757679315520\"><strong class=\"schema-faq-question\">Kan jag f\u00f6renkla baskartan f\u00f6r att minska visuellt brus?<\/strong> <p class=\"schema-faq-answer\">Ja. Visa\/d\u00f6lj funktioner och minska kartans detaljniv\u00e5. Du styr om basen ser minimalistisk eller rik ut.<\/p> <\/div> <\/div>\n","protected":false},"excerpt":{"rendered":"<p>Arkitektur- och designproffs anv\u00e4nder kartor p\u00e5 olika s\u00e4tt f\u00f6r platsanalys. Idag vill man inte presentera l\u00e5nga texter och siffror f\u00f6r kunder och kollegor. Att anv\u00e4nda visuellt inspirerande kartor f\u00f6r att illustrera platsdata hj\u00e4lper b\u00e5de till att b\u00e4ttre informera kunder och kollegor samt att driva den kreativa processen under platsanalysen. Printmaps-editorn importerar data fr\u00e5n OpenStreetMap och [&hellip;]<\/p>\n","protected":false},"author":19,"featured_media":0,"parent":0,"menu_order":0,"comment_status":"closed","ping_status":"closed","template":"","meta":{"_et_pb_use_builder":"off","_et_pb_old_content":"","_et_gb_content_width":"","footnotes":""},"class_list":["post-200287","page","type-page","status-publish","hentry"],"_links":{"self":[{"href":"https:\/\/www.printmaps.net\/sv\/wp-json\/wp\/v2\/pages\/200287","targetHints":{"allow":["GET"]}}],"collection":[{"href":"https:\/\/www.printmaps.net\/sv\/wp-json\/wp\/v2\/pages"}],"about":[{"href":"https:\/\/www.printmaps.net\/sv\/wp-json\/wp\/v2\/types\/page"}],"author":[{"embeddable":true,"href":"https:\/\/www.printmaps.net\/sv\/wp-json\/wp\/v2\/users\/19"}],"replies":[{"embeddable":true,"href":"https:\/\/www.printmaps.net\/sv\/wp-json\/wp\/v2\/comments?post=200287"}],"version-history":[{"count":2,"href":"https:\/\/www.printmaps.net\/sv\/wp-json\/wp\/v2\/pages\/200287\/revisions"}],"predecessor-version":[{"id":222121,"href":"https:\/\/www.printmaps.net\/sv\/wp-json\/wp\/v2\/pages\/200287\/revisions\/222121"}],"wp:attachment":[{"href":"https:\/\/www.printmaps.net\/sv\/wp-json\/wp\/v2\/media?parent=200287"}],"curies":[{"name":"wp","href":"https:\/\/api.w.org\/{rel}","templated":true}]}}