{"id":211745,"date":"2025-07-01T10:21:27","date_gmt":"2025-07-01T09:21:27","guid":{"rendered":"https:\/\/www.printmaps.net\/skapa-vektorkartor\/"},"modified":"2025-07-01T10:21:28","modified_gmt":"2025-07-01T09:21:28","slug":"skapa-vektorkartor","status":"publish","type":"page","link":"https:\/\/www.printmaps.net\/sv\/skapa-vektorkartor\/","title":{"rendered":"Skapa vektorkartor online f\u00f6r grafisk design"},"content":{"rendered":"\n<p><p>Med <a href=\"\/sv\/\">Printmaps<\/a> kan du skapa vektorkartor online utan GIS- eller kartkunskaper. Skapa h\u00f6guppl\u00f6sta kartor och exportera som SVG- eller PSD-filer med lager, perfekta f\u00f6r redigering i <strong>Adobe Illustrator, InDesign, Photoshop eller Figma<\/strong>. <a href=\"\/sv\/agenturer\/\">M\u00e5nga designers<\/a> anv\u00e4nder redan Printmaps i sina projekt.<\/p><\/p>\n\n<div style=\"height:37px\" aria-hidden=\"true\" class=\"wp-block-spacer\"><\/div>\n\n<div class=\"wp-block-buttons is-content-justification-center is-layout-flex wp-container-core-buttons-is-layout-16018d1d wp-block-buttons-is-layout-flex\">\n<div class=\"wp-block-button has-custom-font-size\" style=\"font-size:18px\"><a class=\"wp-block-button__link has-background wp-element-button\" href=\"https:\/\/www.printmaps.net\/sv\/\" style=\"border-radius:10px;background-color:#e5017e\"><p><strong>B\u00f6rja kartl\u00e4gga nu, ingen registrering beh\u00f6vs<\/strong><\/p><\/a><\/div>\n<\/div>\n\n<div style=\"height:70px\" aria-hidden=\"true\" class=\"wp-block-spacer\"><\/div>\n<div class=\"wp-block-image\">\n<figure class=\"alignright size-full is-resized\"><img fetchpriority=\"high\" fetchpriority=\"high\" decoding=\"async\" width=\"834\" height=\"670\" src=\"https:\/\/www.printmaps.net\/wp-content\/uploads\/2020\/06\/layered-map-in-illustrator.png\" alt=\"vektorkarta illustrator\" class=\"wp-image-63982\" style=\"width:620px;height:auto\" srcset=\"https:\/\/www.printmaps.net\/wp-content\/uploads\/2020\/06\/layered-map-in-illustrator.png 834w, https:\/\/www.printmaps.net\/wp-content\/uploads\/2020\/06\/layered-map-in-illustrator-480x386.png 480w\" sizes=\"(min-width: 0px) and (max-width: 480px) 480px, (min-width: 481px) 834px, 100vw\" \/><\/figure><\/div>\n<h2 class=\"wp-block-heading\">Varf\u00f6r vektorkartor \u00e4r idealiska f\u00f6r grafisk design<\/h2>\n\n<p><p>F\u00f6r professionella layouter, b\u00e5de digitalt och i tryck, ger anpassningsbara vektorkartor flexibilitet och kontroll i designprocessen. SVG-filer fungerar smidigt i <strong>Illustrator, InDesign och Figma<\/strong>, vilket g\u00f6r det enkelt att skala och justera element utan kvalitetsf\u00f6rlust.<br\/>F\u00f6r pixelredigering ger PSD-filer med lager samma kontroll i Photoshop. F\u00f6r de flesta grafiska arbetsfl\u00f6den \u00e4r vektorkartor dock det mest m\u00e5ngsidiga alternativet.<\/p><\/p>\n\n<p><strong>Filformat som st\u00f6ds:<\/strong><\/p>\n\n<ul class=\"wp-block-list\">\n<li>PNG (300 dpi) upp till 220 mm x 220 mm<\/li>\n\n\n\n<li>PSD (300 dpi) upp till 660 mm x 660 mm<\/li>\n\n\n\n<li>SVG (skalbar uppl\u00f6sning)<\/li>\n<\/ul>\n\n<div style=\"height:112px\" aria-hidden=\"true\" class=\"wp-block-spacer\"><\/div>\n<div class=\"wp-block-image\">\n<figure class=\"alignleft size-full is-resized\"><img decoding=\"async\" width=\"765\" height=\"531\" src=\"https:\/\/www.printmaps.net\/wp-content\/uploads\/2020\/10\/mallorca.jpg\" alt=\"Exempel p&#xE5; SVG-vektorkarta\" class=\"wp-image-70214\" style=\"width:700px;height:auto\" srcset=\"https:\/\/www.printmaps.net\/wp-content\/uploads\/2020\/10\/mallorca.jpg 765w, https:\/\/www.printmaps.net\/wp-content\/uploads\/2020\/10\/mallorca-480x333.jpg 480w\" sizes=\"(min-width: 0px) and (max-width: 480px) 480px, (min-width: 481px) 765px, 100vw\" \/><\/figure><\/div>\n<h2 class=\"wp-block-heading\">Flexibla f\u00f6r alla grafiska projekt<\/h2>\n\n<p>V\u00e5rt onlineverktyg f\u00f6r att skapa vektorkartor anv\u00e4nds av designers inom olika branscher. Fr\u00e5n redaktionell design till marknadsf\u00f6ringsmaterial \u2013 vektorkartor \u00e4r en m\u00e5ngsidig grund f\u00f6r grafiska projekt. Tidningslayouter anv\u00e4nder tydliga kartor f\u00f6r att illustrera artiklar, evenemangsaffischer drar nytta av l\u00e4ttl\u00e4sta kartor f\u00f6r att guida bes\u00f6kare, och i infografik hj\u00e4lper kartor till att visualisera data och trender.<\/p>\n\n<div style=\"height:124px\" aria-hidden=\"true\" class=\"wp-block-spacer\"><\/div>\n<div class=\"wp-block-image\">\n<figure class=\"alignright size-large is-resized\"><img decoding=\"async\" width=\"1024\" height=\"576\" src=\"https:\/\/www.printmaps.net\/wp-content\/uploads\/2024\/09\/print-map-1-1024x576.png\" alt=\"skapa vektorkartor\" class=\"wp-image-183002\" style=\"width:762px;height:auto\" srcset=\"https:\/\/www.printmaps.net\/wp-content\/uploads\/2024\/09\/print-map-1-980x551.png 980w, https:\/\/www.printmaps.net\/wp-content\/uploads\/2024\/09\/print-map-1-480x270.png 480w\" sizes=\"(min-width: 0px) and (max-width: 480px) 480px, (min-width: 481px) and (max-width: 980px) 980px, (min-width: 981px) 1024px, 100vw\" \/><\/figure><\/div>\n<h2 class=\"wp-block-heading has-text-align-left\">Funktioner i v\u00e5rt verktyg f\u00f6r att skapa vektorkartor<\/h2>\n\n<ul class=\"wp-block-list\">\n<li>Online-redigerare med global t\u00e4ckning<\/li>\n\n\n\n<li>V\u00e4lj mellan olika kartstilar<\/li>\n\n\n\n<li>Visa\/d\u00f6lj etiketter och element<\/li>\n\n\n\n<li>L\u00e4gg till mark\u00f6rer, rutter och former<\/li>\n\n\n\n<li>Ladda upp GPX-, KML- eller GeoJSON-filer<\/li>\n\n\n\n<li><p>L\u00e4s mer <a href=\"\/sv\/funktioner\/\">h\u00e4r<\/a><\/p><\/li>\n<\/ul>\n\n<div style=\"height:118px\" aria-hidden=\"true\" class=\"wp-block-spacer\"><\/div>\n\n<div class=\"wp-block-group\"><div class=\"wp-block-group__inner-container is-layout-constrained wp-block-group-is-layout-constrained\">\n<h2 class=\"wp-block-heading has-text-align-center has-large-font-size\" style=\"font-style:normal;font-weight:700\">Prova Printmaps<\/h2>\n\n\n\n<p class=\"has-text-align-center has-medium-font-size\">Med v\u00e5r kartredigerare kan du skapa utskrivbara kartor \u00f6ver hela v\u00e4rlden p\u00e5 nolltid.<\/p>\n\n\n\n<div style=\"height:15px\" aria-hidden=\"true\" class=\"wp-block-spacer\"><\/div>\n\n\n\n<div class=\"wp-block-buttons is-content-justification-center is-layout-flex wp-container-core-buttons-is-layout-16018d1d wp-block-buttons-is-layout-flex\">\n<div class=\"wp-block-button has-custom-font-size\" style=\"font-size:18px\"><a class=\"wp-block-button__link has-background wp-element-button\" href=\"https:\/\/www.printmaps.net\/sv\/\" style=\"border-radius:10px;background-color:#e5017e\"><p><strong>Skapa din f\u00f6rsta karta nu<\/strong><\/p><\/a><\/div>\n<\/div>\n<\/div><\/div>\n\n<div style=\"height:137px\" aria-hidden=\"true\" class=\"wp-block-spacer\"><\/div>\n","protected":false},"excerpt":{"rendered":"<p>Med Printmaps kan du skapa vektorkartor online utan GIS- eller kartkunskaper. Skapa h\u00f6guppl\u00f6sta kartor och exportera som SVG- eller PSD-filer med lager, perfekta f\u00f6r redigering i Adobe Illustrator, InDesign, Photoshop eller Figma. M\u00e5nga designers anv\u00e4nder redan Printmaps i sina projekt. Varf\u00f6r vektorkartor \u00e4r idealiska f\u00f6r grafisk design F\u00f6r professionella layouter, b\u00e5de digitalt och i tryck, [&hellip;]<\/p>\n","protected":false},"author":23,"featured_media":0,"parent":0,"menu_order":0,"comment_status":"closed","ping_status":"closed","template":"","meta":{"_et_pb_use_builder":"","_et_pb_old_content":"","_et_gb_content_width":"","footnotes":""},"class_list":["post-211745","page","type-page","status-publish","hentry"],"_links":{"self":[{"href":"https:\/\/www.printmaps.net\/sv\/wp-json\/wp\/v2\/pages\/211745","targetHints":{"allow":["GET"]}}],"collection":[{"href":"https:\/\/www.printmaps.net\/sv\/wp-json\/wp\/v2\/pages"}],"about":[{"href":"https:\/\/www.printmaps.net\/sv\/wp-json\/wp\/v2\/types\/page"}],"author":[{"embeddable":true,"href":"https:\/\/www.printmaps.net\/sv\/wp-json\/wp\/v2\/users\/23"}],"replies":[{"embeddable":true,"href":"https:\/\/www.printmaps.net\/sv\/wp-json\/wp\/v2\/comments?post=211745"}],"version-history":[{"count":1,"href":"https:\/\/www.printmaps.net\/sv\/wp-json\/wp\/v2\/pages\/211745\/revisions"}],"predecessor-version":[{"id":211746,"href":"https:\/\/www.printmaps.net\/sv\/wp-json\/wp\/v2\/pages\/211745\/revisions\/211746"}],"wp:attachment":[{"href":"https:\/\/www.printmaps.net\/sv\/wp-json\/wp\/v2\/media?parent=211745"}],"curies":[{"name":"wp","href":"https:\/\/api.w.org\/{rel}","templated":true}]}}