{"id":235237,"date":"2026-03-16T11:10:28","date_gmt":"2026-03-16T10:10:28","guid":{"rendered":"https:\/\/www.printmaps.net\/harita-posteri-olustur\/"},"modified":"2026-03-16T11:10:29","modified_gmt":"2026-03-16T10:10:29","slug":"harita-posteri-olustur","status":"publish","type":"page","link":"https:\/\/www.printmaps.net\/tr\/harita-posteri-olustur\/","title":{"rendered":"Printmaps edit\u00f6r\u00fcyle harita posteri olu\u015fturun"},"content":{"rendered":"\n<div style=\"height:100px\" aria-hidden=\"true\" class=\"wp-block-spacer\"><\/div>\n\n<div class=\"wp-block-columns is-layout-flex wp-container-core-columns-is-layout-9d6595d7 wp-block-columns-is-layout-flex\">\n<div class=\"wp-block-column is-layout-flow wp-block-column-is-layout-flow\" style=\"flex-basis:66.66%\">\n<figure class=\"wp-block-image size-large is-resized\"><img fetchpriority=\"high\" fetchpriority=\"high\" decoding=\"async\" width=\"887\" height=\"1024\" src=\"https:\/\/www.printmaps.net\/wp-content\/uploads\/2020\/04\/create-map-poster-887x1024.png\" alt=\"Harita posteri olu&#x15F;tur\" class=\"wp-image-61074\" style=\"width:451px;height:520px\"\/><\/figure>\n\n\n<p><\/p>\n\n\n\n<div style=\"height:20px\" aria-hidden=\"true\" class=\"wp-block-spacer\"><\/div>\n<\/div>\n\n\n\n<div class=\"wp-block-column is-layout-flow wp-block-column-is-layout-flow\" style=\"flex-basis:33.33%\">\n<p>Printmaps \u00e7evrimi\u00e7i harita edit\u00f6r\u00fcyle harita posteri haz\u0131rlamak son derece kolayd\u0131r. \u0130ster gezi rotalar\u0131, y\u00fcr\u00fcy\u00fc\u015f parkurlar\u0131 ve manzaral\u0131 s\u00fcr\u00fc\u015f g\u00fczerg\u00e2hlar\u0131 \u00e7izin, ister mevcut rotalar\u0131 g\u00f6stermek i\u00e7in co\u011frafi verilerinizi y\u00fckleyin, edit\u00f6r\u00fcm\u00fcz bu s\u00fcreci \u00e7ok daha pratik hale getirir.<\/p>\n\n\n\n<p><p>Printmaps edit\u00f6r\u00fc; bask\u0131 tasar\u0131mc\u0131lar\u0131, turizm profesyonelleri ve bireysel kullan\u0131c\u0131lar i\u00e7in uygundur. Hem ki\u015fisel hem de profesyonel projelerde kullanabilece\u011finiz, ihtiya\u00e7lar\u0131n\u0131za g\u00f6re uyarlanm\u0131\u015f etkileyici ve <strong>y\u00fcksek \u00e7\u00f6z\u00fcn\u00fcrl\u00fckl\u00fc<\/strong> harita posterlerini kolayca olu\u015fturabilirsiniz.<\/p><\/p>\n\n\n\n<p><p><a href=\"\/tr\/ozellikler\">Printmaps edit\u00f6r\u00fcn\u00fcn \u00f6zelliklerini<\/a> ke\u015ffedin ve harita posteri projeleriniz i\u00e7in sundu\u011fu t\u00fcm olanaklardan en iyi \u015fekilde yararlanmay\u0131 \u00f6\u011frenin.<\/p><\/p>\n\n\n\n<div style=\"height:55px\" aria-hidden=\"true\" class=\"wp-block-spacer\"><\/div>\n\n\n\n<div class=\"wp-block-buttons is-content-justification-center is-layout-flex wp-container-core-buttons-is-layout-16018d1d wp-block-buttons-is-layout-flex\">\n<div class=\"wp-block-button has-custom-font-size\" style=\"font-size:18px\"><a class=\"wp-block-button__link has-background wp-element-button\" href=\"https:\/\/www.printmaps.net\/tr\/\" style=\"border-radius:10px;background-color:#e5017e\"><strong>Hemen harita olu\u015fturmaya ba\u015flay\u0131n, kay\u0131t gerekmez<\/strong><\/a><\/div>\n<\/div>\n<\/div>\n<\/div>\n\n<div style=\"height:45px\" aria-hidden=\"true\" class=\"wp-block-spacer\"><\/div>\n<div class=\"wp-block-image\">\n<figure class=\"alignright size-large is-resized\"><img decoding=\"async\" width=\"1024\" height=\"683\" src=\"https:\/\/www.printmaps.net\/wp-content\/uploads\/2020\/04\/Map-poster-1024x683.jpeg\" alt=\"\" class=\"wp-image-60865\" style=\"width:599px;height:400px\" srcset=\"https:\/\/www.printmaps.net\/wp-content\/uploads\/2020\/04\/Map-poster-980x653.jpeg 980w, https:\/\/www.printmaps.net\/wp-content\/uploads\/2020\/04\/Map-poster-480x320.jpeg 480w\" sizes=\"(min-width: 0px) and (max-width: 480px) 480px, (min-width: 481px) and (max-width: 980px) 980px, (min-width: 981px) 1024px, 100vw\" \/><\/figure><\/div>\n<h3 class=\"wp-block-heading\">Rota ve g\u00fczerg\u00e2h posterleri<\/h3>\n\n<p><p>M\u00fc\u015fterilerimiz, yol tariflerini ve rotalar\u0131 etkili bi\u00e7imde g\u00f6rselle\u015ftirmek i\u00e7in Printmaps\u2019i tercih ediyor. Kullan\u0131m\u0131 kolay edit\u00f6r\u00fcm\u00fcz sayesinde bask\u0131 boyutunu ayarlamak son derece pratiktir ve bask\u0131 kalitesi her zaman y\u00fcksek kal\u0131r. \u0130htiyac\u0131n\u0131za uygun \u00f6l\u00e7\u00fcy\u00fc se\u00e7ebilir, <strong>1330 x 1330 mm\u2019ye kadar<\/strong> \u00e7al\u0131\u015fabilirsiniz.<\/p><\/p>\n\n<p>220 mm kenar uzunlu\u011funu a\u015fan haritalar PNG olarak sunulmaz. Bunun yerine katmanl\u0131 PSD (Photoshop) veya SVG (Illustrator) dosyas\u0131 olarak teslim edilir. Bu sayede kaliteyi koruyarak rahat\u00e7a d\u00fczenleme yapabilirsiniz.<\/p>\n\n<div style=\"height:100px\" aria-hidden=\"true\" class=\"wp-block-spacer\"><\/div>\n<div class=\"wp-block-image\">\n<figure class=\"alignleft size-large is-resized\"><img decoding=\"async\" width=\"621\" height=\"438\" src=\"https:\/\/www.printmaps.net\/wp-content\/uploads\/2020\/04\/Make-a-poster-map.png\" alt=\"\" class=\"wp-image-60849\" style=\"width:522px;height:368px\" srcset=\"https:\/\/www.printmaps.net\/wp-content\/uploads\/2020\/04\/Make-a-poster-map.png 621w, https:\/\/www.printmaps.net\/wp-content\/uploads\/2020\/04\/Make-a-poster-map-480x339.png 480w\" sizes=\"(min-width: 0px) and (max-width: 480px) 480px, (min-width: 481px) 621px, 100vw\" \/><\/figure><\/div>\n<h3 class=\"wp-block-heading\">\u015eehir haritas\u0131 posterleri<\/h3>\n\n<p><p>Y\u00fcr\u00fcy\u00fc\u015f ve bisiklet rotalar\u0131n\u0131 ya da basit yol tariflerini g\u00f6stermek i\u00e7in pinli rota haritalar\u0131n\u0131 kolayca haz\u0131rlay\u0131n. Mevcut yollar\u0131n, bisiklet yollar\u0131n\u0131n ve y\u00fcr\u00fcy\u00fc\u015f patikalar\u0131n\u0131n \u00fczerine \u00e7izim yapabilir, <strong>haritay\u0131 e\u011ferek<\/strong> ideal \u015fehir haritas\u0131 perspektifini yakalayabilirsiniz.<\/p><\/p>\n\n<p><p>Tam olarak ge\u00e7ti\u011finiz yollar\u0131n \u00fczerine rota \u00e7izen rota edit\u00f6r\u00fcyle kolayca bir <a href=\"\/tr\/rota-haritasi-olustur\">rota haritas\u0131 olu\u015fturun<\/a>.<\/p><\/p>\n\n<div style=\"height:70px\" aria-hidden=\"true\" class=\"wp-block-spacer\"><\/div>\n<div class=\"wp-block-image\">\n<figure class=\"alignright size-large is-resized\"><img loading=\"lazy\" loading=\"lazy\" decoding=\"async\" width=\"1024\" height=\"932\" src=\"https:\/\/www.printmaps.net\/wp-content\/uploads\/2020\/04\/Poster-map-1024x932.png\" alt=\"\" class=\"wp-image-60855\" style=\"width:353px;height:321px\" srcset=\"https:\/\/www.printmaps.net\/wp-content\/uploads\/2020\/04\/Poster-map-980x892.png 980w, https:\/\/www.printmaps.net\/wp-content\/uploads\/2020\/04\/Poster-map-480x437.png 480w\" sizes=\"auto, (min-width: 0px) and (max-width: 480px) 480px, (min-width: 481px) and (max-width: 980px) 980px, (min-width: 981px) 1024px, 100vw\" \/><\/figure><\/div>\n<h3 class=\"wp-block-heading\">Sizin i\u00e7in de\u011ferli olan yerleri haritaya ta\u015f\u0131y\u0131n<\/h3>\n\n<p>\u0130ster de\u011ferli an\u0131lar, ister s\u0131ra d\u0131\u015f\u0131 deneyimler, ister sadece aidiyet duygusu olsun, baz\u0131 yerlerin hayat\u0131m\u0131zdaki anlam\u0131 b\u00fcy\u00fckt\u00fcr. Sizin i\u00e7in huzur ve mutluluk ifade eden yeri bir harita posterine d\u00f6n\u00fc\u015ft\u00fcrerek evinizde sergileyebilir ya da \u00f6zel birine hediye edebilirsiniz.<\/p>\n\n<p><p>Printmaps edit\u00f6r\u00fc, verilerini <a href=\"https:\/\/www.openstreetmap.org\/\">OpenStreetMap<\/a>\u2019ten al\u0131r ve harita posterinizi kolayca \u00f6zelle\u015ftirmenizi sa\u011flar. \u015eehir ve yol adlar\u0131 gibi katmanlar\u0131 ekleyip kald\u0131rabilir, farkl\u0131 harita stilleri uygulayabilir ve renkli \u015fekiller kullanabilirsiniz. B\u00f6ylece ister ayr\u0131nt\u0131l\u0131 ister minimalist bir g\u00f6r\u00fcn\u00fcm isteyin, zevkinizi yans\u0131tan bir harita posteri olu\u015fturabilirsiniz.<\/p><\/p>\n\n<p><\/p>\n\n<p><\/p>\n\n<div style=\"height:67px\" aria-hidden=\"true\" class=\"wp-block-spacer\"><\/div>\n\n<div class=\"wp-block-group\"><div class=\"wp-block-group__inner-container is-layout-constrained wp-block-group-is-layout-constrained\">\n<h2 class=\"wp-block-heading has-text-align-center has-large-font-size\" style=\"font-style:normal;font-weight:700\">Printmaps\u2019i deneyin<\/h2>\n\n\n\n<p class=\"has-text-align-center has-medium-font-size\">Harita edit\u00f6r\u00fcm\u00fczle d\u00fcnyan\u0131n her yeri i\u00e7in k\u0131sa s\u00fcrede yazd\u0131r\u0131labilir haritalar olu\u015fturabilirsiniz.<\/p>\n\n\n\n<div style=\"height:15px\" aria-hidden=\"true\" class=\"wp-block-spacer\"><\/div>\n\n\n\n<div class=\"wp-block-buttons is-content-justification-center is-layout-flex wp-container-core-buttons-is-layout-16018d1d wp-block-buttons-is-layout-flex\">\n<div class=\"wp-block-button has-custom-font-size\" style=\"font-size:18px\"><a class=\"wp-block-button__link has-background wp-element-button\" href=\"https:\/\/www.printmaps.net\/tr\/\" style=\"border-radius:10px;background-color:#e5017e\"><strong>\u0130lk haritan\u0131z\u0131 \u015fimdi olu\u015fturun<\/strong><\/a><\/div>\n<\/div>\n<\/div><\/div>\n\n<div style=\"height:150px\" aria-hidden=\"true\" class=\"wp-block-spacer\"><\/div>\n\n<h3 class=\"wp-block-heading\">S\u0131k\u00e7a Sorulan Sorular<\/h3>\n\n<div class=\"schema-faq wp-block-yoast-faq-block\"><div class=\"schema-faq-section\" id=\"faq-question-1757951802995\"><strong class=\"schema-faq-question\">Y\u00fcksek kaliteli, bask\u0131ya uygun bir harita i\u00e7in en iyi poster boyutu ve DPI nedir?<\/strong> <p class=\"schema-faq-answer\">En iyi y\u00f6ntem, \u00f6nce \u00e7er\u00e7eve \u00f6l\u00e7\u00fcs\u00fcn\u00fc belirlemek ve ard\u0131ndan haritan\u0131z\u0131 bu \u00f6l\u00e7\u00fcye g\u00f6re haz\u0131rlamakt\u0131r. Bunu, harita edit\u00f6r\u00fcn\u00fcn sol \u00fcst b\u00f6l\u00fcm\u00fcnde kenar \u00f6l\u00e7\u00fclerini belirleyerek kolayca yapabilirsiniz. PNG ve PSD dosyalar\u0131m\u0131z 300 DPI \u00e7\u00f6z\u00fcn\u00fcrl\u00fckte sunulur; bu de\u011fer bask\u0131 i\u00e7in idealdir. SVG dosyalar\u0131 ise \u00f6l\u00e7eklenebilir oldu\u011fu i\u00e7in boyutu ihtiyac\u0131n\u0131za g\u00f6re siz belirleyebilirsiniz.<\/p> <\/div> <div class=\"schema-faq-section\" id=\"faq-question-1757952097323\"><strong class=\"schema-faq-question\">Harita posteri i\u00e7in PNG, PSD ve SVG aras\u0131nda nas\u0131l se\u00e7im yapmal\u0131y\u0131m?<\/strong> <p class=\"schema-faq-answer\">Bu, birka\u00e7 etkene ba\u011fl\u0131d\u0131r. Haritan\u0131z\u0131 sonradan kapsaml\u0131 bi\u00e7imde d\u00fczenlemek istiyorsan\u0131z PSD ve SVG en uygun se\u00e7eneklerdir; \u00e7\u00fcnk\u00fc her \u00f6\u011fe ayr\u0131 bir katman olarak d\u00fczenlenebilir. PNG dosyalar\u0131 22 cm x 22 cm\u2019ye kadar olan bask\u0131lar i\u00e7in uygundur. PSD dosyalar\u0131 66 cm x 66 cm\u2019ye kadar kullan\u0131labilir. SVG dosyalar\u0131 ise \u00f6l\u00e7eklenebilir yap\u0131lar\u0131 sayesinde her boyutta kullan\u0131labilir.<\/p> <\/div> <div class=\"schema-faq-section\" id=\"faq-question-1757952313290\"><strong class=\"schema-faq-question\">Haritada belirli alanlar\u0131 vurgulayabilir miyim?<\/strong> <p class=\"schema-faq-answer\">Evet. &#8220;Co\u011frafi \u015eekiller Ekle&#8221; arac\u0131m\u0131zla il\u00e7e, \u015fehir, eyalet veya \u00fclke fark etmeksizin her idari d\u00fczeyde alanlar\u0131 vurgulayabilirsiniz. Ard\u0131ndan se\u00e7imi tersine \u00e7evirebilir, renk ve opakl\u0131k ayarlar\u0131n\u0131 belirleyebilirsiniz.<\/p> <\/div> <div class=\"schema-faq-section\" id=\"faq-question-1757952489628\"><strong class=\"schema-faq-question\">Yollar\u0131, etiketleri veya noktalar\u0131 gizleyen minimalist bir harita posteri olu\u015fturabilir miyim?<\/strong> <p class=\"schema-faq-answer\">Evet. Edit\u00f6r\u00fcn geli\u015fmi\u015f stil ayarlar\u0131nda her etiketi ve harita \u00f6\u011fesini g\u00f6sterip gizlemeyi ayr\u0131 ayr\u0131 se\u00e7ebilirsiniz.<\/p> <\/div> <\/div>\n\n<div class=\"schema-how-to wp-block-yoast-how-to-block\"><p class=\"schema-how-to-description\">Printmaps ile Harita Posteri Nas\u0131l Olu\u015fturulur<\/p> <ol class=\"schema-how-to-steps\"><li class=\"schema-how-to-step\" id=\"how-to-step-1750419063043\"><strong class=\"schema-how-to-step-name\">Posterinizin boyutunu se\u00e7in<\/strong> <p class=\"schema-how-to-step-text\">Edit\u00f6r\u00fcm\u00fcz A5, A4, A3 gibi \u00f6n tan\u0131ml\u0131 standart boyutlar sunar. Ayr\u0131ca 1330 mm\u2019ye kadar \u00f6zel \u00f6l\u00e7\u00fcler de belirleyebilirsiniz. Bu \u00f6l\u00e7\u00fcler, son \u00fcr\u00fcn\u00fcn yak\u0131n mesafeden bak\u0131ld\u0131\u011f\u0131nda bile y\u00fcksek \u00e7\u00f6z\u00fcn\u00fcrl\u00fc\u011f\u00fcn\u00fc koruyarak hangi boyutta bas\u0131labilece\u011fini g\u00f6sterir.<\/p> <\/li><li class=\"schema-how-to-step\" id=\"how-to-step-1750419288154\"><strong class=\"schema-how-to-step-name\">Harita alan\u0131n\u0131 ve yak\u0131nla\u015ft\u0131rma seviyesini belirleyin<\/strong> <p class=\"schema-how-to-step-text\">G\u00f6stermek istedi\u011finiz alan\u0131 se\u00e7mek i\u00e7in arama \u00e7ubu\u011funa konumu girin veya fareyle haritay\u0131 s\u00fcr\u00fckleyip b\u0131rak\u0131n; yak\u0131nla\u015ft\u0131rmak ya da uzakla\u015ft\u0131rmak i\u00e7in kayd\u0131rma i\u015flevini kullan\u0131n. Yak\u0131nla\u015ft\u0131rma seviyesi artt\u0131k\u00e7a haritada daha fazla detay g\u00f6r\u00fcn\u00fcr.<\/p> <\/li><li class=\"schema-how-to-step\" id=\"how-to-step-1750419407511\"><strong class=\"schema-how-to-step-name\">Be\u011fendi\u011finiz harita stilini ve g\u00f6sterilecek detaylar\u0131 se\u00e7in<\/strong> <p class=\"schema-how-to-step-text\">Aralar\u0131ndan se\u00e7im yapabilece\u011finiz \u00e7e\u015fitli haz\u0131r stiller sunuyoruz. Ayr\u0131ca &#8220;Tasar\u0131m&#8221; sekmesinde ilgili kutular\u0131 i\u015faretleyerek veya kald\u0131rarak haritan\u0131n hangi unsurlar\u0131n\u0131n g\u00f6sterilece\u011fini belirleyebilirsiniz. Farkl\u0131 \u00f6\u011feler i\u00e7in etiketleri kapatma se\u00e7ene\u011finiz de vard\u0131r.<\/p> <\/li><li class=\"schema-how-to-step\" id=\"how-to-step-1750419532387\"><strong class=\"schema-how-to-step-name\">Haritan\u0131za rotalar, pinler veya co\u011frafi \u015fekiller ekleyin<\/strong> <p class=\"schema-how-to-step-text\">&#8220;\u0130\u00e7erik Ekle&#8221; sekmesinde pinlerle \u00f6ne \u00e7\u0131kan noktalar\u0131 i\u015faretleyin, ge\u00e7ti\u011finiz rotalar\u0131 g\u00f6sterin ve \u015fehirleri, il\u00e7eleri, eyaletleri veya \u00fclkeleri vurgulay\u0131n.<\/p> <\/li><li class=\"schema-how-to-step\" id=\"how-to-step-1750419661403\"><strong class=\"schema-how-to-step-name\">Haritan\u0131z\u0131 sat\u0131n al\u0131n ve bir bask\u0131 merkezinde \u00e7\u0131kt\u0131 al\u0131n<\/strong> <p class=\"schema-how-to-step-text\"><\/p> <\/li><\/ol><\/div>\n\n<div style=\"height:95px\" aria-hidden=\"true\" class=\"wp-block-spacer\"><\/div>\n","protected":false},"excerpt":{"rendered":"<p>Printmaps \u00e7evrimi\u00e7i harita edit\u00f6r\u00fcyle harita posteri haz\u0131rlamak son derece kolayd\u0131r. \u0130ster gezi rotalar\u0131, y\u00fcr\u00fcy\u00fc\u015f parkurlar\u0131 ve manzaral\u0131 s\u00fcr\u00fc\u015f g\u00fczerg\u00e2hlar\u0131 \u00e7izin, ister mevcut rotalar\u0131 g\u00f6stermek i\u00e7in co\u011frafi verilerinizi y\u00fckleyin, edit\u00f6r\u00fcm\u00fcz bu s\u00fcreci \u00e7ok daha pratik hale getirir. Printmaps edit\u00f6r\u00fc; bask\u0131 tasar\u0131mc\u0131lar\u0131, turizm profesyonelleri ve bireysel kullan\u0131c\u0131lar i\u00e7in uygundur. Hem ki\u015fisel hem de profesyonel projelerde kullanabilece\u011finiz, ihtiya\u00e7lar\u0131n\u0131za [&hellip;]<\/p>\n","protected":false},"author":19,"featured_media":0,"parent":0,"menu_order":0,"comment_status":"closed","ping_status":"closed","template":"","meta":{"_et_pb_use_builder":"off","_et_pb_old_content":"","_et_gb_content_width":"","footnotes":""},"class_list":["post-235237","page","type-page","status-publish","hentry"],"_links":{"self":[{"href":"https:\/\/www.printmaps.net\/tr\/wp-json\/wp\/v2\/pages\/235237","targetHints":{"allow":["GET"]}}],"collection":[{"href":"https:\/\/www.printmaps.net\/tr\/wp-json\/wp\/v2\/pages"}],"about":[{"href":"https:\/\/www.printmaps.net\/tr\/wp-json\/wp\/v2\/types\/page"}],"author":[{"embeddable":true,"href":"https:\/\/www.printmaps.net\/tr\/wp-json\/wp\/v2\/users\/19"}],"replies":[{"embeddable":true,"href":"https:\/\/www.printmaps.net\/tr\/wp-json\/wp\/v2\/comments?post=235237"}],"version-history":[{"count":1,"href":"https:\/\/www.printmaps.net\/tr\/wp-json\/wp\/v2\/pages\/235237\/revisions"}],"predecessor-version":[{"id":235238,"href":"https:\/\/www.printmaps.net\/tr\/wp-json\/wp\/v2\/pages\/235237\/revisions\/235238"}],"wp:attachment":[{"href":"https:\/\/www.printmaps.net\/tr\/wp-json\/wp\/v2\/media?parent=235237"}],"curies":[{"name":"wp","href":"https:\/\/api.w.org\/{rel}","templated":true}]}}