{"id":235245,"date":"2026-03-16T11:44:40","date_gmt":"2026-03-16T10:44:40","guid":{"rendered":"https:\/\/www.printmaps.net\/fotokitap-icin-seyahat-haritasi\/"},"modified":"2026-03-16T11:44:42","modified_gmt":"2026-03-16T10:44:42","slug":"fotokitap-icin-seyahat-haritasi","status":"publish","type":"page","link":"https:\/\/www.printmaps.net\/tr\/fotokitap-icin-seyahat-haritasi\/","title":{"rendered":"Fotokitap i\u00e7in seyahat haritas\u0131 olu\u015fturun"},"content":{"rendered":"\n<div style=\"height:30px\" aria-hidden=\"true\" class=\"wp-block-spacer\"><\/div>\n<div class=\"wp-block-image\">\n<figure class=\"alignleft size-large is-resized\"><img fetchpriority=\"high\" fetchpriority=\"high\" decoding=\"async\" width=\"1024\" height=\"714\" src=\"https:\/\/www.printmaps.net\/wp-content\/uploads\/2020\/06\/photobook-travel-map-1024x714.png\" alt=\"fotokitap i&#xE7;in seyahat haritas&#x131;\" class=\"wp-image-63746\" style=\"width:479px;height:332px\" srcset=\"https:\/\/www.printmaps.net\/wp-content\/uploads\/2020\/06\/photobook-travel-map-980x683.png 980w, https:\/\/www.printmaps.net\/wp-content\/uploads\/2020\/06\/photobook-travel-map-480x335.png 480w\" sizes=\"(min-width: 0px) and (max-width: 480px) 480px, (min-width: 481px) and (max-width: 980px) 980px, (min-width: 981px) 1024px, 100vw\" \/><\/figure><\/div>\n<p>Fotokitap ya da seyahat blogunuz i\u00e7in bir seyahat haritas\u0131 haz\u0131rlamak m\u0131 istiyorsunuz? Seyahatlerinizin en g\u00fczel an\u0131lar\u0131n\u0131 bir araya getirmek, bu de\u011ferli deneyimleri kal\u0131c\u0131 hale getirmenin harika bir yoludur. Ge\u00e7ti\u011finiz rotay\u0131 tam olarak g\u00f6steren, size \u00f6zel tasarlanm\u0131\u015f bir haritayla yolculu\u011funuza ve maceralar\u0131n\u0131za yeniden d\u00f6n\u00fcn.<\/p>\n\n<p><p>Printmaps \u00e7evrimi\u00e7i harita edit\u00f6r\u00fcyle, se\u00e7ti\u011finiz harita alan\u0131nda mevcut yollar\u0131n \u00fczerine kolayca rota \u00e7izebilirsiniz. \u0130lgi noktalar\u0131 ekleyebilir, \u00fclke ve \u015fehir \u015fekillerini farkl\u0131 renklerle vurgulayabilir ve d\u00fczenleme ile bask\u0131 i\u00e7in haz\u0131r, y\u00fcksek \u00e7\u00f6z\u00fcn\u00fcrl\u00fckl\u00fc bir harita elde edebilirsiniz. <a href=\"\/tr\/ozellikler\">Printmaps edit\u00f6r\u00fcn\u00fcn sundu\u011fu \u00f6zellikleri<\/a> ve bunlar\u0131 nas\u0131l kullanabilece\u011finizi ke\u015ffedin.<\/p><\/p>\n\n<div style=\"height:20px\" aria-hidden=\"true\" class=\"wp-block-spacer\"><\/div>\n\n<p><\/p>\n\n<p><\/p>\n\n<div class=\"wp-block-buttons is-content-justification-center is-layout-flex wp-container-core-buttons-is-layout-16018d1d wp-block-buttons-is-layout-flex\">\n<div class=\"wp-block-button has-custom-font-size\" style=\"font-size:18px\"><a class=\"wp-block-button__link has-background wp-element-button\" href=\"https:\/\/www.printmaps.net\/tr\/\" style=\"border-radius:10px;background-color:#e5017e\"><strong>Hemen harita olu\u015fturmaya ba\u015flay\u0131n, kay\u0131t gerekmez<\/strong><\/a><\/div>\n<\/div>\n\n<div style=\"height:100px\" aria-hidden=\"true\" class=\"wp-block-spacer\"><\/div>\n\n<p class=\"has-text-align-center\">Seyahat haritan\u0131z\u0131, yolculu\u011funuz kadar etkileyici hale getirmeniz i\u00e7in baz\u0131 fikirler ve ipu\u00e7lar\u0131 payla\u015fmaktan memnuniyet duyar\u0131z.<\/p>\n\n<div style=\"height:44px\" aria-hidden=\"true\" class=\"wp-block-spacer\"><\/div>\n<div class=\"wp-block-image\">\n<figure class=\"alignright size-large is-resized\"><img decoding=\"async\" width=\"1024\" height=\"722\" src=\"https:\/\/www.printmaps.net\/wp-content\/uploads\/2020\/04\/printable-maps-photobook-1024x722.png\" alt=\"fotokitap i&#xE7;in harita\" class=\"wp-image-60401\" style=\"width:399px;height:281px\" srcset=\"https:\/\/www.printmaps.net\/wp-content\/uploads\/2020\/04\/printable-maps-photobook-980x691.png 980w, https:\/\/www.printmaps.net\/wp-content\/uploads\/2020\/04\/printable-maps-photobook-480x339.png 480w\" sizes=\"(min-width: 0px) and (max-width: 480px) 480px, (min-width: 481px) and (max-width: 980px) 980px, (min-width: 981px) 1024px, 100vw\" \/><\/figure><\/div>\n<h3 class=\"wp-block-heading\">Fotokitap i\u00e7in seyahat haritan\u0131z\u0131 renkli \u015fekillerle tasarlay\u0131n<\/h3>\n\n<p>Bir \u00fclke \u015fekli ekleyin ve \u201cTersine \u00c7evir\u201d se\u00e7ene\u011fini kullan\u0131n. B\u00f6ylece tek bir t\u0131klamayla \u00fclkenin \u00e7evresindeki kara ve su alanlar\u0131n\u0131 istedi\u011finiz renge d\u00f6n\u00fc\u015ft\u00fcrebilirsiniz. \u00d6rne\u011fin bu alanlar\u0131 su rengine (RGB, 173, 255, 209) ya da beyaza \u00e7evirerek \u00fclkeyi kom\u015fular\u0131ndan ay\u0131rabilir ve havada s\u00fcz\u00fcl\u00fcyormu\u015f gibi bir etki olu\u015fturabilirsiniz. \u015eekil saydaml\u0131\u011f\u0131n\u0131 ayarlama se\u00e7ene\u011fi sayesinde, yollar\u0131, nehirleri ve da\u011flar\u0131 g\u00f6r\u00fcn\u00fcr tutarken \u00fclkeleri renklendirebilirsiniz. Bir d\u00fcnya haritas\u0131 olu\u015fturup ziyaret etti\u011finiz t\u00fcm \u00fclkeleri g\u00f6stermek mi istiyorsunuz? Her birine farkl\u0131 bir renk verin.<\/p>\n\n<p><\/p>\n\n<p><\/p>\n\n<div style=\"height:30px\" aria-hidden=\"true\" class=\"wp-block-spacer\"><\/div>\n\n<div style=\"height:20px\" aria-hidden=\"true\" class=\"wp-block-spacer\"><\/div>\n<div class=\"wp-block-image\">\n<figure class=\"alignleft size-large is-resized\"><img decoding=\"async\" width=\"1024\" height=\"722\" src=\"https:\/\/www.printmaps.net\/wp-content\/uploads\/2020\/04\/Travel-map-for-photobook-1024x722.png\" alt=\"Seyahat haritas&#x131; olu&#x15F;turun\" class=\"wp-image-60420\" style=\"width:493px;height:348px\" srcset=\"https:\/\/www.printmaps.net\/wp-content\/uploads\/2020\/04\/Travel-map-for-photobook-980x691.png 980w, https:\/\/www.printmaps.net\/wp-content\/uploads\/2020\/04\/Travel-map-for-photobook-480x338.png 480w\" sizes=\"(min-width: 0px) and (max-width: 480px) 480px, (min-width: 481px) and (max-width: 980px) 980px, (min-width: 981px) 1024px, 100vw\" \/><\/figure><\/div>\n<h3 class=\"wp-block-heading\">Farkl\u0131 seyahatleri ay\u0131rt etmek i\u00e7in farkl\u0131 ilgi noktas\u0131 i\u015faret\u00e7ileri kullan\u0131n<\/h3>\n\n<p>\u0130lgi noktalar\u0131n\u0131z\u0131 nokta, kare veya edit\u00f6rde bulunan standart \u015fekillerle i\u015faretleyebilirsiniz. Gezinizin kronolojik s\u0131ras\u0131n\u0131 g\u00f6stermek i\u00e7in i\u015faret\u00e7ilere etiket ekleyebilir ya da numara verebilirsiniz. \u0130sterseniz etiketi \u00e7evresinde bir i\u015faret olmadan da g\u00f6sterebilir, u\u00e7ak veya feribot gibi simgeler kullanabilirsiniz. Favori restoranlar\u0131n\u0131z\u0131, y\u00fcr\u00fcy\u00fc\u015f rotalar\u0131n\u0131z\u0131 ya da plajlar\u0131n\u0131z\u0131 i\u015faretleyin. Edit\u00f6rde arad\u0131\u011f\u0131n\u0131z i\u015faret\u00e7iyi bulamazsan\u0131z, kendi \u00f6zel i\u015faret\u00e7ilerinizi kolayca y\u00fckleyebilirsiniz.<\/p>\n\n<p><p>Ge\u00e7ti\u011finiz yollar\u0131n tam \u00fczerine \u00e7izen rota edit\u00f6r\u00fcyle kolayca bir <a href=\"\/tr\/rota-haritasi-olustur\/\">rota haritas\u0131 olu\u015fturun<\/a>!<\/p><\/p>\n\n<div style=\"height:100px\" aria-hidden=\"true\" class=\"wp-block-spacer\"><\/div>\n<div class=\"wp-block-image\">\n<figure class=\"alignright size-large is-resized\"><img loading=\"lazy\" loading=\"lazy\" decoding=\"async\" width=\"1024\" height=\"722\" src=\"https:\/\/www.printmaps.net\/wp-content\/uploads\/2020\/04\/Create-map-with-pins-1024x722.png\" alt=\"pinli harita\" class=\"wp-image-60651\" style=\"width:494px;height:348px\" srcset=\"https:\/\/www.printmaps.net\/wp-content\/uploads\/2020\/04\/Create-map-with-pins-980x691.png 980w, https:\/\/www.printmaps.net\/wp-content\/uploads\/2020\/04\/Create-map-with-pins-480x338.png 480w\" sizes=\"auto, (min-width: 0px) and (max-width: 480px) 480px, (min-width: 481px) and (max-width: 980px) 980px, (min-width: 981px) 1024px, 100vw\" \/><\/figure><\/div>\n<h3 class=\"wp-block-heading\">Seyahatinizi d\u00fcnya g\u00f6r\u00fcn\u00fcm\u00fcnde g\u00f6stermek i\u00e7in birden fazla Printmaps haritas\u0131n\u0131 bir araya getirin<\/h3>\n\n<p>Seyahat rotan\u0131z\u0131n yak\u0131n plan\u0131n\u0131 ve hedefinizi \u00f6ne \u00e7\u0131karan bir d\u00fcnya g\u00f6r\u00fcn\u00fcm\u00fcn\u00fc birlikte g\u00f6stermek istiyorsan\u0131z, 2 ayr\u0131 Printmaps haritas\u0131n\u0131 birle\u015ftirebilirsiniz. Haritalar\u0131n\u0131z\u0131 olu\u015fturduktan sonra, Photoshop, Illustrator veya kulland\u0131\u011f\u0131n\u0131z ba\u015fka bir d\u00fczenleme program\u0131nda son dokunu\u015flar\u0131 yapmaya ve haritalar\u0131 tek bir etkileyici, ki\u015fiselle\u015ftirilmi\u015f seyahat haritas\u0131nda bir araya getirmeye haz\u0131r bir dosya al\u0131rs\u0131n\u0131z.<\/p>\n\n<p><\/p>\n\n<p><\/p>\n\n<p><\/p>\n\n<div style=\"height:48px\" aria-hidden=\"true\" class=\"wp-block-spacer\"><\/div>\n\n<div class=\"wp-block-group\"><div class=\"wp-block-group__inner-container is-layout-constrained wp-block-group-is-layout-constrained\">\n<h2 class=\"wp-block-heading has-text-align-center has-large-font-size\" style=\"font-style:normal;font-weight:700\">Printmaps\u2019i deneyin<\/h2>\n\n\n\n<p class=\"has-text-align-center has-medium-font-size\">Harita edit\u00f6r\u00fcm\u00fczle d\u00fcnyan\u0131n her yeri i\u00e7in k\u0131sa s\u00fcrede yazd\u0131r\u0131labilir haritalar olu\u015fturabilirsiniz.<\/p>\n\n\n\n<div style=\"height:15px\" aria-hidden=\"true\" class=\"wp-block-spacer\"><\/div>\n\n\n\n<div class=\"wp-block-buttons is-content-justification-center is-layout-flex wp-container-core-buttons-is-layout-16018d1d wp-block-buttons-is-layout-flex\">\n<div class=\"wp-block-button has-custom-font-size\" style=\"font-size:18px\"><a class=\"wp-block-button__link has-background wp-element-button\" href=\"https:\/\/www.printmaps.net\/tr\/\" style=\"border-radius:10px;background-color:#e5017e\"><strong>\u0130lk haritan\u0131z\u0131 \u015fimdi olu\u015fturun<\/strong><\/a><\/div>\n<\/div>\n<\/div><\/div>\n\n<div style=\"height:150px\" aria-hidden=\"true\" class=\"wp-block-spacer\"><\/div>\n\n<div class=\"schema-faq wp-block-yoast-faq-block\"><div class=\"schema-faq-section\" id=\"faq-question-1756799870664\"><strong class=\"schema-faq-question\">Seyahat haritas\u0131 nedir?<\/strong> <p class=\"schema-faq-answer\">Seyahat haritas\u0131, bir yolculu\u011fun harita \u00fczerinde g\u00f6rsel olarak anlat\u0131lmas\u0131d\u0131r. Vurgulanan alanlar, ilgi noktalar\u0131n\u0131 g\u00f6steren i\u015faret\u00e7iler veya rotalar i\u00e7erebilir. Devam eden bir seyahat g\u00fcnl\u00fc\u011f\u00fc, yakla\u015fan yolculuklar i\u00e7in bir plan ya da tamamlanm\u0131\u015f bir gezinin kal\u0131c\u0131 bir hat\u0131ras\u0131 olarak kullan\u0131labilir.<\/p> <\/div> <div class=\"schema-faq-section\" id=\"faq-question-1756802782886\"><strong class=\"schema-faq-question\"><\/strong> <p class=\"schema-faq-answer\"><\/p> <\/div> <\/div>\n","protected":false},"excerpt":{"rendered":"<p>Fotokitap ya da seyahat blogunuz i\u00e7in bir seyahat haritas\u0131 haz\u0131rlamak m\u0131 istiyorsunuz? Seyahatlerinizin en g\u00fczel an\u0131lar\u0131n\u0131 bir araya getirmek, bu de\u011ferli deneyimleri kal\u0131c\u0131 hale getirmenin harika bir yoludur. Ge\u00e7ti\u011finiz rotay\u0131 tam olarak g\u00f6steren, size \u00f6zel tasarlanm\u0131\u015f bir haritayla yolculu\u011funuza ve maceralar\u0131n\u0131za yeniden d\u00f6n\u00fcn. Printmaps \u00e7evrimi\u00e7i harita edit\u00f6r\u00fcyle, se\u00e7ti\u011finiz harita alan\u0131nda mevcut yollar\u0131n \u00fczerine kolayca rota [&hellip;]<\/p>\n","protected":false},"author":19,"featured_media":0,"parent":0,"menu_order":0,"comment_status":"closed","ping_status":"closed","template":"","meta":{"_et_pb_use_builder":"off","_et_pb_old_content":"","_et_gb_content_width":"","footnotes":""},"class_list":["post-235245","page","type-page","status-publish","hentry"],"_links":{"self":[{"href":"https:\/\/www.printmaps.net\/tr\/wp-json\/wp\/v2\/pages\/235245","targetHints":{"allow":["GET"]}}],"collection":[{"href":"https:\/\/www.printmaps.net\/tr\/wp-json\/wp\/v2\/pages"}],"about":[{"href":"https:\/\/www.printmaps.net\/tr\/wp-json\/wp\/v2\/types\/page"}],"author":[{"embeddable":true,"href":"https:\/\/www.printmaps.net\/tr\/wp-json\/wp\/v2\/users\/19"}],"replies":[{"embeddable":true,"href":"https:\/\/www.printmaps.net\/tr\/wp-json\/wp\/v2\/comments?post=235245"}],"version-history":[{"count":1,"href":"https:\/\/www.printmaps.net\/tr\/wp-json\/wp\/v2\/pages\/235245\/revisions"}],"predecessor-version":[{"id":235246,"href":"https:\/\/www.printmaps.net\/tr\/wp-json\/wp\/v2\/pages\/235245\/revisions\/235246"}],"wp:attachment":[{"href":"https:\/\/www.printmaps.net\/tr\/wp-json\/wp\/v2\/media?parent=235245"}],"curies":[{"name":"wp","href":"https:\/\/api.w.org\/{rel}","templated":true}]}}