{"id":235248,"date":"2026-03-16T12:03:28","date_gmt":"2026-03-16T11:03:28","guid":{"rendered":"https:\/\/www.printmaps.net\/turist-rehberi-haritalari\/"},"modified":"2026-03-16T12:03:30","modified_gmt":"2026-03-16T11:03:30","slug":"turist-rehberi-haritalari","status":"publish","type":"page","link":"https:\/\/www.printmaps.net\/tr\/turist-rehberi-haritalari\/","title":{"rendered":"Turist rehberleri i\u00e7in harita olu\u015fturma"},"content":{"rendered":"\n<div style=\"height:32px\" aria-hidden=\"true\" class=\"wp-block-spacer\"><\/div>\n<div class=\"wp-block-image\">\n<figure class=\"alignleft size-large is-resized\"><img fetchpriority=\"high\" fetchpriority=\"high\" decoding=\"async\" width=\"953\" height=\"718\" src=\"https:\/\/www.printmaps.net\/wp-content\/uploads\/2018\/03\/touristmap.png\" alt=\"turist rehberi haritalar&#x131;\" class=\"wp-image-28689\" style=\"width:648px;height:486px\"\/><figcaption class=\"wp-element-caption\">\u00a9 Maremonto<\/figcaption><\/figure><\/div>\n<p>\u0130ster New York gibi b\u00fcy\u00fck bir metropol, ister \u0130sko\u00e7ya\u2019n\u0131n uzak Highlands b\u00f6lgesindeki engebeli k\u0131rsal alanlar olsun, uzak yerlere seyahat etmenin \u00e7ekicili\u011fi her zaman g\u00fc\u00e7l\u00fc kalacakt\u0131r. \u0130nsanlar\u0131n bu yerlerde yollar\u0131n\u0131 rahat\u00e7a bulabilmesi i\u00e7in yay\u0131nc\u0131lar \u00e7ok say\u0131da turist rehberi haz\u0131rlar. Rotalar\u0131, ilgi noktalar\u0131n\u0131 ve benzeri unsurlar\u0131 g\u00f6rsel olarak anlatan kapsaml\u0131 haritalar olmadan hangi turist rehberi ger\u00e7ekten tamamlanm\u0131\u015f say\u0131labilir?<\/p>\n\n<p>Bu rehberde, turist rehberleri i\u00e7in ideal haritalar\u0131 nas\u0131l haz\u0131rlayabilece\u011finizi g\u00f6sterece\u011fiz.<\/p>\n\n<div style=\"height:60px\" aria-hidden=\"true\" class=\"wp-block-spacer\"><\/div>\n\n<div class=\"wp-block-buttons is-content-justification-center is-layout-flex wp-container-core-buttons-is-layout-16018d1d wp-block-buttons-is-layout-flex\">\n<div class=\"wp-block-button has-custom-font-size\" style=\"font-size:18px\"><a class=\"wp-block-button__link has-background wp-element-button\" href=\"https:\/\/www.printmaps.net\/tr\/\" style=\"border-radius:10px;background-color:#e5017e\"><strong>Hemen harita olu\u015fturmaya ba\u015flay\u0131n, kay\u0131t gerekmez<\/strong><\/a><\/div>\n<\/div>\n\n<div style=\"height:150px\" aria-hidden=\"true\" class=\"wp-block-spacer\"><\/div>\n\n<h3 class=\"wp-block-heading\">Turist rehberi haritas\u0131nda neler yer almal\u0131<\/h3>\n\n<p>\u0130lgi noktalar\u0131, k\u0131saca POI (Point of Interest), genellikle harita \u00fczerinde bir i\u015faret\u00e7iyle g\u00f6sterilen yerlerdir. Turizmde POI\u2019ler b\u00fcy\u00fck \u00f6nem ta\u015f\u0131r; \u00e7\u00fcnk\u00fc turistik noktalar\u0131n, yeme i\u00e7me mek\u00e2nlar\u0131n\u0131n veya konaklama yerlerinin nerede bulundu\u011funu ziyaret\u00e7ilere g\u00f6sterir.<\/p>\n<div class=\"wp-block-image\">\n<figure class=\"alignright size-large is-resized\"><img decoding=\"async\" width=\"765\" height=\"531\" src=\"https:\/\/www.printmaps.net\/wp-content\/uploads\/2020\/10\/bodensee-karte.jpg\" alt=\"\" class=\"wp-image-70212\" style=\"width:483px;height:335px\" srcset=\"https:\/\/www.printmaps.net\/wp-content\/uploads\/2020\/10\/bodensee-karte.jpg 765w, https:\/\/www.printmaps.net\/wp-content\/uploads\/2020\/10\/bodensee-karte-480x333.jpg 480w\" sizes=\"(min-width: 0px) and (max-width: 480px) 480px, (min-width: 481px) 765px, 100vw\" \/><\/figure><\/div>\n<p>\u0130nsanlar\u0131n y\u00f6nlerini bulmas\u0131na yard\u0131mc\u0131 olacak her haritada oldu\u011fu gibi, kullan\u0131lan temel kartografyada en az\u0131ndan yol a\u011f\u0131 ve yer adlar\u0131 bulunmal\u0131d\u0131r. B\u00f6ylece kullan\u0131c\u0131lar bir yere nas\u0131l ula\u015facaklar\u0131n\u0131 h\u0131zl\u0131ca anlayabilir. Topografya, yani g\u00f6lgelendirme ve benzeri unsurlar ise bu t\u00fcr haritalarda daha ikincil bir rol oynar.<\/p>\n\n<p>Ayr\u0131ca, bir POI\u2019nin ne t\u00fcr bir yer oldu\u011funu h\u0131zl\u0131ca anlatabilmek i\u00e7in do\u011fru simgeyi kullanmak \u00e7ok \u00f6nemlidir. Bunun i\u00e7in genel olarak kolay tan\u0131nan sembolleri tercih edin. \u00d6rne\u011fin havaalanlar\u0131 i\u00e7in u\u00e7ak, yemek yenebilecek yerler i\u00e7in hamburger ve i\u00e7ecek odakl\u0131 mek\u00e2nlar i\u00e7in kadehli \u015farap \u015fi\u015fesi gibi simgeler olduk\u00e7a anla\u015f\u0131l\u0131r olur.<\/p>\n\n<div style=\"height:100px\" aria-hidden=\"true\" class=\"wp-block-spacer\"><\/div>\n<div class=\"wp-block-image\">\n<figure class=\"alignleft size-large is-resized\"><img decoding=\"async\" width=\"621\" height=\"438\" src=\"https:\/\/www.printmaps.net\/wp-content\/uploads\/2018\/03\/FreeWebImage-8.png\" alt=\"turist rehberi haritas&#x131;\" class=\"wp-image-28695\" style=\"width:614px;height:433px\"\/><\/figure><\/div>\n<h3 class=\"wp-block-heading\">Y\u00fcr\u00fcy\u00fc\u015f rotalar\u0131<\/h3>\n\n<p>Bir\u00e7ok turistik destinasyon, ziyaret\u00e7ilerin do\u011fada vakit ge\u00e7irmek i\u00e7in tercih etti\u011fi yerlerdir. Okuyucular\u0131n en iyi y\u00fcr\u00fcy\u00fc\u015f rotalar\u0131n\u0131 ve gezinti g\u00fczerg\u00e2hlar\u0131n\u0131 bulabilmesi i\u00e7in rotalar\u0131 harita \u00fczerinde g\u00f6stermek faydal\u0131d\u0131r. Yukar\u0131da anlat\u0131lan POI odakl\u0131 haritalardan farkl\u0131 olarak, bu t\u00fcr haritalarda topografyan\u0131n yer almas\u0131 \u00e7ok daha \u00f6nemlidir. B\u00f6ylece ziyaret\u00e7iler, kar\u015f\u0131lar\u0131nda yoku\u015flu bir rota m\u0131 yoksa daha d\u00fcz ve kolay bir parkur mu oldu\u011funu ilk bak\u0131\u015fta g\u00f6rebilir.<\/p>\n\n<div style=\"height:44px\" aria-hidden=\"true\" class=\"wp-block-spacer\"><\/div>\n\n<h3 class=\"wp-block-heading\">Printmaps\u2019in sundu\u011fu avantajlar<\/h3>\n\n<p><p>Printmaps\u2019in sundu\u011fu pek \u00e7ok \u00f6zelli\u011fe ek olarak, adresleri toplu halde y\u00fckleyip koordinatlara d\u00f6n\u00fc\u015ft\u00fcrmenizi sa\u011flayan yerle\u015fik bir geocoder sistemimiz de bulunur. S\u00fcre\u00e7 ger\u00e7ekten bir tablo ya da veri taban\u0131 s\u00fctunundaki verileri kopyalay\u0131p yap\u0131\u015ft\u0131rmak kadar kolayd\u0131r. Edit\u00f6rde bu d\u00fc\u011fmeye t\u0131klay\u0131n:\u00a0<img loading=\"lazy\" loading=\"lazy\" decoding=\"async\" src=\"https:\/\/www.printmaps.net\/wp-content\/uploads\/2018\/03\/poibutton.png\" alt=\"\" width=\"58\" height=\"51\"\/>ve tan\u0131d\u0131k bir aray\u00fcz hemen kar\u015f\u0131n\u0131za gelsin. Tek yapman\u0131z gereken i\u00e7eri\u011finizi ilgili alanlara yap\u0131\u015ft\u0131rmak, gerisini Printmaps halleder.<\/p><\/p>\n<div class=\"wp-block-image\">\n<figure class=\"aligncenter size-large\"><img loading=\"lazy\" loading=\"lazy\" decoding=\"async\" width=\"1024\" height=\"517\" src=\"https:\/\/www.printmaps.net\/wp-content\/uploads\/2019\/07\/printable-map-batch-geocode-addresses-excel-2-1024x517.gif\" alt=\"Bask&#x131;ya uygun haritalar i&#xE7;in adresleri toplu olarak geocode edin\" class=\"wp-image-37475\" srcset=\"https:\/\/www.printmaps.net\/wp-content\/uploads\/2019\/07\/printable-map-batch-geocode-addresses-excel-2-1024x517.gif 1024w, https:\/\/www.printmaps.net\/wp-content\/uploads\/2019\/07\/printable-map-batch-geocode-addresses-excel-2-980x495.gif 980w, https:\/\/www.printmaps.net\/wp-content\/uploads\/2019\/07\/printable-map-batch-geocode-addresses-excel-2-480x242.gif 480w\" sizes=\"auto, (min-width: 0px) and (max-width: 480px) 480px, (min-width: 481px) and (max-width: 980px) 980px, (min-width: 981px) 1024px, 100vw\" \/><\/figure><\/div>\n<p>Geocoding motorumuz adresleri koordinatlara d\u00f6n\u00fc\u015ft\u00fcrd\u00fckten sonra, i\u015faret\u00e7i t\u00fcr\u00fcn\u00fc, rengini, simgesini ve boyutunu de\u011fi\u015ftirebilirsiniz. T\u00fcm POI\u2019ler ayr\u0131 bir katmanda kaydedilir. B\u00f6ylece haritan\u0131z\u0131 Photoshop format\u0131nda indirdikten sonra a\u00e7abilir ve POI\u2019lerin konumlar\u0131n\u0131 sonradan daha hassas \u015fekilde d\u00fczenleyebilirsiniz.<\/p>\n\n<div style=\"height:30px\" aria-hidden=\"true\" class=\"wp-block-spacer\"><\/div>\n\n<h3 class=\"wp-block-heading\">Ama hepsi bu kadar de\u011fil<\/h3>\n\n<p><p>Printmaps, istedi\u011finiz kadar POI yerle\u015ftirmenize imk\u00e2n tan\u0131man\u0131n yan\u0131 s\u0131ra, \u00e7al\u0131\u015fma s\u00fcrecinizi kolayla\u015ft\u0131ran \u00e7e\u015fitli ara\u00e7lar da sunar. \u00d6rne\u011fin belirli bir \u00fclkeye ya da belediye s\u0131n\u0131r\u0131na dikkat \u00e7ekmek istiyorsan\u0131z, Printmaps\u2019in \u015fekil arac\u0131n\u0131 kullanabilirsiniz. Bunun i\u00e7in bu d\u00fc\u011fmeye t\u0131klay\u0131n\u00a0<img loading=\"lazy\" loading=\"lazy\" decoding=\"async\" src=\"https:\/\/www.printmaps.net\/wp-content\/uploads\/2018\/03\/shapesButton.png\" alt=\"\" width=\"57\" height=\"50\"\/>\u00a0ve ihtiyac\u0131n\u0131z olan alan\u0131 aray\u0131n.<\/p><\/p>\n\n<figure class=\"wp-block-image size-large\"><img loading=\"lazy\" loading=\"lazy\" decoding=\"async\" width=\"993\" height=\"580\" src=\"https:\/\/www.printmaps.net\/wp-content\/uploads\/2018\/03\/shapetool.png\" alt=\"\" class=\"wp-image-61153\"\/><\/figure>\n<div style=\"height:100px\" aria-hidden=\"true\" class=\"wp-block-spacer\"><\/div>\n<div class=\"wp-block-image\">\n<figure class=\"alignright size-large\"><img loading=\"lazy\" loading=\"lazy\" decoding=\"async\" width=\"621\" height=\"438\" src=\"https:\/\/www.printmaps.net\/wp-content\/uploads\/2018\/03\/FreeWebImage-4.png\" alt=\"\" class=\"wp-image-28655\"\/><\/figure><\/div>\n<p>\u015eekiller, yaln\u0131zca izleyicinin dikkatini g\u00f6stermek istedi\u011finiz alana y\u00f6nlendirmekle kalmaz, ayn\u0131 zamanda haritada g\u00f6r\u00fcnmesini istemedi\u011finiz b\u00f6lgeleri de kald\u0131rman\u0131za yard\u0131mc\u0131 olur.<\/p>\n\n<div style=\"height:100px\" aria-hidden=\"true\" class=\"wp-block-spacer\"><\/div>\n<div class=\"wp-block-image\">\n<figure class=\"alignleft size-large is-resized\"><img loading=\"lazy\" loading=\"lazy\" decoding=\"async\" width=\"1200\" height=\"800\" src=\"https:\/\/www.printmaps.net\/wp-content\/uploads\/2018\/01\/bodensee-karte.jpg\" alt=\"turist rehberi haritas&#x131;\" class=\"wp-image-27849\" style=\"width:579px;height:385px\"\/><\/figure><\/div>\n<h3 class=\"wp-block-heading\">Birka\u00e7 t\u0131klamayla rota olu\u015fturma<\/h3>\n\n<p>Y\u00fcr\u00fcy\u00fc\u015f rotalar\u0131 i\u00e7eren haritalar haz\u0131rlamak da son derece kolayd\u0131r. Rota edit\u00f6r\u00fcm\u00fcz yaln\u0131zca serbest \u00e7izim yapman\u0131za izin vermez; ayn\u0131 zamanda mevcut yollara manyetik olarak yap\u0131\u015fan bir sihirbaz da kullan\u0131r. B\u00f6ylece rotalar\u0131 ger\u00e7ekten saniyeler i\u00e7inde olu\u015fturabilirsiniz.<\/p>\n\n<p>\u00dcstelik bununla da s\u0131n\u0131rl\u0131 de\u011fil. E\u011fer rotalar\u0131n\u0131z\u0131 GPS \u00f6zellikli bir cihazla daha \u00f6nce kaydettiyseniz, bu dosyalar\u0131, genellikle GPX format\u0131nda, edit\u00f6re y\u00fckleyebilirsiniz ve rotalar do\u011frudan haritan\u0131z \u00fczerinde g\u00f6sterilir. \u00dcstelik diledi\u011finiz kadar rota y\u00fckleyebilir, haritan\u0131za s\u0131\u011fd\u0131\u011f\u0131 s\u00fcrece hepsini ayn\u0131 \u00e7al\u0131\u015fmada kullanabilirsiniz.<\/p>\n\n<div style=\"height:100px\" aria-hidden=\"true\" class=\"wp-block-spacer\"><\/div>\n\n<p class=\"has-large-font-size\">Nas\u0131l kullan\u0131rsan\u0131z \u00f6yle \u015fekillenir<\/p>\n\n<p>Yay\u0131nlar i\u00e7in bask\u0131ya uygun haritalar haz\u0131rlamak, yaln\u0131zca do\u011fru co\u011frafi ara\u00e7lara sahip olmakla ilgili de\u011fildir. Ayn\u0131 zamanda kendi tasar\u0131m anlay\u0131\u015f\u0131n\u0131z\u0131 ve fikirlerinizi ortaya koyabilmekle ilgilidir. Printmaps ile hem kullanaca\u011f\u0131n\u0131z kartografya t\u00fcr\u00fcn\u00fc hem de haritada hangi \u00f6\u011felerin yer alaca\u011f\u0131n\u0131 tamamen siz belirlersiniz.<\/p>\n\n<p>\u00dcstelik \u00f6zelle\u015ftirme bununla da bitmez. Haritan\u0131z\u0131 olu\u015fturup indirdikten sonra se\u00e7enekler \u00e7ok daha geni\u015fler. \u0130lgi noktalar\u0131na ek bilgiler mi eklemek istiyorsunuz? Kendi logolar\u0131n\u0131z\u0131, grafiklerinizi ya da metinlerinizi mi kullanacaks\u0131n\u0131z? Haritalar\u0131m\u0131z katmanl\u0131 PSD format\u0131nda teslim edilir. Bu sayede haritan\u0131n her unsurunu, tek tek ilgi noktalar\u0131na kadar, diledi\u011finiz gibi d\u00fczenleyebilirsiniz.<\/p>\n\n<p>Edit\u00f6r\u00fcm\u00fcz\u00fc deneyin ve fikirlerinizi yay\u0131na haz\u0131r, kusursuz bir haritaya ne kadar kolay d\u00f6n\u00fc\u015ft\u00fcrebilece\u011finizi kendiniz g\u00f6r\u00fcn.<\/p>\n\n<div style=\"height:48px\" aria-hidden=\"true\" class=\"wp-block-spacer\"><\/div>\n\n<div class=\"wp-block-group\"><div class=\"wp-block-group__inner-container is-layout-constrained wp-block-group-is-layout-constrained\">\n<h2 class=\"wp-block-heading has-text-align-center has-large-font-size\" style=\"font-style:normal;font-weight:700\">Printmaps\u2019i deneyin<\/h2>\n\n\n\n<p class=\"has-text-align-center has-medium-font-size\">Harita edit\u00f6r\u00fcm\u00fczle d\u00fcnyan\u0131n her yeri i\u00e7in k\u0131sa s\u00fcrede yazd\u0131r\u0131labilir haritalar olu\u015fturabilirsiniz.<\/p>\n\n\n\n<div style=\"height:15px\" aria-hidden=\"true\" class=\"wp-block-spacer\"><\/div>\n\n\n\n<div class=\"wp-block-buttons is-content-justification-center is-layout-flex wp-container-core-buttons-is-layout-16018d1d wp-block-buttons-is-layout-flex\">\n<div class=\"wp-block-button has-custom-font-size\" style=\"font-size:18px\"><a class=\"wp-block-button__link has-background wp-element-button\" href=\"https:\/\/www.printmaps.net\/tr\/\" style=\"border-radius:10px;background-color:#e5017e\"><strong>\u0130lk haritan\u0131z\u0131 \u015fimdi olu\u015fturun<\/strong><\/a><\/div>\n<\/div>\n<\/div><\/div>\n\n<div style=\"height:150px\" aria-hidden=\"true\" class=\"wp-block-spacer\"><\/div>\n\n<div class=\"schema-faq wp-block-yoast-faq-block\"><div class=\"schema-faq-section\" id=\"faq-question-1757946994908\"><strong class=\"schema-faq-question\">Ayn\u0131 haritay\u0131 birden fazla dilde olu\u015fturabilir miyim?<\/strong> <p class=\"schema-faq-answer\">Evet. Bunun i\u00e7in edit\u00f6r\u00fcn sa\u011f \u00fcst k\u0131sm\u0131ndaki &#8220;Kaydet&#8221; ve &#8220;A\u00e7&#8221; i\u015flevlerini kullanarak ayn\u0131 haritay\u0131 yeniden a\u00e7man\u0131z yeterlidir. Ard\u0131ndan etiketlerin dilini &#8220;GEL\u0130\u015eM\u0130\u015e ST\u0130L AYARLARI&#8221; b\u00f6l\u00fcm\u00fcnden de\u011fi\u015ftirebilirsiniz. Se\u00e7ilen dilde ilgili etiket mevcut de\u011filse, yerel dilde g\u00f6sterilir.<\/p> <\/div> <div class=\"schema-faq-section\" id=\"faq-question-1757947141133\"><strong class=\"schema-faq-question\"><p><strong>Y\u00fcr\u00fcy\u00fc\u015f rotalar\u0131 ile toplu ta\u015f\u0131may\u0131 birlikte nas\u0131l g\u00f6rselle\u015ftirebilirim?<\/strong><\/p><\/strong> <p class=\"schema-faq-answer\">Ayn\u0131 rota i\u00e7inde farkl\u0131 ula\u015f\u0131m t\u00fcrlerini, rota yan\u0131nda bir simge g\u00f6stererek sunabilirsiniz. Edit\u00f6r\u00fcm\u00fczde bu i\u015flem rota \u00e7izim arac\u0131 sayesinde olduk\u00e7a kolayd\u0131r. Ula\u015f\u0131m t\u00fcr\u00fcn\u00fc se\u00e7in, &#8220;Simgeleri G\u00f6ster&#8221; se\u00e7ene\u011fini etkinle\u015ftirin ve ard\u0131ndan rotan\u0131z\u0131 \u00e7izin. Rotan\u0131n farkl\u0131 b\u00f6l\u00fcmlerinde farkl\u0131 ula\u015f\u0131m t\u00fcrleri g\u00f6sterebilirsiniz. M\u0131knat\u0131s arac\u0131yla \u00e7izilen rotalarda yaya, bisiklet ve otomobil simgeleri kullan\u0131labilir. Yay \u00e7izgisi arac\u0131yla u\u00e7ak, gemi ve tren simgeleri kullan\u0131labilir. D\u00fcz \u00e7izgi arac\u0131nda ise t\u00fcm ula\u015f\u0131m t\u00fcrleri se\u00e7ilebilir.<\/p> <\/div> <div class=\"schema-faq-section\" id=\"faq-question-1757947701254\"><strong class=\"schema-faq-question\">\u0130lk kez gelen ziyaret\u00e7ilere y\u00f6nelik bir y\u00fcr\u00fcy\u00fc\u015f haritas\u0131nda en \u00e7ok ne yard\u0131mc\u0131 olur?<\/strong> <p class=\"schema-faq-answer\">A\u00e7\u0131k bir g\u00f6rsel hiyerar\u015fi en \u00e7ok fayda sa\u011flar. Numaraland\u0131r\u0131lm\u0131\u015f POI\u2019ler, k\u0131sa adlar, tutarl\u0131 simge bi\u00e7imleri ve sade bir lejant kullan\u0131c\u0131 deneyimini g\u00fc\u00e7lendirir. Ayr\u0131ca noktalar aras\u0131ndaki s\u00fcreyi tam dakika vermek yerine k\u00fcmeler aras\u0131 yakla\u015f\u0131k s\u00fcrelerle g\u00f6stermek daha anla\u015f\u0131l\u0131r olur.<\/p> <\/div> <div class=\"schema-faq-section\" id=\"faq-question-1757948908032\"><strong class=\"schema-faq-question\">\u0130lgi alan\u0131n\u0131 zarif bir \u015fekilde nas\u0131l vurgulayabilirim?<\/strong> <p class=\"schema-faq-answer\">En kolay y\u00f6ntem, &#8220;Co\u011frafi \u015eekil&#8221; arac\u0131n\u0131 kullanarak idari alan\u0131 vurgulamak ve ard\u0131ndan se\u00e7imi tersine \u00e7evirmektir. Sonras\u0131nda rengi beyaza ya da tercih etti\u011finiz ba\u015fka bir renge \u00e7evirebilir, renk arac\u0131ndaki &#8220;A&#8221; de\u011ferini de\u011fi\u015ftirerek opakl\u0131\u011f\u0131 ayarlayabilirsiniz. Di\u011fer alanlar\u0131 daha a\u00e7\u0131k hale getirdi\u011finizde, g\u00f6stermek istedi\u011finiz b\u00f6lge do\u011fal olarak daha belirgin olur.<\/p> <\/div> <\/div>\n","protected":false},"excerpt":{"rendered":"<p>\u0130ster New York gibi b\u00fcy\u00fck bir metropol, ister \u0130sko\u00e7ya\u2019n\u0131n uzak Highlands b\u00f6lgesindeki engebeli k\u0131rsal alanlar olsun, uzak yerlere seyahat etmenin \u00e7ekicili\u011fi her zaman g\u00fc\u00e7l\u00fc kalacakt\u0131r. \u0130nsanlar\u0131n bu yerlerde yollar\u0131n\u0131 rahat\u00e7a bulabilmesi i\u00e7in yay\u0131nc\u0131lar \u00e7ok say\u0131da turist rehberi haz\u0131rlar. Rotalar\u0131, ilgi noktalar\u0131n\u0131 ve benzeri unsurlar\u0131 g\u00f6rsel olarak anlatan kapsaml\u0131 haritalar olmadan hangi turist rehberi ger\u00e7ekten tamamlanm\u0131\u015f [&hellip;]<\/p>\n","protected":false},"author":6,"featured_media":0,"parent":0,"menu_order":0,"comment_status":"closed","ping_status":"closed","template":"","meta":{"_et_pb_use_builder":"off","_et_pb_old_content":"","_et_gb_content_width":"","footnotes":""},"class_list":["post-235248","page","type-page","status-publish","hentry"],"_links":{"self":[{"href":"https:\/\/www.printmaps.net\/tr\/wp-json\/wp\/v2\/pages\/235248","targetHints":{"allow":["GET"]}}],"collection":[{"href":"https:\/\/www.printmaps.net\/tr\/wp-json\/wp\/v2\/pages"}],"about":[{"href":"https:\/\/www.printmaps.net\/tr\/wp-json\/wp\/v2\/types\/page"}],"author":[{"embeddable":true,"href":"https:\/\/www.printmaps.net\/tr\/wp-json\/wp\/v2\/users\/6"}],"replies":[{"embeddable":true,"href":"https:\/\/www.printmaps.net\/tr\/wp-json\/wp\/v2\/comments?post=235248"}],"version-history":[{"count":1,"href":"https:\/\/www.printmaps.net\/tr\/wp-json\/wp\/v2\/pages\/235248\/revisions"}],"predecessor-version":[{"id":235249,"href":"https:\/\/www.printmaps.net\/tr\/wp-json\/wp\/v2\/pages\/235248\/revisions\/235249"}],"wp:attachment":[{"href":"https:\/\/www.printmaps.net\/tr\/wp-json\/wp\/v2\/media?parent=235248"}],"curies":[{"name":"wp","href":"https:\/\/api.w.org\/{rel}","templated":true}]}}