{"id":235276,"date":"2026-03-16T14:56:39","date_gmt":"2026-03-16T13:56:39","guid":{"rendered":"https:\/\/www.printmaps.net\/ozel-harita-tasarimi\/"},"modified":"2026-03-16T14:56:42","modified_gmt":"2026-03-16T13:56:42","slug":"ozel-harita-tasarimi","status":"publish","type":"page","link":"https:\/\/www.printmaps.net\/tr\/ozel-harita-tasarimi\/","title":{"rendered":"Size \u00d6zel Harita Tasar\u0131m\u0131"},"content":{"rendered":"\n<p>Yerle\u015fiminize ve markan\u0131za uyum sa\u011flayan \u00f6zel harita tasar\u0131mlar\u0131 olu\u015fturun. Haz\u0131r stil se\u00e7eneklerimizden biriyle ba\u015flay\u0131n, ard\u0131ndan yaz\u0131 boyutunu, harita alan\u0131n\u0131 ve g\u00f6sterilecek \u00f6\u011feleri kolay kontrollerle ince ayarlay\u0131n. Kapsaml\u0131 d\u00fczenlemeler i\u00e7in katmanl\u0131 SVG veya PSD indirin ya da bask\u0131ya haz\u0131r oldu\u011funuzda 300 DPI PNG format\u0131n\u0131 se\u00e7in.<\/p>\n\n<div style=\"height:37px\" aria-hidden=\"true\" class=\"wp-block-spacer\"><\/div>\n\n<div class=\"wp-block-buttons is-content-justification-center is-layout-flex wp-container-core-buttons-is-layout-16018d1d wp-block-buttons-is-layout-flex\">\n<div class=\"wp-block-button has-custom-font-size\" style=\"font-size:18px\"><a class=\"wp-block-button__link has-background wp-element-button\" href=\"https:\/\/www.printmaps.net\/tr\/\" style=\"border-radius:10px;background-color:#e5017e\"><strong>Hemen harita olu\u015fturmaya ba\u015flay\u0131n, kay\u0131t gerekmez<\/strong><\/a><\/div>\n<\/div>\n\n<div style=\"height:63px\" aria-hidden=\"true\" class=\"wp-block-spacer\"><\/div>\n\n<figure class=\"wp-block-gallery has-nested-images columns-default is-cropped wp-block-gallery-1 is-layout-flex wp-block-gallery-is-layout-flex\">\n<figure class=\"wp-block-image size-large\"><img fetchpriority=\"high\" fetchpriority=\"high\" decoding=\"async\" width=\"1024\" height=\"683\" data-id=\"222953\" src=\"https:\/\/www.printmaps.net\/wp-content\/uploads\/2025\/11\/DSC_2159-1-1024x683.jpg\" alt=\"\" class=\"wp-image-222953\" srcset=\"https:\/\/www.printmaps.net\/wp-content\/uploads\/2025\/11\/DSC_2159-1-980x653.jpg 980w, https:\/\/www.printmaps.net\/wp-content\/uploads\/2025\/11\/DSC_2159-1-480x320.jpg 480w\" sizes=\"(min-width: 0px) and (max-width: 480px) 480px, (min-width: 481px) and (max-width: 980px) 980px, (min-width: 981px) 1024px, 100vw\" \/><\/figure>\n\n\n<figure class=\"wp-block-image size-large\"><img decoding=\"async\" width=\"1024\" height=\"683\" data-id=\"222952\" src=\"https:\/\/www.printmaps.net\/wp-content\/uploads\/2025\/11\/DSC_2158-1-1024x683.jpg\" alt=\"\" class=\"wp-image-222952\" srcset=\"https:\/\/www.printmaps.net\/wp-content\/uploads\/2025\/11\/DSC_2158-1-980x653.jpg 980w, https:\/\/www.printmaps.net\/wp-content\/uploads\/2025\/11\/DSC_2158-1-480x320.jpg 480w\" sizes=\"(min-width: 0px) and (max-width: 480px) 480px, (min-width: 481px) and (max-width: 980px) 980px, (min-width: 981px) 1024px, 100vw\" \/><\/figure>\n\n\n<figure class=\"wp-block-image size-large\"><img decoding=\"async\" width=\"1024\" height=\"683\" data-id=\"222950\" src=\"https:\/\/www.printmaps.net\/wp-content\/uploads\/2025\/11\/DSC_2146-1-1024x683.jpg\" alt=\"\" class=\"wp-image-222950\" srcset=\"https:\/\/www.printmaps.net\/wp-content\/uploads\/2025\/11\/DSC_2146-1-980x653.jpg 980w, https:\/\/www.printmaps.net\/wp-content\/uploads\/2025\/11\/DSC_2146-1-480x320.jpg 480w\" sizes=\"(min-width: 0px) and (max-width: 480px) 480px, (min-width: 481px) and (max-width: 980px) 980px, (min-width: 981px) 1024px, 100vw\" \/><\/figure>\n\n\n<figure class=\"wp-block-image size-large\"><img loading=\"lazy\" loading=\"lazy\" decoding=\"async\" width=\"1024\" height=\"683\" data-id=\"222949\" src=\"https:\/\/www.printmaps.net\/wp-content\/uploads\/2025\/11\/DSC_2170-1-1024x683.png\" alt=\"\" class=\"wp-image-222949\" srcset=\"https:\/\/www.printmaps.net\/wp-content\/uploads\/2025\/11\/DSC_2170-1-980x653.png 980w, https:\/\/www.printmaps.net\/wp-content\/uploads\/2025\/11\/DSC_2170-1-480x320.png 480w\" sizes=\"auto, (min-width: 0px) and (max-width: 480px) 480px, (min-width: 481px) and (max-width: 980px) 980px, (min-width: 981px) 1024px, 100vw\" \/><\/figure>\n\n\n<figure class=\"wp-block-image size-large\"><img loading=\"lazy\" loading=\"lazy\" decoding=\"async\" width=\"1024\" height=\"683\" data-id=\"222948\" src=\"https:\/\/www.printmaps.net\/wp-content\/uploads\/2025\/11\/DSC_2168-1024x683.jpg\" alt=\"\" class=\"wp-image-222948\" srcset=\"https:\/\/www.printmaps.net\/wp-content\/uploads\/2025\/11\/DSC_2168-980x653.jpg 980w, https:\/\/www.printmaps.net\/wp-content\/uploads\/2025\/11\/DSC_2168-480x320.jpg 480w\" sizes=\"auto, (min-width: 0px) and (max-width: 480px) 480px, (min-width: 481px) and (max-width: 980px) 980px, (min-width: 981px) 1024px, 100vw\" \/><\/figure>\n\n\n<figure class=\"wp-block-image size-large\"><img loading=\"lazy\" loading=\"lazy\" decoding=\"async\" width=\"1024\" height=\"683\" data-id=\"222947\" src=\"https:\/\/www.printmaps.net\/wp-content\/uploads\/2025\/11\/DSC_2167-1-1024x683.jpg\" alt=\"\" class=\"wp-image-222947\" srcset=\"https:\/\/www.printmaps.net\/wp-content\/uploads\/2025\/11\/DSC_2167-1-980x653.jpg 980w, https:\/\/www.printmaps.net\/wp-content\/uploads\/2025\/11\/DSC_2167-1-480x320.jpg 480w\" sizes=\"auto, (min-width: 0px) and (max-width: 480px) 480px, (min-width: 481px) and (max-width: 980px) 980px, (min-width: 981px) 1024px, 100vw\" \/><\/figure>\n\n\n<figure class=\"wp-block-image size-large\"><img loading=\"lazy\" loading=\"lazy\" decoding=\"async\" width=\"1024\" height=\"683\" data-id=\"222946\" src=\"https:\/\/www.printmaps.net\/wp-content\/uploads\/2025\/11\/DSC_2166-2-1024x683.jpg\" alt=\"\" class=\"wp-image-222946\" srcset=\"https:\/\/www.printmaps.net\/wp-content\/uploads\/2025\/11\/DSC_2166-2-980x653.jpg 980w, https:\/\/www.printmaps.net\/wp-content\/uploads\/2025\/11\/DSC_2166-2-480x320.jpg 480w\" sizes=\"auto, (min-width: 0px) and (max-width: 480px) 480px, (min-width: 481px) and (max-width: 980px) 980px, (min-width: 981px) 1024px, 100vw\" \/><\/figure>\n\n\n<figure class=\"wp-block-image size-large\"><img loading=\"lazy\" loading=\"lazy\" decoding=\"async\" width=\"1024\" height=\"683\" data-id=\"222945\" src=\"https:\/\/www.printmaps.net\/wp-content\/uploads\/2025\/11\/DSC_2161-1024x683.jpg\" alt=\"\" class=\"wp-image-222945\" srcset=\"https:\/\/www.printmaps.net\/wp-content\/uploads\/2025\/11\/DSC_2161-980x653.jpg 980w, https:\/\/www.printmaps.net\/wp-content\/uploads\/2025\/11\/DSC_2161-480x320.jpg 480w\" sizes=\"auto, (min-width: 0px) and (max-width: 480px) 480px, (min-width: 481px) and (max-width: 980px) 980px, (min-width: 981px) 1024px, 100vw\" \/><\/figure>\n\n\n<figure class=\"wp-block-image size-large\"><img loading=\"lazy\" loading=\"lazy\" decoding=\"async\" width=\"1024\" height=\"683\" data-id=\"222944\" src=\"https:\/\/www.printmaps.net\/wp-content\/uploads\/2025\/11\/DSC_2160-1024x683.jpg\" alt=\"\" class=\"wp-image-222944\" srcset=\"https:\/\/www.printmaps.net\/wp-content\/uploads\/2025\/11\/DSC_2160-980x653.jpg 980w, https:\/\/www.printmaps.net\/wp-content\/uploads\/2025\/11\/DSC_2160-480x320.jpg 480w\" sizes=\"auto, (min-width: 0px) and (max-width: 480px) 480px, (min-width: 481px) and (max-width: 980px) 980px, (min-width: 981px) 1024px, 100vw\" \/><\/figure><\/figure>\n\n<h2 class=\"wp-block-heading\">Y\u00fcksek maliyetli \u00f6zel \u00e7izim faturalar\u0131 olmadan \u00f6zel haritalar<\/h2>\n\n<p><p>Profesyonel bir kartograftan size \u00f6zel harita sipari\u015f etmek maliyetli olabilir. Neyse ki Printmaps harita edit\u00f6r\u00fc, ihtiya\u00e7lar\u0131n\u0131za g\u00f6re uyarlanm\u0131\u015f \u00f6zel bir harita olu\u015fturmay\u0131 \u00e7ok daha kolay ve \u00e7ok daha uygun maliyetli hale getirir. Haritadaki her \u00f6\u011feyi ayr\u0131 bir katman olarak tamamen ki\u015fiselle\u015ftirmek istiyorsan\u0131z PSD veya SVG formatlar\u0131m\u0131z\u0131 tercih edin. Vekt\u00f6r haritalar\u0131m\u0131z\u0131n avantajlar\u0131 hakk\u0131nda daha fazla bilgiyi <a href=\"\/tr\/vektor-harita-olustur\">burada<\/a> bulabilirsiniz.<\/p><\/p>\n\n<div style=\"height:124px\" aria-hidden=\"true\" class=\"wp-block-spacer\"><\/div>\n<div class=\"wp-block-image\">\n<figure class=\"alignright size-full is-resized\"><img loading=\"lazy\" loading=\"lazy\" decoding=\"async\" width=\"2501\" height=\"1367\" src=\"https:\/\/www.printmaps.net\/wp-content\/uploads\/2021\/01\/Online-map-editor.png\" alt=\"&#xF6;zel harita olu&#x15F;turun\" class=\"wp-image-74774\" style=\"width:620px;height:auto\" srcset=\"https:\/\/www.printmaps.net\/wp-content\/uploads\/2021\/01\/Online-map-editor.png 2501w, https:\/\/www.printmaps.net\/wp-content\/uploads\/2021\/01\/Online-map-editor-1280x700.png 1280w, https:\/\/www.printmaps.net\/wp-content\/uploads\/2021\/01\/Online-map-editor-980x536.png 980w, https:\/\/www.printmaps.net\/wp-content\/uploads\/2021\/01\/Online-map-editor-480x262.png 480w\" sizes=\"auto, (min-width: 0px) and (max-width: 480px) 480px, (min-width: 481px) and (max-width: 980px) 980px, (min-width: 981px) and (max-width: 1280px) 1280px, (min-width: 1281px) 2501px, 100vw\" \/><\/figure><\/div>\n<h2 class=\"wp-block-heading\">\u00d6zel haritan\u0131z\u0131 bug\u00fcn olu\u015fturun<\/h2>\n\n<p><p>Kartograflarla \u00e7al\u0131\u015f\u0131rken, ilk brief\u2019ten tamamlanm\u0131\u015f haritaya kadar uzanan yinelemeli s\u00fcre\u00e7 haftalar s\u00fcrebilir. <a href=\"\/tr\/\">Printmaps harita edit\u00f6r\u00fcn\u00fcn<\/a> avantaj\u0131 ise t\u00fcm bu s\u00fcrecin yaln\u0131zca birka\u00e7 dakika i\u00e7inde tamamlanabilmesidir. Harita alan\u0131n\u0131z\u0131 belirleyin, haz\u0131r stillerimizden birini se\u00e7in, ihtiyac\u0131n\u0131za g\u00f6re rotalar, pinler ve co\u011frafi \u015fekiller ekleyin, ard\u0131ndan haritan\u0131z\u0131 indirmeye haz\u0131r hale getirin. Edit\u00f6rdeki ara\u00e7lar\u0131n ayr\u0131nt\u0131l\u0131 a\u00e7\u0131klamas\u0131n\u0131 <a href=\"\/tr\/ozellikler\">\u00f6zellikler sayfam\u0131zda<\/a> bulabilirsiniz.<\/p><\/p>\n\n<div style=\"height:63px\" aria-hidden=\"true\" class=\"wp-block-spacer\"><\/div>\n<div class=\"wp-block-image\">\n<figure class=\"alignleft size-full\"><img loading=\"lazy\" loading=\"lazy\" decoding=\"async\" width=\"239\" height=\"202\" src=\"https:\/\/www.printmaps.net\/wp-content\/uploads\/2019\/09\/30d-2-1-2.png\" alt=\"\" class=\"wp-image-46164\" style=\"object-fit:cover\"\/><\/figure><\/div>\n<h2 class=\"wp-block-heading\">Memnuniyet garantisi<\/h2>\n\n<p><p>\u00d6zel haz\u0131rlanm\u0131\u015f bir harita sipari\u015finde oldu\u011fu gibi, sat\u0131n alma sonras\u0131nda haritan\u0131zda de\u011fi\u015fiklik yapmak isterseniz bu da sorun olmaz. 30 g\u00fcnl\u00fck para iade garantisi sunuyoruz. Yani sat\u0131n alma tarihinden itibaren 30 g\u00fcn i\u00e7inde herhangi bir nedenle haritan\u0131zdan memnun kalmazsan\u0131z, sipari\u015f tutar\u0131n\u0131z\u0131 iade ederiz. Sat\u0131n ald\u0131ktan sonra haritan\u0131zda de\u011fi\u015ftirmek istedi\u011finiz bir \u015fey fark ederseniz, <a href=\"https:\/\/support.printmaps.net\/tr\/support\/home\">destek platformumuz<\/a> \u00fczerinden bir talep olu\u015fturabilirsiniz. Ekibimiz birka\u00e7 saat i\u00e7inde size yard\u0131mc\u0131 olur.<\/p><\/p>\n\n<div style=\"height:85px\" aria-hidden=\"true\" class=\"wp-block-spacer\"><\/div>\n\n<div class=\"schema-faq wp-block-yoast-faq-block\"><div class=\"schema-faq-section\" id=\"faq-question-1756391977680\"><strong class=\"schema-faq-question\">Printmaps ba\u011flam\u0131nda \u201c\u00f6zel harita tasar\u0131m\u0131\u201d ne anlama gelir?<\/strong> <p class=\"schema-faq-answer\">Kitaplar, bro\u015f\u00fcrler, rehberler, posterler ve daha bir\u00e7ok kullan\u0131m alan\u0131 i\u00e7in kendi ba\u015f\u0131n\u0131za tasarlad\u0131\u011f\u0131n\u0131z, y\u00fcksek \u00e7\u00f6z\u00fcn\u00fcrl\u00fckl\u00fc ve bask\u0131ya haz\u0131r bir harita anlam\u0131na gelir. Haz\u0131r bir stil se\u00e7erek ve rota, pin, co\u011frafi \u015fekiller gibi i\u00e7erikler ekleyerek bu haritay\u0131 diledi\u011finiz gibi \u00f6zelle\u015ftirebilirsiniz.<\/p> <\/div> <div class=\"schema-faq-section\" id=\"faq-question-1756392170083\"><strong class=\"schema-faq-question\">\u00d6zel bir harita olu\u015fturmak ne kadar s\u00fcrer?<\/strong> <p class=\"schema-faq-answer\">Ba\u015flang\u0131\u00e7tan tamamlanana kadar s\u00fcre\u00e7 yakla\u015f\u0131k 5 dakikadan 1 saate veya daha uzun bir s\u00fcreye kadar de\u011fi\u015febilir. Bu tamamen haritan\u0131za ne kadar i\u00e7erik eklemek istedi\u011finize ba\u011fl\u0131d\u0131r.<\/p> <\/div> <div class=\"schema-faq-section\" id=\"faq-question-1756392295250\"><strong class=\"schema-faq-question\"><strong>Haritay\u0131 ne kadar b\u00fcy\u00fck bast\u0131rabilirim?<\/strong><\/strong> <p class=\"schema-faq-answer\">Printmaps, 1330 mm x 1330 mm\u2019ye kadar bask\u0131 boyutlar\u0131 i\u00e7in harita sunar. Ancak SVG sipari\u015f ederseniz, haritan\u0131z\u0131 istedi\u011finiz \u00f6l\u00e7\u00fcye \u00f6l\u00e7ekleyebilirsiniz.<\/p> <\/div> <div class=\"schema-faq-section\" id=\"faq-question-1756392361820\"><strong class=\"schema-faq-question\"><strong>Haritalar\u0131 ticari olarak kullanabilir miyim?<\/strong><\/strong> <p class=\"schema-faq-answer\"><p>Evet. Lisans\u0131m\u0131z kapsam\u0131nda ticari kullan\u0131m m\u00fcmk\u00fcnd\u00fcr. At\u0131f ve telif haklar\u0131yla ilgili <a href=\"https:\/\/www.printmaps.net\/terms-of-use\/\">ko\u015fullar\u0131 \u00f6\u011frenmek i\u00e7in kullan\u0131m<\/a> \u015fartlar\u0131m\u0131z\u0131 incelemenizi \u00f6neririz.<\/p><\/p> <\/div> <div class=\"schema-faq-section\" id=\"faq-question-1756392742491\"><strong class=\"schema-faq-question\">Edit\u00f6r teknik olmayan kullan\u0131c\u0131lar i\u00e7in de uygun mu?<\/strong> <p class=\"schema-faq-answer\"><p>Kesinlikle. Edit\u00f6r\u00fcm\u00fcz, kartografya olu\u015fturma gibi karma\u015f\u0131k bir i\u015fi olabildi\u011fince kolayla\u015ft\u0131rmak i\u00e7in tasarland\u0131. \u00d6nce denemenizi \u00f6neririz. Tak\u0131ld\u0131\u011f\u0131n\u0131z bir nokta olursa <a href=\"\/tr\/ozellikler\">\u00f6zellikler sayfam\u0131za<\/a> g\u00f6z atabilir ya da <a href=\"https:\/\/support.printmaps.net\/tr\/support\/home\">destek ekibimizle ileti\u015fime<\/a> ge\u00e7ebilirsiniz.<\/p><\/p> <\/div> <\/div>\n","protected":false},"excerpt":{"rendered":"<p>Yerle\u015fiminize ve markan\u0131za uyum sa\u011flayan \u00f6zel harita tasar\u0131mlar\u0131 olu\u015fturun. Haz\u0131r stil se\u00e7eneklerimizden biriyle ba\u015flay\u0131n, ard\u0131ndan yaz\u0131 boyutunu, harita alan\u0131n\u0131 ve g\u00f6sterilecek \u00f6\u011feleri kolay kontrollerle ince ayarlay\u0131n. Kapsaml\u0131 d\u00fczenlemeler i\u00e7in katmanl\u0131 SVG veya PSD indirin ya da bask\u0131ya haz\u0131r oldu\u011funuzda 300 DPI PNG format\u0131n\u0131 se\u00e7in. Y\u00fcksek maliyetli \u00f6zel \u00e7izim faturalar\u0131 olmadan \u00f6zel haritalar Profesyonel bir kartograftan [&hellip;]<\/p>\n","protected":false},"author":23,"featured_media":0,"parent":0,"menu_order":0,"comment_status":"closed","ping_status":"closed","template":"","meta":{"_et_pb_use_builder":"","_et_pb_old_content":"","_et_gb_content_width":"","footnotes":""},"class_list":["post-235276","page","type-page","status-publish","hentry"],"_links":{"self":[{"href":"https:\/\/www.printmaps.net\/tr\/wp-json\/wp\/v2\/pages\/235276","targetHints":{"allow":["GET"]}}],"collection":[{"href":"https:\/\/www.printmaps.net\/tr\/wp-json\/wp\/v2\/pages"}],"about":[{"href":"https:\/\/www.printmaps.net\/tr\/wp-json\/wp\/v2\/types\/page"}],"author":[{"embeddable":true,"href":"https:\/\/www.printmaps.net\/tr\/wp-json\/wp\/v2\/users\/23"}],"replies":[{"embeddable":true,"href":"https:\/\/www.printmaps.net\/tr\/wp-json\/wp\/v2\/comments?post=235276"}],"version-history":[{"count":1,"href":"https:\/\/www.printmaps.net\/tr\/wp-json\/wp\/v2\/pages\/235276\/revisions"}],"predecessor-version":[{"id":235277,"href":"https:\/\/www.printmaps.net\/tr\/wp-json\/wp\/v2\/pages\/235276\/revisions\/235277"}],"wp:attachment":[{"href":"https:\/\/www.printmaps.net\/tr\/wp-json\/wp\/v2\/media?parent=235276"}],"curies":[{"name":"wp","href":"https:\/\/api.w.org\/{rel}","templated":true}]}}