{"id":235292,"date":"2026-03-16T16:17:05","date_gmt":"2026-03-16T15:17:05","guid":{"rendered":"https:\/\/www.printmaps.net\/ucretsiz-yazdirilabilir-haritalar\/"},"modified":"2026-03-16T16:17:06","modified_gmt":"2026-03-16T15:17:06","slug":"ucretsiz-yazdirilabilir-haritalar","status":"publish","type":"page","link":"https:\/\/www.printmaps.net\/tr\/ucretsiz-yazdirilabilir-haritalar\/","title":{"rendered":"Sivil toplum kurulu\u015flar\u0131 i\u00e7in \u00fccretsiz yazd\u0131r\u0131labilir haritalar"},"content":{"rendered":"\n<p>Printmaps.net, s\u0131n\u0131rs\u0131z da\u011f\u0131t\u0131m hakk\u0131yla kullan\u0131labilen \u00fccretsiz yazd\u0131r\u0131labilir haritalar sunar. Bu teklifin de\u011feri yakla\u015f\u0131k 350 \u20ac\u2019dur.<br\/>Ba\u015fvuru yapmadan \u00f6nce, ihtiya\u00e7lar\u0131n\u0131za uygun olup olmad\u0131\u011f\u0131n\u0131 g\u00f6rmek i\u00e7in l\u00fctfen <a href=\"\/tr\/\">Printmaps edit\u00f6r\u00fcn\u00fc test edin<\/a>.<\/p>\n\n<div style=\"height:60px\" aria-hidden=\"true\" class=\"wp-block-spacer\"><\/div>\n\n<div class=\"wp-block-group\"><div class=\"wp-block-group__inner-container is-layout-constrained wp-block-group-is-layout-constrained\">\n<div style=\"height:120px\" aria-hidden=\"true\" class=\"wp-block-spacer\"><\/div>\n\n\n\n<h2 class=\"wp-block-heading has-large-font-size\">Uygun oldu\u011funuzu nas\u0131l anlars\u0131n\u0131z?<\/h2>\n\n\n\n<p>Kurulu\u015funuzun, bulundu\u011funuz \u00fclkedeki vergi idaresi veya yard\u0131m kurulu\u015flar\u0131n\u0131 denetleyen yetkili kurum taraf\u0131ndan tan\u0131nan ge\u00e7erli bir hay\u0131r kurumu stat\u00fcs\u00fcne sahip olmas\u0131 gerekir.<\/p>\n\n\n\n<p>Buna ek olarak, kurulu\u015funuzun a\u015fa\u011f\u0131daki kriterleri kar\u015f\u0131lamas\u0131 gerekir:<\/p>\n\n\n\n<ul class=\"wp-block-list\">\n<li>Yasama veya siyasi faaliyet y\u00fcr\u00fcten bir kurulu\u015f olmamal\u0131d\u0131r<\/li>\n\n\n\n<li>Bir kilise, kiliseler birli\u011fi ya da ba\u015fka bir dini veya evangelik kurulu\u015f olmamal\u0131d\u0131r<\/li>\n\n\n\n<li>Kamuoyunu etkilemeye \u00e7al\u0131\u015fan bir kurulu\u015f olmamal\u0131d\u0131r<\/li>\n\n\n\n<li>\u00d6zel hibe veren, ba\u011f\u0131ms\u0131z ya da i\u015fletme vakf\u0131 niteli\u011finde olmamal\u0131d\u0131r<\/li>\n\n\n\n<li>Cinsiyet, \u0131rk, etnik k\u00f6ken, milliyet, din, siyasi aidiyet veya g\u00f6r\u00fc\u015f, cinsel y\u00f6nelim ya da cinsiyet kimli\u011fi ve cinsiyet ifadesi temelinde ayr\u0131mc\u0131l\u0131k yapmamal\u0131d\u0131r<\/li>\n<\/ul>\n\n\n\n<h3 class=\"wp-block-heading has-medium-font-size\">Nas\u0131l ba\u015fvurulur<\/h3>\n\n\n\n<p>Ba\u015fvurunuzu <a href=\"https:\/\/support.printmaps.net\/tr\/support\/tickets\/new\">destek platformumuz \u00fczerinden bir talep olu\u015fturarak g\u00f6nderin<\/a>. L\u00fctfen kurulu\u015funuzun yasal ad\u0131n\u0131, bulundu\u011fu yeri, web sitesini ve \u00fccretsiz yazd\u0131r\u0131labilir haritaya ihtiya\u00e7 duydu\u011funuz bas\u0131l\u0131 \u00fcr\u00fcn hakk\u0131nda k\u0131sa bir a\u00e7\u0131klamay\u0131 payla\u015f\u0131n.<\/p>\n\n\n\n<div style=\"height:120px\" aria-hidden=\"true\" class=\"wp-block-spacer\"><\/div>\n<\/div><\/div>\n\n<div style=\"height:20px\" aria-hidden=\"true\" class=\"wp-block-spacer\"><\/div>\n\n<div class=\"wp-block-group\"><div class=\"wp-block-group__inner-container is-layout-constrained wp-block-group-is-layout-constrained\">\n<h2 class=\"wp-block-heading has-text-align-center has-large-font-size\" style=\"font-style:normal;font-weight:700\">Printmaps\u2019i deneyin<\/h2>\n\n\n\n<p class=\"has-text-align-center has-medium-font-size\">Harita edit\u00f6r\u00fcm\u00fczle d\u00fcnyan\u0131n her yeri i\u00e7in k\u0131sa s\u00fcrede yazd\u0131r\u0131labilir haritalar olu\u015fturabilirsiniz.<\/p>\n\n\n\n<div style=\"height:15px\" aria-hidden=\"true\" class=\"wp-block-spacer\"><\/div>\n\n\n\n<div class=\"wp-block-buttons is-content-justification-center is-layout-flex wp-container-core-buttons-is-layout-16018d1d wp-block-buttons-is-layout-flex\">\n<div class=\"wp-block-button has-custom-font-size\" style=\"font-size:18px\"><a class=\"wp-block-button__link has-background wp-element-button\" href=\"https:\/\/www.printmaps.net\/tr\/\" style=\"border-radius:10px;background-color:#e5017e\"><strong>\u0130lk haritan\u0131z\u0131 \u015fimdi olu\u015fturun<\/strong><\/a><\/div>\n<\/div>\n<\/div><\/div>\n\n<div style=\"height:150px\" aria-hidden=\"true\" class=\"wp-block-spacer\"><\/div>\n\n<p><\/p>\n","protected":false},"excerpt":{"rendered":"<p>Printmaps.net, s\u0131n\u0131rs\u0131z da\u011f\u0131t\u0131m hakk\u0131yla kullan\u0131labilen \u00fccretsiz yazd\u0131r\u0131labilir haritalar sunar. Bu teklifin de\u011feri yakla\u015f\u0131k 350 \u20ac\u2019dur.Ba\u015fvuru yapmadan \u00f6nce, ihtiya\u00e7lar\u0131n\u0131za uygun olup olmad\u0131\u011f\u0131n\u0131 g\u00f6rmek i\u00e7in l\u00fctfen Printmaps edit\u00f6r\u00fcn\u00fc test edin.<\/p>\n","protected":false},"author":23,"featured_media":0,"parent":0,"menu_order":0,"comment_status":"closed","ping_status":"closed","template":"","meta":{"_et_pb_use_builder":"off","_et_pb_old_content":"","_et_gb_content_width":"","footnotes":""},"class_list":["post-235292","page","type-page","status-publish","hentry"],"_links":{"self":[{"href":"https:\/\/www.printmaps.net\/tr\/wp-json\/wp\/v2\/pages\/235292","targetHints":{"allow":["GET"]}}],"collection":[{"href":"https:\/\/www.printmaps.net\/tr\/wp-json\/wp\/v2\/pages"}],"about":[{"href":"https:\/\/www.printmaps.net\/tr\/wp-json\/wp\/v2\/types\/page"}],"author":[{"embeddable":true,"href":"https:\/\/www.printmaps.net\/tr\/wp-json\/wp\/v2\/users\/23"}],"replies":[{"embeddable":true,"href":"https:\/\/www.printmaps.net\/tr\/wp-json\/wp\/v2\/comments?post=235292"}],"version-history":[{"count":1,"href":"https:\/\/www.printmaps.net\/tr\/wp-json\/wp\/v2\/pages\/235292\/revisions"}],"predecessor-version":[{"id":235293,"href":"https:\/\/www.printmaps.net\/tr\/wp-json\/wp\/v2\/pages\/235292\/revisions\/235293"}],"wp:attachment":[{"href":"https:\/\/www.printmaps.net\/tr\/wp-json\/wp\/v2\/media?parent=235292"}],"curies":[{"name":"wp","href":"https:\/\/api.w.org\/{rel}","templated":true}]}}