{"id":235296,"date":"2026-03-16T16:30:43","date_gmt":"2026-03-16T15:30:43","guid":{"rendered":"https:\/\/www.printmaps.net\/wordpress-static-maps-editor\/"},"modified":"2026-03-16T16:30:45","modified_gmt":"2026-03-16T15:30:45","slug":"wordpress-static-maps-editor","status":"publish","type":"page","link":"https:\/\/www.printmaps.net\/tr\/wordpress-static-maps-editor\/","title":{"rendered":"\u00dccretsiz WordPress Eklentisi: Static Maps Editor"},"content":{"rendered":"\n<p>Static Maps Editor eklentisi, ki\u015fiselle\u015ftirilmi\u015f ve etkile\u015fimsiz \u201cstatik\u201d haritalar\u0131 kolayca olu\u015fturman\u0131z\u0131 sa\u011flar. Harita stilini de\u011fi\u015ftirin, rotalar, ilgi noktalar\u0131 ve co\u011frafi \u015fekiller ekleyin; t\u00fcm bunlar\u0131 <a href=\"\/tr\/\">Printmaps.net<\/a> taraf\u0131ndan sunulan harita edit\u00f6r\u00fc \u00fczerinden yap\u0131n ve haritalar\u0131n\u0131z\u0131 k\u0131sa s\u00fcrede WordPress sitenize ekleyin. Static Maps Editor\u2019\u00fcn sizin i\u00e7in neler yapabilece\u011fini \u00f6\u011frenmek i\u00e7in okumaya devam edin ya da a\u015fa\u011f\u0131daki butondan WordPress eklentisini indirin.<\/p>\n\n<div class=\"wp-block-buttons is-content-justification-center is-layout-flex wp-container-core-buttons-is-layout-16018d1d wp-block-buttons-is-layout-flex\">\n<div class=\"wp-block-button is-style-fill\"><a class=\"wp-block-button__link has-vivid-red-background-color has-background wp-element-button\" href=\"https:\/\/wordpress.org\/plugins\/static-maps-editor\/\" style=\"border-radius:20px\"><p><strong>WordPress Eklenti Dizini\u2019nden \u00fccretsiz indirin!<\/strong><\/p><\/a><\/div>\n<\/div>\n\n<div style=\"height:37px\" aria-hidden=\"true\" class=\"wp-block-spacer\"><\/div>\n\n<figure class=\"wp-block-image size-large\"><img fetchpriority=\"high\" fetchpriority=\"high\" decoding=\"async\" width=\"1024\" height=\"556\" src=\"https:\/\/www.printmaps.net\/wp-content\/uploads\/2023\/09\/wordpress-plugin-static-maps-editor-1024x556.png\" alt=\"WordPress Static Maps Editor Eklentisi\" class=\"wp-image-153617\" srcset=\"https:\/\/www.printmaps.net\/wp-content\/uploads\/2023\/09\/wordpress-plugin-static-maps-editor-980x532.png 980w, https:\/\/www.printmaps.net\/wp-content\/uploads\/2023\/09\/wordpress-plugin-static-maps-editor-480x261.png 480w\" sizes=\"(min-width: 0px) and (max-width: 480px) 480px, (min-width: 481px) and (max-width: 980px) 980px, (min-width: 981px) 1024px, 100vw\" \/><\/figure>\n<p><\/p>\n\n<h2 class=\"wp-block-heading\">Neden Static Maps Editor kullanmal\u0131y\u0131m?<\/h2>\n\n<p><\/p>\n\n<h3 class=\"wp-block-heading\">1. Etkile\u015fimsiz haritalar\u0131 d\u00fczenlemek i\u00e7in ilk WordPress eklentisi<\/h3>\n\n<p>WordPress\u2019te etkile\u015fimli haritalar i\u00e7in ihtiya\u00e7lar\u0131n\u0131za uygun onlarca eklenti bulunabilir. Static Maps Editor ise haritalar\u0131 do\u011frudan WordPress y\u00f6netim paneliniz i\u00e7inde d\u00fczenlemenize olanak tan\u0131yan ilk eklentidir.<\/p>\n\n<p><\/p>\n\n<h3 class=\"wp-block-heading\">2. Kaliteden \u00f6d\u00fcn vermeden zamandan tasarruf edin<\/h3>\n\n<p>Seyahat blogunuz, emlak ilanlar\u0131n\u0131z ya da turizm siteniz i\u00e7in s\u0131k s\u0131k haritaya ihtiya\u00e7 duyuyorsan\u0131z, aradaki ek ad\u0131mlar\u0131 ortadan kald\u0131rarak i\u015f ak\u0131\u015f\u0131n\u0131z\u0131 ciddi \u00f6l\u00e7\u00fcde h\u0131zland\u0131rabilirsiniz. Static Maps Editor ile harita olu\u015fturmak h\u0131zl\u0131 ve pratiktir. B\u00f6ylece kazand\u0131\u011f\u0131n\u0131z zaman\u0131 haritalar\u0131n\u0131z\u0131 diledi\u011finiz gibi geli\u015ftirmeye ay\u0131rabilir, okuyucular\u0131n\u0131z veya m\u00fc\u015fterileriniz i\u00e7in dikkat \u00e7ekici g\u00f6rseller haz\u0131rlayabilirsiniz.<\/p>\n\n<p><\/p>\n\n<h3 class=\"wp-block-heading\">3. \u0130\u00e7eri\u011finize daha fazla de\u011fer kat\u0131n<\/h3>\n\n<p>Etkileyici statik haritalar, yaz\u0131lar\u0131n\u0131za g\u00f6rsel ba\u011flam kazand\u0131rarak okuma deneyimini iyile\u015ftirebilir ve bahsedilen yerlerin daha kolay zihinde canlanmas\u0131n\u0131 sa\u011flar. Karma\u015f\u0131k bilgileri sadele\u015ftirebilir, seyahat rotalar\u0131n\u0131 g\u00f6sterebilir, co\u011frafi konumlar\u0131 \u00f6ne \u00e7\u0131karabilir ve i\u00e7eri\u011fi daha ilgi \u00e7ekici hale getirebilirler.<\/p>\n\n<p><\/p>\n\n<h3 class=\"wp-block-heading\">4. Sitenize daha fazla trafik \u00e7ekin<\/h3>\n\n<p>Trafi\u011fini art\u0131rmak ya da korumak isteyen site sahipleri i\u00e7in SEO b\u00fcy\u00fck \u00f6nem ta\u015f\u0131r. Do\u011fru kullan\u0131ld\u0131\u011f\u0131nda statik haritalar bu konuda size yard\u0131mc\u0131 olabilir. Olu\u015fturulan haritalar WordPress Medya K\u00fct\u00fcphanenize PNG olarak kaydedilir. B\u00f6ylece bunlar\u0131 sayfalar\u0131n\u0131zda \u00fcst k\u0131s\u0131mda kullanarak Google arama algoritmas\u0131na i\u00e7erik \u00e7e\u015fitlili\u011fi sunabilir ve alt metin ekleyerek sitenizin bulunmak istedi\u011fi anahtar kelimeleri g\u00fc\u00e7lendirebilirsiniz. Ayr\u0131ca statik haritalar Google G\u00f6rseller\u2019de de yer alabilir ve bu da potansiyel ziyaret\u00e7iler i\u00e7in ek bir eri\u015fim kanal\u0131 yarat\u0131r.<\/p>\n\n<p><\/p>\n\n<h3 class=\"wp-block-heading\">5. Web sitenizin h\u0131zl\u0131 kalmas\u0131n\u0131 sa\u011flay\u0131n<\/h3>\n\n<p>Hepimiz biliyoruz ki yava\u015f a\u00e7\u0131lan bir web sitesi, istekli bir ziyaret\u00e7iyi h\u0131zla uzakla\u015ft\u0131rabilir. Statik haritalar di\u011fer PNG g\u00f6rseller kadar h\u0131zl\u0131 y\u00fcklenir, sitenizi gereksiz yere yormaz ve performans\u0131n\u0131 korur.<\/p>\n\n<p><\/p>\n\n<h2 class=\"wp-block-heading\">Static Maps Editor nas\u0131l kullan\u0131l\u0131r:<\/h2>\n\n<ul class=\"wp-block-list\">\n<li><p><a href=\"https:\/\/wordpress.org\/plugins\/static-maps-editor\/\">WordPress Eklenti Dizini\u2019ndeki<\/a> indirme talimatlar\u0131n\u0131 izleyin<\/p><\/li>\n\n\n\n<li>Haritalar\u0131n\u0131z\u0131 diledi\u011finiz gibi olu\u015fturun ve \u00f6zelle\u015ftirin<\/li>\n\n\n\n<li><p>Harita g\u00f6rselleri, WordPress kurulumunuzun <strong>Medya K\u00fct\u00fcphanesinde<\/strong> saklan\u0131r ve bar\u0131nd\u0131r\u0131l\u0131r<\/p><\/li>\n\n\n\n<li>T\u00fcm g\u00f6rseller, her zamanki gibi y\u00fckleme klas\u00f6r\u00fcn\u00fczde yerel olarak saklan\u0131r<\/li>\n<\/ul>\n\n<p><\/p>\n\n<h3 class=\"wp-block-heading\">Edit\u00f6r \u00d6zellikleri:<\/h3>\n\n<ul class=\"wp-block-list\">\n<li>D\u00fcnya genelinde haritalama<\/li>\n\n\n\n<li>Farkl\u0131 harita stilleri aras\u0131ndan se\u00e7im yap\u0131n<\/li>\n\n\n\n<li>Rotalar olu\u015fturun<\/li>\n\n\n\n<li>Harita \u00fczerinde noktalar\u0131 pinlerle i\u015faretleyin<\/li>\n\n\n\n<li>Co\u011frafi alanlar\u0131 vurgulay\u0131n<\/li>\n\n\n\n<li>Y\u00fckseklik g\u00f6sterin<\/li>\n\n\n\n<li>Tasar\u0131m\u0131 ki\u015fiselle\u015ftirin<\/li>\n\n\n\n<li>E\u011fme veya d\u00f6nd\u00fcrme ayarlar\u0131 yap\u0131n<\/li>\n<\/ul>\n\n<p>Static Maps Editor, g\u00f6rsellerle \u00e7al\u0131\u015fan di\u011fer t\u00fcm eklentilerle uyumludur ve y\u00fczde 100 GDPR uyumludur.<\/p>\n\n<p><\/p>\n\n<h3 class=\"wp-block-heading\">Static Maps Editor eklentisiyle olu\u015fturulan \u00f6rnekler:<\/h3>\n\n<figure class=\"wp-block-gallery has-nested-images columns-default is-cropped wp-block-gallery-1 is-layout-flex wp-block-gallery-is-layout-flex\">\n<figure class=\"wp-block-image size-large\"><img decoding=\"async\" width=\"1024\" height=\"665\" data-id=\"63054\" src=\"https:\/\/www.printmaps.net\/wp-content\/uploads\/2020\/05\/Real-Estate-Flyers-1024x665.png\" alt=\"POI haritas&#x131; ekran g&#xF6;r&#xFC;nt&#xFC;s&#xFC;\" class=\"wp-image-63054\" srcset=\"https:\/\/www.printmaps.net\/wp-content\/uploads\/2020\/05\/Real-Estate-Flyers-980x636.png 980w, https:\/\/www.printmaps.net\/wp-content\/uploads\/2020\/05\/Real-Estate-Flyers-480x312.png 480w\" sizes=\"(min-width: 0px) and (max-width: 480px) 480px, (min-width: 481px) and (max-width: 980px) 980px, (min-width: 981px) 1024px, 100vw\" \/><\/figure>\n\n\n<figure class=\"wp-block-image size-large\"><img decoding=\"async\" width=\"1024\" height=\"722\" data-id=\"70205\" src=\"https:\/\/www.printmaps.net\/wp-content\/uploads\/2020\/10\/printable-maps-photobook-1-1024x722.png\" alt=\"Rota haritas&#x131; ekran g&#xF6;r&#xFC;nt&#xFC;s&#xFC;\" class=\"wp-image-70205\" srcset=\"https:\/\/www.printmaps.net\/wp-content\/uploads\/2020\/10\/printable-maps-photobook-1-980x691.png 980w, https:\/\/www.printmaps.net\/wp-content\/uploads\/2020\/10\/printable-maps-photobook-1-480x339.png 480w\" sizes=\"(min-width: 0px) and (max-width: 480px) 480px, (min-width: 481px) and (max-width: 980px) 980px, (min-width: 981px) 1024px, 100vw\" \/><\/figure>\n\n\n<figure class=\"wp-block-image size-large\"><img loading=\"lazy\" loading=\"lazy\" decoding=\"async\" width=\"1024\" height=\"768\" data-id=\"70226\" src=\"https:\/\/www.printmaps.net\/wp-content\/uploads\/2020\/10\/800x600@2x-1024x768.png\" alt=\"Monokrom harita ekran g&#xF6;r&#xFC;nt&#xFC;s&#xFC;\" class=\"wp-image-70226\" srcset=\"https:\/\/www.printmaps.net\/wp-content\/uploads\/2020\/10\/800x600@2x-980x735.png 980w, https:\/\/www.printmaps.net\/wp-content\/uploads\/2020\/10\/800x600@2x-480x360.png 480w\" sizes=\"auto, (min-width: 0px) and (max-width: 480px) 480px, (min-width: 481px) and (max-width: 980px) 980px, (min-width: 981px) 1024px, 100vw\" \/><\/figure>\n\n\n<figure class=\"wp-block-image size-large\"><img loading=\"lazy\" loading=\"lazy\" decoding=\"async\" width=\"1024\" height=\"714\" data-id=\"70195\" src=\"https:\/\/www.printmaps.net\/wp-content\/uploads\/2020\/10\/photobook-travel-map-1024x714.png\" alt=\"Rota haritas&#x131; ekran g&#xF6;r&#xFC;nt&#xFC;s&#xFC;\" class=\"wp-image-70195\" srcset=\"https:\/\/www.printmaps.net\/wp-content\/uploads\/2020\/10\/photobook-travel-map-980x683.png 980w, https:\/\/www.printmaps.net\/wp-content\/uploads\/2020\/10\/photobook-travel-map-480x335.png 480w\" sizes=\"auto, (min-width: 0px) and (max-width: 480px) 480px, (min-width: 481px) and (max-width: 980px) 980px, (min-width: 981px) 1024px, 100vw\" \/><\/figure><\/figure>\n\n<div style=\"height:55px\" aria-hidden=\"true\" class=\"wp-block-spacer\"><\/div>\n\n<div class=\"wp-block-buttons is-content-justification-center is-layout-flex wp-container-core-buttons-is-layout-16018d1d wp-block-buttons-is-layout-flex\">\n<div class=\"wp-block-button is-style-fill\"><a class=\"wp-block-button__link has-vivid-red-background-color has-background wp-element-button\" href=\"https:\/\/wordpress.org\/plugins\/static-maps-editor\/\" style=\"border-radius:20px\"><p><strong>Birka\u00e7 t\u0131klamayla harita olu\u015fturmaya ba\u015flay\u0131n!<\/strong><\/p><\/a><\/div>\n<\/div>\n\n<div style=\"height:49px\" aria-hidden=\"true\" class=\"wp-block-spacer\"><\/div>\n","protected":false},"excerpt":{"rendered":"<p>Static Maps Editor eklentisi, ki\u015fiselle\u015ftirilmi\u015f ve etkile\u015fimsiz \u201cstatik\u201d haritalar\u0131 kolayca olu\u015fturman\u0131z\u0131 sa\u011flar. Harita stilini de\u011fi\u015ftirin, rotalar, ilgi noktalar\u0131 ve co\u011frafi \u015fekiller ekleyin; t\u00fcm bunlar\u0131 Printmaps.net taraf\u0131ndan sunulan harita edit\u00f6r\u00fc \u00fczerinden yap\u0131n ve haritalar\u0131n\u0131z\u0131 k\u0131sa s\u00fcrede WordPress sitenize ekleyin. Static Maps Editor\u2019\u00fcn sizin i\u00e7in neler yapabilece\u011fini \u00f6\u011frenmek i\u00e7in okumaya devam edin ya da a\u015fa\u011f\u0131daki butondan WordPress [&hellip;]<\/p>\n","protected":false},"author":5,"featured_media":0,"parent":0,"menu_order":0,"comment_status":"closed","ping_status":"closed","template":"","meta":{"_et_pb_use_builder":"","_et_pb_old_content":"","_et_gb_content_width":"","footnotes":""},"class_list":["post-235296","page","type-page","status-publish","hentry"],"_links":{"self":[{"href":"https:\/\/www.printmaps.net\/tr\/wp-json\/wp\/v2\/pages\/235296","targetHints":{"allow":["GET"]}}],"collection":[{"href":"https:\/\/www.printmaps.net\/tr\/wp-json\/wp\/v2\/pages"}],"about":[{"href":"https:\/\/www.printmaps.net\/tr\/wp-json\/wp\/v2\/types\/page"}],"author":[{"embeddable":true,"href":"https:\/\/www.printmaps.net\/tr\/wp-json\/wp\/v2\/users\/5"}],"replies":[{"embeddable":true,"href":"https:\/\/www.printmaps.net\/tr\/wp-json\/wp\/v2\/comments?post=235296"}],"version-history":[{"count":1,"href":"https:\/\/www.printmaps.net\/tr\/wp-json\/wp\/v2\/pages\/235296\/revisions"}],"predecessor-version":[{"id":235297,"href":"https:\/\/www.printmaps.net\/tr\/wp-json\/wp\/v2\/pages\/235296\/revisions\/235297"}],"wp:attachment":[{"href":"https:\/\/www.printmaps.net\/tr\/wp-json\/wp\/v2\/media?parent=235296"}],"curies":[{"name":"wp","href":"https:\/\/api.w.org\/{rel}","templated":true}]}}