{"id":235300,"date":"2026-03-16T16:42:55","date_gmt":"2026-03-16T15:42:55","guid":{"rendered":"https:\/\/www.printmaps.net\/komoot-turlarini-yazdir\/"},"modified":"2026-03-16T16:42:56","modified_gmt":"2026-03-16T15:42:56","slug":"komoot-turlarini-yazdir","status":"publish","type":"page","link":"https:\/\/www.printmaps.net\/tr\/komoot-turlarini-yazdir\/","title":{"rendered":"Printmaps ile Komoot turlar\u0131n\u0131 yazd\u0131r\u0131n"},"content":{"rendered":"\n<hr class=\"wp-block-separator has-css-opacity\"\/>\n\n<div style=\"height:29px\" aria-hidden=\"true\" class=\"wp-block-spacer\"><\/div>\n\n<p>Printmaps edit\u00f6r\u00fcndeki Komoot entegrasyonu sayesinde oteller, turizm destinasyonlar\u0131 ve yay\u0131nc\u0131lar Komoot turlar\u0131n\u0131 kolayca 300 DPI kalitesinde yazd\u0131rabilir. B\u00f6ylece bro\u015f\u00fcrler ve bilgilendirme materyalleri i\u00e7in y\u00fcksek kaliteli bask\u0131lar haz\u0131rlanabilir. Misafirler, okuyucular ve m\u00fc\u015fteriler ise bas\u0131l\u0131 versiyona ek olarak rotay\u0131 ak\u0131ll\u0131 telefonlar\u0131nda da an\u0131nda a\u00e7abilir.<\/p>\n\n<p><\/p>\n\n<p>Komoot profilinizle do\u011frudan edit\u00f6r \u00fczerinden giri\u015f yap\u0131n. Noktal\u0131 butona t\u0131klay\u0131n ve Komoot se\u00e7ene\u011fini se\u00e7in. Printmaps.net ile Komoot aras\u0131ndaki i\u015f birli\u011finin en b\u00fcy\u00fck avantaj\u0131, misafirlerin, okuyucular\u0131n ve m\u00fc\u015fterilerin bu turlar\u0131 yaln\u0131zca bas\u0131l\u0131 olarak de\u011fil, do\u011frudan Komoot uygulamas\u0131 i\u00e7inde de kullanabilmesidir.<\/p>\n\n<p><\/p>\n\n<div class=\"wp-block-buttons is-content-justification-center is-layout-flex wp-container-core-buttons-is-layout-16018d1d wp-block-buttons-is-layout-flex\">\n<div class=\"wp-block-button has-custom-font-size\" style=\"font-size:18px\"><a class=\"wp-block-button__link has-background wp-element-button\" href=\"https:\/\/www.printmaps.net\/tr\/\" style=\"border-radius:10px;background-color:#e5017e\"><strong>Hemen harita olu\u015fturmaya ba\u015flay\u0131n, kay\u0131t gerekmez<\/strong><\/a><\/div>\n<\/div>\n\n<div style=\"height:34px\" aria-hidden=\"true\" class=\"wp-block-spacer\"><\/div>\n\n<hr class=\"wp-block-separator has-css-opacity\"\/>\n\n<div style=\"height:35px\" aria-hidden=\"true\" class=\"wp-block-spacer\"><\/div>\n\n<div class=\"wp-block-columns is-layout-flex wp-container-core-columns-is-layout-9d6595d7 wp-block-columns-is-layout-flex\">\n<div class=\"wp-block-column is-layout-flow wp-block-column-is-layout-flow\">\n<figure class=\"wp-block-image\"><img fetchpriority=\"high\" fetchpriority=\"high\" decoding=\"async\" width=\"875\" height=\"618\" src=\"https:\/\/www.printmaps.net\/wp-content\/uploads\/2021\/03\/print-komoot-route.png\" alt=\"\" class=\"wp-image-81054\" srcset=\"https:\/\/www.printmaps.net\/wp-content\/uploads\/2021\/03\/print-komoot-route.png 875w, https:\/\/www.printmaps.net\/wp-content\/uploads\/2021\/03\/print-komoot-route-480x339.png 480w\" sizes=\"(min-width: 0px) and (max-width: 480px) 480px, (min-width: 481px) 875px, 100vw\" \/><\/figure><\/div>\n\n\n\n<div class=\"wp-block-column is-layout-flow wp-block-column-is-layout-flow\">\n<p>\u00d6rne\u011fin <a href=\"https:\/\/alexandersonderegger.wixsite.com\/tourenspuren\/alle-touren\">e-mountain bike sporcusu Alexander Sonderegger<\/a>, her turu bir harita, y\u00fckseklik profili ve rota \u00f6zellikleriyle birlikte sunuyor. Buna ek olarak QR kod ve tur ba\u011flant\u0131s\u0131 da payla\u015f\u0131l\u0131yor. B\u00f6ylece okuyucu, tur bilgilerine ak\u0131ll\u0131 telefonundan do\u011frudan ula\u015fabiliyor, navigasyon i\u00e7in Komoot\u2019u kullanabiliyor veya ad\u0131m ad\u0131m yol tarifiyle turu \u00e7\u0131kt\u0131s\u0131n\u0131 alabiliyor.<\/p>\n<\/div>\n<\/div>\n\n<div style=\"height:30px\" aria-hidden=\"true\" class=\"wp-block-spacer\"><\/div>\n\n<div class=\"wp-block-columns is-layout-flex wp-container-core-columns-is-layout-9d6595d7 wp-block-columns-is-layout-flex\">\n<div class=\"wp-block-column is-layout-flow wp-block-column-is-layout-flow\">\n<h2 class=\"wp-block-heading\">Komoot turlar\u0131 nas\u0131l yazd\u0131r\u0131l\u0131r<\/h2>\n\n\n\n<p>Komoot rota planlay\u0131c\u0131s\u0131nda rotalar birka\u00e7 t\u0131klamayla olu\u015fturulur ve do\u011frudan Printmaps edit\u00f6r\u00fcne aktar\u0131l\u0131r. Profesyonel bask\u0131 i\u00e7in 300 DPI kalitesinde haritalar olu\u015fturmak amac\u0131yla Printmaps.net hesab\u0131n\u0131z\u0131 Komoot ile ba\u011flars\u0131n\u0131z. Printmaps.net\u2019i a\u00e7\u0131n, edit\u00f6re gidin ve bask\u0131 boyutunu, haritada g\u00f6sterilecek alan\u0131, yak\u0131nla\u015ft\u0131rma seviyesini, d\u00f6nd\u00fcrme ve e\u011fim ayarlar\u0131n\u0131 belirleyin. Ard\u0131ndan harita stilinizi se\u00e7in ve &#8220;\u0130\u00e7erik Ekle&#8221; sekmesine ge\u00e7in. Ekran\u0131n sa\u011f taraf\u0131nda &#8220;Komoot Turunu \u0130\u00e7e Aktar&#8221; se\u00e7ene\u011fini g\u00f6receksiniz. Buradan Komoot hesab\u0131n\u0131za giri\u015f yapabilir, Printmaps\u2019in Komoot verilerinize eri\u015fmesine izin verebilir ve hesab\u0131n\u0131zdaki turlar\u0131 a\u00e7abilirsiniz.<\/p>\n\n\n\n<p><\/p>\n<\/div>\n\n\n\n<div class=\"wp-block-column is-layout-flow wp-block-column-is-layout-flow\">\n<figure class=\"wp-block-image size-full\"><img decoding=\"async\" width=\"421\" height=\"235\" src=\"https:\/\/www.printmaps.net\/wp-content\/uploads\/2024\/03\/image.png\" alt=\"\" class=\"wp-image-165413\" srcset=\"https:\/\/www.printmaps.net\/wp-content\/uploads\/2024\/03\/image.png 421w, https:\/\/www.printmaps.net\/wp-content\/uploads\/2024\/03\/image-300x167.png 300w\" sizes=\"(max-width: 421px) 100vw, 421px\" \/><\/figure>\n\n\n<div class=\"wp-block-columns is-layout-flex wp-container-core-columns-is-layout-9d6595d7 wp-block-columns-is-layout-flex\">\n<div class=\"wp-block-column is-layout-flow wp-block-column-is-layout-flow\"><\/div>\n<\/div>\n<\/div>\n<\/div>\n\n<div class=\"wp-block-columns is-layout-flex wp-container-core-columns-is-layout-9d6595d7 wp-block-columns-is-layout-flex\">\n<div class=\"wp-block-column is-layout-flow wp-block-column-is-layout-flow\">\n<figure class=\"wp-block-image size-large\"><img decoding=\"async\" width=\"699\" height=\"425\" src=\"https:\/\/www.printmaps.net\/wp-content\/uploads\/2021\/03\/printmaps-and-komoot.png\" alt=\"turlar&#x131; yazd&#x131;r&#x131;n\" class=\"wp-image-81059\" srcset=\"https:\/\/www.printmaps.net\/wp-content\/uploads\/2021\/03\/printmaps-and-komoot.png 699w, https:\/\/www.printmaps.net\/wp-content\/uploads\/2021\/03\/printmaps-and-komoot-480x292.png 480w\" sizes=\"(min-width: 0px) and (max-width: 480px) 480px, (min-width: 481px) 699px, 100vw\" \/><\/figure><\/div>\n\n\n\n<div class=\"wp-block-column is-layout-flow wp-block-column-is-layout-flow\">\n<p>Art\u0131k 1 veya birden fazla tur se\u00e7ebilirsiniz. Se\u00e7ilen turlar do\u011frudan harita \u00fczerinde g\u00f6r\u00fcnt\u00fclenir. Komoot hesab\u0131n\u0131zdan daha fazla tur eklemek i\u00e7in Komoot logosuna yeniden t\u0131klaman\u0131z yeterlidir. Komoot profilinize kaydetti\u011finiz her yeni tur, listede do\u011frudan g\u00f6r\u00fcn\u00fcr ve haritaya eklenebilir.<\/p>\n\n\n\n<p><\/p>\n\n\n\n<p>Rotalar\u0131 i\u00e7eren son harita farkl\u0131 \u015fekillerde uyarlanabilir. Harita stilini de\u011fi\u015ftirin, rota rengini d\u00fczenleyin, edit\u00f6rde ilgi noktalar\u0131 ekleyin. \u00d6nizlemeyi kontrol ettikten sonra haritan\u0131z\u0131 do\u011frudan \u00e7evrimi\u00e7i sat\u0131n alabilirsiniz.<\/p>\n<\/div>\n<\/div>\n\n<p><\/p>\n\n<div style=\"height:33px\" aria-hidden=\"true\" class=\"wp-block-spacer\"><\/div>\n\n<h3 class=\"wp-block-heading\">Komoot taraf\u0131ndan sunulan ve oteller, turizm destinasyonlar\u0131, di\u011fer hizmet sa\u011flay\u0131c\u0131lar, yazarlar ve yay\u0131nc\u0131lar taraf\u0131ndan kullan\u0131lan di\u011fer i\u015f ortakl\u0131\u011f\u0131 \u00e7\u00f6z\u00fcmleri \u015funlard\u0131r:<\/h3>\n\n<div style=\"height:26px\" aria-hidden=\"true\" class=\"wp-block-spacer\"><\/div>\n\n<h4 class=\"wp-block-heading\">1. Komoot rota planlay\u0131c\u0131s\u0131 (\u00fccretsiz): M\u00fc\u015fteriler i\u00e7in birka\u00e7 t\u0131klamayla rota olu\u015fturmak i\u00e7in.<\/h4>\n\n<p><\/p>\n\n<h4 class=\"wp-block-heading\">2. Komoot web sitesi eklentisi (\u00fccretsiz): Turlar\u0131 ve genel bak\u0131\u015f haritalar\u0131n\u0131 kendi web sitenize entegre etmek i\u00e7in.<\/h4>\n\n<div style=\"height:100px\" aria-hidden=\"true\" class=\"wp-block-spacer\"><\/div>\n\n<hr class=\"wp-block-separator has-css-opacity\"\/>\n\n<p><\/p>\n\n<p>Bu Medium blog yaz\u0131s\u0131, Komoot kurucu ortaklar\u0131ndan Markus Hallermann taraf\u0131ndan kaleme al\u0131nm\u0131\u015ft\u0131r. Almanca s\u00fcr\u00fcm\u00fcn\u00fc buradan okuyabilirsiniz: <a href=\"https:\/\/medium.com\/komoot\/printmaps-net-by-toursprung-komoot-46f0c752883a\">Printmaps.net by Toursprung &amp; Komoot<\/a>.<\/p>\n\n<div style=\"height:21px\" aria-hidden=\"true\" class=\"wp-block-spacer\"><\/div>\n\n<p><\/p>\n","protected":false},"excerpt":{"rendered":"<p>Printmaps edit\u00f6r\u00fcndeki Komoot entegrasyonu sayesinde oteller, turizm destinasyonlar\u0131 ve yay\u0131nc\u0131lar Komoot turlar\u0131n\u0131 kolayca 300 DPI kalitesinde yazd\u0131rabilir. B\u00f6ylece bro\u015f\u00fcrler ve bilgilendirme materyalleri i\u00e7in y\u00fcksek kaliteli bask\u0131lar haz\u0131rlanabilir. Misafirler, okuyucular ve m\u00fc\u015fteriler ise bas\u0131l\u0131 versiyona ek olarak rotay\u0131 ak\u0131ll\u0131 telefonlar\u0131nda da an\u0131nda a\u00e7abilir. Komoot profilinizle do\u011frudan edit\u00f6r \u00fczerinden giri\u015f yap\u0131n. Noktal\u0131 butona t\u0131klay\u0131n ve Komoot se\u00e7ene\u011fini [&hellip;]<\/p>\n","protected":false},"author":19,"featured_media":0,"parent":0,"menu_order":0,"comment_status":"closed","ping_status":"closed","template":"","meta":{"_et_pb_use_builder":"","_et_pb_old_content":"","_et_gb_content_width":"","footnotes":""},"class_list":["post-235300","page","type-page","status-publish","hentry"],"_links":{"self":[{"href":"https:\/\/www.printmaps.net\/tr\/wp-json\/wp\/v2\/pages\/235300","targetHints":{"allow":["GET"]}}],"collection":[{"href":"https:\/\/www.printmaps.net\/tr\/wp-json\/wp\/v2\/pages"}],"about":[{"href":"https:\/\/www.printmaps.net\/tr\/wp-json\/wp\/v2\/types\/page"}],"author":[{"embeddable":true,"href":"https:\/\/www.printmaps.net\/tr\/wp-json\/wp\/v2\/users\/19"}],"replies":[{"embeddable":true,"href":"https:\/\/www.printmaps.net\/tr\/wp-json\/wp\/v2\/comments?post=235300"}],"version-history":[{"count":1,"href":"https:\/\/www.printmaps.net\/tr\/wp-json\/wp\/v2\/pages\/235300\/revisions"}],"predecessor-version":[{"id":235301,"href":"https:\/\/www.printmaps.net\/tr\/wp-json\/wp\/v2\/pages\/235300\/revisions\/235301"}],"wp:attachment":[{"href":"https:\/\/www.printmaps.net\/tr\/wp-json\/wp\/v2\/media?parent=235300"}],"curies":[{"name":"wp","href":"https:\/\/api.w.org\/{rel}","templated":true}]}}