{"id":235307,"date":"2026-03-16T18:08:05","date_gmt":"2026-03-16T17:08:05","guid":{"rendered":"https:\/\/www.printmaps.net\/ozellikler\/"},"modified":"2026-03-16T18:08:08","modified_gmt":"2026-03-16T17:08:08","slug":"ozellikler","status":"publish","type":"page","link":"https:\/\/www.printmaps.net\/tr\/ozellikler\/","title":{"rendered":"Printmaps harita edit\u00f6r\u00fc nas\u0131l \u00e7al\u0131\u015f\u0131r?"},"content":{"rendered":"\n<p><p>Profesyonel bir kartograf ya da tasar\u0131mc\u0131 olman\u0131za gerek yok. \u015eehir <strong>haritalar\u0131, parkur haritalar\u0131, yol tarifi haritalar\u0131, turistik haritalar veya genel bak\u0131\u015f haritalar\u0131 olsun, dakikalar i\u00e7inde etkileyici ve estetik haritalar olu\u015fturabilirsiniz<\/strong>.<\/p><\/p>\n\n<figure class=\"wp-block-image\"><a href=\"\/tr\/\"><img decoding=\"async\" src=\"https:\/\/www.printmaps.net\/wp-content\/uploads\/2024\/09\/print-map-1.png\" alt=\"harita bask&#x131;s&#x131;\" title=\"Printmaps edit&#xF6;r&#xFC;\"\/><\/a><\/figure>\n<p><p>S\u00f6z veriyoruz: <a href=\"\/tr\/\">Printmaps harita edit\u00f6r\u00fc<\/a>, harita \u00e7izimi ve rota izleme i\u00e7in harcad\u0131\u011f\u0131n\u0131z saatleri \u00f6nemli \u00f6l\u00e7\u00fcde azalt\u0131r. Emlak projeleri veya turist rehberleri i\u00e7in y\u00fcksek \u00e7\u00f6z\u00fcn\u00fcrl\u00fckl\u00fc haritalar m\u0131 bast\u0131rmak istiyorsunuz? Sonradan d\u00fczenleme i\u00e7in katmanl\u0131 bir harita dosyas\u0131na m\u0131 ihtiyac\u0131n\u0131z var? Yoksa ki\u015fisel bir seyahat haritas\u0131 m\u0131 haz\u0131rlamak istiyorsunuz? O halde edit\u00f6rdeki 3 sekmede yer alan \u00f6zelliklere birlikte bakal\u0131m: Haritay\u0131 Tasarla, \u0130\u00e7erik Ekle ve Haritay\u0131 \u0130ndir. B\u00f6ylece Printmap\u2019inizi olu\u015fturman\u0131n \u00f6n\u00fcnde hi\u00e7bir engel kalmaz.<\/p><\/p>\n\n<h2 class=\"wp-block-heading\">\u00a0<\/h2>\n\n<h2 class=\"wp-block-heading\">1. Haritan\u0131z\u0131 tasarlay\u0131n<\/h2>\n\n<hr class=\"wp-block-separator has-alpha-channel-opacity\"\/>\n\n<p>Edit\u00f6rdeki Haritay\u0131 Tasarla sekmesinde haritan\u0131n temel \u00f6\u011felerini ayarlayabilirsiniz. Bask\u0131 boyutunu belirleyin, haritay\u0131 d\u00f6nd\u00fcr\u00fcn veya e\u011fin. Haritada g\u00f6r\u00fcnen metinlerin boyutunu de\u011fi\u015ftirmek i\u00e7in yaz\u0131 \u00f6l\u00e7e\u011fini ayarlay\u0131n ve hangi etiketlerin g\u00f6sterilip hangilerinin gizlenece\u011fini se\u00e7in. Haritada g\u00f6r\u00fcnt\u00fclenecek dili de\u011fi\u015ftirin ve farkl\u0131 harita stilleri aras\u0131ndan se\u00e7im yap\u0131n.<\/p>\n\n<figure class=\"wp-block-image\"><img decoding=\"async\" src=\"https:\/\/www.printmaps.net\/wp-content\/uploads\/2019\/07\/printable-map-editor-1-1024x681.gif\" alt=\"Manyetik ara&#xE7;la rota &#xE7;izin\"\/><\/figure>\n<div style=\"height:26px\" aria-hidden=\"true\" class=\"wp-block-spacer\"><\/div>\n\n<h3 class=\"wp-block-heading\">T\u00fcm d\u00fcnyay\u0131, t\u00fcm yak\u0131nla\u015ft\u0131rma seviyelerinde haritalay\u0131n<\/h3>\n\n<p>D\u00fcnyan\u0131n her yerini kapsayan kartografi sunuyoruz ve t\u00fcm yak\u0131nla\u015ft\u0131rma seviyelerini destekliyoruz. \u0130ster \u00e7ok geni\u015f bir g\u00f6r\u00fcn\u00fcm, ister son derece ayr\u0131nt\u0131l\u0131 bir yak\u0131n plan isteyin, se\u00e7im sizin.<\/p>\n\n<h3 class=\"wp-block-heading\"><strong>Haritan\u0131n boyutunu ayarlay\u0131n<\/strong><\/h3>\n\n<p>Haritay\u0131 Tasarla sekmesinde bask\u0131 boyutunuzu girin. Standart boyutlardan birini se\u00e7ebilir ya da geni\u015flik ve y\u00fckseklik i\u00e7in mm cinsinden \u00f6zel \u00f6l\u00e7\u00fcler tan\u0131mlayabilirsiniz. <em>Not: Kenar uzunlu\u011fu 220 mm\u2019yi a\u015fan haritalar PNG olarak sunulmaz, yaln\u0131zca PSD veya SVG olarak indirilebilir<\/em>. Bunun <a href=\"\/tr\/fiyatlar\">fiyatland\u0131rmaya<\/a> etkisini de inceleyebilirsiniz.<\/p>\n\n<p>\u0130stedi\u011finiz harita \u00e7er\u00e7evesini belirlemek i\u00e7in imlecinizle haritay\u0131 s\u00fcr\u00fckleyin. <em>Not: Bir Printmap i\u00e7in maksimum boyut 1330 x 1330 mm\u2019dir<\/em>. Do\u011fru g\u00f6r\u00fcnt\u00fc \u00e7er\u00e7evesini belirledikten sonra <strong>harita alan\u0131n\u0131 kilitlemeyi<\/strong> unutmay\u0131n. B\u00f6ylece harita \u00e7er\u00e7eveniz art\u0131k yer de\u011fi\u015ftirmez.<\/p>\n\n<figure class=\"wp-block-image\"><img decoding=\"async\" src=\"https:\/\/www.printmaps.net\/wp-content\/uploads\/2021\/01\/Online-map-editor-1024x560.png\" alt=\"\"\/><\/figure>\n<figure class=\"wp-block-image\"><img decoding=\"async\" src=\"https:\/\/www.printmaps.net\/wp-content\/uploads\/2021\/01\/map-styles.png\" alt=\"\"\/><\/figure>\n<div style=\"height:34px\" aria-hidden=\"true\" class=\"wp-block-spacer\"><\/div>\n\n<h3 class=\"wp-block-heading\">Harita stilinizi se\u00e7in<\/h3>\n\n<p>Haritan\u0131z, sizin stiliniz. Ayr\u0131nt\u0131l\u0131 topo\u011frafik g\u00f6r\u00fcn\u00fcmlerden k\u0131\u015f ve \u015fehir stillerine kadar farkl\u0131 harita stilleri aras\u0131ndan se\u00e7im yap\u0131n. <a href=\"http:\/\/www.komoot.com\/\">Komoot y\u00fcr\u00fcy\u00fc\u015flerini<\/a>, <a href=\"http:\/\/www.bikemap.net\/\">Bikemap bisiklet turlar\u0131n\u0131<\/a> veya <a href=\"https:\/\/www.facebook.com\/ulmon\/\">CityMaps2Go gezi haritalar\u0131n\u0131<\/a> uygulamadaki stile yak\u0131n bir g\u00f6r\u00fcn\u00fcmle kolayca kal\u0131c\u0131 hale getirin.<\/p>\n\n<figure class=\"wp-block-image\"><img decoding=\"async\" src=\"https:\/\/www.printmaps.net\/wp-content\/uploads\/2019\/09\/printable-map-features-layers-styles-edit.gif\" alt=\"\"\/><\/figure>\n<div style=\"height:35px\" aria-hidden=\"true\" class=\"wp-block-spacer\"><\/div>\n\n<h3 class=\"wp-block-heading\">Tasar\u0131m\u0131 kendiniz belirleyin<\/h3>\n\n<p>Haritan\u0131zda yer almas\u0131n\u0131 istedi\u011finiz \u00f6\u011feleri i\u015faretleyerek ya da i\u015fareti kald\u0131rarak tasar\u0131m\u0131n\u0131z\u0131 kendiniz olu\u015fturun. Haritay\u0131 ihtiyac\u0131n\u0131za g\u00f6re son derece detayl\u0131 ya da olduk\u00e7a sade hale getirebilirsiniz. Sadece birka\u00e7 t\u0131klamayla bo\u015f eyalet, il veya \u00fclke haritalar\u0131 olu\u015fturabilirsiniz.<\/p>\n\n<figure class=\"wp-block-image\"><img decoding=\"async\" src=\"https:\/\/www.printmaps.net\/wp-content\/uploads\/2019\/09\/printable-map-3d-tilted-citymap-streets-1-1024x725.png\" alt=\"\"\/><\/figure>\n<div style=\"height:33px\" aria-hidden=\"true\" class=\"wp-block-spacer\"><\/div>\n\n<h3 class=\"wp-block-heading\"><strong>Haritay\u0131 e\u011fin ve d\u00f6nd\u00fcr\u00fcn<\/strong><\/h3>\n\n<p>Haritay\u0131 istedi\u011finiz y\u00f6nde g\u00f6stermek i\u00e7in diledi\u011finiz gibi d\u00f6nd\u00fcr\u00fcn. Perspektif eklemek i\u00e7in haritay\u0131 60\u00b0\u2019ye kadar e\u011febilirsiniz. Bu \u00f6zellik emlak haritalar\u0131, otel konum haritalar\u0131 veya \u015fehir y\u00fcr\u00fcy\u00fc\u015fleri i\u00e7in idealdir. <em>Not: E\u011filmi\u015f ve d\u00f6nd\u00fcr\u00fclm\u00fc\u015f haritalar SVG olarak sunulmaz, yaln\u0131zca PSD veya PNG olarak indirilebilir<\/em>.<\/p>\n\n<h2 class=\"wp-block-heading\">2. <strong>Haritan\u0131za i\u00e7erik ekleyin<\/strong><\/h2>\n\n<hr class=\"wp-block-separator has-alpha-channel-opacity\"\/>\n\n<p><p>\u0130\u00e7erik Ekle sekmesinde <strong>rota \u00e7izebilir<\/strong>, <strong>GPX<\/strong>, <strong>KML <\/strong>veya <strong>GeoJSON <\/strong>dosyas\u0131 y\u00fckleyebilir, <strong>ilgi noktalar\u0131 ekleyebilir<\/strong> ve <strong>co\u011frafi \u015fekillerle d\u00fczenleme yapabilirsiniz<\/strong>.<\/p><\/p>\n\n<figure class=\"wp-block-image\"><img decoding=\"async\" src=\"https:\/\/www.printmaps.net\/wp-content\/uploads\/2020\/05\/biking-route-map-1024x665.png\" alt=\"rota haritas&#x131; olu&#x15F;turun\"\/><\/figure>\n<div style=\"height:34px\" aria-hidden=\"true\" class=\"wp-block-spacer\"><\/div>\n\n<h3 class=\"wp-block-heading\">Rota \u00e7izin<\/h3>\n\n<p>Haritan\u0131za bir rota m\u0131 eklemek istiyorsunuz? Manyetik \u00e7izim arac\u0131m\u0131zla bu i\u015flem \u00e7ok kolayd\u0131r. Serbest \u00e7izim mi tercih ediyorsunuz? Onu da destekliyoruz. \u201cKolay Mod\u201d i\u00e7inde hedef noktalar\u0131 arama \u00e7ubu\u011funa girerek rotalar \u00e7izebilirsiniz. \u201cUzman Mod\u201d i\u00e7inde ise hedef noktalar\u0131 do\u011frudan harita \u00fczerinde t\u0131klayarak \u00e7al\u0131\u015fabilirsiniz. Her 2 modda da d\u00fcz \u00e7izgi, yay \u00e7izgisi veya mevcut yollara manyetik olarak yap\u0131\u015fan \u00e7izgiler \u00e7izebilirsiniz. \u00c7izginin kal\u0131nl\u0131\u011f\u0131n\u0131 ve rengini ayarlay\u0131n. Ula\u015f\u0131m t\u00fcr\u00fc simgelerini g\u00f6sterip g\u00f6stermemeye siz karar verin: u\u00e7ak, tren, araba, y\u00fcr\u00fcy\u00fc\u015f, bisiklet ve gemi.<\/p>\n\n<figure class=\"wp-block-image\"><img decoding=\"async\" src=\"https:\/\/www.printmaps.net\/wp-content\/uploads\/2020\/10\/maps-with-layers-for-adobe-photoshop-illustrator.gif\" alt=\"\"\/><\/figure>\n<div style=\"height:36px\" aria-hidden=\"true\" class=\"wp-block-spacer\"><\/div>\n\n<h3 class=\"wp-block-heading\"><p><strong>Kaydedilmi\u015f rotalar\u0131 haritaya nas\u0131l y\u00fcklersiniz?<\/strong><\/p><\/h3>\n\n<p>Haritan\u0131za eklemek istedi\u011finiz bir GPX veya KML dosyan\u0131z m\u0131 var? Hi\u00e7 sorun de\u011fil. \u0130stedi\u011finiz kadar dosya y\u00fckleyebilir ve bunlar\u0131 haritan\u0131zda g\u00f6sterebilirsiniz.<\/p>\n\n<p>\u201cDosya Y\u00fckle\u201d d\u00fc\u011fmesinin alt\u0131nda GPX, KML veya GeoJSON dosyalar\u0131n\u0131 haritaya aktarma se\u00e7ene\u011fini bulabilirsiniz. B\u00f6ylece kaydetti\u011finiz rotay\u0131 y\u00fcksek \u00e7\u00f6z\u00fcn\u00fcrl\u00fckl\u00fc bir Printmap \u00fczerinde g\u00f6rselle\u015ftirebilirsiniz. GPX haritas\u0131 bast\u0131rman\u0131n pratik bir yolu.<\/p>\n\n<p>Bu \u00f6zellik, motor rota dergilerinde s\u0131k\u00e7a kullan\u0131l\u0131r ve y\u00fcr\u00fcy\u00fc\u015f ile bisiklet haritalar\u0131 i\u00e7eren rehberler ya da seyahat bloglar\u0131 i\u00e7in idealdir. Mahallenizdeki favori ko\u015fu rotan\u0131z\u0131 veya bir maratonu duvar\u0131n\u0131zda \u00f6l\u00fcms\u00fczle\u015ftirin. Bu etkileyici Strava bask\u0131 \u00f6rneklerine g\u00f6z at\u0131n.<\/p>\n\n<iframe width=\"560\" height=\"315\" src=\"https:\/\/www.youtube.com\/embed\/aM5W250xMYU?si=mXwtWV4P2VcECvM8\" title=\"YouTube video player\" frameborder=\"0\" allow=\"accelerometer; autoplay; clipboard-write; encrypted-media; gyroscope; picture-in-picture; web-share\" referrerpolicy=\"strict-origin-when-cross-origin\" allowfullscreen=\"\"><\/iframe>\r\n\n<div style=\"height:42px\" aria-hidden=\"true\" class=\"wp-block-spacer\"><\/div>\n\n<figure class=\"wp-block-image\"><img decoding=\"async\" src=\"https:\/\/www.printmaps.net\/wp-content\/uploads\/2019\/09\/printable-map-batch-geocode-addresses-POI-1024x725.gif\" alt=\"\"\/><\/figure>\n<div style=\"height:41px\" aria-hidden=\"true\" class=\"wp-block-spacer\"><\/div>\n\n<h3 class=\"wp-block-heading\"><strong>Pinli ve etiketli harita olu\u015fturun<\/strong><\/h3>\n\n<p>Tekil ilgi noktalar\u0131n\u0131 harita \u00fczerinde s\u00fcr\u00fckleyip b\u0131rakarak yerle\u015ftirebilir ya da tam konumlar\u0131n\u0131 tablo i\u00e7ine girerek ekleyebilirsiniz. Boyutlar\u0131n\u0131 kolayca ayarlayabilir, \u00e7ok say\u0131da renk ve simge se\u00e7ene\u011fiyle stillendirebilirsiniz.<\/p>\n\n<p>\u00d6zel pinli harita<\/p>\n\n<p>Standart i\u015faret\u00e7i ve etiketlerden birini se\u00e7ebilir ya da kendi \u00f6zel pinlerinizi y\u00fckleyebilirsiniz. \u00d6zel pinleri internetten bulup indirebilir veya kendiniz tasarlayabilirsiniz. Haritan\u0131zda i\u015fletme logonuzu ya da g\u00f6stermek istedi\u011finiz ba\u015fka bir g\u00f6rseli kullanabilirsiniz. <em>Not: \u00d6zel pin g\u00f6rseli i\u00e7in minimum boyut 100 x 100 px\u2019tir.<\/em><\/p>\n\n<figure class=\"wp-block-image\"><img decoding=\"async\" src=\"https:\/\/www.printmaps.net\/wp-content\/uploads\/2019\/09\/printable-map-custom-markers-1024x723.gif\" alt=\"\"\/><\/figure>\n<div style=\"height:38px\" aria-hidden=\"true\" class=\"wp-block-spacer\"><\/div>\n\n<h3 class=\"wp-block-heading\"><strong>Birden fazla konumu haritalay\u0131n<\/strong><\/h3>\n\n<p>Konum listesini tabloya yap\u0131\u015ft\u0131rarak harita \u00fczerinde <a href=\"\/tr\/coklu-konum-haritasi-olustur\">ayn\u0131 anda birden fazla adres g\u00f6sterebilirsiniz<\/a>. Excel\u2019den kopyalay\u0131p yap\u0131\u015ft\u0131rmak son derece kolayd\u0131r.<\/p>\n\n<figure class=\"wp-block-image\"><img decoding=\"async\" src=\"https:\/\/www.printmaps.net\/wp-content\/uploads\/2019\/07\/printable-map-batch-geocode-addresses-excel-2-1024x517.gif\" alt=\"Bask&#x131;ya uygun haritalar i&#xE7;in adresleri toplu olarak geocode edin\"\/><\/figure>\n<figure class=\"wp-block-image\"><img decoding=\"async\" src=\"https:\/\/www.printmaps.net\/wp-content\/uploads\/2019\/09\/printable-map-regions-areas-1024x636.gif\" alt=\"\"\/><\/figure>\n<div style=\"height:50px\" aria-hidden=\"true\" class=\"wp-block-spacer\"><\/div>\n\n<h3 class=\"wp-block-heading\"><strong>Haritada farkl\u0131 \u00fclkeler, b\u00f6lgeler veya \u015fehirler nas\u0131l renklendirilir?<\/strong><\/h3>\n\n<p><p>Printmaps edit\u00f6r\u00fcyle farkl\u0131 alanlar\u0131 \u00fczerlerine co\u011frafi \u015fekiller yerle\u015ftirerek renklendirebilirsiniz. Veri taban\u0131m\u0131zdan idari alanlar\u0131, yani \u00fclkeleri, belediyeleri ve b\u00f6lgeleri se\u00e7ebilirsiniz. Harita \u00fczerinde \u00fclkeleri vurgulamak son derece kolayd\u0131r, d\u00fcnya haritas\u0131ndaki \u00fclkeleri do\u011frudan renklendirebilirsiniz. <em>Not: \u015eu an i\u00e7in t\u00fcm k\u0131talar\u0131 tek seferde renklendirmek hen\u00fcz m\u00fcmk\u00fcn de\u011fildir.<\/em><\/p><\/p>\n\n<p>Alan \u00e7evresini farkl\u0131 bir renkte g\u00f6stermek ister misiniz? O halde \u201c<strong>tersine \u00e7evir<\/strong>\u201d se\u00e7ene\u011fine t\u0131klay\u0131n. \u015eeklin hem <strong>rengini<\/strong> hem de <strong>saydaml\u0131\u011f\u0131n\u0131 <\/strong>de\u011fi\u015ftirebilirsiniz. Standart renklerden birini se\u00e7in ya da g\u00f6stermek istedi\u011finiz rengin HEX kodunu veya RGB de\u011ferlerini girin.<\/p>\n\n<p>Bu \u00f6zellik, \u00f6rne\u011fin <a href=\"\/tr\/fotokitap-icin-seyahat-haritasi\">fotokitab\u0131n\u0131z i\u00e7in bir seyahat haritas\u0131 olu\u015ftururken<\/a> hedef b\u00f6lgeyi \u00f6ne \u00e7\u0131karmak a\u00e7\u0131s\u0131ndan \u00e7ok kullan\u0131\u015fl\u0131d\u0131r.<\/p>\n\n<figure class=\"wp-block-image\"><img decoding=\"async\" src=\"https:\/\/www.printmaps.net\/wp-content\/uploads\/2019\/09\/printable-map-draw-geographic-shape-administrative.gif\" alt=\"\"\/><\/figure>\n<figure class=\"wp-block-image\"><img decoding=\"async\" src=\"https:\/\/www.printmaps.net\/wp-content\/uploads\/2021\/01\/Austria-map-1024x722.png\" alt=\"\"\/><\/figure>\n<h3 class=\"wp-block-heading\"><strong>S\u0131n\u0131rlar\u0131 vurgulay\u0131n<\/strong><\/h3>\n\n<p>\u015eeklin etraf\u0131nda farkl\u0131 renkte bir s\u0131n\u0131r g\u00f6stermek ister misiniz? O halde \u00f6nce alan\u0131n \u00fczerine kenarl\u0131kl\u0131 bir co\u011frafi \u015fekil yerle\u015ftirin, yani \u201ckontur\u201d se\u00e7ene\u011fini se\u00e7in. Ard\u0131ndan bunun \u00fcst\u00fcne kontursuz bir co\u011frafi \u015fekil ekleyin.<\/p>\n\n<figure class=\"wp-block-image\"><img decoding=\"async\" src=\"https:\/\/www.printmaps.net\/wp-content\/uploads\/2020\/05\/Image-from-Marlon-Blackwell-Architects.jpg\" alt=\"alan analizi i&#xE7;in harita\"\/><\/figure>\n<div style=\"height:42px\" aria-hidden=\"true\" class=\"wp-block-spacer\"><\/div>\n\n<h2 class=\"wp-block-heading\"><strong>Katman listesi<\/strong><\/h2>\n\n<p>Printmaps edit\u00f6r\u00fc i\u00e7erik katmanlar\u0131yla \u00e7al\u0131\u015f\u0131r. Katmanlar; metin etiketleri, rota veya renkli bir \u015fekil gibi \u00f6\u011feleri i\u00e7erebilir. Photoshop ve Illustrator gibi di\u011fer edit\u00f6rlerde oldu\u011fu gibi katmanlar\u0131 ta\u015f\u0131yabilirsiniz. Bir katman\u0131 se\u00e7ip \u00fcst s\u0131raya s\u00fcr\u00fckledi\u011finizde di\u011ferlerinin \u00fczerinde g\u00f6r\u00fcn\u00fcr. <strong>Katman listesindeki bir katman\u0131n \u00fczerine imleci getirdi\u011finizde, ilgili \u00f6\u011fe harita \u00fczerinde vurgulan\u0131r<\/strong>. Bu sayede katmanlar\u0131 kolayca bulabilir, kald\u0131rabilir, gizleyebilir, d\u00fczenleyebilir veya de\u011fi\u015ftirebilirsiniz.<\/p>\n\n<p>Haritay\u0131 SVG veya PSD olarak indirdi\u011finizde, ekledi\u011finiz i\u00e7erik katmanlar\u0131yla birlikte haritan\u0131n i\u00e7erdi\u011fi di\u011fer katmanlar\u0131 da korursunuz. \u00d6rne\u011fin tepe g\u00f6lgelendirmesi, yollar, binalar ve benzeri \u00f6\u011feler de bu \u015fekilde kal\u0131r. Etiketler, Photoshop veya Illustrator\u2019da a\u00e7\u0131ld\u0131\u011f\u0131nda anla\u015f\u0131l\u0131r isimlerle g\u00f6sterilir.<\/p>\n\n<p>\u00d6rne\u011fin bir etiketi ta\u015f\u0131mak istiyorsan\u0131z, bu hi\u00e7 sorun olmaz. Etiketin alt\u0131ndaki i\u00e7erik bundan etkilenmez. Bu da onu GIS harita katmanlar\u0131yla \u00e7al\u0131\u015fmak i\u00e7in iyi bir ba\u015flang\u0131\u00e7 haline getirir.<\/p>\n\n<figure class=\"wp-block-image\"><img decoding=\"async\" src=\"https:\/\/www.printmaps.net\/wp-content\/uploads\/2020\/06\/layered-map-in-illustrator.png\" alt=\"\"\/><\/figure>\n<div style=\"height:41px\" aria-hidden=\"true\" class=\"wp-block-spacer\"><\/div>\n\n<h2 class=\"wp-block-heading\">3. Haritan\u0131z\u0131 indirin<\/h2>\n\n<hr class=\"wp-block-separator has-alpha-channel-opacity\"\/>\n\n<p>Printmaps edit\u00f6r\u00fcyle, bask\u0131da hi\u00e7bir ayr\u0131nt\u0131s\u0131n\u0131 kaybetmeyen y\u00fcksek \u00e7\u00f6z\u00fcn\u00fcrl\u00fckl\u00fc 300 DPI haritalar indirebilirsiniz. Haritay\u0131 PNG, PSD veya SVG dosyas\u0131 olarak indirme se\u00e7ene\u011finiz vard\u0131r. Se\u00e7ilen dosya t\u00fcr\u00fc ve bask\u0131 dola\u015f\u0131m\u0131 i\u00e7in tercih edilen kopya say\u0131s\u0131 fiyatlar\u0131m\u0131z\u0131 etkiler.<\/p>\n\n<figure class=\"wp-block-image\"><img decoding=\"async\" src=\"https:\/\/www.printmaps.net\/wp-content\/uploads\/2019\/09\/printable-map-routes-trails-itineraries-1024x722.gif\" alt=\"\"\/><\/figure>\n<div style=\"height:41px\" aria-hidden=\"true\" class=\"wp-block-spacer\"><\/div>\n\n<h3 class=\"wp-block-heading\"><strong>PNG harita<\/strong><\/h3>\n\n<p>Haritay\u0131 indirdikten sonra katmanlara ihtiya\u00e7 duymayacaksan\u0131z, sade bir PNG dosyas\u0131 indirebilirsiniz. Haritan\u0131z\u0131n yine de son bir dokunu\u015fa m\u0131 ihtiyac\u0131 var? Elbette indirdikten sonra ba\u015fka d\u00fczenleme programlar\u0131yla ek detaylar eklemeye devam edebilirsiniz. Fotokitab\u0131n\u0131zdaki bir seyahat haritas\u0131 ya da bask\u0131 ve \u00e7evrimi\u00e7i kullan\u0131m i\u00e7in haz\u0131rlanacak di\u011fer sade haritalar i\u00e7in ideal bir se\u00e7enektir. <em>Not: Kenar uzunlu\u011fu 220 mm\u2019yi a\u015fan haritalar PNG olarak sunulmaz.<\/em><\/p>\n\n<figure class=\"wp-block-image\"><img decoding=\"async\" src=\"https:\/\/www.printmaps.net\/wp-content\/uploads\/2021\/01\/Peru-1024x723.png\" alt=\"\"\/><\/figure>\n<div style=\"height:39px\" aria-hidden=\"true\" class=\"wp-block-spacer\"><\/div>\n\n<h3 class=\"wp-block-heading\">PSD harita<\/h3>\n\n<p>Photoshop kullan\u0131c\u0131lar\u0131 i\u00e7in PSD (Photoshop Document) dosyas\u0131 son derece kullan\u0131\u015fl\u0131d\u0131r. Bu formatta haritan\u0131n katmanlar\u0131 korunur ve dosyay\u0131 Photoshop\u2019ta veya Illustrator\u2019da a\u00e7t\u0131\u011f\u0131n\u0131zda bu katmanlar\u0131 a\u00e7\u0131k adlarla g\u00f6r\u00fcrs\u00fcn\u00fcz. \u00d6rne\u011fin nehirlerin rengini de\u011fi\u015ftirebilir, su katman\u0131n\u0131 \u00fcste ta\u015f\u0131yarak renkli bir \u00fclke alan\u0131n\u0131n \u00fczerinde g\u00f6r\u00fcnmesini sa\u011flayabilir ya da kendi tercih etti\u011finiz yaz\u0131 tipiyle metin etiketleri ekleyebilirsiniz.<\/p>\n\n<figure class=\"wp-block-image\"><img decoding=\"async\" src=\"https:\/\/www.printmaps.net\/wp-content\/uploads\/2019\/09\/printable-map-countries-outline-overview-1024x722.gif\" alt=\"\"\/><\/figure>\n<div style=\"height:41px\" aria-hidden=\"true\" class=\"wp-block-spacer\"><\/div>\n\n<h3 class=\"wp-block-heading\"><strong>SVG harita<\/strong><\/h3>\n\n<p>Bir SVG harita indirmek istiyorsan\u0131z, Printmaps edit\u00f6r\u00fc sizin i\u00e7in uygun bir se\u00e7enek olabilir. SVG g\u00f6rseller ve davran\u0131\u015flar\u0131 XML tabanl\u0131 metin dosyalar\u0131yla tan\u0131mlan\u0131r. Bu da onlar\u0131n aranabilir, indekslenebilir, komutlarla i\u015flenebilir ve s\u0131k\u0131\u015ft\u0131r\u0131labilir oldu\u011fu anlam\u0131na gelir. SVG dosyalar\u0131, etkile\u015fimli haritalar olu\u015fturmak i\u00e7in m\u00fckemmel bir temel harita sunar.<\/p>\n\n<p><em>Not: E\u011filmi\u015f ve d\u00f6nd\u00fcr\u00fclm\u00fc\u015f haritalar SVG olarak sunulmaz.<\/em><\/p>\n\n<h2 class=\"wp-block-heading\">\u00d6zellik listesi<\/h2>\n\n<figure class=\"wp-block-table is-style-stripes\"><table><tbody><tr><td><strong>Harita tasar\u0131m\u0131<\/strong><\/td><\/tr><tr><td>\u2714\ufe0f T\u00fcm d\u00fcnyadan 1:1000 \u00f6l\u00e7e\u011fe kadar, yani tekil binalara kadar \u00f6l\u00e7ekleme<\/td><\/tr><tr><td>\u2714\ufe0f \u00c7ok say\u0131da haz\u0131r harita stili aras\u0131ndan se\u00e7im<\/td><\/tr><tr><td>\u2714\ufe0f Bask\u0131ya uygun hava foto\u011fraflar\u0131n\u0131 harita arka plan\u0131 olarak kullanma (se\u00e7ili \u00fclkelerde)<\/td><\/tr><tr><td>\u2714\ufe0f Her harita \u00f6\u011fesini ayr\u0131 ayr\u0131 g\u00f6sterme veya gizleme<\/td><\/tr><tr><td>\u2714\ufe0f Harita detaylar\u0131n\u0131 y\u00fczde 50\u2019ye kadar azaltma<\/td><\/tr><tr><td>\u2714\ufe0f Haritay\u0131 d\u00f6nd\u00fcrme veya e\u011fme<\/td><\/tr><tr><td>\u2714\ufe0f D\u00fcnyadaki herhangi bir yerin haritas\u0131n\u0131 yazd\u0131rma<\/td><\/tr><tr><td><strong>\u0130\u00e7erik<\/strong><\/td><\/tr><tr><td>\u2714\ufe0f Manyetik arac\u0131m\u0131zla rota \u00e7izme<\/td><\/tr><tr><td>\u2714\ufe0f GPX dosyalar\u0131 y\u00fckleme<\/td><\/tr><tr><td>\u2714\ufe0f GeoJSON dosyalar\u0131 y\u00fckleme<\/td><\/tr><tr><td>\u2714\ufe0f KML dosyalar\u0131 y\u00fckleme<\/td><\/tr><tr><td>\u2714\ufe0f POI ekleme<\/td><\/tr><tr><td>\u2714\ufe0f Toplu geocoding<\/td><\/tr><tr><td>\u2714\ufe0f Co\u011frafi s\u0131n\u0131rlar ekleme<\/td><\/tr><tr><td><strong>\u00c7\u0131kt\u0131<\/strong><\/td><\/tr><tr><td>\u2714\ufe0f 660 mm x 660 mm\u2019ye kadar haritalar<\/td><\/tr><tr><td>\u2714\ufe0f 300 DPI<\/td><\/tr><tr><td>\u2714\ufe0f Y\u00fcksek \u00e7\u00f6z\u00fcn\u00fcrl\u00fckl\u00fc PNG<\/td><\/tr><tr><td>\u2714\ufe0f Katmanl\u0131 y\u00fcksek \u00e7\u00f6z\u00fcn\u00fcrl\u00fckl\u00fc PSD<\/td><\/tr><tr><td>\u2714\ufe0f Her \u00f6\u011fenin, her POI dahil, ayr\u0131 bir katman olarak sunulmas\u0131<\/td><\/tr><\/tbody><\/table><\/figure>\n<div style=\"height:43px\" aria-hidden=\"true\" class=\"wp-block-spacer\"><\/div>\n\n<figure class=\"wp-block-table is-style-stripes\"><table class=\"has-fixed-layout\"><thead><tr><th class=\"has-text-align-center\" data-align=\"center\"><a href=\"\/tr\/fiyatlar\">Lisans se\u00e7enekleri<\/a><\/th><th class=\"has-text-align-center\" data-align=\"center\">Unlimited<\/th><th class=\"has-text-align-center\" data-align=\"center\">Standard<\/th><th class=\"has-text-align-center\" data-align=\"center\">Mini<\/th><\/tr><\/thead><tbody><tr><td class=\"has-text-align-center\" data-align=\"center\">Maks. bask\u0131 adedi<\/td><td class=\"has-text-align-center\" data-align=\"center\">s\u0131n\u0131rs\u0131z<\/td><td class=\"has-text-align-center\" data-align=\"center\">35.000<\/td><td class=\"has-text-align-center\" data-align=\"center\">1.000<\/td><\/tr><\/tbody><\/table><\/figure>\n<div style=\"height:46px\" aria-hidden=\"true\" class=\"wp-block-spacer\"><\/div>\n\n<p>API eri\u015fimi, white-label kullan\u0131m, yeniden sat\u0131\u015f veya affiliate eri\u015fimi gibi geli\u015fmi\u015f \u00f6zellikler <a href=\"https:\/\/support.printmaps.net\/tr\/support\/tickets\/new\">i\u00e7in l\u00fctfen bizimle ileti\u015fime ge\u00e7in<\/a>.<\/p>\n\n<div style=\"height:67px\" aria-hidden=\"true\" class=\"wp-block-spacer\"><\/div>\n\n<div class=\"wp-block-group\"><div class=\"wp-block-group__inner-container is-layout-constrained wp-block-group-is-layout-constrained\">\n<h2 class=\"wp-block-heading has-text-align-center has-large-font-size\" style=\"font-style:normal;font-weight:700\">Printmaps\u2019i deneyin<\/h2>\n\n\n\n<p class=\"has-text-align-center has-medium-font-size\">Harita edit\u00f6r\u00fcm\u00fczle d\u00fcnyan\u0131n her yeri i\u00e7in k\u0131sa s\u00fcrede yazd\u0131r\u0131labilir haritalar olu\u015fturabilirsiniz.<\/p>\n\n\n\n<div style=\"height:15px\" aria-hidden=\"true\" class=\"wp-block-spacer\"><\/div>\n\n\n\n<div class=\"wp-block-buttons is-content-justification-center is-layout-flex wp-container-core-buttons-is-layout-16018d1d wp-block-buttons-is-layout-flex\">\n<div class=\"wp-block-button has-custom-font-size\" style=\"font-size:18px\"><a class=\"wp-block-button__link has-background wp-element-button\" href=\"https:\/\/www.printmaps.net\/tr\/\" style=\"border-radius:10px;background-color:#e5017e\"><strong>\u0130lk haritan\u0131z\u0131 \u015fimdi olu\u015fturun<\/strong><\/a><\/div>\n<\/div>\n<\/div><\/div>\n\n<div style=\"height:71px\" aria-hidden=\"true\" class=\"wp-block-spacer\"><\/div>\n","protected":false},"excerpt":{"rendered":"<p>Profesyonel bir kartograf ya da tasar\u0131mc\u0131 olman\u0131za gerek yok. \u015eehir haritalar\u0131, parkur haritalar\u0131, yol tarifi haritalar\u0131, turistik haritalar veya genel bak\u0131\u015f haritalar\u0131 olsun, dakikalar i\u00e7inde etkileyici ve estetik haritalar olu\u015fturabilirsiniz. S\u00f6z veriyoruz: Printmaps harita edit\u00f6r\u00fc, harita \u00e7izimi ve rota izleme i\u00e7in harcad\u0131\u011f\u0131n\u0131z saatleri \u00f6nemli \u00f6l\u00e7\u00fcde azalt\u0131r. Emlak projeleri veya turist rehberleri i\u00e7in y\u00fcksek \u00e7\u00f6z\u00fcn\u00fcrl\u00fckl\u00fc haritalar [&hellip;]<\/p>\n","protected":false},"author":5,"featured_media":0,"parent":0,"menu_order":0,"comment_status":"closed","ping_status":"closed","template":"","meta":{"_et_pb_use_builder":"off","_et_pb_old_content":"","_et_gb_content_width":"","footnotes":""},"class_list":["post-235307","page","type-page","status-publish","hentry"],"_links":{"self":[{"href":"https:\/\/www.printmaps.net\/tr\/wp-json\/wp\/v2\/pages\/235307","targetHints":{"allow":["GET"]}}],"collection":[{"href":"https:\/\/www.printmaps.net\/tr\/wp-json\/wp\/v2\/pages"}],"about":[{"href":"https:\/\/www.printmaps.net\/tr\/wp-json\/wp\/v2\/types\/page"}],"author":[{"embeddable":true,"href":"https:\/\/www.printmaps.net\/tr\/wp-json\/wp\/v2\/users\/5"}],"replies":[{"embeddable":true,"href":"https:\/\/www.printmaps.net\/tr\/wp-json\/wp\/v2\/comments?post=235307"}],"version-history":[{"count":1,"href":"https:\/\/www.printmaps.net\/tr\/wp-json\/wp\/v2\/pages\/235307\/revisions"}],"predecessor-version":[{"id":235308,"href":"https:\/\/www.printmaps.net\/tr\/wp-json\/wp\/v2\/pages\/235307\/revisions\/235308"}],"wp:attachment":[{"href":"https:\/\/www.printmaps.net\/tr\/wp-json\/wp\/v2\/media?parent=235307"}],"curies":[{"name":"wp","href":"https:\/\/api.w.org\/{rel}","templated":true}]}}