{"id":235371,"date":"2026-03-17T11:23:37","date_gmt":"2026-03-17T10:23:37","guid":{"rendered":"https:\/\/www.printmaps.net\/coklu-konum-haritasi-olustur\/"},"modified":"2026-03-17T11:23:38","modified_gmt":"2026-03-17T10:23:38","slug":"coklu-konum-haritasi-olustur","status":"publish","type":"page","link":"https:\/\/www.printmaps.net\/tr\/coklu-konum-haritasi-olustur\/","title":{"rendered":"Birden fazla konumlu harita olu\u015fturma"},"content":{"rendered":"\n<div style=\"height:29px\" aria-hidden=\"true\" class=\"wp-block-spacer\"><\/div>\n\n<div class=\"wp-block-columns is-layout-flex wp-container-core-columns-is-layout-9d6595d7 wp-block-columns-is-layout-flex\">\n<div class=\"wp-block-column is-layout-flow wp-block-column-is-layout-flow\" style=\"flex-basis:66.66%\">\n<figure class=\"wp-block-image size-large\"><img fetchpriority=\"high\" fetchpriority=\"high\" decoding=\"async\" width=\"621\" height=\"438\" src=\"https:\/\/www.printmaps.net\/wp-content\/uploads\/2018\/03\/FreeWebImage-1.png\" alt=\"Birden fazla konum i&#xE7;eren haritay&#x131; yazd&#x131;r&#x131;n\" class=\"wp-image-61156\"\/><\/figure><\/div>\n\n\n\n<div class=\"wp-block-column is-layout-flow wp-block-column-is-layout-flow\" style=\"flex-basis:33.33%\">\n<p>Birden fazla konumu harita \u00fczerinde g\u00f6stermek s\u00f6z konusu oldu\u011funda, dikkate al\u0131nmas\u0131 gereken birka\u00e7 \u00f6nemli nokta vard\u0131r. \u0130lk olarak, i\u015fletme konumlar\u0131n\u0131z\u0131, ma\u011fazalar\u0131n\u0131z\u0131 ve di\u011fer \u00f6nemli ilgi noktalar\u0131n\u0131 harita \u00fczerinde do\u011fru yerlere m\u00fcmk\u00fcn oldu\u011funca h\u0131zl\u0131 ve verimli \u015fekilde yerle\u015ftirmek gerekir. \u0130kinci olarak ise haritan\u0131n kalitesini koruyarak y\u00fcksek \u00e7\u00f6z\u00fcn\u00fcrl\u00fckte bask\u0131ya uygun hale getirmek \u00f6nemlidir. \u0130\u015fletmeniz i\u00e7in birden fazla konumu i\u00e7eren bir harita bast\u0131rmak, kolayca zaman alan ve maliyetli bir s\u00fcrece d\u00f6n\u00fc\u015febilir. \u00d6zellikle \u00e7ok say\u0131da fiziksel \u015fubeye sahipseniz, bunlar\u0131n tamam\u0131n\u0131 harita \u00fczerinde g\u00f6stermek zaman, bilgi ve ciddi \u00f6l\u00e7\u00fcde sab\u0131r gerektirebilir.<\/p>\n<\/div>\n<\/div>\n\n<div style=\"height:23px\" aria-hidden=\"true\" class=\"wp-block-spacer\"><\/div>\n\n<div class=\"wp-block-buttons is-content-justification-center is-layout-flex wp-container-core-buttons-is-layout-16018d1d wp-block-buttons-is-layout-flex\">\n<div class=\"wp-block-button has-custom-font-size\" style=\"font-size:18px\"><a class=\"wp-block-button__link has-background wp-element-button\" href=\"https:\/\/www.printmaps.net\/tr\/\" style=\"border-radius:10px;background-color:#e5017e\"><strong>Hemen harita olu\u015fturmaya ba\u015flay\u0131n, kay\u0131t gerekmez<\/strong><\/a><\/div>\n<\/div>\n\n<div style=\"height:100px\" aria-hidden=\"true\" class=\"wp-block-spacer\"><\/div>\n\n<p><p><strong>Bu yaz\u0131da, birden fazla konumu i\u00e7eren bask\u0131ya haz\u0131r bir harita dosyas\u0131 olu\u015fturmak i\u00e7in gereken s\u00fcreyi nas\u0131l b\u00fcy\u00fck \u00f6l\u00e7\u00fcde azaltabilece\u011finizi ve bunu ayn\u0131 zamanda g\u00f6rsel a\u00e7\u0131dan daha ba\u015far\u0131l\u0131 hale nas\u0131l getirebilece\u011finizi a\u00e7\u0131kl\u0131yoruz.<\/strong><\/p><\/p>\n\n<h3 class=\"wp-block-heading\" id=\"plot-several-locations-at-once\">Birden fazla konumu ayn\u0131 anda yerle\u015ftirin<\/h3>\n\n<p>Toplu al\u0131m yapman\u0131n avantajl\u0131 oldu\u011funu muhtemelen biliyorsunuz. Peki co\u011frafi verileri toplu \u015fekilde y\u00fcklemenin de ayn\u0131 derecede faydal\u0131 olabilece\u011fini biliyor muydunuz?<\/p>\n\n<p>Bir\u00e7ok \u015firketin yaln\u0131zca 1, 2 ya da 3 fiziksel ma\u011fazas\u0131 olmaz. Bazen say\u0131 o kadar artar ki, bu noktalar\u0131n koordinatlar\u0131n\u0131 tek tek bulup bask\u0131 veya sunum ama\u00e7l\u0131 bir haritada g\u00f6stermek olduk\u00e7a zahmetli bir i\u015f haline gelir. \u0130\u015fte toplu geocoding tam da burada devreye girer.<\/p>\n\n<div class=\"wp-block-columns is-layout-flex wp-container-core-columns-is-layout-9d6595d7 wp-block-columns-is-layout-flex\">\n<div class=\"wp-block-column is-layout-flow wp-block-column-is-layout-flow\" style=\"flex-basis:33.33%\">\n<p>Posta adreslerini <strong>toplu geocoding arac\u0131na<\/strong> kopyalaman\u0131z yeterlidir. Ard\u0131ndan t\u00fcm adresler kar\u015f\u0131l\u0131k gelen co\u011frafi koordinatlara d\u00f6n\u00fc\u015ft\u00fcr\u00fcl\u00fcr. \u0130yi bir toplu geocoding arac\u0131, veri taban\u0131ndan ya da Microsoft Excel veya LibreOffice Calc gibi tablolardan kopyalad\u0131\u011f\u0131n\u0131z verileri kullanman\u0131za imk\u00e2n tan\u0131r ve t\u00fcm zahmetli i\u015fi sizin yerinize yapar. Sonu\u00e7 olarak, t\u00fcm ilgi noktalar\u0131n\u0131z birka\u00e7 dakika i\u00e7inde harita \u00fczerinde yerini al\u0131r.<\/p>\n<\/div>\n\n\n\n<div class=\"wp-block-column is-layout-flow wp-block-column-is-layout-flow\" style=\"flex-basis:66.66%\">\n<figure class=\"wp-block-image size-large\"><img decoding=\"async\" width=\"621\" height=\"438\" src=\"https:\/\/www.printmaps.net\/wp-content\/uploads\/2018\/03\/FreeWebImage-3.png\" alt=\"Birden fazla konum i&#xE7;eren haritay&#x131; yazd&#x131;r&#x131;n\" class=\"wp-image-61158\"\/><\/figure><\/div>\n<\/div>\n\n<div style=\"height:38px\" aria-hidden=\"true\" class=\"wp-block-spacer\"><\/div>\n\n<h3 class=\"wp-block-heading\" id=\"easily-pin-multiple-locations-on-the-print-map\">Bask\u0131 haritas\u0131nda birden fazla konumu kolayca pinleyin<\/h3>\n\n<p><p>Printmaps\u2019in sundu\u011fu bir\u00e7ok \u00f6zelli\u011fe ek olarak, adreslerinizi toplu halde y\u00fckleyip koordinatlara d\u00f6n\u00fc\u015ft\u00fcrmenizi sa\u011flayan yerle\u015fik bir geocoder sistemimiz de bulunur. S\u00fcre\u00e7 ger\u00e7ekten bir tablodan ya da veri taban\u0131 s\u00fctunundan verileri kopyalay\u0131p yap\u0131\u015ft\u0131rmak kadar kolayd\u0131r. Edit\u00f6rde bu d\u00fc\u011fmeye t\u0131klaman\u0131z yeterlidir:\u00a0<img decoding=\"async\" src=\"https:\/\/www.printmaps.net\/wp-content\/uploads\/2018\/03\/poibutton.png\" alt=\"\" width=\"58\" height=\"51\"\/> Kar\u015f\u0131n\u0131za tan\u0131d\u0131k bir aray\u00fcz \u00e7\u0131kar. Tek yapman\u0131z gereken i\u00e7eri\u011finizi ilgili alanlara yap\u0131\u015ft\u0131rmakt\u0131r, gerisini Printmaps halleder. <span style=\"text-decoration: underline;\">Excel\u2019den birden fazla konumu haritalamak istiyorsan\u0131z<\/span>, yaln\u0131zca kopyalay\u0131p yap\u0131\u015ft\u0131rman\u0131z yeterlidir.<\/p><\/p>\n\n<div style=\"height:43px\" aria-hidden=\"true\" class=\"wp-block-spacer\"><\/div>\n\n<figure class=\"wp-block-image size-large\"><img loading=\"lazy\" loading=\"lazy\" decoding=\"async\" width=\"1024\" height=\"517\" src=\"https:\/\/www.printmaps.net\/wp-content\/uploads\/2019\/09\/printable-map-batch-geocode-addresses-excel-1024x517.gif\" alt=\"\" class=\"wp-image-37457\" srcset=\"https:\/\/www.printmaps.net\/wp-content\/uploads\/2019\/09\/printable-map-batch-geocode-addresses-excel-1024x517.gif 1024w, https:\/\/www.printmaps.net\/wp-content\/uploads\/2019\/09\/printable-map-batch-geocode-addresses-excel-980x495.gif 980w, https:\/\/www.printmaps.net\/wp-content\/uploads\/2019\/09\/printable-map-batch-geocode-addresses-excel-480x242.gif 480w\" sizes=\"auto, (min-width: 0px) and (max-width: 480px) 480px, (min-width: 481px) and (max-width: 980px) 980px, (min-width: 981px) 1024px, 100vw\" \/><\/figure>\n<div style=\"height:20px\" aria-hidden=\"true\" class=\"wp-block-spacer\"><\/div>\n\n<p>Geocoding motorumuz adresleri koordinatlara d\u00f6n\u00fc\u015ft\u00fcrd\u00fckten sonra i\u015faret\u00e7i t\u00fcr\u00fcn\u00fc, rengini, simgesini ve boyutunu diledi\u011finiz gibi de\u011fi\u015ftirebilirsiniz. T\u00fcm ilgi noktalar\u0131 ayr\u0131 bir katmanda kaydedilir. B\u00f6ylece haritan\u0131z\u0131 Photoshop format\u0131nda indirdi\u011finizde a\u00e7\u0131p ilgi noktalar\u0131n\u0131n konumlar\u0131n\u0131 daha hassas bi\u00e7imde ince ayarlayabilirsiniz.<\/p>\n\n<div style=\"height:20px\" aria-hidden=\"true\" class=\"wp-block-spacer\"><\/div>\n\n<h3 class=\"wp-block-heading\" id=\"add-custom-pins-to-your-multiple-locations-map\">\u00c7oklu konum haritan\u0131za \u00f6zel pinler ekleyin<\/h3>\n\n<p>Birden fazla konumu i\u00e7eren bir harita bast\u0131rmak istiyorsan\u0131z, bu konumlar\u0131 i\u015fletme logonuzu ta\u015f\u0131yan \u00f6zel pinlerle g\u00f6stermek isteyebilirsiniz. Edit\u00f6r <a href=\"\/tr\/pinli-harita-olustur\">i\u00e7inde kendi \u00f6zel pinlerinizi y\u00fckleyebilir<\/a> ve bunlar\u0131 an\u0131nda haritan\u0131za yerle\u015ftirebilirsiniz. \u0130sterseniz \u00f6zel pinlerinizi daha sonra Photoshop veya Illustrator\u2019da d\u00fczenleme yaparken de ekleyebilirsiniz.<\/p>\n\n<h2 class=\"wp-block-heading\" id=\"but-wait-there-s-more\">Ama hepsi bu kadar de\u011fil<\/h2>\n\n<p>\u0130stedi\u011finiz kadar ilgi noktas\u0131 yerle\u015ftirebilmenin yan\u0131 s\u0131ra, Printmaps i\u015finizi kolayla\u015ft\u0131racak \u00e7ok say\u0131da ara\u00e7 da sunar. \u00d6rne\u011fin \u00f6ne \u00e7\u0131karmak istedi\u011finiz \u00fclkenin ya da belediye alan\u0131n\u0131n etraf\u0131na bir s\u0131n\u0131r \u00e7izmek mi istiyorsunuz? Bunun i\u00e7in Printmaps \u015fekil arac\u0131 kullan\u0131labilir. Bu d\u00fc\u011fmeye t\u0131klay\u0131n\u00a0<img loading=\"lazy\" loading=\"lazy\" decoding=\"async\" width=\"57\" height=\"50\" src=\"https:\/\/www.printmaps.net\/wp-content\/uploads\/2018\/03\/shapesButton.png\" alt=\"\"\/>\u00a0ve ard\u0131ndan arad\u0131\u011f\u0131n\u0131z alan\u0131 bulun.<\/p>\n\n<figure class=\"wp-block-image size-large\"><img loading=\"lazy\" loading=\"lazy\" decoding=\"async\" width=\"529\" height=\"417\" src=\"https:\/\/www.printmaps.net\/wp-content\/uploads\/2019\/07\/printable-map-draw-geographic-shape-administrative-1.gif\" alt=\"Co&#x11F;rafi \/ idari &#x15F;ekilleri se&#xE7;in\" class=\"wp-image-37476\"\/><\/figure>\n<div style=\"height:61px\" aria-hidden=\"true\" class=\"wp-block-spacer\"><\/div>\n\n<div class=\"wp-block-columns is-layout-flex wp-container-core-columns-is-layout-9d6595d7 wp-block-columns-is-layout-flex\">\n<div class=\"wp-block-column is-layout-flow wp-block-column-is-layout-flow\" style=\"flex-basis:33.33%\">\n<p>\u015eekiller, yaln\u0131zca izleyicinin dikkatini g\u00f6stermek istedi\u011finiz alana y\u00f6nlendirmekle kalmaz, ayn\u0131 zamanda haritada g\u00f6r\u00fcnmesini istemedi\u011finiz b\u00f6lgeleri de kald\u0131rman\u0131za yard\u0131mc\u0131 olur.<\/p>\n<\/div>\n\n\n\n<div class=\"wp-block-column is-layout-flow wp-block-column-is-layout-flow\" style=\"flex-basis:66.66%\">\n<figure class=\"wp-block-image size-large\"><img loading=\"lazy\" loading=\"lazy\" decoding=\"async\" width=\"621\" height=\"438\" src=\"https:\/\/www.printmaps.net\/wp-content\/uploads\/2018\/03\/FreeWebImage-4.png\" alt=\"Birden fazla konum i&#xE7;eren haritay&#x131; yazd&#x131;r&#x131;n\" class=\"wp-image-61152\"\/><\/figure>\n\n\n<p><\/p>\n<\/div>\n<\/div>\n\n<div style=\"height:27px\" aria-hidden=\"true\" class=\"wp-block-spacer\"><\/div>\n\n<div class=\"wp-block-columns is-layout-flex wp-container-core-columns-is-layout-9d6595d7 wp-block-columns-is-layout-flex\">\n<div class=\"wp-block-column is-layout-flow wp-block-column-is-layout-flow\" style=\"flex-basis:66.66%\">\n<figure class=\"wp-block-image size-large\"><img loading=\"lazy\" loading=\"lazy\" decoding=\"async\" width=\"621\" height=\"438\" src=\"https:\/\/www.printmaps.net\/wp-content\/uploads\/2018\/03\/FreeWebImage-5.png\" alt=\"Birden fazla konum i&#xE7;eren haritay&#x131; yazd&#x131;r&#x131;n\" class=\"wp-image-28654\"\/><\/figure><\/div>\n\n\n\n<div class=\"wp-block-column is-layout-flow wp-block-column-is-layout-flow\" style=\"flex-basis:33.33%\">\n<p>Bir di\u011fer \u00f6nemli ve kullan\u0131\u015fl\u0131 \u00e7izim arac\u0131 ise rota edit\u00f6r\u00fcd\u00fcr. Haritada g\u00f6stermek istedi\u011finiz yerler aras\u0131nda bir rota m\u0131 var? Onu do\u011frudan \u00e7izebilir ya da GPX dosyas\u0131 olarak elinizde varsa y\u00fckleyebilirsiniz. Dosya an\u0131nda haritan\u0131za eklenir. Ve evet, elbette haritan\u0131z \u00fczerinde yaln\u0131zca 1 de\u011fil, birden fazla rota da g\u00f6sterebilirsiniz.<\/p>\n<\/div>\n<\/div>\n\n<div style=\"height:61px\" aria-hidden=\"true\" class=\"wp-block-spacer\"><\/div>\n\n<div class=\"wp-block-group\"><div class=\"wp-block-group__inner-container is-layout-constrained wp-block-group-is-layout-constrained\">\n<h2 class=\"wp-block-heading has-text-align-center has-large-font-size\" style=\"font-style:normal;font-weight:700\">Printmaps\u2019i deneyin<\/h2>\n\n\n\n<p class=\"has-text-align-center has-medium-font-size\">Harita edit\u00f6r\u00fcm\u00fczle d\u00fcnyan\u0131n her yeri i\u00e7in k\u0131sa s\u00fcrede yazd\u0131r\u0131labilir haritalar olu\u015fturabilirsiniz.<\/p>\n\n\n\n<div style=\"height:15px\" aria-hidden=\"true\" class=\"wp-block-spacer\"><\/div>\n\n\n\n<div class=\"wp-block-buttons is-content-justification-center is-layout-flex wp-container-core-buttons-is-layout-16018d1d wp-block-buttons-is-layout-flex\">\n<div class=\"wp-block-button has-custom-font-size\" style=\"font-size:18px\"><a class=\"wp-block-button__link has-background wp-element-button\" href=\"https:\/\/www.printmaps.net\/tr\/\" style=\"border-radius:10px;background-color:#e5017e\"><strong>\u0130lk haritan\u0131z\u0131 \u015fimdi olu\u015fturun<\/strong><\/a><\/div>\n<\/div>\n<\/div><\/div>\n\n<div style=\"height:150px\" aria-hidden=\"true\" class=\"wp-block-spacer\"><\/div>\n","protected":false},"excerpt":{"rendered":"<p>Birden fazla konumu harita \u00fczerinde g\u00f6stermek s\u00f6z konusu oldu\u011funda, dikkate al\u0131nmas\u0131 gereken birka\u00e7 \u00f6nemli nokta vard\u0131r. \u0130lk olarak, i\u015fletme konumlar\u0131n\u0131z\u0131, ma\u011fazalar\u0131n\u0131z\u0131 ve di\u011fer \u00f6nemli ilgi noktalar\u0131n\u0131 harita \u00fczerinde do\u011fru yerlere m\u00fcmk\u00fcn oldu\u011funca h\u0131zl\u0131 ve verimli \u015fekilde yerle\u015ftirmek gerekir. \u0130kinci olarak ise haritan\u0131n kalitesini koruyarak y\u00fcksek \u00e7\u00f6z\u00fcn\u00fcrl\u00fckte bask\u0131ya uygun hale getirmek \u00f6nemlidir. \u0130\u015fletmeniz i\u00e7in birden fazla [&hellip;]<\/p>\n","protected":false},"author":19,"featured_media":0,"parent":0,"menu_order":0,"comment_status":"closed","ping_status":"closed","template":"","meta":{"_et_pb_use_builder":"off","_et_pb_old_content":"","_et_gb_content_width":"","footnotes":""},"class_list":["post-235371","page","type-page","status-publish","hentry"],"_links":{"self":[{"href":"https:\/\/www.printmaps.net\/tr\/wp-json\/wp\/v2\/pages\/235371","targetHints":{"allow":["GET"]}}],"collection":[{"href":"https:\/\/www.printmaps.net\/tr\/wp-json\/wp\/v2\/pages"}],"about":[{"href":"https:\/\/www.printmaps.net\/tr\/wp-json\/wp\/v2\/types\/page"}],"author":[{"embeddable":true,"href":"https:\/\/www.printmaps.net\/tr\/wp-json\/wp\/v2\/users\/19"}],"replies":[{"embeddable":true,"href":"https:\/\/www.printmaps.net\/tr\/wp-json\/wp\/v2\/comments?post=235371"}],"version-history":[{"count":1,"href":"https:\/\/www.printmaps.net\/tr\/wp-json\/wp\/v2\/pages\/235371\/revisions"}],"predecessor-version":[{"id":235372,"href":"https:\/\/www.printmaps.net\/tr\/wp-json\/wp\/v2\/pages\/235371\/revisions\/235372"}],"wp:attachment":[{"href":"https:\/\/www.printmaps.net\/tr\/wp-json\/wp\/v2\/media?parent=235371"}],"curies":[{"name":"wp","href":"https:\/\/api.w.org\/{rel}","templated":true}]}}