{"id":235376,"date":"2026-03-17T11:46:07","date_gmt":"2026-03-17T10:46:07","guid":{"rendered":"https:\/\/www.printmaps.net\/fiyatlar\/"},"modified":"2026-03-17T11:46:08","modified_gmt":"2026-03-17T10:46:08","slug":"fiyatlar","status":"publish","type":"page","link":"https:\/\/www.printmaps.net\/tr\/fiyatlar\/","title":{"rendered":"Fiyatlar\u0131m\u0131z"},"content":{"rendered":"<div id=\"tsprintmaps_pricing_table_container\"><\/div>\n<script id=\"tsprintmaps_pricing_table_script\"> \n\t(function () {\n\t\tlet currentLocation = `${location.protocol}\/\/${location.host}${location.pathname}`;\n\t\tjQuery.get(`${currentLocation}?tsprintmaps_get_pricing_table_js=1&`, function(responce) { \n\t\t\tjQuery('#tsprintmaps_pricing_table_container').html(responce); \n\t\t\tdocument.getElementById(\"tsprintmaps_pricing_table_script\").remove();\n\t\t});\n\t})();\n<\/script>\n\n\n<div style=\"height:22px\" aria-hidden=\"true\" class=\"wp-block-spacer\"><\/div>\n\n<figure class=\"wp-block-gallery has-nested-images columns-6 wp-block-gallery-1 is-layout-flex wp-block-gallery-is-layout-flex\">\n<figure class=\"wp-block-image size-large is-style-default\"><img decoding=\"async\" width=\"150\" height=\"30\" data-id=\"220619\" src=\"https:\/\/www.printmaps.net\/wp-content\/uploads\/2025\/10\/visa.svg\" alt=\"VISA\" class=\"wp-image-220619\"\/><\/figure>\n\n\n<figure class=\"wp-block-image size-large\"><img decoding=\"async\" width=\"150\" height=\"30\" data-id=\"220620\" src=\"https:\/\/www.printmaps.net\/wp-content\/uploads\/2025\/10\/mastercard.svg\" alt=\"Mastercard\" class=\"wp-image-220620\"\/><\/figure>\n\n\n<figure class=\"wp-block-image size-large\"><img decoding=\"async\" width=\"150\" height=\"30\" data-id=\"220623\" src=\"https:\/\/www.printmaps.net\/wp-content\/uploads\/2025\/10\/amex.svg\" alt=\"American Express\" class=\"wp-image-220623\"\/><\/figure>\n\n\n<figure class=\"wp-block-image size-large\"><img loading=\"lazy\" loading=\"lazy\" decoding=\"async\" width=\"150\" height=\"30\" data-id=\"220624\" src=\"https:\/\/www.printmaps.net\/wp-content\/uploads\/2025\/10\/applepay.svg\" alt=\"Apple Pay\" class=\"wp-image-220624\"\/><\/figure>\n\n\n<figure class=\"wp-block-image size-large\"><img loading=\"lazy\" loading=\"lazy\" decoding=\"async\" width=\"150\" height=\"30\" data-id=\"220625\" src=\"https:\/\/www.printmaps.net\/wp-content\/uploads\/2025\/10\/googlepay.svg\" alt=\"Google Pay\" class=\"wp-image-220625\"\/><\/figure>\n\n\n<figure class=\"wp-block-image size-large\"><img loading=\"lazy\" loading=\"lazy\" decoding=\"async\" width=\"150\" height=\"30\" data-id=\"220668\" src=\"https:\/\/www.printmaps.net\/wp-content\/uploads\/2025\/10\/paypal.svg\" alt=\"Paypal\" class=\"wp-image-220668\"\/><\/figure><\/figure>\n\n<div style=\"height:31px\" aria-hidden=\"true\" class=\"wp-block-spacer\"><\/div>\n\n<p class=\"has-text-align-center has-small-font-size\">Muhasebecinizin memnun kalaca\u011f\u0131 uygun bir faturay\u0131 otomatik olarak al\u0131rs\u0131n\u0131z. Abonelik se\u00e7enekleri i\u00e7in bizimle ileti\u015fime ge\u00e7ebilirsiniz.<\/p>\n\n<div style=\"height:55px\" aria-hidden=\"true\" class=\"wp-block-spacer\"><\/div>\n\n<div class=\"wp-block-buttons is-content-justification-center is-layout-flex wp-container-core-buttons-is-layout-16018d1d wp-block-buttons-is-layout-flex\">\n<div class=\"wp-block-button has-custom-font-size\" style=\"font-size:18px\"><a class=\"wp-block-button__link has-background wp-element-button\" href=\"https:\/\/www.printmaps.net\/tr\/\" style=\"border-radius:10px;background-color:#e5017e\"><strong>Hemen harita olu\u015fturmaya ba\u015flay\u0131n, kay\u0131t gerekmez<\/strong><\/a><\/div>\n<\/div>\n\n<div style=\"height:23px\" aria-hidden=\"true\" class=\"wp-block-spacer\"><\/div>\n\n<p class=\"has-text-align-center\">Dosya t\u00fcr\u00fcn\u00fc ve lisans\u0131 \u00f6deme ad\u0131m\u0131nda se\u00e7ebilirsiniz.<\/p>\n\n<div style=\"height:55px\" aria-hidden=\"true\" class=\"wp-block-spacer\"><\/div>\n\n<p><strong>Y\u00fczde 100 memnuniyet garantisi<\/strong>: 30 g\u00fcn i\u00e7inde iade imk\u00e2n\u0131.<\/p>\n\n<p><strong>\u00d6deme<\/strong>: Ba\u015fl\u0131ca kredi kartlar\u0131, PayPal, Apple Pay, Google Pay, Venmo ve se\u00e7ili \u00fclkelerde banka havalesi.<\/p>\n\n<p><strong>Kurumsal se\u00e7enekler<\/strong>: D\u00fczenli olarak bask\u0131ya uygun haritalara ihtiya\u00e7 duyuyorsan\u0131z <a href=\"https:\/\/support.printmaps.net\/tr\/support\/tickets\/new\">bizimle ileti\u015fime ge\u00e7in<\/a>. Hacme ba\u011fl\u0131 indirimlerin yan\u0131 s\u0131ra, yeniden sat\u0131c\u0131lar ve kurumsal kullan\u0131m senaryolar\u0131 i\u00e7in Printmaps API eri\u015fimi veya white-label \u00e7\u00f6z\u00fcmler sunabiliyoruz.<\/p>\n\n<p><p><strong>STK plan\u0131<\/strong>: Kalk\u0131nma yard\u0131m\u0131, bilim, e\u011fitim veya sa\u011fl\u0131k alanlar\u0131nda faaliyet g\u00f6steren se\u00e7ili sivil toplum kurulu\u015flar\u0131na <a href=\"\/tr\/ucretsiz-yazdirilabilir-haritalar\">\u00fccretsiz yazd\u0131r\u0131labilir haritalar sunuyoruz<\/a>.<\/p><\/p>\n\n<div style=\"height:118px\" aria-hidden=\"true\" class=\"wp-block-spacer\"><\/div>\n","protected":false},"excerpt":{"rendered":"<p>Muhasebecinizin memnun kalaca\u011f\u0131 uygun bir faturay\u0131 otomatik olarak al\u0131rs\u0131n\u0131z. Abonelik se\u00e7enekleri i\u00e7in bizimle ileti\u015fime ge\u00e7ebilirsiniz. Dosya t\u00fcr\u00fcn\u00fc ve lisans\u0131 \u00f6deme ad\u0131m\u0131nda se\u00e7ebilirsiniz. Y\u00fczde 100 memnuniyet garantisi: 30 g\u00fcn i\u00e7inde iade imk\u00e2n\u0131. \u00d6deme: Ba\u015fl\u0131ca kredi kartlar\u0131, PayPal, Apple Pay, Google Pay, Venmo ve se\u00e7ili \u00fclkelerde banka havalesi. Kurumsal se\u00e7enekler: D\u00fczenli olarak bask\u0131ya uygun haritalara ihtiya\u00e7 duyuyorsan\u0131z [&hellip;]<\/p>\n","protected":false},"author":8,"featured_media":0,"parent":0,"menu_order":0,"comment_status":"closed","ping_status":"closed","template":"","meta":{"_et_pb_use_builder":"off","_et_pb_old_content":"","_et_gb_content_width":"","footnotes":""},"class_list":["post-235376","page","type-page","status-publish","hentry"],"_links":{"self":[{"href":"https:\/\/www.printmaps.net\/tr\/wp-json\/wp\/v2\/pages\/235376","targetHints":{"allow":["GET"]}}],"collection":[{"href":"https:\/\/www.printmaps.net\/tr\/wp-json\/wp\/v2\/pages"}],"about":[{"href":"https:\/\/www.printmaps.net\/tr\/wp-json\/wp\/v2\/types\/page"}],"author":[{"embeddable":true,"href":"https:\/\/www.printmaps.net\/tr\/wp-json\/wp\/v2\/users\/8"}],"replies":[{"embeddable":true,"href":"https:\/\/www.printmaps.net\/tr\/wp-json\/wp\/v2\/comments?post=235376"}],"version-history":[{"count":1,"href":"https:\/\/www.printmaps.net\/tr\/wp-json\/wp\/v2\/pages\/235376\/revisions"}],"predecessor-version":[{"id":235377,"href":"https:\/\/www.printmaps.net\/tr\/wp-json\/wp\/v2\/pages\/235376\/revisions\/235377"}],"wp:attachment":[{"href":"https:\/\/www.printmaps.net\/tr\/wp-json\/wp\/v2\/media?parent=235376"}],"curies":[{"name":"wp","href":"https:\/\/api.w.org\/{rel}","templated":true}]}}