{"id":235402,"date":"2026-03-17T14:48:07","date_gmt":"2026-03-17T13:48:07","guid":{"rendered":"https:\/\/www.printmaps.net\/google-maps-vs-printmaps\/"},"modified":"2026-03-17T14:48:08","modified_gmt":"2026-03-17T13:48:08","slug":"google-maps-vs-printmaps","status":"publish","type":"page","link":"https:\/\/www.printmaps.net\/tr\/google-maps-vs-printmaps\/","title":{"rendered":"Google Maps bask\u0131s\u0131na alternatif: Printmaps.net"},"content":{"rendered":"\n<div style=\"height:20px\" aria-hidden=\"true\" class=\"wp-block-spacer\"><\/div>\n\n<p>\u015eimdiye kadar yazd\u0131r\u0131labilir haritalar elde etmek i\u00e7in <a href=\"https:\/\/maps.google.com\/\">maps.google.com<\/a> ekran g\u00f6r\u00fcnt\u00fclerini kulland\u0131ysan\u0131z, Printmaps.net\u2019in Google Maps bask\u0131s\u0131na k\u0131yasla nas\u0131l bir alternatif sundu\u011funu g\u00f6rmek ilginizi \u00e7ekecektir.<\/p>\n\n<p><p>A\u015fa\u011f\u0131da, <a href=\"\/tr\/ozellikler\"><strong>Printmaps edit\u00f6r\u00fcn\u00fcn en \u00f6nemli \u00f6zelliklerinden<\/strong><\/a> baz\u0131lar\u0131n\u0131 ve bunlar\u0131n yazd\u0131r\u0131labilir haritalar i\u00e7in Google Maps ekran g\u00f6r\u00fcnt\u00fcs\u00fc kullan\u0131m\u0131yla nas\u0131l kar\u015f\u0131la\u015ft\u0131r\u0131ld\u0131\u011f\u0131n\u0131 h\u0131zl\u0131ca g\u00f6rebilmeniz i\u00e7in bir kar\u015f\u0131la\u015ft\u0131rma tablosu haz\u0131rlad\u0131k. (<a href=\"\/tr\/\">Edit\u00f6r\u00fc burada deneyin.<\/a>)<\/p><\/p>\n\n<div style=\"height:73px\" aria-hidden=\"true\" class=\"wp-block-spacer\"><\/div>\n\n<figure class=\"wp-block-table is-style-stripes\"><table class=\"has-fixed-layout\"><thead><tr><th><\/th><th>Printmaps<\/th><th>Google Maps ekran g\u00f6r\u00fcnt\u00fcleri<\/th><\/tr><\/thead><tbody><tr><td><em>\u00c7\u00f6z\u00fcn\u00fcrl\u00fck<\/em><\/td><td>300 DPI, bask\u0131 \u00fcr\u00fcnlerinde yayg\u0131n olarak kullan\u0131lan y\u00fcksek \u00e7\u00f6z\u00fcn\u00fcrl\u00fckt\u00fcr. SVG format\u0131nda tamamen \u00f6l\u00e7eklenebilir.<\/td><td>Ekran g\u00f6r\u00fcnt\u00fclerinin \u00e7\u00f6z\u00fcn\u00fcrl\u00fc\u011f\u00fc bask\u0131 \u00fcr\u00fcnleri i\u00e7in tasarlanmad\u0131\u011f\u0131ndan, ortaya \u00e7\u0131kan haritalar bas\u0131ld\u0131\u011f\u0131nda genellikle bulan\u0131k g\u00f6r\u00fcn\u00fcr.<\/td><\/tr><tr><td><em>Yasal durum<\/em><\/td><td>Printmaps ile yazd\u0131r\u0131labilir haritalar olu\u015fturmak tamamen yasald\u0131r.<\/td><td>Google\u2019dan izin almadan Google Maps ekran g\u00f6r\u00fcnt\u00fclerini ticari ama\u00e7la kullanmak, \u00f6zellikle bas\u0131l\u0131 y\u00f6nlendirme materyallerinde, Google Maps Hizmet \u015eartlar\u0131\u2019na ayk\u0131r\u0131d\u0131r.<\/td><\/tr><tr><td><em>Fiyat<\/em><\/td><td>Haritalar yakla\u015f\u0131k 7 \u20ac\u2019dan ba\u015flar.<\/td><td>\u00dccretsizdir, ancak yasal risk ta\u015f\u0131r.<\/td><\/tr><tr><td><em>Format<\/em><\/td><td>SVG, PSD, PNG<\/td><td>D\u00fc\u015f\u00fck \u00e7\u00f6z\u00fcn\u00fcrl\u00fckl\u00fc PNG veya JPEG<\/td><\/tr><tr><td><em>\u00d6zel veri ara\u00e7lar\u0131<\/em><\/td><td>* Rota edit\u00f6r\u00fc<br\/>* Co\u011frafi \u015fekiller<br\/>* Dosya y\u00fckleme (GPX\/KML\/GeoJSON)<br\/>* POI\u2019ler (manuel olarak veya Excel\u2019den kopyala-yap\u0131\u015ft\u0131r ile)<\/td><td>* Standart Google Maps rota ve POI \u00f6zellikleri<\/td><\/tr><tr><td><em>Harita \u00f6\u011felerini g\u00f6ster\/gizle?<\/em><\/td><td>Evet<\/td><td>Hay\u0131r<\/td><\/tr><tr><td><em>Haritay\u0131 d\u00f6nd\u00fcrmek veya e\u011fmek m\u00fcmk\u00fcn m\u00fc?<\/em><\/td><td>Evet<\/td><td>Yaln\u0131zca mobil cihazlarda<\/td><\/tr><\/tbody><\/table><\/figure>\n<div style=\"height:71px\" aria-hidden=\"true\" class=\"wp-block-spacer\"><\/div>\n\n<h3 class=\"wp-block-heading has-text-align-center\">Yazd\u0131r\u0131labilir haritalar\u0131m\u0131z\u0131n baz\u0131 kullan\u0131m alanlar\u0131<\/h3>\n\n<div class=\"wp-block-group\"><div class=\"wp-block-group__inner-container is-layout-constrained wp-block-group-is-layout-constrained\">\n<div class=\"wp-block-columns is-layout-flex wp-container-core-columns-is-layout-9d6595d7 wp-block-columns-is-layout-flex\">\n<div class=\"wp-block-column is-vertically-aligned-top is-layout-flow wp-block-column-is-layout-flow\"><div class=\"wp-block-image is-style-default\">\n<figure class=\"alignright size-full is-resized\"><img fetchpriority=\"high\" fetchpriority=\"high\" decoding=\"async\" src=\"https:\/\/www.printmaps.net\/wp-content\/uploads\/2020\/10\/Layers-big.png\" alt=\"\" class=\"wp-image-70211\" width=\"765\" height=\"531\" srcset=\"https:\/\/www.printmaps.net\/wp-content\/uploads\/2020\/10\/Layers-big.png 765w, https:\/\/www.printmaps.net\/wp-content\/uploads\/2020\/10\/Layers-big-480x333.png 480w\" sizes=\"(min-width: 0px) and (max-width: 480px) 480px, (min-width: 481px) 765px, 100vw\" \/><\/figure><\/div><\/div>\n\n\n\n<div class=\"wp-block-column is-vertically-aligned-top is-layout-flow wp-block-column-is-layout-flow\" style=\"flex-basis:380px\">\n<p>Printmaps edit\u00f6r\u00fc, PNG, PSD (Photoshop) ve SVG formatlar\u0131nda y\u00fcksek \u00e7\u00f6z\u00fcn\u00fcrl\u00fckl\u00fc 300 DPI haritalar \u00fcretir. Haritadaki t\u00fcm \u00f6\u011feler ayr\u0131 katmanlar halinde sunulur. B\u00f6ylece alttaki \u00f6\u011felelere zarar vermeden harita unsurlar\u0131n\u0131 d\u00fczenleyebilirsiniz. Daha fazla bilgi i\u00e7in ekran kayd\u0131m\u0131za g\u00f6z at\u0131n.<\/p>\n<\/div>\n<\/div>\n\n\n\n<div class=\"wp-block-columns is-layout-flex wp-container-core-columns-is-layout-9d6595d7 wp-block-columns-is-layout-flex\">\n<div class=\"wp-block-column is-vertically-aligned-top is-layout-flow wp-block-column-is-layout-flow\"><div class=\"wp-block-image is-style-default\">\n<figure class=\"alignright size-full\"><img decoding=\"async\" width=\"765\" height=\"531\" src=\"https:\/\/www.printmaps.net\/wp-content\/uploads\/2020\/10\/bodensee-karte.jpg\" alt=\"\" class=\"wp-image-70212\" srcset=\"https:\/\/www.printmaps.net\/wp-content\/uploads\/2020\/10\/bodensee-karte.jpg 765w, https:\/\/www.printmaps.net\/wp-content\/uploads\/2020\/10\/bodensee-karte-480x333.jpg 480w\" sizes=\"(min-width: 0px) and (max-width: 480px) 480px, (min-width: 481px) 765px, 100vw\" \/><\/figure><\/div><\/div>\n\n\n\n<div class=\"wp-block-column is-vertically-aligned-top is-layout-flow wp-block-column-is-layout-flow\" style=\"flex-basis:380px\">\n<p>M\u00fc\u015fterilerimiz Printmaps edit\u00f6r\u00fcn\u00fc; seyahat rotalar\u0131, y\u00fcr\u00fcy\u00fc\u015f ve bisiklet parkurlar\u0131, \u015fehir i\u00e7i gezi rotalar\u0131 veya basit yol tarifleri gibi g\u00fczerg\u00e2hlar\u0131 kolayca haritalamak ve ilgi noktalar\u0131n\u0131 harita \u00fczerine yerle\u015ftirmek i\u00e7in kullan\u0131yor. Edit\u00f6r, katlan\u0131r haritalar, turistik bro\u015f\u00fcrler ve rehber kitaplar i\u00e7in haritalar olu\u015fturmay\u0131 son derece kolay hale getiriyor.<\/p>\n<\/div>\n<\/div>\n\n\n\n<div class=\"wp-block-columns is-layout-flex wp-container-core-columns-is-layout-9d6595d7 wp-block-columns-is-layout-flex\">\n<div class=\"wp-block-column is-vertically-aligned-top is-layout-flow wp-block-column-is-layout-flow\"><div class=\"wp-block-image is-style-default\">\n<figure class=\"alignright size-full\"><img decoding=\"async\" width=\"765\" height=\"531\" src=\"https:\/\/www.printmaps.net\/wp-content\/uploads\/2020\/10\/immo-expose.jpg\" alt=\"\" class=\"wp-image-70213\" srcset=\"https:\/\/www.printmaps.net\/wp-content\/uploads\/2020\/10\/immo-expose.jpg 765w, https:\/\/www.printmaps.net\/wp-content\/uploads\/2020\/10\/immo-expose-480x333.jpg 480w\" sizes=\"(min-width: 0px) and (max-width: 480px) 480px, (min-width: 481px) 765px, 100vw\" \/><\/figure><\/div><\/div>\n\n\n\n<div class=\"wp-block-column is-vertically-aligned-top is-layout-flow wp-block-column-is-layout-flow\" style=\"flex-basis:380px\">\n<p>Uygun ba\u015flang\u0131\u00e7 <a href=\"\/tr\/fiyatlar\">fiyatlar\u0131m\u0131z<\/a> sayesinde, \u00e7ok d\u00fc\u015f\u00fck bask\u0131 adetlerine sahip m\u00fc\u015fteriler de haritalar\u0131m\u0131zdan yararlanabiliyor. Bunun tipik \u00f6rnekleri, az say\u0131da bas\u0131lan ancak y\u00fcksek kaliteli konum veya rota haritalar\u0131na ihtiya\u00e7 duyan emlak ilan dosyalar\u0131 ve fotokitaplard\u0131r.<\/p>\n<\/div>\n<\/div>\n\n\n\n<div class=\"wp-block-columns is-layout-flex wp-container-core-columns-is-layout-9d6595d7 wp-block-columns-is-layout-flex\">\n<div class=\"wp-block-column is-vertically-aligned-top is-layout-flow wp-block-column-is-layout-flow\"><div class=\"wp-block-image is-style-default\">\n<figure class=\"alignright size-full\"><img loading=\"lazy\" loading=\"lazy\" decoding=\"async\" width=\"765\" height=\"531\" src=\"https:\/\/www.printmaps.net\/wp-content\/uploads\/2020\/10\/mallorca.jpg\" alt=\"\" class=\"wp-image-70214\" srcset=\"https:\/\/www.printmaps.net\/wp-content\/uploads\/2020\/10\/mallorca.jpg 765w, https:\/\/www.printmaps.net\/wp-content\/uploads\/2020\/10\/mallorca-480x333.jpg 480w\" sizes=\"auto, (min-width: 0px) and (max-width: 480px) 480px, (min-width: 481px) 765px, 100vw\" \/><\/figure><\/div><\/div>\n\n\n\n<div class=\"wp-block-column is-vertically-aligned-top is-layout-flow wp-block-column-is-layout-flow\" style=\"flex-basis:380px\">\n<p>Bir\u00e7ok rehber kitap yay\u0131nevi, seyahat rehberlerini ve y\u00fcr\u00fcy\u00fc\u015f rehberlerini tamamen Printmaps haritalar\u0131yla haz\u0131rl\u0131yor. Genel bak\u0131\u015f haritalar\u0131ndan konum haritalar\u0131na, y\u00fcr\u00fcy\u00fc\u015f veya bisiklet rotalar\u0131 i\u00e7eren aktivite haritalar\u0131ndan \u015fehir haritalar\u0131 ve yol haritalar\u0131na, ayr\u0131ca y\u00f6nlendirme haritalar\u0131na kadar t\u00fcm tipik haritalama ihtiya\u00e7lar\u0131n\u0131 haritalar\u0131m\u0131zla kar\u015f\u0131layabilirsiniz.<\/p>\n<\/div>\n<\/div>\n<\/div><\/div>\n\n<p><\/p>\n\n<div style=\"height:100px\" aria-hidden=\"true\" class=\"wp-block-spacer\"><\/div>\n\n<div class=\"wp-block-group\"><div class=\"wp-block-group__inner-container is-layout-constrained wp-block-group-is-layout-constrained\">\n<h2 class=\"wp-block-heading has-text-align-center has-large-font-size\" style=\"font-style:normal;font-weight:700\">Printmaps\u2019i deneyin<\/h2>\n\n\n\n<p class=\"has-text-align-center has-medium-font-size\">Harita edit\u00f6r\u00fcm\u00fczle d\u00fcnyan\u0131n her yeri i\u00e7in k\u0131sa s\u00fcrede yazd\u0131r\u0131labilir haritalar olu\u015fturabilirsiniz.<\/p>\n\n\n\n<div style=\"height:15px\" aria-hidden=\"true\" class=\"wp-block-spacer\"><\/div>\n\n\n\n<div class=\"wp-block-buttons is-content-justification-center is-layout-flex wp-container-core-buttons-is-layout-16018d1d wp-block-buttons-is-layout-flex\">\n<div class=\"wp-block-button has-custom-font-size\" style=\"font-size:18px\"><a class=\"wp-block-button__link has-background wp-element-button\" href=\"https:\/\/www.printmaps.net\/tr\/\" style=\"border-radius:10px;background-color:#e5017e\"><strong>\u0130lk haritan\u0131z\u0131 \u015fimdi olu\u015fturun<\/strong><\/a><\/div>\n<\/div>\n<\/div><\/div>\n\n<p><\/p>\n\n<div style=\"height:150px\" aria-hidden=\"true\" class=\"wp-block-spacer\"><\/div>\n","protected":false},"excerpt":{"rendered":"<p>\u015eimdiye kadar yazd\u0131r\u0131labilir haritalar elde etmek i\u00e7in maps.google.com ekran g\u00f6r\u00fcnt\u00fclerini kulland\u0131ysan\u0131z, Printmaps.net\u2019in Google Maps bask\u0131s\u0131na k\u0131yasla nas\u0131l bir alternatif sundu\u011funu g\u00f6rmek ilginizi \u00e7ekecektir. A\u015fa\u011f\u0131da, Printmaps edit\u00f6r\u00fcn\u00fcn en \u00f6nemli \u00f6zelliklerinden baz\u0131lar\u0131n\u0131 ve bunlar\u0131n yazd\u0131r\u0131labilir haritalar i\u00e7in Google Maps ekran g\u00f6r\u00fcnt\u00fcs\u00fc kullan\u0131m\u0131yla nas\u0131l kar\u015f\u0131la\u015ft\u0131r\u0131ld\u0131\u011f\u0131n\u0131 h\u0131zl\u0131ca g\u00f6rebilmeniz i\u00e7in bir kar\u015f\u0131la\u015ft\u0131rma tablosu haz\u0131rlad\u0131k. (Edit\u00f6r\u00fc burada deneyin.) Yazd\u0131r\u0131labilir haritalar\u0131m\u0131z\u0131n baz\u0131 [&hellip;]<\/p>\n","protected":false},"author":5,"featured_media":0,"parent":0,"menu_order":0,"comment_status":"closed","ping_status":"closed","template":"","meta":{"_et_pb_use_builder":"off","_et_pb_old_content":"","_et_gb_content_width":"","footnotes":""},"class_list":["post-235402","page","type-page","status-publish","hentry"],"_links":{"self":[{"href":"https:\/\/www.printmaps.net\/tr\/wp-json\/wp\/v2\/pages\/235402","targetHints":{"allow":["GET"]}}],"collection":[{"href":"https:\/\/www.printmaps.net\/tr\/wp-json\/wp\/v2\/pages"}],"about":[{"href":"https:\/\/www.printmaps.net\/tr\/wp-json\/wp\/v2\/types\/page"}],"author":[{"embeddable":true,"href":"https:\/\/www.printmaps.net\/tr\/wp-json\/wp\/v2\/users\/5"}],"replies":[{"embeddable":true,"href":"https:\/\/www.printmaps.net\/tr\/wp-json\/wp\/v2\/comments?post=235402"}],"version-history":[{"count":1,"href":"https:\/\/www.printmaps.net\/tr\/wp-json\/wp\/v2\/pages\/235402\/revisions"}],"predecessor-version":[{"id":235403,"href":"https:\/\/www.printmaps.net\/tr\/wp-json\/wp\/v2\/pages\/235402\/revisions\/235403"}],"wp:attachment":[{"href":"https:\/\/www.printmaps.net\/tr\/wp-json\/wp\/v2\/media?parent=235402"}],"curies":[{"name":"wp","href":"https:\/\/api.w.org\/{rel}","templated":true}]}}