{"id":235420,"date":"2026-03-17T15:31:06","date_gmt":"2026-03-17T14:31:06","guid":{"rendered":"https:\/\/www.printmaps.net\/emlak-brosurleri\/"},"modified":"2026-03-17T15:31:08","modified_gmt":"2026-03-17T14:31:08","slug":"emlak-brosurleri","status":"publish","type":"page","link":"https:\/\/www.printmaps.net\/tr\/emlak-brosurleri\/","title":{"rendered":"Emlak bro\u015f\u00fcrleri ve ilan dosyalar\u0131 i\u00e7in haritalar"},"content":{"rendered":"\n<div style=\"height:32px\" aria-hidden=\"true\" class=\"wp-block-spacer\"><\/div>\n<div class=\"wp-block-image\">\n<figure class=\"alignleft size-large is-resized\"><img fetchpriority=\"high\" fetchpriority=\"high\" decoding=\"async\" width=\"1024\" height=\"729\" src=\"https:\/\/www.printmaps.net\/wp-content\/uploads\/2020\/05\/images2-1-1024x729.png\" alt=\"emlak bro&#x15F;&#xFC;rleri\" class=\"wp-image-63048\" style=\"width:680px;height:484px\" srcset=\"https:\/\/www.printmaps.net\/wp-content\/uploads\/2020\/05\/images2-1-1024x729.png 1024w, https:\/\/www.printmaps.net\/wp-content\/uploads\/2020\/05\/images2-1-980x698.png 980w, https:\/\/www.printmaps.net\/wp-content\/uploads\/2020\/05\/images2-1-480x342.png 480w\" sizes=\"(min-width: 0px) and (max-width: 480px) 480px, (min-width: 481px) and (max-width: 980px) 980px, (min-width: 981px) 1024px, 100vw\" \/><\/figure><\/div>\n<p>En etkili <strong>emlak bro\u015f\u00fcrlerinde<\/strong> \u00e7o\u011fu zaman \u00f6zenle haz\u0131rlanm\u0131\u015f <strong>emlak haritalar\u0131<\/strong> yer al\u0131r. \u0130ster sat\u0131\u015flar\u0131n\u0131 art\u0131rmak isteyen deneyimli bir emlak dan\u0131\u015fman\u0131 olun, ister <strong>emlak pazarlamas\u0131nda<\/strong> uzmanla\u015fm\u0131\u015f bir bask\u0131 tasar\u0131mc\u0131s\u0131, hedefiniz potansiyel al\u0131c\u0131lar\u0131n ilgisini \u00e7eken ve ayn\u0131 zamanda onlar\u0131 bilgilendiren etkileyici ilan dosyalar\u0131 ve <strong>bro\u015f\u00fcrler haz\u0131rlamakt\u0131r<\/strong>. \u0130\u015fte tam bu noktada Printmaps devreye girer. Harita edit\u00f6r\u00fcm\u00fcz sayesinde haritalar\u0131 zahmetsizce \u00f6zelle\u015ftirebilir, a\u00e7\u0131k ev davetiyelerinizi, piyasa g\u00fcncellemelerinizi, sat\u0131ld\u0131 duyurular\u0131n\u0131z\u0131 ve yeni portf\u00f6y bro\u015f\u00fcrlerinizi g\u00fc\u00e7lendirebilirsiniz.<\/p>\n\n<p><a href=\"\/tr\/ozellikler\">Printmaps edit\u00f6r\u00fcn\u00fcn kapsaml\u0131 \u00f6zelliklerini<\/a> ke\u015ffedin ve emlak pazarlamas\u0131 \u00e7al\u0131\u015fmalar\u0131n\u0131zda sundu\u011fu t\u00fcm olanaklardan yararlan\u0131n.<\/p>\n\n<div class=\"wp-block-buttons is-content-justification-center is-layout-flex wp-container-core-buttons-is-layout-16018d1d wp-block-buttons-is-layout-flex\">\n<div class=\"wp-block-button has-custom-font-size\" style=\"font-size:18px\"><a class=\"wp-block-button__link has-background wp-element-button\" href=\"https:\/\/www.printmaps.net\/tr\/\" style=\"border-radius:10px;background-color:#e5017e\"><strong>Hemen harita olu\u015fturmaya ba\u015flay\u0131n, kay\u0131t gerekmez<\/strong><\/a><\/div>\n<\/div>\n\n<div style=\"height:54px\" aria-hidden=\"true\" class=\"wp-block-spacer\"><\/div>\n\n<h2 class=\"wp-block-heading\">Emlak bro\u015f\u00fcrlerinde haritalar\u0131n rol\u00fc<\/h2>\n\n<p>Bug\u00fcn\u00fcn emlak sekt\u00f6r\u00fcnde bro\u015f\u00fcrler ve <strong>ilan dosyalar\u0131<\/strong>, a\u00e7\u0131k ev etkinliklerini, piyasa raporlar\u0131n\u0131 ve ge\u00e7mi\u015f sat\u0131\u015flar\u0131 sunmak i\u00e7in h\u00e2l\u00e2 \u00e7ok etkili ara\u00e7lard\u0131r. Bunlar, markan\u0131z\u0131 y\u00fcksek kaliteli foto\u011fraflarla, tutarl\u0131 marka renkleriyle ve \u00f6zellikle ki\u015fiselle\u015ftirilmi\u015f <strong>emlak haritalar\u0131yla<\/strong> do\u011frudan yans\u0131tmak i\u00e7in g\u00fc\u00e7l\u00fc bir f\u0131rsat sunar.<\/p>\n\n<p>Printmaps ile herhangi bir konumun <strong>y\u00fcksek \u00e7\u00f6z\u00fcn\u00fcrl\u00fckl\u00fc 300 DPI haritalar\u0131n\u0131<\/strong> indirebilir ve mahalle i\u00e7indeki \u00f6nemli ilgi noktalar\u0131n\u0131 bu haritalara ekleyebilirsiniz. B\u00f6ylece haritalar\u0131n kalitesi, <strong>emlak bro\u015f\u00fcrlerinizde<\/strong> veya ilan dosyalar\u0131n\u0131zda bask\u0131da kullan\u0131ld\u0131\u011f\u0131nda korunur.<\/p>\n\n<h2 class=\"wp-block-heading\">Harital\u0131 emlak bro\u015f\u00fcr\u00fc \u00f6rnekleri<\/h2>\n<div class=\"wp-block-image\">\n<figure class=\"aligncenter size-large\"><img decoding=\"async\" width=\"1024\" height=\"458\" src=\"https:\/\/www.printmaps.net\/wp-content\/uploads\/2020\/05\/images-1024x458.png\" alt=\"Emlak haritalar&#x131;\" class=\"wp-image-63047\" srcset=\"https:\/\/www.printmaps.net\/wp-content\/uploads\/2020\/05\/images-980x439.png 980w, https:\/\/www.printmaps.net\/wp-content\/uploads\/2020\/05\/images-480x215.png 480w\" sizes=\"(min-width: 0px) and (max-width: 480px) 480px, (min-width: 481px) and (max-width: 980px) 980px, (min-width: 981px) 1024px, 100vw\" \/><\/figure><\/div>\n<p>Emlak bro\u015f\u00fcrleri, kataloglar veya gayrimenkul tan\u0131t\u0131m metinleri i\u00e7in harita g\u00f6rsellerinin y\u00fcksek \u00e7\u00f6z\u00fcn\u00fcrl\u00fckl\u00fc olmas\u0131 \u00e7ok \u00f6nemlidir. Bu sayede netlik korunur ve pikselli haritalar\u0131n bas\u0131lmas\u0131 \u00f6nlenir. <a href=\"https:\/\/www.zillow.com\/blog\/15-words-that-add-value-171182\/\">Emlak bro\u015f\u00fcrlerinizi optimize ederken<\/a> \u201cl\u00fcks\u201d gibi kelimelerin stratejik kullan\u0131m\u0131 sat\u0131\u015f fiyatlar\u0131n\u0131 anlaml\u0131 \u00f6l\u00e7\u00fcde art\u0131rabilir. Do\u011fal olarak, d\u00fc\u015f\u00fck kaliteli g\u00f6rsellerle l\u00fcks emlak bro\u015f\u00fcrlerinizin alg\u0131lanan de\u011ferini d\u00fc\u015f\u00fcrmek istemezsiniz.<\/p>\n\n<div style=\"height:44px\" aria-hidden=\"true\" class=\"wp-block-spacer\"><\/div>\n<div class=\"wp-block-image\">\n<figure class=\"alignleft size-large is-resized\"><img decoding=\"async\" width=\"1024\" height=\"665\" src=\"https:\/\/www.printmaps.net\/wp-content\/uploads\/2020\/05\/Real-Estate-Flyers-1024x665.png\" alt=\"Emlak haritalar&#x131;\" class=\"wp-image-63054\" style=\"width:617px;height:401px\" srcset=\"https:\/\/www.printmaps.net\/wp-content\/uploads\/2020\/05\/Real-Estate-Flyers-980x636.png 980w, https:\/\/www.printmaps.net\/wp-content\/uploads\/2020\/05\/Real-Estate-Flyers-480x312.png 480w\" sizes=\"(min-width: 0px) and (max-width: 480px) 480px, (min-width: 481px) and (max-width: 980px) 980px, (min-width: 981px) 1024px, 100vw\" \/><\/figure><\/div>\n<h3 class=\"wp-block-heading\">Emlak bro\u015f\u00fcrlerinde haritalar\u0131n \u00f6nemi<\/h3>\n\n<p>Emlak haritalar\u0131, emlak pazarlamas\u0131n\u0131n vazge\u00e7ilmez bir par\u00e7as\u0131d\u0131r. Yeni bir ev arayan ki\u015filer, potansiyel yeni evlerinin \u00e7evresi hakk\u0131nda bilgi edinmek ister. \u00d6rne\u011fin yak\u0131nlarda \u00e7ocuklar\u0131 i\u00e7in iyi bir okul var m\u0131, k\u00f6peklerini gezdirebilecekleri bir <strong>park<\/strong> bulunuyor mu, mahallede hangi <strong>restoranlar<\/strong> var, en yak\u0131n <strong>hastane<\/strong> nerede, yol a\u011f\u0131 nas\u0131l, i\u015fe kolayca ula\u015fabilirler mi gibi sorular \u00f6nemlidir. Etkileyici emlak bro\u015f\u00fcrleri haz\u0131rlamak istiyorsan\u0131z, \u00e7evreyi harita \u00fczerinde g\u00f6stermek b\u00fcy\u00fck \u00f6nem ta\u015f\u0131r.<\/p>\n\n<p><\/p>\n\n<div style=\"height:44px\" aria-hidden=\"true\" class=\"wp-block-spacer\"><\/div>\n\n<h3 class=\"wp-block-heading\">Illustrator veya Photoshop ile d\u00fczenlerken s\u0131n\u0131rs\u0131z yarat\u0131c\u0131l\u0131k<\/h3>\n\n<p>Ger\u00e7ekten dikkat \u00e7ekici ve yarat\u0131c\u0131 emlak bro\u015f\u00fcrleri haz\u0131rlamak istiyorsan\u0131z, rakiplerinizin kulland\u0131\u011f\u0131 standart formatlarla yetinmek yeterli olmaz. Muhtemelen zaten Illustrator veya Photoshop gibi d\u00fczenleme ara\u00e7lar\u0131n\u0131 kullan\u0131yorsunuz. Printmaps ile katmanl\u0131 bir PSD veya SVG dosyas\u0131n\u0131 kolayca indirebilir, ard\u0131ndan bunu Illustrator veya Photoshop\u2019ta a\u00e7arak <strong>haritay\u0131 diledi\u011finiz gibi \u00f6zelle\u015ftirebilirsiniz<\/strong>.<\/p>\n\n<p>Bu programlara a\u015fina de\u011filseniz ama yine de sade ve \u015f\u0131k bir harita tasar\u0131m\u0131 istiyorsan\u0131z, Printmaps yine do\u011fru se\u00e7imdir. Haritay\u0131 do\u011frudan Printmaps edit\u00f6r\u00fcnde son haline getirebilir ve PNG olarak indirebilirsiniz. Bunu emlak mahalle bro\u015f\u00fcr\u00fcn\u00fcze ekledi\u011finizde, \u00e7ok say\u0131da potansiyel al\u0131c\u0131n\u0131n ilgisini \u00e7ekebilir ve hayranl\u0131k uyand\u0131rabilirsiniz.<\/p>\n<div class=\"wp-block-image\">\n<figure class=\"aligncenter size-large\"><img decoding=\"async\" src=\"https:\/\/www.printmaps.net\/wp-content\/uploads\/2020\/06\/layered-map-in-illustrator.png\" alt=\"katmanl&#x131; harita\" class=\"wp-image-64211\"\/><\/figure><\/div>\n<div style=\"height:51px\" aria-hidden=\"true\" class=\"wp-block-spacer\"><\/div>\n\n<div class=\"wp-block-group\"><div class=\"wp-block-group__inner-container is-layout-constrained wp-block-group-is-layout-constrained\">\n<h2 class=\"wp-block-heading has-text-align-center has-large-font-size\" style=\"font-style:normal;font-weight:700\">Printmaps\u2019i deneyin<\/h2>\n\n\n\n<p class=\"has-text-align-center has-medium-font-size\">Harita edit\u00f6r\u00fcm\u00fczle d\u00fcnyan\u0131n her yeri i\u00e7in k\u0131sa s\u00fcrede yazd\u0131r\u0131labilir haritalar olu\u015fturabilirsiniz.<\/p>\n\n\n\n<div style=\"height:15px\" aria-hidden=\"true\" class=\"wp-block-spacer\"><\/div>\n\n\n\n<div class=\"wp-block-buttons is-content-justification-center is-layout-flex wp-container-core-buttons-is-layout-16018d1d wp-block-buttons-is-layout-flex\">\n<div class=\"wp-block-button has-custom-font-size\" style=\"font-size:18px\"><a class=\"wp-block-button__link has-background wp-element-button\" href=\"https:\/\/www.printmaps.net\/tr\/\" style=\"border-radius:10px;background-color:#e5017e\"><strong>\u0130lk haritan\u0131z\u0131 \u015fimdi olu\u015fturun<\/strong><\/a><\/div>\n<\/div>\n<\/div><\/div>\n<div class=\"wp-block-image\">\n<figure class=\"alignright size-large is-resized\"><img decoding=\"async\" src=\"https:\/\/www.printmaps.net\/wp-content\/uploads\/2020\/05\/Real-Estate-expose2-1024x746.png\" alt=\"\" class=\"wp-image-63051\" style=\"width:667px;height:486px\"\/><\/figure><\/div>\n<p>Bask\u0131, emlak pazarlamas\u0131 i\u00e7in h\u00e2l\u00e2 \u00e7ok \u00f6nemli bir ara\u00e7 olsa da, g\u00fcncel stratejiler genellikle birden fazla yakla\u015f\u0131m\u0131n birlikte kullan\u0131lmas\u0131n\u0131 i\u00e7erir. \u00d6zellikle <strong>e-posta pazarlamas\u0131<\/strong>, emlak sekt\u00f6r\u00fcnde <a href=\"https:\/\/www.wordstream.com\/blog\/ws\/2015\/04\/16\/real-estate-marketing\">m\u00fc\u015fteri ili\u015fkilerini geli\u015ftirmede<\/a> olduk\u00e7a etkili olabilir. \u00d6rne\u011fin bir potansiyel al\u0131c\u0131 a\u00e7\u0131k ev etkinli\u011finizi ziyaret ettikten sonra g\u00f6nderilecek bir b\u00fclten, ayn\u0131 mahalledeki di\u011fer mevcut portf\u00f6yleri g\u00f6stermek i\u00e7in m\u00fckemmel bir f\u0131rsat sunar.<\/p>\n\n<p>B\u00fcltenlerinizi y\u00fcksek kaliteli emlak haritalar\u0131yla zenginle\u015ftirmek, hem etkile\u015fimi hem de g\u00f6rsel \u00e7ekicili\u011fi art\u0131r\u0131r; a\u00e7\u0131k evleri, ilanlar\u0131 ve \u00e7evredeki mahalleleri daha etkili bi\u00e7imde sunman\u0131za yard\u0131mc\u0131 olur.<\/p>\n\n<div style=\"height:100px\" aria-hidden=\"true\" class=\"wp-block-spacer\"><\/div>\n<div class=\"wp-block-image\">\n<figure class=\"alignleft size-large is-resized\"><img loading=\"lazy\" loading=\"lazy\" decoding=\"async\" width=\"1024\" height=\"665\" src=\"https:\/\/www.printmaps.net\/wp-content\/uploads\/2020\/05\/biking-route-map-1024x665.png\" alt=\"rota haritas&#x131; olu&#x15F;turun\" class=\"wp-image-62793\" style=\"width:593px;height:385px\" srcset=\"https:\/\/www.printmaps.net\/wp-content\/uploads\/2020\/05\/biking-route-map-980x636.png 980w, https:\/\/www.printmaps.net\/wp-content\/uploads\/2020\/05\/biking-route-map-480x312.png 480w\" sizes=\"auto, (min-width: 0px) and (max-width: 480px) 480px, (min-width: 481px) and (max-width: 980px) 980px, (min-width: 981px) 1024px, 100vw\" \/><\/figure><\/div>\n<h3 class=\"wp-block-heading\">Yol tariflerini g\u00f6stermek i\u00e7in edit\u00f6r\u00fc kullan\u0131n<\/h3>\n\n<p>Rota edit\u00f6r\u00fcm\u00fcz yaln\u0131zca rotalar\u0131 serbest bi\u00e7imde \u00e7izme imk\u00e2n\u0131 sunmaz. Ayn\u0131 zamanda mevcut yollara manyetik olarak yap\u0131\u015fan bir sihirbaz i\u00e7erir ve b\u00f6ylece rotalar\u0131 saniyeler i\u00e7inde olu\u015fturman\u0131z\u0131 sa\u011flar. Bu yenilik\u00e7i ara\u00e7, yaln\u0131zca mahalledeki ilgi noktalar\u0131n\u0131 veya ula\u015f\u0131m a\u011f\u0131n\u0131 g\u00f6stererek eri\u015filebilirli\u011fi anlatmakla kalmaz, ayn\u0131 zamanda emlak bro\u015f\u00fcrlerine yol tarifi eklemeyi de kolayla\u015ft\u0131r\u0131r.<\/p>\n\n<p>Bro\u015f\u00fcrlerinize yol tarifi ekleyerek, potansiyel al\u0131c\u0131lar\u0131n size nas\u0131l ula\u015facaklar\u0131n\u0131 a\u00e7\u0131k\u00e7a g\u00f6stermi\u015f olursunuz. Bu da genel deneyimi iyile\u015ftirir ve olas\u0131 kar\u0131\u015f\u0131kl\u0131klar\u0131 azalt\u0131r.<\/p>\n\n<div style=\"height:100px\" aria-hidden=\"true\" class=\"wp-block-spacer\"><\/div>\n\n<p class=\"has-large-font-size\">Nas\u0131l kullan\u0131rsan\u0131z \u00f6yle \u015fekillenir<\/p>\n\n<p>Yay\u0131nlar i\u00e7in bask\u0131ya uygun haritalar haz\u0131rlamak, yaln\u0131zca do\u011fru co\u011frafi ara\u00e7lara sahip olmakla ilgili de\u011fildir. Ayn\u0131 zamanda kendi tasar\u0131m anlay\u0131\u015f\u0131n\u0131z\u0131 ve fikirlerinizi ortaya koyabilmekle ilgilidir. Printmaps ile hem kullanaca\u011f\u0131n\u0131z kartografya t\u00fcr\u00fcn\u00fc hem de haritada hangi \u00f6\u011felerin yer alaca\u011f\u0131n\u0131 tamamen siz belirlersiniz.<\/p>\n\n<p>\u00dcstelik \u00f6zelle\u015ftirme bununla da bitmez. Haritan\u0131z\u0131 olu\u015fturup indirdikten sonra se\u00e7enekler \u00e7ok daha geni\u015fler. \u0130lgi noktalar\u0131na ek bilgiler mi eklemek istiyorsunuz? Kendi logolar\u0131n\u0131z\u0131, grafiklerinizi ya da metinlerinizi mi kullanacaks\u0131n\u0131z? Haritalar\u0131m\u0131z katmanl\u0131 PSD format\u0131nda teslim edilir. Bu sayede haritan\u0131n her unsurunu, tek tek ilgi noktalar\u0131na kadar, diledi\u011finiz gibi d\u00fczenleyebilirsiniz.<\/p>\n\n<p>Edit\u00f6r\u00fcm\u00fcz\u00fc deneyin ve fikirlerinizi yay\u0131na haz\u0131r, kusursuz bir haritaya ne kadar kolay d\u00f6n\u00fc\u015ft\u00fcrebilece\u011finizi kendiniz g\u00f6r\u00fcn.<\/p>\n\n<div style=\"height:97px\" aria-hidden=\"true\" class=\"wp-block-spacer\"><\/div>\n\n<div class=\"wp-block-group\"><div class=\"wp-block-group__inner-container is-layout-constrained wp-block-group-is-layout-constrained\">\n<h2 class=\"wp-block-heading has-text-align-center has-large-font-size\" style=\"font-style:normal;font-weight:700\">Printmaps\u2019i deneyin<\/h2>\n\n\n\n<p class=\"has-text-align-center has-medium-font-size\">Harita edit\u00f6r\u00fcm\u00fczle d\u00fcnyan\u0131n her yeri i\u00e7in k\u0131sa s\u00fcrede yazd\u0131r\u0131labilir haritalar olu\u015fturabilirsiniz.<\/p>\n\n\n\n<div style=\"height:15px\" aria-hidden=\"true\" class=\"wp-block-spacer\"><\/div>\n\n\n\n<div class=\"wp-block-buttons is-content-justification-center is-layout-flex wp-container-core-buttons-is-layout-16018d1d wp-block-buttons-is-layout-flex\">\n<div class=\"wp-block-button has-custom-font-size\" style=\"font-size:18px\"><a class=\"wp-block-button__link has-background wp-element-button\" href=\"https:\/\/www.printmaps.net\/tr\/\" style=\"border-radius:10px;background-color:#e5017e\"><strong>\u0130lk haritan\u0131z\u0131 \u015fimdi olu\u015fturun<\/strong><\/a><\/div>\n<\/div>\n<\/div><\/div>\n\n<div style=\"height:155px\" aria-hidden=\"true\" class=\"wp-block-spacer\"><\/div>\n\n<h3 class=\"wp-block-heading has-text-align-center\">S\u0131k\u00e7a Sorulan Sorular<\/h3>\n\n<div class=\"schema-faq wp-block-yoast-faq-block\"><div class=\"schema-faq-section\" id=\"faq-question-1759748884275\"><strong class=\"schema-faq-question\">Bir bro\u015f\u00fcr haritas\u0131na okul, park, toplu ta\u015f\u0131ma ve hastaneleri eklemenin en h\u0131zl\u0131 yolu nedir?<\/strong> <p class=\"schema-faq-answer\">Pin arac\u0131m\u0131z, vurgulamak istedi\u011finiz farkl\u0131 konumlar\u0131n ba\u011flam\u0131n\u0131 g\u00f6stermek i\u00e7in \u00e7e\u015fitli semboller kullanman\u0131za olanak tan\u0131r. Bir pin eklemek i\u00e7in onu harita \u00fczerinde s\u00fcr\u00fckleyip b\u0131rakman\u0131z yeterlidir. Sonras\u0131nda pinin rengini, \u015feklini ve simgesini d\u00fczenleyerek haritadaki farkl\u0131 konumlara g\u00f6rsel netlik kazand\u0131rabilirsiniz.<\/p> <\/div> <div class=\"schema-faq-section\" id=\"faq-question-1759748912351\"><strong class=\"schema-faq-question\">Bir bro\u015f\u00fcr \u00fczerindeki hangi harita \u00f6\u011feleri al\u0131c\u0131 ilgisini ve d\u00f6n\u00fc\u015f\u00fcm\u00fc en \u00e7ok etkiler?<\/strong> <p class=\"schema-faq-answer\">\u00d6ne \u00e7\u0131kan bir m\u00fclk i\u015faret\u00e7isi ve hedef kitleye uygun \u015fekilde se\u00e7ilmi\u015f 4 ila 8 ilgi noktas\u0131, yani okullar, toplu ta\u015f\u0131ma, parklar ve marketler, al\u0131c\u0131 ilgisini en g\u00fc\u00e7l\u00fc \u015fekilde etkiler. M\u00fclk pininin ana g\u00f6rsel odak noktas\u0131 olarak kalmas\u0131 i\u00e7in sade, renk kodlu simgeler ve k\u0131sa etiketler kullan\u0131n.<\/p> <\/div> <div class=\"schema-faq-section\" id=\"faq-question-1759748923929\"><strong class=\"schema-faq-question\">Birden fazla emlak adresini h\u0131zl\u0131ca pin olu\u015fturmak i\u00e7in nas\u0131l yap\u0131\u015ft\u0131rabilirim?<\/strong> <p class=\"schema-faq-answer\"><p>Toplu geocoder tablomuzun d\u00fczenini takip eden bir Excel dosyas\u0131 haz\u0131rlayabilir ve bunu yap\u0131\u015ft\u0131rarak pinleri h\u0131zl\u0131ca olu\u015fturabilirsiniz. Daha fazla bilgi almak isterseniz bu <a href=\"\/tr\/coklu-konum-haritasi-olustur\">makaleyi okuyun<\/a>.<\/p><\/p> <\/div> <\/div>\n\n<div class=\"wp-block-group\"><div class=\"wp-block-group__inner-container is-layout-constrained wp-block-group-is-layout-constrained\">\n<div style=\"height:130px\" aria-hidden=\"true\" class=\"wp-block-spacer\"><\/div>\n\n\n\n<h2 class=\"wp-block-heading has-x-large-font-size\" style=\"font-style:normal;font-weight:700\">H\u00e2l\u00e2 yard\u0131ma m\u0131 ihtiyac\u0131n\u0131z var? Bize yaz\u0131n!<\/h2>\n\n\n\n<p style=\"font-size:22px\"><a href=\"https:\/\/support.printmaps.net\/tr\/support\/tickets\/new\">Destek platformumuz \u00fczerinden bize bir talep g\u00f6nderin<\/a><\/p>\n\n\n\n<div style=\"height:150px\" aria-hidden=\"true\" class=\"wp-block-spacer\"><\/div>\n<\/div><\/div>\n","protected":false},"excerpt":{"rendered":"<p>En etkili emlak bro\u015f\u00fcrlerinde \u00e7o\u011fu zaman \u00f6zenle haz\u0131rlanm\u0131\u015f emlak haritalar\u0131 yer al\u0131r. \u0130ster sat\u0131\u015flar\u0131n\u0131 art\u0131rmak isteyen deneyimli bir emlak dan\u0131\u015fman\u0131 olun, ister emlak pazarlamas\u0131nda uzmanla\u015fm\u0131\u015f bir bask\u0131 tasar\u0131mc\u0131s\u0131, hedefiniz potansiyel al\u0131c\u0131lar\u0131n ilgisini \u00e7eken ve ayn\u0131 zamanda onlar\u0131 bilgilendiren etkileyici ilan dosyalar\u0131 ve bro\u015f\u00fcrler haz\u0131rlamakt\u0131r. \u0130\u015fte tam bu noktada Printmaps devreye girer. Harita edit\u00f6r\u00fcm\u00fcz sayesinde haritalar\u0131 [&hellip;]<\/p>\n","protected":false},"author":19,"featured_media":0,"parent":0,"menu_order":0,"comment_status":"closed","ping_status":"closed","template":"","meta":{"_et_pb_use_builder":"off","_et_pb_old_content":"","_et_gb_content_width":"","footnotes":""},"class_list":["post-235420","page","type-page","status-publish","hentry"],"_links":{"self":[{"href":"https:\/\/www.printmaps.net\/tr\/wp-json\/wp\/v2\/pages\/235420","targetHints":{"allow":["GET"]}}],"collection":[{"href":"https:\/\/www.printmaps.net\/tr\/wp-json\/wp\/v2\/pages"}],"about":[{"href":"https:\/\/www.printmaps.net\/tr\/wp-json\/wp\/v2\/types\/page"}],"author":[{"embeddable":true,"href":"https:\/\/www.printmaps.net\/tr\/wp-json\/wp\/v2\/users\/19"}],"replies":[{"embeddable":true,"href":"https:\/\/www.printmaps.net\/tr\/wp-json\/wp\/v2\/comments?post=235420"}],"version-history":[{"count":1,"href":"https:\/\/www.printmaps.net\/tr\/wp-json\/wp\/v2\/pages\/235420\/revisions"}],"predecessor-version":[{"id":235421,"href":"https:\/\/www.printmaps.net\/tr\/wp-json\/wp\/v2\/pages\/235420\/revisions\/235421"}],"wp:attachment":[{"href":"https:\/\/www.printmaps.net\/tr\/wp-json\/wp\/v2\/media?parent=235420"}],"curies":[{"name":"wp","href":"https:\/\/api.w.org\/{rel}","templated":true}]}}