{"id":235429,"date":"2026-03-17T16:13:22","date_gmt":"2026-03-17T15:13:22","guid":{"rendered":"https:\/\/www.printmaps.net\/rota-haritasi-olustur\/"},"modified":"2026-03-17T16:13:24","modified_gmt":"2026-03-17T15:13:24","slug":"rota-haritasi-olustur","status":"publish","type":"page","link":"https:\/\/www.printmaps.net\/tr\/rota-haritasi-olustur\/","title":{"rendered":"Printmaps ile bir rota haritas\u0131 olu\u015fturun"},"content":{"rendered":"\n<div style=\"height:37px\" aria-hidden=\"true\" class=\"wp-block-spacer\"><\/div>\n\n<div class=\"wp-block-columns is-layout-flex wp-container-core-columns-is-layout-9d6595d7 wp-block-columns-is-layout-flex\">\n<div class=\"wp-block-column is-layout-flow wp-block-column-is-layout-flow\" style=\"flex-basis:66.66%\">\n<figure class=\"wp-block-image size-large is-resized\"><img fetchpriority=\"high\" fetchpriority=\"high\" decoding=\"async\" width=\"1024\" height=\"665\" src=\"https:\/\/www.printmaps.net\/wp-content\/uploads\/2020\/05\/biking-route-map-1024x665.png\" alt=\"rota haritas&#x131; olu&#x15F;turun\" class=\"wp-image-62793\" style=\"width:693px;height:449px\" srcset=\"https:\/\/www.printmaps.net\/wp-content\/uploads\/2020\/05\/biking-route-map-980x636.png 980w, https:\/\/www.printmaps.net\/wp-content\/uploads\/2020\/05\/biking-route-map-480x312.png 480w\" sizes=\"(min-width: 0px) and (max-width: 480px) 480px, (min-width: 481px) and (max-width: 980px) 980px, (min-width: 981px) 1024px, 100vw\" \/><\/figure>\n\n\n<div style=\"height:35px\" aria-hidden=\"true\" class=\"wp-block-spacer\"><\/div>\n<\/div>\n\n\n\n<div class=\"wp-block-column is-layout-flow wp-block-column-is-layout-flow\" style=\"flex-basis:33.33%\">\n<p>Printmaps\u2019in rota olu\u015fturma arac\u0131 sayesinde birka\u00e7 saniye i\u00e7inde rota haz\u0131rlayabilirsiniz. Rota edit\u00f6r\u00fcn\u00fc kullanarak d\u00fcnya haritas\u0131 \u00fczerinde diledi\u011finiz yerde A noktas\u0131ndan B noktas\u0131na bir rota \u00e7izebilirsiniz. Rotan\u0131n y\u00fcr\u00fcy\u00fc\u015f, bisiklet veya ara\u00e7 yollar\u0131 \u00fczerinde mi ilerlemesini istedi\u011finizi se\u00e7ebilirsiniz.<\/p>\n\n\n\n<div style=\"height:100px\" aria-hidden=\"true\" class=\"wp-block-spacer\"><\/div>\n\n\n\n<div class=\"wp-block-buttons is-content-justification-center is-layout-flex wp-container-core-buttons-is-layout-16018d1d wp-block-buttons-is-layout-flex\">\n<div class=\"wp-block-button has-custom-font-size\" style=\"font-size:18px\"><a class=\"wp-block-button__link has-background wp-element-button\" href=\"https:\/\/www.printmaps.net\/tr\/\" style=\"border-radius:10px;background-color:#e5017e\"><strong>Hemen harita olu\u015fturmaya ba\u015flay\u0131n, kay\u0131t gerekmez<\/strong><\/a><\/div>\n<\/div>\n<\/div>\n<\/div>\n\n<div style=\"height:71px\" aria-hidden=\"true\" class=\"wp-block-spacer\"><\/div>\n\n<h2 class=\"wp-block-heading\">Mevcut yollar \u00fczerinde rota olu\u015fturun<\/h2>\n\n<div class=\"wp-block-columns is-layout-flex wp-container-core-columns-is-layout-9d6595d7 wp-block-columns-is-layout-flex\">\n<div class=\"wp-block-column is-layout-flow wp-block-column-is-layout-flow\" style=\"flex-basis:33.33%\">\n<p>M\u00fc\u015fterilerimiz, turistik rehberlerde bisiklet ve y\u00fcr\u00fcy\u00fc\u015f rotalar\u0131n\u0131 g\u00f6stermek ya da basit\u00e7e yol tarifi sunmak i\u00e7in Printmaps ile rota olu\u015fturuyor. \u0130lgi noktalar\u0131, k\u0131saca POI, harita \u00fczerinde genellikle bir i\u015faret\u00e7iyle g\u00f6sterilen yerlerdir. Turizmde POI\u2019ler b\u00fcy\u00fck \u00f6nem ta\u015f\u0131r; \u00e7\u00fcnk\u00fc turistik yerlerin, yeme i\u00e7me noktalar\u0131n\u0131n veya konaklama se\u00e7eneklerinin nerede bulundu\u011funu g\u00f6sterir.<br\/><br\/>\u00c7izginin rengini ve kal\u0131nl\u0131\u011f\u0131n\u0131 se\u00e7in ya da daha \u00f6nce kaydetti\u011finiz rotay\u0131 y\u00fckleyin. Rota edit\u00f6r\u00fcm\u00fcz yaln\u0131zca serbest \u00e7izim yapman\u0131za olanak tan\u0131maz, ayn\u0131 zamanda mevcut yollara manyetik olarak yap\u0131\u015fan bir yard\u0131mc\u0131 da sunar. B\u00f6ylece rotay\u0131 tam olarak yans\u0131tan bir harita olu\u015fturabilirsiniz.<\/p>\n<\/div>\n\n\n\n<div class=\"wp-block-column is-layout-flow wp-block-column-is-layout-flow\" style=\"flex-basis:66.66%\"><div class=\"wp-block-image\">\n<figure class=\"alignright size-large is-resized\"><img decoding=\"async\" width=\"1024\" height=\"666\" src=\"https:\/\/www.printmaps.net\/wp-content\/uploads\/2020\/05\/route-map-1024x666.png\" alt=\"rota haritas&#x131; olu&#x15F;turun\" class=\"wp-image-62795\" style=\"width:690px;height:448px\" srcset=\"https:\/\/www.printmaps.net\/wp-content\/uploads\/2020\/05\/route-map-980x637.png 980w, https:\/\/www.printmaps.net\/wp-content\/uploads\/2020\/05\/route-map-480x312.png 480w\" sizes=\"(min-width: 0px) and (max-width: 480px) 480px, (min-width: 481px) and (max-width: 980px) 980px, (min-width: 981px) 1024px, 100vw\" \/><\/figure><\/div><\/div>\n<\/div>\n\n<div style=\"height:61px\" aria-hidden=\"true\" class=\"wp-block-spacer\"><\/div>\n\n<div class=\"wp-block-columns is-layout-flex wp-container-core-columns-is-layout-9d6595d7 wp-block-columns-is-layout-flex\">\n<div class=\"wp-block-column is-layout-flow wp-block-column-is-layout-flow\" style=\"flex-basis:66.66%\">\n<figure class=\"wp-block-image size-large\"><img decoding=\"async\" width=\"1024\" height=\"665\" src=\"https:\/\/www.printmaps.net\/wp-content\/uploads\/2020\/05\/create-a-route-map-1024x665.png\" alt=\"rota haritas&#x131; olu&#x15F;turun\" class=\"wp-image-62794\" srcset=\"https:\/\/www.printmaps.net\/wp-content\/uploads\/2020\/05\/create-a-route-map-980x636.png 980w, https:\/\/www.printmaps.net\/wp-content\/uploads\/2020\/05\/create-a-route-map-480x312.png 480w\" sizes=\"(min-width: 0px) and (max-width: 480px) 480px, (min-width: 481px) and (max-width: 980px) 980px, (min-width: 981px) 1024px, 100vw\" \/><\/figure><\/div>\n\n\n\n<div class=\"wp-block-column is-layout-flow wp-block-column-is-layout-flow\" style=\"flex-basis:33.33%\">\n<h3 class=\"wp-block-heading\">Kendi co\u011frafi verinizi y\u00fckleyin<\/h3>\n\n\n\n<p>Rotan\u0131z GPS \u00f6zellikli bir cihazla m\u0131 kaydedildi? Bu dosyalar\u0131, yani GPX, KML veya GeoJSON formatlar\u0131n\u0131, edit\u00f6re y\u00fckleyebilirsiniz ve rota haritan\u0131z \u00fczerinde g\u00f6r\u00fcnt\u00fclenir. \u00dcstelik istedi\u011finiz kadar rota y\u00fckleyebilirsiniz; haritan\u0131za s\u0131\u011fd\u0131\u011f\u0131 s\u00fcrece hepsini kullanabilirsiniz. Bu \u00f6zellik \u00f6zellikle bisiklet turlar\u0131n\u0131 g\u00f6stermek i\u00e7in son derece kullan\u0131\u015fl\u0131d\u0131r.<\/p>\n<\/div>\n<\/div>\n\n<div style=\"height:84px\" aria-hidden=\"true\" class=\"wp-block-spacer\"><\/div>\n\n<div class=\"wp-block-columns is-layout-flex wp-container-core-columns-is-layout-9d6595d7 wp-block-columns-is-layout-flex\">\n<div class=\"wp-block-column is-layout-flow wp-block-column-is-layout-flow\" style=\"flex-basis:66.66%\">\n<figure class=\"wp-block-image size-large\"><img loading=\"lazy\" loading=\"lazy\" decoding=\"async\" width=\"1024\" height=\"714\" src=\"https:\/\/www.printmaps.net\/wp-content\/uploads\/2020\/06\/photobook-travel-map-1024x714.png\" alt=\"fotokitap i&#xE7;in seyahat haritas&#x131;\" class=\"wp-image-63746\" srcset=\"https:\/\/www.printmaps.net\/wp-content\/uploads\/2020\/06\/photobook-travel-map-980x683.png 980w, https:\/\/www.printmaps.net\/wp-content\/uploads\/2020\/06\/photobook-travel-map-480x335.png 480w\" sizes=\"auto, (min-width: 0px) and (max-width: 480px) 480px, (min-width: 481px) and (max-width: 980px) 980px, (min-width: 981px) 1024px, 100vw\" \/><\/figure><\/div>\n\n\n\n<div class=\"wp-block-column is-layout-flow wp-block-column-is-layout-flow\" style=\"flex-basis:33.33%\">\n<h3 class=\"wp-block-heading\">Tek bir rota haritas\u0131nda farkl\u0131 ula\u015f\u0131m t\u00fcrlerini birle\u015ftirin<\/h3>\n\n\n\n<p>Rota olu\u015fturmak hi\u00e7 bu kadar kolay olmam\u0131\u015ft\u0131. Edit\u00f6rde farkl\u0131 ula\u015f\u0131m t\u00fcrlerini bir araya getirebilir ve ayn\u0131 rota haritas\u0131nda araba, gemi veya tren yolculuklar\u0131n\u0131 g\u00f6sterebilirsiniz.<\/p>\n<\/div>\n<\/div>\n\n<div style=\"height:63px\" aria-hidden=\"true\" class=\"wp-block-spacer\"><\/div>\n\n<h3 class=\"wp-block-heading\">Saniyeler i\u00e7inde rota olu\u015fturun<\/h3>\n\n<p>Printmaps\u2019in sundu\u011fu bir\u00e7ok \u00f6zelli\u011fe ek olarak, adreslerinizi toplu \u015fekilde y\u00fckleyip koordinatlara d\u00f6n\u00fc\u015ft\u00fcrmenizi sa\u011flayan yerle\u015fik bir geocoder sistemimiz de bulunur. Bu i\u015flem ger\u00e7ekten bir tablodan ya da veri taban\u0131 s\u00fctunundan verileri kopyalay\u0131p yap\u0131\u015ft\u0131rmak kadar kolayd\u0131r. Edit\u00f6rde ilgili d\u00fc\u011fmeye t\u0131klay\u0131n\u00a0<img loading=\"lazy\" loading=\"lazy\" decoding=\"async\" src=\"https:\/\/www.printmaps.net\/wp-content\/uploads\/2018\/03\/poibutton.png\" alt=\"\" width=\"58\" height=\"51\"\/> ve tan\u0131d\u0131k bir aray\u00fcz kar\u015f\u0131n\u0131za gelsin. Tek yapman\u0131z gereken i\u00e7eri\u011finizi ilgili alanlara yap\u0131\u015ft\u0131rmakt\u0131r. Gerisini Printmaps halleder.<\/p>\n\n<p>Geocoding motorumuz adresleri koordinatlara d\u00f6n\u00fc\u015ft\u00fcrd\u00fckten sonra, i\u015faret\u00e7i t\u00fcr\u00fcn\u00fc, rengini, simgesini ve boyutunu de\u011fi\u015ftirebilirsiniz. T\u00fcm POI\u2019ler ayr\u0131 bir katmanda kaydedilir. B\u00f6ylece haritan\u0131z\u0131 Photoshop format\u0131nda indirdikten sonra a\u00e7abilir ve POI\u2019lerin konumlar\u0131n\u0131 sonradan daha hassas \u015fekilde d\u00fczenleyebilirsiniz.<\/p>\n\n<div style=\"height:61px\" aria-hidden=\"true\" class=\"wp-block-spacer\"><\/div>\n\n<h3 class=\"wp-block-heading\">Katmanl\u0131 rota haritan\u0131z\u0131 indirin<\/h3>\n\n<p>Rota haritan\u0131z\u0131 katmanl\u0131 PSD veya SVG dosyas\u0131 olarak indirin ve bu dosyay\u0131 <strong>Photoshop ya da Illustrator<\/strong>\u2019da a\u00e7\u0131n. B\u00f6ylece haritan\u0131zda hangi katmanlar\u0131n g\u00f6r\u00fcnmesini istedi\u011finizi ve bunlar\u0131n tam olarak nerede yer alaca\u011f\u0131n\u0131 sonradan kolayca ayarlayabilirsiniz. Metinleri kald\u0131rabilir, ta\u015f\u0131yabilir veya ekleyebilir, renkleri de\u011fi\u015ftirebilir ve katmanlar\u0131 g\u00f6sterip gizleyebilirsiniz. Se\u00e7enekler olduk\u00e7a geni\u015ftir ve hangilerinin sizin i\u00e7in en faydal\u0131 oldu\u011fu tamamen projenize ba\u011fl\u0131d\u0131r.<\/p>\n\n<div class=\"wp-block-columns is-layout-flex wp-container-core-columns-is-layout-9d6595d7 wp-block-columns-is-layout-flex\">\n<div class=\"wp-block-column is-layout-flow wp-block-column-is-layout-flow\">\n<figure class=\"wp-block-image size-large\"><img decoding=\"async\" src=\"https:\/\/www.printmaps.net\/wp-content\/uploads\/2020\/06\/layered-map-in-illustrator.png\" alt=\"katmanl&#x131; harita\" class=\"wp-image-64211\"\/><\/figure><\/div>\n\n\n\n<div class=\"wp-block-column is-layout-flow wp-block-column-is-layout-flow\">\n<figure class=\"wp-block-image size-large\"><img loading=\"lazy\" loading=\"lazy\" decoding=\"async\" width=\"1024\" height=\"550\" src=\"https:\/\/www.printmaps.net\/wp-content\/uploads\/2020\/05\/london-map-with-layers-1024x550.png\" alt=\"katmanl&#x131; harita\" class=\"wp-image-63106\" style=\"object-fit:cover\" srcset=\"https:\/\/www.printmaps.net\/wp-content\/uploads\/2020\/05\/london-map-with-layers-980x526.png 980w, https:\/\/www.printmaps.net\/wp-content\/uploads\/2020\/05\/london-map-with-layers-480x258.png 480w\" sizes=\"auto, (min-width: 0px) and (max-width: 480px) 480px, (min-width: 481px) and (max-width: 980px) 980px, (min-width: 981px) 1024px, 100vw\" \/><\/figure><\/div>\n<\/div>\n\n<div style=\"height:69px\" aria-hidden=\"true\" class=\"wp-block-spacer\"><\/div>\n\n<h4 class=\"wp-block-heading\">Nas\u0131l kullan\u0131rsan\u0131z \u00f6yle \u015fekillenir<\/h4>\n\n<p>Bir yay\u0131n i\u00e7in bask\u0131ya uygun haritalar haz\u0131rlamak yaln\u0131zca do\u011fru co\u011frafi ara\u00e7lara sahip olmakla ilgili de\u011fildir. Ayn\u0131 zamanda kendi tasar\u0131m anlay\u0131\u015f\u0131n\u0131z\u0131 ve fikirlerinizi uygulayabilmekle ilgilidir. Printmaps ile kullan\u0131lan kartografya t\u00fcr\u00fcnden haritaya eklenen \u00f6\u011felere kadar tam esneklik elde edersiniz. \u00dcstelik haritan\u0131z\u0131 olu\u015fturup indirdikten sonra s\u00fcre\u00e7 burada bitmez. POI\u2019lere daha fazla detay eklemek, kendi logolar\u0131n\u0131z\u0131, ek grafiklerinizi veya metinlerinizi kullanmak m\u0131 istiyorsunuz? \u0130\u015fte bu y\u00fczden haritan\u0131z\u0131 katmanl\u0131 PSD format\u0131nda sunuyoruz. B\u00f6ylece haritaya ekledi\u011finiz neredeyse her \u015feyi, tek tek POI\u2019lere kadar de\u011fi\u015ftirebilirsiniz. Edit\u00f6r\u00fcm\u00fcz\u00fc deneyin ve fikirlerinizi yay\u0131na uygun ideal haritan\u0131za nas\u0131l d\u00f6n\u00fc\u015ft\u00fcrebilece\u011finizi g\u00f6r\u00fcn.<\/p>\n\n<div style=\"height:20px\" aria-hidden=\"true\" class=\"wp-block-spacer\"><\/div>\n\n<div style=\"height:38px\" aria-hidden=\"true\" class=\"wp-block-spacer\"><\/div>\n\n<div class=\"wp-block-group\"><div class=\"wp-block-group__inner-container is-layout-constrained wp-block-group-is-layout-constrained\">\n<h2 class=\"wp-block-heading has-text-align-center has-large-font-size\" style=\"font-style:normal;font-weight:700\">Printmaps\u2019i deneyin<\/h2>\n\n\n\n<p class=\"has-text-align-center has-medium-font-size\">Harita edit\u00f6r\u00fcm\u00fczle d\u00fcnyan\u0131n her yeri i\u00e7in k\u0131sa s\u00fcrede yazd\u0131r\u0131labilir haritalar olu\u015fturabilirsiniz.<\/p>\n\n\n\n<div style=\"height:15px\" aria-hidden=\"true\" class=\"wp-block-spacer\"><\/div>\n\n\n\n<div class=\"wp-block-buttons is-content-justification-center is-layout-flex wp-container-core-buttons-is-layout-16018d1d wp-block-buttons-is-layout-flex\">\n<div class=\"wp-block-button has-custom-font-size\" style=\"font-size:18px\"><a class=\"wp-block-button__link has-background wp-element-button\" href=\"https:\/\/www.printmaps.net\/tr\/\" style=\"border-radius:10px;background-color:#e5017e\"><strong>\u0130lk haritan\u0131z\u0131 \u015fimdi olu\u015fturun<\/strong><\/a><\/div>\n<\/div>\n<\/div><\/div>\n\n<div style=\"height:150px\" aria-hidden=\"true\" class=\"wp-block-spacer\"><\/div>\n\n<div class=\"schema-faq wp-block-yoast-faq-block\"><div class=\"schema-faq-section\" id=\"faq-question-1757594535611\"><strong class=\"schema-faq-question\">GPX dosyamdan nas\u0131l rota olu\u015fturabilirim?<\/strong> <p class=\"schema-faq-answer\">GPX dosyan\u0131z\u0131, ya da KML veya GeoJSON dosyan\u0131z\u0131, Printmaps edit\u00f6r\u00fcne y\u00fckleyin. \u00c7izgi stilini ayarlay\u0131n, gerekiyorsa POI ekleyin ve ard\u0131ndan bask\u0131 i\u00e7in y\u00fcksek \u00e7\u00f6z\u00fcn\u00fcrl\u00fckl\u00fc PSD, SVG veya PNG olarak indirin.<\/p> <\/div> <div class=\"schema-faq-section\" id=\"faq-question-1757594613061\"><strong class=\"schema-faq-question\">Mevcut bir yol ya da izi takip etmeyen rotalar \u00e7izebilir miyim?<\/strong> <p class=\"schema-faq-answer\">Evet. Rota arac\u0131 i\u00e7inde harita \u00fczerinde t\u0131klayarak d\u00fcz \u00e7izgiler veya yay bi\u00e7imli \u00e7izgiler \u00e7izebilirsiniz.<\/p> <\/div> <div class=\"schema-faq-section\" id=\"faq-question-1757594734392\"><strong class=\"schema-faq-question\">Profesyonel bask\u0131 i\u00e7in hangi dosya formatlar\u0131n\u0131 d\u0131\u015fa aktarabilirim?<\/strong> <p class=\"schema-faq-answer\">Haritalar\u0131m\u0131z\u0131 PNG, PSD ve SVG olarak sunuyoruz. T\u00fcm formatlar profesyonel bask\u0131 i\u00e7in uygundur. Ancak PSD ve SVG, hassas son d\u00fczenlemeler i\u00e7in d\u00fczenlenebilir katmanlar\u0131 korur.<\/p> <\/div> <div class=\"schema-faq-section\" id=\"faq-question-1757594812985\"><strong class=\"schema-faq-question\">Hangi bask\u0131 \u00e7\u00f6z\u00fcn\u00fcrl\u00fc\u011f\u00fcn\u00fc sunuyorsunuz?<\/strong> <p class=\"schema-faq-answer\">PNG ve PSD dosyalar\u0131 300 DPI \u00e7\u00f6z\u00fcn\u00fcrl\u00fckle sunulur. SVG dosyalar\u0131 ise istedi\u011finiz boyuta \u00f6l\u00e7eklenebilir.<\/p> <\/div> <div class=\"schema-faq-section\" id=\"faq-question-1757596674420\"><strong class=\"schema-faq-question\">\u00c7ok g\u00fcnl\u00fck bir tur i\u00e7in birden fazla rota y\u00fckleyebilir miyim?<\/strong> <p class=\"schema-faq-answer\">Evet. Diledi\u011finiz kadar rota y\u00fckleyebilirsiniz. Yaln\u0131zca haritan\u0131n \u00e7ok kalabal\u0131kla\u015fmamas\u0131na ve okunabilirli\u011fini korumas\u0131na dikkat etmeniz yeterlidir.<\/p> <\/div> <div class=\"schema-faq-section\" id=\"faq-question-1757596706754\"><strong class=\"schema-faq-question\">Bir Strava veya Komoot rotas\u0131n\u0131 nas\u0131l yazd\u0131rabilirim?<\/strong> <p class=\"schema-faq-answer\">Her 2 durumda da rotay\u0131 GPX olarak d\u0131\u015fa aktarabilir ve harita edit\u00f6r\u00fcm\u00fcze ekleyebilirsiniz. Komoot i\u00e7in ise edit\u00f6r i\u00e7inde hesab\u0131n\u0131za giri\u015f yapabilir ve kaydetti\u011finiz rotalara eri\u015febilirsiniz. Bu konu <a href=\"\/tr\/komoot-turlarini-yazdir\">makalenin<\/a> ilerleyen b\u00f6l\u00fcm\u00fcnde daha ayr\u0131nt\u0131l\u0131 olarak a\u00e7\u0131klan\u0131r.<\/p> <\/div> <div class=\"schema-faq-section\" id=\"faq-question-1757596913662\"><strong class=\"schema-faq-question\">Edit\u00f6r, etiketler, rotalar ve \u015fekiller i\u00e7in katmanlar\u0131 koruyor mu?<\/strong> <p class=\"schema-faq-answer\">Evet. PSD veya SVG sat\u0131n almay\u0131 se\u00e7erseniz, haritada g\u00f6rd\u00fc\u011f\u00fcn\u00fcz her \u00f6\u011fe ayr\u0131 bir katmanda saklan\u0131r. Buna yollar, su alanlar\u0131 veya y\u00fckselti gibi harita \u00f6\u011feleri de dahildir; rotalar, pinler veya \u015fekiller gibi sizin ekledi\u011finiz t\u00fcm \u00f6\u011feler de buna dahildir.<\/p> <\/div> <div class=\"schema-faq-section\" id=\"faq-question-1757597038576\"><strong class=\"schema-faq-question\">Rota rengini, kal\u0131nl\u0131\u011f\u0131n\u0131 ve stilini \u00f6zelle\u015ftirebilir miyim?<\/strong> <p class=\"schema-faq-answer\">Kesinlikle. \u0130stedi\u011finiz rengi t\u0131klayarak veya HEX koduyla se\u00e7ebilir, rota kal\u0131nl\u0131\u011f\u0131n\u0131 belirleyebilir ve rota \u00fczerindeki ula\u015f\u0131m t\u00fcr\u00fc simgelerini g\u00f6sterip gizleyebilirsiniz.<\/p> <\/div> <div class=\"schema-faq-section\" id=\"faq-question-1757598652999\"><strong class=\"schema-faq-question\">Rota haritama nas\u0131l y\u00fckseklik profili eklerim?<\/strong> <p class=\"schema-faq-answer\"><p>Haritan\u0131za e\u015flik etmesi i\u00e7in <a href=\"\/tr\/yukseklik-profili-olustur\">y\u00fckseklik profili olu\u015fturucumuzda<\/a><\/p>&#13;\n<p>\u00fccretsiz bir y\u00fckseklik profili de haz\u0131rlayabilirsiniz. Rotan\u0131z\u0131 GPX, KML veya GeoJSON olarak y\u00fckleyebilir, \u00e7\u0131kt\u0131y\u0131 PNG, PDF ve SVG formatlar\u0131nda alabilir ve \u00f6nceden ki\u015fiselle\u015ftirebilirsiniz.<\/p><\/p> <\/div> <\/div>\n","protected":false},"excerpt":{"rendered":"<p>Printmaps\u2019in rota olu\u015fturma arac\u0131 sayesinde birka\u00e7 saniye i\u00e7inde rota haz\u0131rlayabilirsiniz. Rota edit\u00f6r\u00fcn\u00fc kullanarak d\u00fcnya haritas\u0131 \u00fczerinde diledi\u011finiz yerde A noktas\u0131ndan B noktas\u0131na bir rota \u00e7izebilirsiniz. Rotan\u0131n y\u00fcr\u00fcy\u00fc\u015f, bisiklet veya ara\u00e7 yollar\u0131 \u00fczerinde mi ilerlemesini istedi\u011finizi se\u00e7ebilirsiniz. Mevcut yollar \u00fczerinde rota olu\u015fturun M\u00fc\u015fterilerimiz, turistik rehberlerde bisiklet ve y\u00fcr\u00fcy\u00fc\u015f rotalar\u0131n\u0131 g\u00f6stermek ya da basit\u00e7e yol tarifi sunmak [&hellip;]<\/p>\n","protected":false},"author":19,"featured_media":0,"parent":0,"menu_order":0,"comment_status":"closed","ping_status":"closed","template":"","meta":{"_et_pb_use_builder":"off","_et_pb_old_content":"","_et_gb_content_width":"","footnotes":""},"class_list":["post-235429","page","type-page","status-publish","hentry"],"_links":{"self":[{"href":"https:\/\/www.printmaps.net\/tr\/wp-json\/wp\/v2\/pages\/235429","targetHints":{"allow":["GET"]}}],"collection":[{"href":"https:\/\/www.printmaps.net\/tr\/wp-json\/wp\/v2\/pages"}],"about":[{"href":"https:\/\/www.printmaps.net\/tr\/wp-json\/wp\/v2\/types\/page"}],"author":[{"embeddable":true,"href":"https:\/\/www.printmaps.net\/tr\/wp-json\/wp\/v2\/users\/19"}],"replies":[{"embeddable":true,"href":"https:\/\/www.printmaps.net\/tr\/wp-json\/wp\/v2\/comments?post=235429"}],"version-history":[{"count":1,"href":"https:\/\/www.printmaps.net\/tr\/wp-json\/wp\/v2\/pages\/235429\/revisions"}],"predecessor-version":[{"id":235430,"href":"https:\/\/www.printmaps.net\/tr\/wp-json\/wp\/v2\/pages\/235429\/revisions\/235430"}],"wp:attachment":[{"href":"https:\/\/www.printmaps.net\/tr\/wp-json\/wp\/v2\/media?parent=235429"}],"curies":[{"name":"wp","href":"https:\/\/api.w.org\/{rel}","templated":true}]}}