{"id":235646,"date":"2026-03-19T11:23:02","date_gmt":"2026-03-19T10:23:02","guid":{"rendered":"https:\/\/www.printmaps.net\/arsa-analiz-haritasi\/"},"modified":"2026-03-19T11:23:04","modified_gmt":"2026-03-19T10:23:04","slug":"arsa-analiz-haritasi","status":"publish","type":"page","link":"https:\/\/www.printmaps.net\/tr\/arsa-analiz-haritasi\/","title":{"rendered":"Mimarl\u0131k ve tasar\u0131m i\u00e7in arsa analiz haritas\u0131 \u00e7evrimi\u00e7i edit\u00f6r\u00fc"},"content":{"rendered":"\n<div class=\"wp-block-columns is-layout-flex wp-container-core-columns-is-layout-9d6595d7 wp-block-columns-is-layout-flex\">\n<div class=\"wp-block-column is-layout-flow wp-block-column-is-layout-flow\" style=\"flex-basis:66.66%\">\n<figure class=\"wp-block-image size-large\"><img fetchpriority=\"high\" fetchpriority=\"high\" decoding=\"async\" width=\"564\" height=\"752\" src=\"https:\/\/www.printmaps.net\/wp-content\/uploads\/2020\/05\/Image-from-FRPO-Rodriguez-Oriol-Architects.jpg\" alt=\"arsa analiz haritas&#x131;\" class=\"wp-image-62577\" srcset=\"https:\/\/www.printmaps.net\/wp-content\/uploads\/2020\/05\/Image-from-FRPO-Rodriguez-Oriol-Architects.jpg 564w, https:\/\/www.printmaps.net\/wp-content\/uploads\/2020\/05\/Image-from-FRPO-Rodriguez-Oriol-Architects-480x640.jpg 480w\" sizes=\"(min-width: 0px) and (max-width: 480px) 480px, (min-width: 481px) 564px, 100vw\" \/><\/figure>\n\n\n<div style=\"height:143px\" aria-hidden=\"true\" class=\"wp-block-spacer\"><\/div>\n<\/div>\n\n\n\n<div class=\"wp-block-column is-layout-flow wp-block-column-is-layout-flow\" style=\"flex-basis:33.33%\">\n<p><strong>Mimarl\u0131k ve tasar\u0131m profesyonelleri<\/strong>, arsa analizi i\u00e7in haritalar\u0131 bir\u00e7ok farkl\u0131 \u015fekilde kullan\u0131r. G\u00fcn\u00fcm\u00fczde m\u00fc\u015fterilere ve ekip arkada\u015flar\u0131na yo\u011fun metinler ve say\u0131sal veriler sunmak istemezsiniz. Arsa verilerini ilham verici g\u00f6r\u00fcn\u00fcme sahip haritalarla g\u00f6rselle\u015ftirmek, hem bilgiyi daha etkili aktarman\u0131za yard\u0131mc\u0131 olur hem de analiz s\u00fcrecindeki yarat\u0131c\u0131 d\u00fc\u015f\u00fcnmeyi destekler.<\/p>\n\n\n\n<p><p>Printmaps edit\u00f6r\u00fc, <a href=\"https:\/\/www.openstreetmap.org\/\">OpenStreetMap<\/a> verilerini kullan\u0131r ve bunlar\u0131 \u015fekiller, filtrelenebilir katmanlar, rotalar ve ilgi noktalar\u0131yla edit\u00f6r i\u00e7inde kolayca d\u00fczenlemenizi sa\u011flar. Sonu\u00e7 olarak y\u00fcksek \u00e7\u00f6z\u00fcn\u00fcrl\u00fckl\u00fc PNG ya da katmanl\u0131 PSD veya SVG dosyas\u0131 indirebilirsiniz.<\/p><\/p>\n\n\n\n<p><a href=\"\/tr\/ozellikler\">Web sitemizdeki \u00e7evrimi\u00e7i edit\u00f6r\u00fcn \u00f6zelliklerine<\/a> ve bunlar\u0131 nas\u0131l kullanabilece\u011finize g\u00f6z at\u0131n.<\/p>\n\n\n\n<div style=\"height:100px\" aria-hidden=\"true\" class=\"wp-block-spacer\"><\/div>\n\n\n\n<div class=\"wp-block-buttons is-content-justification-center is-layout-flex wp-container-core-buttons-is-layout-16018d1d wp-block-buttons-is-layout-flex\">\n<div class=\"wp-block-button has-custom-font-size\" style=\"font-size:18px\"><a class=\"wp-block-button__link has-background wp-element-button\" href=\"https:\/\/www.printmaps.net\/tr\/\" style=\"border-radius:10px;background-color:#e5017e\"><strong>Hemen harita olu\u015fturmaya ba\u015flay\u0131n, kay\u0131t gerekmez<\/strong><\/a><\/div>\n<\/div>\n<\/div>\n<\/div>\n\n<div style=\"height:43px\" aria-hidden=\"true\" class=\"wp-block-spacer\"><\/div>\n\n<div class=\"wp-block-columns is-layout-flex wp-container-core-columns-is-layout-9d6595d7 wp-block-columns-is-layout-flex\">\n<div class=\"wp-block-column is-layout-flow wp-block-column-is-layout-flow\" style=\"flex-basis:33.33%\">\n<p><\/p>\n\n\n\n<h3 class=\"wp-block-heading\">Arsa analiz arac\u0131m\u0131zdan katmanl\u0131 bir harita kullan\u0131n<\/h3>\n\n\n\n<p>Mimarl\u0131k ve tasar\u0131m profesyonelleri, arsa analizlerini sunmak i\u00e7in farkl\u0131 y\u00f6ntemler tercih edebilir ve bunlar\u0131n \u00e7o\u011funda haritalar \u00f6nemli bir rol oynar. Veri g\u00f6rselle\u015ftirme s\u00fcrecinde <strong>Adobe Illustrator veya Photoshop<\/strong> uzun s\u00fcredir ba\u015fl\u0131ca ara\u00e7lar aras\u0131nda yer al\u0131rken, as\u0131l soru \u015fudur: <strong>Y\u00fcksek \u00e7\u00f6z\u00fcn\u00fcrl\u00fckl\u00fc<\/strong>, tercihen <strong>katmanl\u0131 ve etiketlenmi\u015f bir harita<\/strong> g\u00f6rseli nereden al\u0131n\u0131r?<\/p>\n<\/div>\n\n\n\n<div class=\"wp-block-column is-layout-flow wp-block-column-is-layout-flow\" style=\"flex-basis:66.66%\"><div class=\"wp-block-image\">\n<figure class=\"alignright size-large\"><img decoding=\"async\" width=\"564\" height=\"534\" src=\"https:\/\/www.printmaps.net\/wp-content\/uploads\/2020\/05\/Image-from-Marlon-Blackwell-Architects.jpg\" alt=\"arsa analiz arac&#x131;\" class=\"wp-image-62578\" srcset=\"https:\/\/www.printmaps.net\/wp-content\/uploads\/2020\/05\/Image-from-Marlon-Blackwell-Architects.jpg 564w, https:\/\/www.printmaps.net\/wp-content\/uploads\/2020\/05\/Image-from-Marlon-Blackwell-Architects-480x454.jpg 480w\" sizes=\"(min-width: 0px) and (max-width: 480px) 480px, (min-width: 481px) 564px, 100vw\" \/><\/figure><\/div>\n\n\n<div style=\"height:100px\" aria-hidden=\"true\" class=\"wp-block-spacer\"><\/div>\n<\/div>\n<\/div>\n\n<div style=\"height:60px\" aria-hidden=\"true\" class=\"wp-block-spacer\"><\/div>\n\n<div class=\"wp-block-columns is-layout-flex wp-container-core-columns-is-layout-9d6595d7 wp-block-columns-is-layout-flex\">\n<div class=\"wp-block-column is-layout-flow wp-block-column-is-layout-flow\" style=\"flex-basis:66.66%\">\n<figure class=\"wp-block-image size-large\"><img decoding=\"async\" src=\"https:\/\/www.printmaps.net\/wp-content\/uploads\/2020\/06\/layered-map-in-illustrator.png\" alt=\"alan analizi i&#xE7;in harita\" class=\"wp-image-64211\"\/><\/figure><\/div>\n\n\n\n<div class=\"wp-block-column is-layout-flow wp-block-column-is-layout-flow\" style=\"flex-basis:33.33%\">\n<h3 class=\"wp-block-heading\">\u0130\u015fte burada Printmaps devreye girer<\/h3>\n\n\n\n<p>Dakikalar i\u00e7inde katmanl\u0131 bir harita g\u00f6rseli indirebilirsiniz. \u00c7evrimi\u00e7i harita edit\u00f6r\u00fcyle <strong>istedi\u011finiz alan\u0131 se\u00e7ebilir, filtreler belirleyebilir, \u015fekiller ve i\u00e7erikler ekleyebilirsiniz<\/strong>. Katmanl\u0131 bir PSD veya SVG dosyas\u0131 al\u0131rs\u0131n\u0131z ve ard\u0131ndan se\u00e7ti\u011finiz d\u00fczenleme program\u0131nda as\u0131l tasar\u0131m s\u00fcreci ba\u015flayabilir.<\/p>\n\n\n\n<p>Ortaya \u00e7\u0131kan sonu\u00e7 y\u00fcksek \u00e7\u00f6z\u00fcn\u00fcrl\u00fckl\u00fcd\u00fcr ve kaliteli bask\u0131 i\u00e7in uygundur. Maksimum bask\u0131 boyutu 1330 mm x 1330 mm\u2019dir.<\/p>\n\n\n\n<p>Bu nedenle bir Printmap, arsa analizi i\u00e7in ideal bir temel harita olu\u015fturur.<\/p>\n\n\n\n<p><strong>Sabit \u00fccretli se\u00e7enekler<\/strong> i\u00e7in l\u00fctfen bizimle ileti\u015fime ge\u00e7in.<\/p>\n<\/div>\n<\/div>\n\n<div style=\"height:72px\" aria-hidden=\"true\" class=\"wp-block-spacer\"><\/div>\n\n<div class=\"wp-block-group\"><div class=\"wp-block-group__inner-container is-layout-constrained wp-block-group-is-layout-constrained\">\n<h2 class=\"wp-block-heading has-text-align-center has-large-font-size\" style=\"font-style:normal;font-weight:700\">Printmaps\u2019i deneyin<\/h2>\n\n\n\n<p class=\"has-text-align-center has-medium-font-size\">Harita edit\u00f6r\u00fcm\u00fczle d\u00fcnyan\u0131n her yeri i\u00e7in k\u0131sa s\u00fcrede yazd\u0131r\u0131labilir haritalar olu\u015fturabilirsiniz.<\/p>\n\n\n\n<div style=\"height:15px\" aria-hidden=\"true\" class=\"wp-block-spacer\"><\/div>\n\n\n\n<div class=\"wp-block-buttons is-content-justification-center is-layout-flex wp-container-core-buttons-is-layout-16018d1d wp-block-buttons-is-layout-flex\">\n<div class=\"wp-block-button has-custom-font-size\" style=\"font-size:18px\"><a class=\"wp-block-button__link has-background wp-element-button\" href=\"https:\/\/www.printmaps.net\/tr\/\" style=\"border-radius:10px;background-color:#e5017e\"><strong>\u0130lk haritan\u0131z\u0131 \u015fimdi olu\u015fturun<\/strong><\/a><\/div>\n<\/div>\n<\/div><\/div>\n\n<div style=\"height:77px\" aria-hidden=\"true\" class=\"wp-block-spacer\"><\/div>\n\n<div class=\"schema-faq wp-block-yoast-faq-block\"><div class=\"schema-faq-section\" id=\"faq-question-1750417966569\"><strong class=\"schema-faq-question\">Arsa analiz haritas\u0131 nas\u0131l olu\u015fturulur?<\/strong> <p class=\"schema-faq-answer\">\u00d6ncelikle g\u00f6stermek istedi\u011finiz harita alan\u0131n\u0131 net bi\u00e7imde belirleyin. Yak\u0131nla\u015ft\u0131rma seviyesini ve harita alan\u0131n\u0131n boyutunu kullan\u0131m amac\u0131n\u0131za g\u00f6re se\u00e7in. \u00d6rne\u011fin yaln\u0131zca mahallenin yak\u0131n plan g\u00f6r\u00fcn\u00fcm\u00fcn\u00fc m\u00fc yoksa daha geni\u015f \u00e7evrenin genel g\u00f6r\u00fcn\u00fcm\u00fcn\u00fc m\u00fc g\u00f6stermek istedi\u011finize karar verin. Ard\u0131ndan kullan\u0131m amac\u0131n\u0131za g\u00f6re \u00f6ne \u00e7\u0131kar\u0131lmas\u0131 en uygun unsurlar\u0131 belirleyin. Bu unsurlar, g\u00fcne\u015fin izledi\u011fi yol veya m\u00fclkle ili\u015fkili h\u00e2kim hava y\u00f6n\u00fc gibi \u00e7evresel fakt\u00f6rlerden, parsel s\u0131n\u0131rlar\u0131n\u0131, mevcut yap\u0131lar\u0131 ve alandaki do\u011fal \u00f6zellikleri vurgulamaya kadar uzanabilir.<\/p> <\/div> <div class=\"schema-faq-section\" id=\"faq-question-1757673170091\"><strong class=\"schema-faq-question\">Arsa analiz haritas\u0131 nedir?<\/strong> <p class=\"schema-faq-answer\">Mimarl\u0131k ba\u011flam\u0131nda arsa analiz haritas\u0131, proje alan\u0131n\u0131 ve \u00e7evresini g\u00f6rsel olarak \u00f6zetleyen ve erken tasar\u0131m kararlar\u0131na y\u00f6n veren bir haritad\u0131r. Genellikle s\u0131n\u0131rlar\u0131, eri\u015fim noktalar\u0131n\u0131, yap\u0131lar\u0131, arazi kullan\u0131m\u0131n\u0131, topografyay\u0131, hidrolojiyi, bitki \u00f6rt\u00fcs\u00fcn\u00fc, altyap\u0131y\u0131 ve d\u00fczenleyici k\u0131s\u0131tlar\u0131 g\u00f6sterir.<\/p> <\/div> <div class=\"schema-faq-section\" id=\"faq-question-1757676678010\"><strong class=\"schema-faq-question\">Harita binalar\u0131 ve di\u011fer temel katmanlar\u0131 i\u00e7eriyor mu?<\/strong> <p class=\"schema-faq-answer\">Evet. Edit\u00f6r, OpenStreetMap verilerini kullan\u0131r ve yollar, binalar gibi kartografik katmanlar\u0131 korur. Bu katmanlar\u0131 g\u00f6sterebilir, gizleyebilir ya da sadele\u015ftirebilirsiniz.<\/p> <\/div> <div class=\"schema-faq-section\" id=\"faq-question-1757679315520\"><strong class=\"schema-faq-question\">Temel haritay\u0131 karma\u015fay\u0131 azaltmak i\u00e7in sadele\u015ftirebilir miyim?<\/strong> <p class=\"schema-faq-answer\">Evet. \u00d6zellikleri g\u00f6sterip gizleyebilir ve harita detay\u0131n\u0131 azaltabilirsiniz. Temel haritan\u0131n ne kadar sade ya da ne kadar detayl\u0131 g\u00f6r\u00fcnece\u011fine siz karar verirsiniz.<\/p> <\/div> <\/div>\n","protected":false},"excerpt":{"rendered":"<p>Mimarl\u0131k ve tasar\u0131m profesyonelleri, arsa analizi i\u00e7in haritalar\u0131 bir\u00e7ok farkl\u0131 \u015fekilde kullan\u0131r. G\u00fcn\u00fcm\u00fczde m\u00fc\u015fterilere ve ekip arkada\u015flar\u0131na yo\u011fun metinler ve say\u0131sal veriler sunmak istemezsiniz. Arsa verilerini ilham verici g\u00f6r\u00fcn\u00fcme sahip haritalarla g\u00f6rselle\u015ftirmek, hem bilgiyi daha etkili aktarman\u0131za yard\u0131mc\u0131 olur hem de analiz s\u00fcrecindeki yarat\u0131c\u0131 d\u00fc\u015f\u00fcnmeyi destekler. Printmaps edit\u00f6r\u00fc, OpenStreetMap verilerini kullan\u0131r ve bunlar\u0131 \u015fekiller, filtrelenebilir [&hellip;]<\/p>\n","protected":false},"author":19,"featured_media":0,"parent":0,"menu_order":0,"comment_status":"closed","ping_status":"closed","template":"","meta":{"_et_pb_use_builder":"off","_et_pb_old_content":"","_et_gb_content_width":"","footnotes":""},"class_list":["post-235646","page","type-page","status-publish","hentry"],"_links":{"self":[{"href":"https:\/\/www.printmaps.net\/tr\/wp-json\/wp\/v2\/pages\/235646","targetHints":{"allow":["GET"]}}],"collection":[{"href":"https:\/\/www.printmaps.net\/tr\/wp-json\/wp\/v2\/pages"}],"about":[{"href":"https:\/\/www.printmaps.net\/tr\/wp-json\/wp\/v2\/types\/page"}],"author":[{"embeddable":true,"href":"https:\/\/www.printmaps.net\/tr\/wp-json\/wp\/v2\/users\/19"}],"replies":[{"embeddable":true,"href":"https:\/\/www.printmaps.net\/tr\/wp-json\/wp\/v2\/comments?post=235646"}],"version-history":[{"count":1,"href":"https:\/\/www.printmaps.net\/tr\/wp-json\/wp\/v2\/pages\/235646\/revisions"}],"predecessor-version":[{"id":235647,"href":"https:\/\/www.printmaps.net\/tr\/wp-json\/wp\/v2\/pages\/235646\/revisions\/235647"}],"wp:attachment":[{"href":"https:\/\/www.printmaps.net\/tr\/wp-json\/wp\/v2\/media?parent=235646"}],"curies":[{"name":"wp","href":"https:\/\/api.w.org\/{rel}","templated":true}]}}