{"id":235655,"date":"2026-03-19T11:54:09","date_gmt":"2026-03-19T10:54:09","guid":{"rendered":"https:\/\/www.printmaps.net\/strava-rota-baskilari\/"},"modified":"2026-03-19T11:54:11","modified_gmt":"2026-03-19T10:54:11","slug":"strava-rota-baskilari","status":"publish","type":"page","link":"https:\/\/www.printmaps.net\/tr\/strava-rota-baskilari\/","title":{"rendered":"Strava rota bask\u0131lar\u0131: Y\u00fcr\u00fcy\u00fc\u015f, bisiklet veya maraton rotan\u0131z\u0131 yazd\u0131r\u0131n"},"content":{"rendered":"\n<p class=\"has-text-align-center\">Printmaps edit\u00f6r\u00fcyle y\u00fcr\u00fcy\u00fc\u015f rotas\u0131 posteri, bisiklet rotas\u0131 bask\u0131s\u0131 ya da maraton haritas\u0131 gibi ki\u015fisel rota bask\u0131lar\u0131n\u0131 kolayca kendiniz haz\u0131rlayabilirsiniz. Rotan\u0131z\u0131 y\u00fckleyin ve ko\u015fu uygulamas\u0131 verilerinizden size \u00f6zel harita bask\u0131lar\u0131 olu\u015fturun.<\/p>\n\n<hr class=\"wp-block-separator has-css-opacity\"\/>\n\n<div style=\"height:55px\" aria-hidden=\"true\" class=\"wp-block-spacer\"><\/div>\n\n<div class=\"wp-block-columns is-layout-flex wp-container-core-columns-is-layout-9d6595d7 wp-block-columns-is-layout-flex\">\n<div class=\"wp-block-column is-layout-flow wp-block-column-is-layout-flow\">\n<p class=\"has-drop-cap\">Ayak seslerinizin patikada yank\u0131lan\u0131\u015f\u0131, burnunuza dolan temiz orman havas\u0131, ku\u015f sesleriyle ara ara b\u00f6l\u00fcnen o dingin sessizlik&#8230; D\u00fc\u015f\u00fcnceleriniz ne s\u0131kl\u0131kla en sevdi\u011finiz ko\u015fuya geri d\u00f6n\u00fcyor? Sadece hat\u0131rlamak bile ba\u015fl\u0131 ba\u015f\u0131na tatmin edici de\u011fil mi? Belki de insan, yapt\u0131\u011f\u0131 egzersizi kendine daha s\u0131k hat\u0131rlatmal\u0131 ve \u00f6d\u00fcllendirmeli. <strong>Strava rota bask\u0131lar\u0131n\u0131z\u0131 \u00e7er\u00e7eveletip duvara asmaya ne dersiniz?<\/strong> En iyi derecenizi ekleyin, ba\u015far\u0131n\u0131z\u0131 kutlay\u0131n ve bunu evinizde her g\u00fcn g\u00f6r\u00fcn. Kim bilir, belki bu size daha s\u0131k d\u0131\u015far\u0131 \u00e7\u0131kmak i\u00e7in yeni bir motivasyon da verir.<\/p>\n\n\n\n<div style=\"height:49px\" aria-hidden=\"true\" class=\"wp-block-spacer\"><\/div>\n\n\n\n<p>Ba\u015fkalar\u0131 <a href=\"https:\/\/www.strava.com\/apps\/prints\">Strava rotalar\u0131n\u0131 farkl\u0131 yarat\u0131c\u0131 formatlara d\u00f6n\u00fc\u015ft\u00fcrme hizmeti sunarken<\/a>, Printmaps ile bunu kendiniz yapabilirsiniz. Printmaps edit\u00f6r\u00fc, kaydedilmi\u015f rotalar\u0131 (KML, GPX, GeoJSON) bask\u0131ya uygun y\u00fcksek \u00e7\u00f6z\u00fcn\u00fcrl\u00fckl\u00fc haritalara aktarman\u0131z\u0131 sa\u011flar. En sevdi\u011finiz uygulaman\u0131n harita stilini se\u00e7in ve rotan\u0131z\u0131 orada g\u00f6r\u00fcnd\u00fc\u011f\u00fc \u015fekilde yazd\u0131r\u0131n. Fransa\u2019daki bisiklet turunuzu bast\u0131rmak m\u0131 istiyorsunuz? GPX dosyas\u0131n\u0131 <a href=\"http:\/\/www.bikemap.net\/\">Bikemap<\/a>\u2019ten indirip Printmaps edit\u00f6r\u00fcne y\u00fcklemeniz yeterli. Ayn\u0131 \u015fey <a href=\"\/tr\/komoot-turlarini-yazdir\">Komoot tur bask\u0131lar\u0131<\/a> ya da Strava\u2019da kaydetti\u011finiz mahalle ko\u015funuz i\u00e7in de ge\u00e7erlidir. Printmaps haritalar\u0131 300 DPI \u00e7\u00f6z\u00fcn\u00fcrl\u00fc\u011fe sahip oldu\u011fu i\u00e7in poster boyutunda bask\u0131larda bile harita detaylar\u0131 korunur.<\/p>\n\n\n\n<div style=\"height:16px\" aria-hidden=\"true\" class=\"wp-block-spacer\"><\/div>\n<\/div>\n\n\n\n<div class=\"wp-block-column is-layout-flow wp-block-column-is-layout-flow\">\n<figure class=\"wp-block-image size-large is-resized\"><img fetchpriority=\"high\" fetchpriority=\"high\" decoding=\"async\" width=\"819\" height=\"1024\" src=\"https:\/\/www.printmaps.net\/wp-content\/uploads\/2021\/03\/strava-prints-819x1024.jpg\" alt=\"maraton harita bask&#x131;lar&#x131;\" class=\"wp-image-80974\" style=\"width:523px;height:653px\"\/><\/figure>\n\n\n<p><\/p>\n<\/div>\n<\/div>\n\n<div style=\"height:50px\" aria-hidden=\"true\" class=\"wp-block-spacer\"><\/div>\n\n<div class=\"wp-block-group\"><div class=\"wp-block-group__inner-container is-layout-constrained wp-block-group-is-layout-constrained\">\n<h2 class=\"wp-block-heading has-text-align-center has-large-font-size\" style=\"font-style:normal;font-weight:700\">Printmaps\u2019i deneyin<\/h2>\n\n\n\n<p class=\"has-text-align-center has-medium-font-size\">Harita edit\u00f6r\u00fcm\u00fczle d\u00fcnyan\u0131n her yeri i\u00e7in k\u0131sa s\u00fcrede yazd\u0131r\u0131labilir haritalar olu\u015fturabilirsiniz.<\/p>\n\n\n\n<div style=\"height:15px\" aria-hidden=\"true\" class=\"wp-block-spacer\"><\/div>\n\n\n\n<div class=\"wp-block-buttons is-content-justification-center is-layout-flex wp-container-core-buttons-is-layout-16018d1d wp-block-buttons-is-layout-flex\">\n<div class=\"wp-block-button has-custom-font-size\" style=\"font-size:18px\"><a class=\"wp-block-button__link has-background wp-element-button\" href=\"https:\/\/www.printmaps.net\/tr\/\" style=\"border-radius:10px;background-color:#e5017e\"><strong>\u0130lk haritan\u0131z\u0131 \u015fimdi olu\u015fturun<\/strong><\/a><\/div>\n<\/div>\n<\/div><\/div>\n\n<div style=\"height:100px\" aria-hidden=\"true\" class=\"wp-block-spacer\"><\/div>\n\n<h2 class=\"wp-block-heading has-text-align-center\">Maraton haritan\u0131z\u0131 ya da di\u011fer Strava rota bask\u0131lar\u0131n\u0131z\u0131 5 basit ad\u0131mda olu\u015fturun:<\/h2>\n\n<div style=\"height:34px\" aria-hidden=\"true\" class=\"wp-block-spacer\"><\/div>\n\n<hr class=\"wp-block-separator has-css-opacity\"\/>\n\n<div style=\"height:50px\" aria-hidden=\"true\" class=\"wp-block-spacer\"><\/div>\n\n<div class=\"wp-block-columns is-layout-flex wp-container-core-columns-is-layout-9d6595d7 wp-block-columns-is-layout-flex\">\n<div class=\"wp-block-column is-layout-flow wp-block-column-is-layout-flow\">\n<p><\/p>\n\n\n\n<h3 class=\"wp-block-heading\">1. Rotan\u0131z\u0131 kaydedin veya kaydedilmi\u015f bir rotay\u0131 bilgisayar\u0131n\u0131za indirin<\/h3>\n\n\n\n<p><\/p>\n\n\n\n<h3 class=\"wp-block-heading\">2. Bu rotay\u0131 Printmaps edit\u00f6r\u00fcnde haritaya y\u00fckleyin<\/h3>\n\n\n\n<p><\/p>\n\n\n\n<h3 class=\"wp-block-heading\">3. Haritan\u0131za edit\u00f6rde son \u015feklini verin<\/h3>\n\n\n\n<p><\/p>\n\n\n\n<h3 class=\"wp-block-heading\">4. Haritan\u0131z\u0131 d\u00fcz bask\u0131 veya kanvas olarak bast\u0131r\u0131n<\/h3>\n\n\n\n<p><\/p>\n\n\n\n<h3 class=\"wp-block-heading\">5. Haritay\u0131 \u00e7er\u00e7eveleyin ve duvara as\u0131n<\/h3>\n<\/div>\n\n\n\n<div class=\"wp-block-column is-layout-flow wp-block-column-is-layout-flow\"><div class=\"wp-block-image\">\n<figure class=\"aligncenter size-large is-resized\"><img decoding=\"async\" width=\"1024\" height=\"683\" src=\"https:\/\/www.printmaps.net\/wp-content\/uploads\/2021\/03\/map-wall-art-1024x683.jpg\" alt=\"strava bask&#x131;lar&#x131;\" class=\"wp-image-80994\" style=\"width:1094px;height:729px\" srcset=\"https:\/\/www.printmaps.net\/wp-content\/uploads\/2021\/03\/map-wall-art-980x653.jpg 980w, https:\/\/www.printmaps.net\/wp-content\/uploads\/2021\/03\/map-wall-art-480x320.jpg 480w\" sizes=\"(min-width: 0px) and (max-width: 480px) 480px, (min-width: 481px) and (max-width: 980px) 980px, (min-width: 981px) 1024px, 100vw\" \/><\/figure><\/div><\/div>\n<\/div>\n\n<div style=\"height:41px\" aria-hidden=\"true\" class=\"wp-block-spacer\"><\/div>\n\n<hr class=\"wp-block-separator has-css-opacity\"\/>\n\n<div style=\"height:81px\" aria-hidden=\"true\" class=\"wp-block-spacer\"><\/div>\n\n<p><p>\u00d6rne\u011fin kaydedilmi\u015f bir rota i\u00e7in GPX, KML veya GeoJSON dosyalar\u0131n\u0131 haritaya nas\u0131l y\u00fckleyebilece\u011finizi \u00f6\u011frenin. <a href=\"\/tr\/ozellikler\">Di\u011fer \u00f6zellikleri de ke\u015ffedin<\/a>.<\/p><\/p>\n\n<figure class=\"wp-block-embed is-type-video is-provider-youtube wp-block-embed-youtube wp-embed-aspect-16-9 wp-has-aspect-ratio\">\r\n<div class=\"wp-block-embed__wrapper\">https:\/\/www.youtube.com\/watch?v=aM5W250xMYU<\/div>\r\n<\/figure>\n\n<div style=\"height:30px\" aria-hidden=\"true\" class=\"wp-block-spacer\"><\/div>\n\n<p><\/p>\n\n<div style=\"height:66px\" aria-hidden=\"true\" class=\"wp-block-spacer\"><\/div>\n\n<div style=\"height:22px\" aria-hidden=\"true\" class=\"wp-block-spacer\"><\/div>\n\n<div class=\"wp-block-columns is-layout-flex wp-container-core-columns-is-layout-9d6595d7 wp-block-columns-is-layout-flex\"><\/div>\n","protected":false},"excerpt":{"rendered":"<p>Printmaps edit\u00f6r\u00fcyle y\u00fcr\u00fcy\u00fc\u015f rotas\u0131 posteri, bisiklet rotas\u0131 bask\u0131s\u0131 ya da maraton haritas\u0131 gibi ki\u015fisel rota bask\u0131lar\u0131n\u0131 kolayca kendiniz haz\u0131rlayabilirsiniz. Rotan\u0131z\u0131 y\u00fckleyin ve ko\u015fu uygulamas\u0131 verilerinizden size \u00f6zel harita bask\u0131lar\u0131 olu\u015fturun. Ayak seslerinizin patikada yank\u0131lan\u0131\u015f\u0131, burnunuza dolan temiz orman havas\u0131, ku\u015f sesleriyle ara ara b\u00f6l\u00fcnen o dingin sessizlik&#8230; D\u00fc\u015f\u00fcnceleriniz ne s\u0131kl\u0131kla en sevdi\u011finiz ko\u015fuya geri d\u00f6n\u00fcyor? [&hellip;]<\/p>\n","protected":false},"author":19,"featured_media":0,"parent":0,"menu_order":0,"comment_status":"closed","ping_status":"closed","template":"","meta":{"_et_pb_use_builder":"","_et_pb_old_content":"","_et_gb_content_width":"","footnotes":""},"class_list":["post-235655","page","type-page","status-publish","hentry"],"_links":{"self":[{"href":"https:\/\/www.printmaps.net\/tr\/wp-json\/wp\/v2\/pages\/235655","targetHints":{"allow":["GET"]}}],"collection":[{"href":"https:\/\/www.printmaps.net\/tr\/wp-json\/wp\/v2\/pages"}],"about":[{"href":"https:\/\/www.printmaps.net\/tr\/wp-json\/wp\/v2\/types\/page"}],"author":[{"embeddable":true,"href":"https:\/\/www.printmaps.net\/tr\/wp-json\/wp\/v2\/users\/19"}],"replies":[{"embeddable":true,"href":"https:\/\/www.printmaps.net\/tr\/wp-json\/wp\/v2\/comments?post=235655"}],"version-history":[{"count":1,"href":"https:\/\/www.printmaps.net\/tr\/wp-json\/wp\/v2\/pages\/235655\/revisions"}],"predecessor-version":[{"id":235656,"href":"https:\/\/www.printmaps.net\/tr\/wp-json\/wp\/v2\/pages\/235655\/revisions\/235656"}],"wp:attachment":[{"href":"https:\/\/www.printmaps.net\/tr\/wp-json\/wp\/v2\/media?parent=235655"}],"curies":[{"name":"wp","href":"https:\/\/api.w.org\/{rel}","templated":true}]}}