{"id":235695,"date":"2026-03-19T16:02:18","date_gmt":"2026-03-19T15:02:18","guid":{"rendered":"https:\/\/www.printmaps.net\/yukseklik-profili-olustur\/"},"modified":"2026-03-19T16:02:19","modified_gmt":"2026-03-19T15:02:19","slug":"yukseklik-profili-olustur","status":"publish","type":"page","link":"https:\/\/www.printmaps.net\/tr\/yukseklik-profili-olustur\/","title":{"rendered":"Y\u00fckseklik profili olu\u015fturun"},"content":{"rendered":"\n<div class=\"wp-block-columns is-layout-flex wp-container-core-columns-is-layout-9d6595d7 wp-block-columns-is-layout-flex\">\n<div class=\"wp-block-column is-layout-flow wp-block-column-is-layout-flow\" style=\"flex-basis:66.66%\">\n<p><p>Burada, bas\u0131l\u0131 materyallerinizde ve \u00e7evrimi\u00e7i ileti\u015fiminizde <strong><mark class=\"has-inline-color\" style=\"background-color: #fcfa00;\">\u00fccretsiz olarak<\/mark><\/strong> kullanabilece\u011finiz bir <strong>y\u00fckseklik profili olu\u015fturabilirsiniz<\/strong>. A\u015fa\u011f\u0131ya GPX, KML veya GeoJSON dosyan\u0131z\u0131 y\u00fckleyin ya da rotan\u0131z\u0131 elle \u00e7izin, ayarlar\u0131n\u0131z\u0131 se\u00e7in ve \u201c\u0130ndir\u201d d\u00fc\u011fmesine t\u0131klay\u0131n. Size Adobe Illustrator, Photoshop veya Inkscape ile d\u00fczenleyebilece\u011finiz, ayr\u0131ca bir web sayfas\u0131nda kullanabilece\u011finiz katmanl\u0131 bir SVG dosyas\u0131 sunulur. <a href=\"https:\/\/www.printmaps.net\/wp-content\/uploads\/2024\/11\/Elevation-Profile.svg\">\u00d6rnek indirilebilir SVG<\/a> dosyas\u0131na da g\u00f6z atabilirsiniz.<\/p><\/p>\n\n\n\n<p><p>Kullan\u0131m \u015fart\u0131: Y\u00fckseklik profilinin yan\u0131nda k\u00fc\u00e7\u00fck puntoda ve g\u00f6rsele yak\u0131n \u015fekilde <mark class=\"has-inline-color\" style=\"background-color: #f1f1f1;\"><code>\u00a9 Printmaps.net<\/code> <\/mark> ibaresine yer vermeniz gerekir. \u00c7evrimi\u00e7i kullan\u0131mda ayr\u0131ca ba\u011flant\u0131 eklenmelidir.<\/p><\/p>\n<\/div>\n\n\n\n<div class=\"wp-block-column is-vertically-aligned-center is-layout-flow wp-block-column-is-layout-flow\" style=\"flex-basis:33.33%\">\n<p class=\"has-text-align-center\"><a href=\"\/tr\/\">Bask\u0131ya uygun kartografya<\/a> m\u0131 haz\u0131rlaman\u0131z gerekiyor?<\/p>\n\n\n\n<div class=\"wp-block-buttons is-content-justification-center is-layout-flex wp-container-core-buttons-is-layout-16018d1d wp-block-buttons-is-layout-flex\">\n<div class=\"wp-block-button\"><a class=\"wp-block-button__link has-background wp-element-button\" href=\"https:\/\/www.printmaps.net\/tr\/\" style=\"background-color:#e5017e\">Harita Edit\u00f6r\u00fcm\u00fcz\u00fc deneyin<\/a><\/div>\n<\/div>\n\n\n\n<p class=\"has-text-align-center\"><\/p>\n\n\n\n<p><\/p>\n\n\n\n<p class=\"has-text-align-center\">Bir API\u2019ye mi ihtiyac\u0131n\u0131z var?<br\/><a href=\"https:\/\/www.maptoolkit.com\/api\/elevation-api\/\">Elevation API<\/a>\u2019mize g\u00f6z at\u0131n<\/p>\n<\/div>\n<\/div>\n\n<div style=\"height:17px\" aria-hidden=\"true\" class=\"wp-block-spacer\"><\/div>\n\n<p class=\"has-text-align-center\"><\/p>\n<style>\n  @import \"https:\/\/static.maptoolkit.net\/api\/v8.10\/mtk.css\";\n  @import \"https:\/\/static.maptoolkit.net\/api\/v8.10\/editor.css\";\n  @import \"\/wp-content\/plugins\/printmaps_eprofile_editor\/css\/jquery-ui.min.css\";\n  @import \"\/wp-content\/plugins\/printmaps_eprofile_editor\/css\/spectrum.css\";\n  @import \"\/wp-content\/plugins\/printmaps_eprofile_editor\/css\/printmaps-ui.css\";\n  @import \"\/wp-content\/plugins\/printmaps_eprofile_editor\/css\/index.css\";\n  .bottom-bar { margin-bottom:1em; }\n<\/style>\n<div id=\"editor\"><\/div>\n<div id=\"elevation_profile_main\" style=\"overflow: auto\">\n  <br \/>\n  <h2 class=\"wpml_translation_result\">Sonu\u00e7:<\/h2>\n  <div class=\"profile-dummy\"><\/div>\n  <div id=\"datapreview\">\n    <div class=\"elevationprofile_container\">\n      <div id=\"eprofile_loader\">\n        <div class=\"printmaps-ui-loader-circle\"><\/div>\n      <\/div>\n      <button\n        id=\"center_profile\"\n        class=\"printmaps-ui-btn printmaps-ui-btn-default\"\n        data-tooltip=\"Reset position back to center\"\n        style=\"display: none\"\n      >\n        <i class=\"printmaps-ui-icon-undo\"><\/i>\n      <\/button>\n      <div id=\"elevation_profile\" style=\"pointer-events: none\">\n        <img decoding=\"async\" id=\"eprofile_placeholder\" alt=\"elevation profile\" src=\"\/wp-content\/plugins\/printmaps_eprofile_editor\/images\/example-profile.png\" \/>\n      <\/div>\n    <\/div>\n    <table style=\"text-align: left\" id=\"profile_info\">\n      <tr>\n        <td class=\"wpml_translation_result_info_altitude_difference\">Y\u00fckseklik fark\u0131<\/td>\n        <td><\/td>\n      <\/tr>\n      <tr>\n        <td class=\"wpml_translation_result_info_distance\">Mesafe<\/td>\n        <td><\/td>\n      <\/tr>\n      <tr>\n        <td class=\"wpml_translation_result_info_walking_time\">Y\u00fcr\u00fcy\u00fc\u015f s\u00fcresi<\/td>\n        <td><\/td>\n      <\/tr>\n      <tr>\n        <td class=\"wpml_translation_result_info_normal_cycling_time\">Normal bisiklet s\u00fcresi<\/td>\n        <td><\/td>\n      <\/tr>\n      <tr>\n        <td class=\"wpml_translation_result_info_offroad_cycling_time\">Arazi bisikleti s\u00fcresi<\/td>\n        <td><\/td>\n      <\/tr>\n      <tr>\n        <td class=\"wpml_translation_result_info_race_cycling_time\">Yar\u0131\u015f bisikleti s\u00fcresi<\/td>\n        <td><\/td>\n      <\/tr>\n    <\/table>\n  <\/div>\n  <br \/>\n  <h2 class=\"wpml_translation_settings\">Ayarlar:<\/h2>\n  <table class=\"editor-settings\">\n    <tr>\n      <td>\n        <b class=\"wpml_translation_settings_printwidth\">Bask\u0131 geni\u015fli\u011fi:<\/b>\n      <\/td>\n      <td>\n        <input id=\"width\" class=\"printmaps-ui-input\" type=\"number\" min=\"70\" max=\"300\" value=\"150\" \/>\n        <small class=\"wpml_translation_settings_printwidth_info\" style=\"font-size: 12px\">mm (50 ile 300 mm aras\u0131) <\/small>\n      <\/td>\n    <\/tr>\n    <tr>\n      <td class=\"wpml_translation_settings_curve\">E\u011fri:<\/td>\n      <td>\n        <div>\n          <input id=\"colorpicker\" \/>\n          <div class=\"printmaps-ui-checkbox\">\n            <input type=\"checkbox\" name=\"stroke\" id=\"stroke\" checked \/>\n            <label class=\"wpml_translation_settings_curve_stroke\" for=\"stroke\">Kontur<\/label>\n          <\/div>\n          <div class=\"printmaps-ui-checkbox\">\n            <input type=\"checkbox\" name=\"gradient\" id=\"gradient\" checked \/>\n            <label class=\"wpml_translation_settings_curve_gradient\" for=\"gradient\">Ge\u00e7i\u015f<\/label>\n          <\/div>\n          <span class=\"wpml_translation_settings_curve_gradient_color\">Ge\u00e7i\u015f rengi<\/span>\n          <div style=\"padding: 0; margin: 0\">\n            <input id=\"colorpicker3\" \/>\n          <\/div>\n        <\/div>\n      <\/td>\n    <\/tr>\n    <tr>\n      <td class=\"wpml_translation_settings_fontsize\">Yaz\u0131 boyutu:<\/td>\n      <td>\n        <input id=\"fontsize\" class=\"printmaps-ui-input\" type=\"number\" min=\"20\" max=\"70\" value=\"40\" \/>\n        <small class=\"wpml_translation_settings_fontsize_info\" style=\"font-size: 12px\">(20 ile 70 aras\u0131)<\/small>\n      <\/td>\n    <\/tr>\n    <tr>\n      <td class=\"wpml_translation_settings_markers\">Y\u00fckseklik i\u015faret\u00e7ileri:<\/td>\n      <td>\n        <div>\n          <div class=\"printmaps-ui-checkbox\" style=\"padding-left: 0px\">\n            <input type=\"checkbox\" name=\"marks\" id=\"marks\" checked \/>\n            <label for=\"marks\"><\/label>\n          <\/div>\n          <span class=\"wpml_translation_settings_markers_color\">Renk:<\/span>\n          <div style=\"padding: 0; margin: 0\">\n            <input id=\"colorpicker2\" \/>\n          <\/div>\n        <\/div>\n      <\/td>\n    <\/tr>\n    <tr>\n      <td class=\"wpml_translation_settings_grid\">Izgara:<\/td>\n      <td>\n        <div>\n          <div class=\"printmaps-ui-checkbox\" style=\"padding-left: 0px\">\n            <input type=\"checkbox\" name=\"grid_horz\" id=\"grid_horz\" checked \/>\n            <label class=\"wpml_translation_settings_grid_horizontal\" for=\"grid_horz\">Yatay<\/label>\n          <\/div>\n          <div class=\"printmaps-ui-checkbox\">\n            <input type=\"checkbox\" name=\"grid_vert\" id=\"grid_vert\" checked \/>\n            <label class=\"wpml_translation_settings_grid_vertical\" for=\"grid_vert\">Dikey<\/label>\n          <\/div>\n        <\/div>\n      <\/td>\n    <\/tr>\n    <tr>\n      <td class=\"wpml_translation_settings_units\">Birimler:<\/td>\n      <td>\n        <div>\n          <div class=\"printmaps-ui-radio\" style=\"padding-left: 0px\">\n            <input type=\"radio\" name=\"unit\" id=\"unit_km\" value=\"km\" checked \/>\n            <label class=\"wpml_translation_settings_units_metric\" for=\"unit_km\">Metre\/Kilometre<\/label>\n          <\/div>\n          <div class=\"printmaps-ui-radio\">\n            <input type=\"radio\" name=\"unit\" id=\"unit_miles\" value=\"miles\" \/>\n            <label class=\"wpml_translation_settings_units_imperial\" for=\"unit_miles\">Fit\/Mil<\/label>\n          <\/div>\n        <\/div>\n      <\/td>\n    <\/tr>\n  <\/table>\n  <br \/>\n  <h2 class=\"wpml_translation_upload_draw\">Rotan\u0131z\u0131 y\u00fckleyin veya \u00e7izin:<\/h2>\n  <div id=\"addroute\">\n    <div id=\"filedrop\" class=\"printmaps-ui-filedrop\">\n      <input id=\"file\" type=\"file\" pui-filename=\"false\" \/>\n      <div id=\"dropzone\" class=\"printmaps-ui-filedrop-dropzone\">\n        <span class=\"printmaps-ui-filedrop-loader\"><\/span>\n        <span class=\"printmaps-ui-filedrop-info\">\n          <span class=\"printmaps-ui-filedrop-icon\"><\/span>\n          <span class=\"wpml_translation_upload_draw_filedrop printmaps-ui-filedrop-text\">GPX\/KML\/GeoJSON dosyas\u0131n\u0131 buraya b\u0131rak\u0131n veya y\u00fcklemek i\u00e7in t\u0131klay\u0131n<\/span>\n        <\/span>\n      <\/div>\n    <\/div>\n    <span class=\"wpml_translation_upload_draw_info\" style=\"padding: 15px 0; display: block\">veya rotay\u0131 farenizle \u00e7izin<\/span>\n    <div id=\"routetype_switch\" class=\"printmaps-ui-routetypeswitch\">\n      <a\n        class=\"wpml_translation_upload_draw_editor_routetype_car printmaps-ui-routetype-btn printmaps-ui-btn-active\"\n        data-routetype=\"car\"\n        data-tooltip=\"Ara\u00e7 modu\"\n      ><\/a>\n      <a\n        class=\"wpml_translation_upload_draw_editor_routetype_bike printmaps-ui-routetype-btn\"\n        data-routetype=\"bike\"\n        data-tooltip=\"Bisiklet modu\"\n      ><\/a>\n      <a\n        class=\"wpml_translation_upload_draw_editor_routetype_foot printmaps-ui-routetype-btn\"\n        data-routetype=\"foot\"\n        data-tooltip=\"Y\u00fcr\u00fcy\u00fc\u015f modu\"\n      ><\/a>\n    <\/div>\n    <div id=\"locationsearch\" class=\"printmaps-ui-locationsearch\">\n      <span class=\"printmaps-ui-locationsearch-icon\"><\/span>\n      <input\n        type=\"text\"\n        class=\"wpml_translation_upload_draw_editor_locationsearch printmaps-ui-input-locationsearch\"\n        placeholder=\"Bir yer veya b\u00f6lge girin...\"\n        autocomplete=\"on\"\n      \/>\n      <a class=\"printmaps-ui-locationsearch-geolocation\"><\/a>\n    <\/div>\n    <div class=\"map printmaps-ui-map-editor\" id=\"map\"><\/div>\n  <\/div>\n  <br \/>\n  <br \/>\n  <div class=\"bottom-bar\" style=\"text-align:right;\">\n    <input type=\"button\" id=\"tsprintmaps_item_button_free_elevation_profile\" onclick=\"tsprintmaps_process_free_elevation_profile();\" class=\"tsprintmaps_button_free_elevation_profile\" value=\"Free Download\">\n    <a id=\"tsprintmaps_item_download_free_elevation_profile\" href=\"#\" download=\"MyElevationProfile-03Apr2026.zip\" style=\"display:none\" class=\"tsprintmaps_button_free_elevation_profile has-background\">Download Profile<\/a>\n    <p style=\"clear:both;\">&nbsp;<\/p>\n    <div id=\"tsprintmaps_item_download_free_elevation_profile_status_message\">&nbsp;<\/div>\n  <\/div>\n<\/div>\n<script src=\"\/wp-content\/plugins\/printmaps_eprofile_editor\/js\/jquery-ui.min.js\"><\/script>\n<script src=\"https:\/\/static.maptoolkit.net\/api\/v8.10\/mtk.de.js\"><\/script>\n<script src=\"https:\/\/static.maptoolkit.net\/api\/v8.10\/editor.js\"><\/script>\n<script src=\"\/wp-content\/plugins\/printmaps_eprofile_editor\/js\/raphael.js\"><\/script>\n<script src=\"\/wp-content\/plugins\/printmaps_eprofile_editor\/js\/ElevationProfile2.js\"><\/script>\n<script src=\"\/wp-content\/plugins\/printmaps_eprofile_editor\/js\/togeojson.min.js\"><\/script>\n<script src=\"\/wp-content\/plugins\/printmaps_eprofile_editor\/js\/spectrum.min.js\"><\/script>\n<script src=\"\/wp-content\/plugins\/printmaps_eprofile_editor\/js\/printmaps-ui.js\"><\/script>\n<script src=\"\/wp-content\/plugins\/printmaps_eprofile_editor\/js\/index.js\"><\/script>\n<script>\nif (undefined === window.pls) {\n\twindow.pls = function() {};\n}\nfunction tsprintmaps_process_free_elevation_profile(id) {\n\tjQuery('#tsprintmaps_item_button_free_elevation_profile').attr('value', 'Processing ...');\n\tvar data = {\n\t\taction: \"tsprintmaps_process_free_elevation_profile\",\n\t\tedd_tsprintmaps_elevation_data: JSON.stringify(getOrder()),\n\t\tlanguage: \"tr\"\n\t};\n\tjQuery.ajax({\n\t\ttype: \"POST\",\n\t\tdata: data,\n\t\tdataType: \"json\",\n\t\turl: edd_scripts.ajaxurl,\n\t\tsuccess: (response) => { tsprintmaps_download_free_elevation_profile(response, id) },\n\t\terror: (jqXHR, status, error) => { tsprintmaps_error_processing_free_elevation_profile(id, status, error) },\n\t});\n}\nfunction tsprintmaps_download_free_elevation_profile(response, id) {\n\tjQuery('#tsprintmaps_item_button_free_elevation_profile').css('background-color', '#e5017e');\n\tpls('Free elevation profile', { props: {\"Product\":\"Printable elevation profile -\",\"Price\":\"single item in cart - please ignore\",\"Quantity\":\"single item in cart - please ignore\",\"Discount\":\"single item in cart - please ignore\"} });\n\tif ('ok' == response.status) {\n\t\tjQuery('#tsprintmaps_item_download_free_elevation_profile').attr('href', response.code);\n\t\tjQuery('#tsprintmaps_item_download_free_elevation_profile_status_message').html('&nbsp;');\n\t\twindow.setTimeout(() => {\n\t\t\tjQuery('#tsprintmaps_item_download_free_elevation_profile').css('display', 'inline-block');\n\t\t\tjQuery('#tsprintmaps_item_button_free_elevation_profile').css('display', 'none');\n\t\t\tdocument.getElementById('tsprintmaps_item_download_free_elevation_profile').click();\n\t\t}, 4000);\n\t} else {\n\t\twindow.setTimeout(() => {\n\t\t\tjQuery('#tsprintmaps_item_button_free_elevation_profile').attr('value', 'Free Download');\n\t\t\tjQuery('#tsprintmaps_item_download_free_elevation_profile_status_message').html(response.code);\n\t\t}, 1000);\n\t}\n}\nfunction tsprintmaps_error_processing_free_elevation_profile(id, status, error) {\n\tjQuery('#tsprintmaps_item_button_free_elevation_profile').css('background-color', 'red');\n\tjQuery('#tsprintmaps_item_button_free_elevation_profile').attr('value', 'An error occured');\n}\n<\/script>\n\n\n<div style=\"height:37px\" aria-hidden=\"true\" class=\"wp-block-spacer\"><\/div>\n\n<h3 class=\"wp-block-heading has-text-align-center\">Y\u00fckseklik profili nedir?<\/h3>\n\n<div class=\"wp-block-media-text has-media-on-the-right is-stacked-on-mobile\"><div class=\"wp-block-media-text__content\">\n<p>Y\u00fckseklik profili, topo\u011frafik profil, kesit profil veya topo\u011frafik kesit olarak da bilinir ve arazinin \u015feklini topo\u011frafik harita \u00fczerinden bir kesit alarak g\u00f6steren bir y\u00f6ntemdir. Belirli bir hat boyunca y\u00fckseklik de\u011fi\u015fimlerini g\u00f6rselle\u015ftirir. Haritadaki e\u015f y\u00fckselti e\u011frileri, deniz seviyesinden ayn\u0131 y\u00fckseklikteki alanlar\u0131 temsil eder. Profilin yatay \u00f6l\u00e7e\u011fi \u00e7o\u011fu zaman haritan\u0131n \u00f6l\u00e7e\u011fiyle ayn\u0131 olurken, d\u00fc\u015fey \u00f6l\u00e7ek genellikle y\u00fckseklik farklar\u0131n\u0131 daha belirgin g\u00f6stermek i\u00e7in abart\u0131l\u0131r. Bu oran \u00e7o\u011fu zaman 3 ila 5 kat aras\u0131ndad\u0131r. B\u00f6ylece \u00f6zellikle y\u00fckselti farklar\u0131n\u0131n daha az belirgin oldu\u011fu alanlarda arazi yap\u0131s\u0131 daha anla\u015f\u0131l\u0131r hale gelir.<\/p>\n<\/div><figure class=\"wp-block-media-text__media\"><img fetchpriority=\"high\" fetchpriority=\"high\" decoding=\"async\" width=\"540\" height=\"540\" src=\"https:\/\/www.printmaps.net\/wp-content\/uploads\/2024\/11\/free-elevation-profile-1.png\" alt=\"\" class=\"wp-image-187706 size-full\" srcset=\"https:\/\/www.printmaps.net\/wp-content\/uploads\/2024\/11\/free-elevation-profile-1.png 540w, https:\/\/www.printmaps.net\/wp-content\/uploads\/2024\/11\/free-elevation-profile-1-480x480.png 480w\" sizes=\"(min-width: 0px) and (max-width: 480px) 480px, (min-width: 481px) 540px, 100vw\" \/><\/figure><\/div>\n\n<div style=\"height:35px\" aria-hidden=\"true\" class=\"wp-block-spacer\"><\/div>\n\n<h3 class=\"wp-block-heading has-text-align-center\">Y\u00fckseklik profilinin anlam\u0131<\/h3>\n\n<div class=\"wp-block-media-text is-stacked-on-mobile\"><figure class=\"wp-block-media-text__media\"><img decoding=\"async\" width=\"1024\" height=\"631\" src=\"https:\/\/www.printmaps.net\/wp-content\/uploads\/2024\/10\/elevation-profile-4-1024x631.png\" alt=\"y\u00fckseklik profili\" class=\"wp-image-186263 size-full\" srcset=\"https:\/\/www.printmaps.net\/wp-content\/uploads\/2024\/10\/elevation-profile-4-980x604.png 980w, https:\/\/www.printmaps.net\/wp-content\/uploads\/2024\/10\/elevation-profile-4-480x296.png 480w\" sizes=\"(min-width: 0px) and (max-width: 480px) 480px, (min-width: 481px) and (max-width: 980px) 980px, (min-width: 981px) 1024px, 100vw\" \/><\/figure><div class=\"wp-block-media-text__content\">\n<p>Y\u00fckseklik ya da rak\u0131m profili, bir rota boyunca arazideki de\u011fi\u015fimleri g\u00f6rsel olarak g\u00f6sterir. E\u011fim, toplam t\u0131rman\u0131\u015f ve parkurun zorluk seviyesi hakk\u0131nda \u00f6nemli bilgiler sunar. Bu nedenle do\u011fa tutkunlar\u0131, bisiklet\u00e7iler ve y\u00fcr\u00fcy\u00fc\u015f\u00e7\u00fcler i\u00e7in \u00e7ok de\u011ferli bir ara\u00e7t\u0131r. Bir y\u00fckseklik profiline bakarak kullan\u0131c\u0131lar rotan\u0131n ne kadar zorlay\u0131c\u0131 olabilece\u011fini h\u0131zl\u0131ca de\u011ferlendirebilir ve planlar\u0131n\u0131 buna g\u00f6re yapabilir.<\/p>\n<\/div><\/div>\n\n<div style=\"height:98px\" aria-hidden=\"true\" class=\"wp-block-spacer\"><\/div>\n\n<h3 class=\"wp-block-heading has-text-align-center\">GPX y\u00fckseklik profili olu\u015fturma<\/h3>\n\n<div class=\"wp-block-group is-nowrap is-layout-flex wp-container-core-group-is-layout-ad2f72ca wp-block-group-is-layout-flex\">\n<div class=\"wp-block-media-text has-media-on-the-right is-stacked-on-mobile\"><div class=\"wp-block-media-text__content\">\n<p>Y\u00fckseklik profili edit\u00f6r\u00fcm\u00fcz, GPX dosyalar\u0131n\u0131zdan kolayca bir <strong>GPX y\u00fckseklik profili<\/strong> olu\u015fturman\u0131z\u0131 sa\u011flar. GPX verinizi y\u00fcklemeniz yeterlidir. Edit\u00f6r, rotadaki y\u00fckseklik de\u011fi\u015fimlerini g\u00f6steren net bir grafik olu\u015fturur. Bu \u00f6zellik, dijital rota verilerini bas\u0131l\u0131 haritalar veya rehberler i\u00e7in bilgilendirici ve estetik bir y\u00fckseklik profiline d\u00f6n\u00fc\u015ft\u00fcrmek isteyenler i\u00e7in idealdir.<\/p>\n<\/div><figure class=\"wp-block-media-text__media\"><img decoding=\"async\" width=\"652\" height=\"680\" src=\"https:\/\/www.printmaps.net\/wp-content\/uploads\/2024\/10\/gpx-elevation-profile-1.png\" alt=\"GPX y\u00fckseklik profili\" class=\"wp-image-186264 size-full\" srcset=\"https:\/\/www.printmaps.net\/wp-content\/uploads\/2024\/10\/gpx-elevation-profile-1.png 652w, https:\/\/www.printmaps.net\/wp-content\/uploads\/2024\/10\/gpx-elevation-profile-1-480x501.png 480w\" sizes=\"(min-width: 0px) and (max-width: 480px) 480px, (min-width: 481px) 652px, 100vw\" \/><\/figure><\/div>\n<\/div>\n\n<div style=\"height:97px\" aria-hidden=\"true\" class=\"wp-block-spacer\"><\/div>\n\n<h3 class=\"wp-block-heading has-text-align-center\">Bas\u0131l\u0131 haritalarda y\u00fckseklik profili<\/h3>\n\n<div class=\"wp-block-group is-nowrap is-layout-flex wp-container-core-group-is-layout-ad2f72ca wp-block-group-is-layout-flex\">\n<div class=\"wp-block-media-text is-stacked-on-mobile\"><figure class=\"wp-block-media-text__media\"><img loading=\"lazy\" loading=\"lazy\" decoding=\"async\" width=\"701\" height=\"499\" src=\"https:\/\/www.printmaps.net\/wp-content\/uploads\/2024\/10\/elevation-profile-maker.png\" alt=\"y\u00fckseklik profili olu\u015fturucumuzda\" class=\"wp-image-186265 size-full\" srcset=\"https:\/\/www.printmaps.net\/wp-content\/uploads\/2024\/10\/elevation-profile-maker.png 701w, https:\/\/www.printmaps.net\/wp-content\/uploads\/2024\/10\/elevation-profile-maker-480x342.png 480w\" sizes=\"auto, (min-width: 0px) and (max-width: 480px) 480px, (min-width: 481px) 701px, 100vw\" \/><\/figure><div class=\"wp-block-media-text__content\">\n<p>Bir\u00e7ok ki\u015fi, <a href=\"\/tr\/\">edit\u00f6r\u00fcm\u00fczde olu\u015fturulan haritalarla<\/a> birlikte bisiklet ve y\u00fcr\u00fcy\u00fc\u015f haritalar\u0131, etkinlik bro\u015f\u00fcrleri ve seyahat rehberleri gibi bas\u0131l\u0131 \u00fcr\u00fcnleri zenginle\u015ftirmek i\u00e7in y\u00fckseklik profili arac\u0131m\u0131z\u0131 kullan\u0131yor. GPX verilerinden olu\u015fturulan bir y\u00fckseklik profili, kullan\u0131c\u0131ya araziyi daha b\u00fct\u00fcnl\u00fckl\u00fc \u015fekilde g\u00f6sterir. Bu sayede dinlenme noktalar\u0131n\u0131 planlamak, zorlu t\u0131rman\u0131\u015flar\u0131 \u00f6nceden g\u00f6rmek ve yolculuk s\u00fcresini daha do\u011fru tahmin etmek kolayla\u015f\u0131r.<\/p>\n<\/div><\/div>\n<\/div>\n\n<div style=\"height:66px\" aria-hidden=\"true\" class=\"wp-block-spacer\"><\/div>\n\n<h3 class=\"wp-block-heading\">S\u0131k\u00e7a sorulan sorular<\/h3>\n\n<div class=\"schema-faq wp-block-yoast-faq-block\"><div class=\"schema-faq-section\" id=\"faq-question-1733750258467\"><strong class=\"schema-faq-question\">Herhangi bir yaz\u0131l\u0131m indirmeden \u00e7evrimi\u00e7i y\u00fckseklik profili olu\u015fturabilir miyim?<\/strong> <p class=\"schema-faq-answer\">Y\u00fckseklik profili arac\u0131m\u0131z do\u011frudan taray\u0131c\u0131da kullan\u0131labilir. Herhangi bir yaz\u0131l\u0131m indirmeniz, hesap olu\u015fturman\u0131z veya giri\u015f yapman\u0131z gerekmez. Ki\u015fiselle\u015ftirilmi\u015f y\u00fckseklik profilinizi olu\u015fturup do\u011frudan indirebilirsiniz.<\/p> <\/div> <div class=\"schema-faq-section\" id=\"faq-question-1733750364387\"><strong class=\"schema-faq-question\">Y\u00fckseklik profillerini farkl\u0131 dosya formatlar\u0131nda alabilir miyim?<\/strong> <p class=\"schema-faq-answer\">Y\u00fckseklik profilinizi indirdikten sonra size varsay\u0131lan olarak PDF dosyas\u0131, sonradan d\u00fczenleme i\u00e7in SVG dosyas\u0131 ve PNG dosyas\u0131 sunulur.<\/p> <\/div> <div class=\"schema-faq-section\" id=\"faq-question-1733750629782\"><strong class=\"schema-faq-question\">Y\u00fckseklik profilimin g\u00f6r\u00fcn\u00fcm\u00fcn\u00fc \u00f6zelle\u015ftirebilir miyim?<\/strong> <p class=\"schema-faq-answer\">Bask\u0131 boyutunu, yaz\u0131 boyutunu, gradyan rengini, \u00e7izgi rengini, birimleri ve i\u015faret\u00e7i renklerini ki\u015fiselle\u015ftirebilirsiniz. \u0130sterseniz indirdikten sonra tercih etti\u011finiz bir g\u00f6rsel d\u00fczenleme program\u0131nda daha da kapsaml\u0131 de\u011fi\u015fiklikler yapabilirsiniz.<\/p> <\/div> <div class=\"schema-faq-section\" id=\"faq-question-1733750818088\"><strong class=\"schema-faq-question\">Y\u00fcr\u00fcy\u00fc\u015f rotam i\u00e7in y\u00fckseklik profili olu\u015fturman\u0131n en kolay yolu nedir?<\/strong> <p class=\"schema-faq-answer\">Elinizde bir GPX dosyas\u0131 varsa, en kolay y\u00f6ntem bunu do\u011frudan y\u00fcklemektir. E\u011fer yoksa, m\u0131knat\u0131s arac\u0131n\u0131 kullanarak rotan\u0131z\u0131n ba\u015flang\u0131\u00e7 ve biti\u015f noktalar\u0131n\u0131 se\u00e7ebilirsiniz. Sistem, mevcut yollar \u00fczerinde rotay\u0131 otomatik olarak takip eder. Rotan\u0131z mevcut bir yolu izlemiyorsa, serbest \u00e7izim arac\u0131yla rotay\u0131 elle de \u00e7izebilirsiniz.<\/p> <\/div> <div class=\"schema-faq-section\" id=\"faq-question-1733750943459\"><strong class=\"schema-faq-question\">Web kullan\u0131m\u0131nda y\u00fckseklik profilini \u00e7erez bildirimine eklemem gerekir mi?<\/strong> <p class=\"schema-faq-answer\">Hay\u0131r. Y\u00fckseklik profillerimizi ister yaz\u0131lar\u0131n\u0131zda statik g\u00f6rsel olarak kullan\u0131n ister SVG dosyalar\u0131n\u0131 etkile\u015fimli hale getirin, \u00e7erez toplama gerekmez. Bu da kesintisiz bir kullan\u0131c\u0131 deneyimi sa\u011flar.<\/p> <\/div> <\/div>\n\n<div style=\"height:80px\" aria-hidden=\"true\" class=\"wp-block-spacer\"><\/div>\n","protected":false},"excerpt":{"rendered":"<p>Burada, bas\u0131l\u0131 materyallerinizde ve \u00e7evrimi\u00e7i ileti\u015fiminizde \u00fccretsiz olarak kullanabilece\u011finiz bir y\u00fckseklik profili olu\u015fturabilirsiniz. A\u015fa\u011f\u0131ya GPX, KML veya GeoJSON dosyan\u0131z\u0131 y\u00fckleyin ya da rotan\u0131z\u0131 elle \u00e7izin, ayarlar\u0131n\u0131z\u0131 se\u00e7in ve \u201c\u0130ndir\u201d d\u00fc\u011fmesine t\u0131klay\u0131n. Size Adobe Illustrator, Photoshop veya Inkscape ile d\u00fczenleyebilece\u011finiz, ayr\u0131ca bir web sayfas\u0131nda kullanabilece\u011finiz katmanl\u0131 bir SVG dosyas\u0131 sunulur. \u00d6rnek indirilebilir SVG dosyas\u0131na da g\u00f6z [&hellip;]<\/p>\n","protected":false},"author":8,"featured_media":0,"parent":0,"menu_order":0,"comment_status":"closed","ping_status":"closed","template":"","meta":{"_et_pb_use_builder":"off","_et_pb_old_content":"","_et_gb_content_width":"","footnotes":""},"class_list":["post-235695","page","type-page","status-publish","hentry"],"_links":{"self":[{"href":"https:\/\/www.printmaps.net\/tr\/wp-json\/wp\/v2\/pages\/235695","targetHints":{"allow":["GET"]}}],"collection":[{"href":"https:\/\/www.printmaps.net\/tr\/wp-json\/wp\/v2\/pages"}],"about":[{"href":"https:\/\/www.printmaps.net\/tr\/wp-json\/wp\/v2\/types\/page"}],"author":[{"embeddable":true,"href":"https:\/\/www.printmaps.net\/tr\/wp-json\/wp\/v2\/users\/8"}],"replies":[{"embeddable":true,"href":"https:\/\/www.printmaps.net\/tr\/wp-json\/wp\/v2\/comments?post=235695"}],"version-history":[{"count":1,"href":"https:\/\/www.printmaps.net\/tr\/wp-json\/wp\/v2\/pages\/235695\/revisions"}],"predecessor-version":[{"id":235696,"href":"https:\/\/www.printmaps.net\/tr\/wp-json\/wp\/v2\/pages\/235695\/revisions\/235696"}],"wp:attachment":[{"href":"https:\/\/www.printmaps.net\/tr\/wp-json\/wp\/v2\/media?parent=235695"}],"curies":[{"name":"wp","href":"https:\/\/api.w.org\/{rel}","templated":true}]}}