{"id":235701,"date":"2026-03-19T16:24:10","date_gmt":"2026-03-19T15:24:10","guid":{"rendered":"https:\/\/www.printmaps.net\/vektor-harita-olustur\/"},"modified":"2026-03-19T16:46:31","modified_gmt":"2026-03-19T15:46:31","slug":"vektor-harita-olustur","status":"publish","type":"page","link":"https:\/\/www.printmaps.net\/tr\/vektor-harita-olustur\/","title":{"rendered":"Grafik tasar\u0131mc\u0131lar ve ill\u00fcstrat\u00f6rler i\u00e7in vekt\u00f6r harita olu\u015fturun"},"content":{"rendered":"\n<p><a href=\"\/tr\/\">Printmaps<\/a>, \u00e7evrimi\u00e7i vekt\u00f6r harita edit\u00f6r\u00fc olarak, herhangi bir GIS veya kartografya bilgisine ihtiya\u00e7 duymadan y\u00fcksek \u00e7\u00f6z\u00fcn\u00fcrl\u00fckl\u00fc, size \u00f6zel haritalar olu\u015fturman\u0131z\u0131 sa\u011flar. Haritalar\u0131n\u0131z\u0131 <strong>Adobe Illustrator, InDesign, Photoshop veya Figma<\/strong>\u2019da sonradan d\u00fczenlemeye uygun katmanl\u0131 SVG vekt\u00f6r dosyalar\u0131 ya da PSD dosyalar\u0131 olarak d\u0131\u015fa aktarabilirsiniz. <a href=\"\/tr\/baski-tasarim-ajanslari\">Halihaz\u0131rda Printmaps kullanan \u00e7ok say\u0131daki bask\u0131 tasar\u0131mc\u0131s\u0131na<\/a> siz de kat\u0131l\u0131n.<\/p>\n\n<div style=\"height:37px\" aria-hidden=\"true\" class=\"wp-block-spacer\"><\/div>\n\n<div class=\"wp-block-buttons is-content-justification-center is-layout-flex wp-container-core-buttons-is-layout-16018d1d wp-block-buttons-is-layout-flex\">\n<div class=\"wp-block-button has-custom-font-size\" style=\"font-size:18px\"><a class=\"wp-block-button__link has-background wp-element-button\" href=\"https:\/\/www.printmaps.net\/tr\/\" style=\"border-radius:10px;background-color:#e5017e\"><strong>Hemen harita olu\u015fturmaya ba\u015flay\u0131n, kay\u0131t gerekmez<\/strong><\/a><\/div>\n<\/div>\n\n<div style=\"height:70px\" aria-hidden=\"true\" class=\"wp-block-spacer\"><\/div>\n<div class=\"wp-block-image\">\n<figure class=\"alignright size-full is-resized\"><img fetchpriority=\"high\" fetchpriority=\"high\" decoding=\"async\" width=\"834\" height=\"670\" src=\"https:\/\/www.printmaps.net\/wp-content\/uploads\/2020\/06\/layered-map-in-illustrator.png\" alt=\"Illustrator&#x2019;da SVG harita\" class=\"wp-image-63982\" style=\"width:620px;height:auto\" srcset=\"https:\/\/www.printmaps.net\/wp-content\/uploads\/2020\/06\/layered-map-in-illustrator.png 834w, https:\/\/www.printmaps.net\/wp-content\/uploads\/2020\/06\/layered-map-in-illustrator-480x386.png 480w\" sizes=\"(min-width: 0px) and (max-width: 480px) 480px, (min-width: 481px) 834px, 100vw\" \/><\/figure><\/div>\n<h2 class=\"wp-block-heading\">Vekt\u00f6r Haritalar\u0131 Grafik Tasar\u0131mc\u0131lar \u0130\u00e7in Neden \u0130dealdir<\/h2>\n\n<p>\u0130ster dijital ister bask\u0131 odakl\u0131 profesyonel tasar\u0131mlar \u00fczerinde \u00e7al\u0131\u015f\u0131yor olun, tamamen \u00f6zelle\u015ftirilebilir harita dosyalar\u0131na sahip olmak tasar\u0131m s\u00fcrecini \u00e7ok daha esnek hale getirir. SVG vekt\u00f6r haritalar, Illustrator, InDesign veya Figma gibi ara\u00e7lara do\u011fal bi\u00e7imde uyum sa\u011flar. B\u00f6ylece her \u00f6\u011fe kalite kayb\u0131 olmadan \u00f6l\u00e7eklenebilir, stillendirilebilir ve ince ayar yap\u0131labilir.&#13;\n&#13;\nPiksel tabanl\u0131 d\u00fczenleme tercih edilen projelerde ise katmanl\u0131 PSD d\u0131\u015fa aktar\u0131mlar\u0131 Photoshop i\u00e7inde ayn\u0131 d\u00fczeyde kontrol sunar. Yine de \u00e7o\u011fu tasar\u0131m i\u015f ak\u0131\u015f\u0131nda vekt\u00f6r haritalar en esnek se\u00e7enektir.<\/p>\n\n<p><strong>Desteklenen dosya formatlar\u0131:<\/strong><\/p>\n\n<ul class=\"wp-block-list\">\n<li>PNG (300 DPI), 220 mm x 220 mm\u2019ye kadar harita boyutu<\/li>\n\n\n\n<li>PSD (300 DPI), 660 mm x 660 mm\u2019ye kadar harita boyutu<\/li>\n\n\n\n<li>SVG (\u00f6l\u00e7eklenebilir DPI)<\/li>\n<\/ul>\n\n<div style=\"height:112px\" aria-hidden=\"true\" class=\"wp-block-spacer\"><\/div>\n<div class=\"wp-block-image\">\n<figure class=\"alignleft size-full is-resized\"><img decoding=\"async\" width=\"765\" height=\"531\" src=\"https:\/\/www.printmaps.net\/wp-content\/uploads\/2020\/10\/mallorca.jpg\" alt=\"SVG harita &#xF6;rne&#x11F;i\" class=\"wp-image-70214\" style=\"width:700px;height:auto\" srcset=\"https:\/\/www.printmaps.net\/wp-content\/uploads\/2020\/10\/mallorca.jpg 765w, https:\/\/www.printmaps.net\/wp-content\/uploads\/2020\/10\/mallorca-480x333.jpg 480w\" sizes=\"(min-width: 0px) and (max-width: 480px) 480px, (min-width: 481px) 765px, 100vw\" \/><\/figure><\/div>\n<h2 class=\"wp-block-heading\">T\u00fcm tasar\u0131m ihtiya\u00e7lar\u0131 i\u00e7in esnek<\/h2>\n\n<p>Vekt\u00f6r harita arac\u0131m\u0131z, farkl\u0131 sekt\u00f6rlerde \u00e7al\u0131\u015fan tasar\u0131mc\u0131lar taraf\u0131ndan kullan\u0131l\u0131yor. Editoryal tasar\u0131mdan pazarlama materyallerine kadar vekt\u00f6r haritalar, \u00e7ok \u00e7e\u015fitli grafik projeleri i\u00e7in g\u00fc\u00e7l\u00fc bir temel sunar. Dergi tasar\u0131mlar\u0131nda, makaleleri veya seyahat i\u00e7eriklerini destekleyen sade ve konum odakl\u0131 g\u00f6rseller s\u0131k\u00e7a tercih edilir. Etkinlik afi\u015flerinde ise okunakl\u0131 ve net haritalar kat\u0131l\u0131mc\u0131lara y\u00f6n g\u00f6sterir. \u0130nfografiklerde haritalar, b\u00f6lgeler aras\u0131 verileri g\u00f6rselle\u015ftirerek, e\u011filimleri \u00f6ne \u00e7\u0131kararak veya kar\u015f\u0131la\u015ft\u0131rmalar\u0131 tek bak\u0131\u015fta anla\u015f\u0131l\u0131r hale getirerek anlat\u0131m\u0131n bir par\u00e7as\u0131 olur.<\/p>\n\n<div style=\"height:124px\" aria-hidden=\"true\" class=\"wp-block-spacer\"><\/div>\n<div class=\"wp-block-image\">\n<figure class=\"alignright size-large is-resized\"><img decoding=\"async\" width=\"1024\" height=\"576\" src=\"https:\/\/www.printmaps.net\/wp-content\/uploads\/2024\/09\/print-map-1-1024x576.png\" alt=\"vekt&#xF6;r harita olu&#x15F;tur\" class=\"wp-image-183002\" style=\"width:762px;height:auto\" srcset=\"https:\/\/www.printmaps.net\/wp-content\/uploads\/2024\/09\/print-map-1-980x551.png 980w, https:\/\/www.printmaps.net\/wp-content\/uploads\/2024\/09\/print-map-1-480x270.png 480w\" sizes=\"(min-width: 0px) and (max-width: 480px) 480px, (min-width: 481px) and (max-width: 980px) 980px, (min-width: 981px) 1024px, 100vw\" \/><\/figure><\/div>\n<h2 class=\"wp-block-heading has-text-align-left\">Vekt\u00f6r harita edit\u00f6r\u00fcm\u00fcz\u00fcn \u00f6zellikleri<\/h2>\n\n<ul class=\"wp-block-list\">\n<li>D\u00fcnya \u00e7ap\u0131nda kapsama sahip \u00e7evrimi\u00e7i edit\u00f6r<\/li>\n\n\n\n<li>Birden fazla haz\u0131r harita stili aras\u0131ndan se\u00e7im<\/li>\n\n\n\n<li>Harita \u00f6\u011felerini ve etiketleri g\u00f6sterme veya gizleme<\/li>\n\n\n\n<li>\u0130\u015faret\u00e7iler, rotalar ve co\u011frafi \u015fekiller ekleme<\/li>\n\n\n\n<li>GPX, KML veya GeoJSON dosyalar\u0131 y\u00fckleme<\/li>\n\n\n\n<li>Daha fazla ayr\u0131nt\u0131y\u0131 <a href=\"\/tr\/ozellikler\">burada<\/a> okuyun<\/li>\n<\/ul>\n\n<div style=\"height:118px\" aria-hidden=\"true\" class=\"wp-block-spacer\"><\/div>\n\n<div class=\"wp-block-group\"><div class=\"wp-block-group__inner-container is-layout-constrained wp-block-group-is-layout-constrained\">\n<h2 class=\"wp-block-heading has-text-align-center has-large-font-size\" style=\"font-style:normal;font-weight:700\">Printmaps\u2019i deneyin<\/h2>\n\n\n\n<p class=\"has-text-align-center has-medium-font-size\">Harita edit\u00f6r\u00fcm\u00fczle d\u00fcnyan\u0131n her yeri i\u00e7in k\u0131sa s\u00fcrede yazd\u0131r\u0131labilir haritalar olu\u015fturabilirsiniz.<\/p>\n\n\n\n<div style=\"height:15px\" aria-hidden=\"true\" class=\"wp-block-spacer\"><\/div>\n\n\n\n<div class=\"wp-block-buttons is-content-justification-center is-layout-flex wp-container-core-buttons-is-layout-16018d1d wp-block-buttons-is-layout-flex\">\n<div class=\"wp-block-button has-custom-font-size\" style=\"font-size:18px\"><a class=\"wp-block-button__link has-background wp-element-button\" href=\"https:\/\/www.printmaps.net\/tr\/\" style=\"border-radius:10px;background-color:#e5017e\"><strong>\u0130lk haritan\u0131z\u0131 \u015fimdi olu\u015fturun<\/strong><\/a><\/div>\n<\/div>\n<\/div><\/div>\n\n<div style=\"height:137px\" aria-hidden=\"true\" class=\"wp-block-spacer\"><\/div>\n","protected":false},"excerpt":{"rendered":"<p>Printmaps, \u00e7evrimi\u00e7i vekt\u00f6r harita edit\u00f6r\u00fc olarak, herhangi bir GIS veya kartografya bilgisine ihtiya\u00e7 duymadan y\u00fcksek \u00e7\u00f6z\u00fcn\u00fcrl\u00fckl\u00fc, size \u00f6zel haritalar olu\u015fturman\u0131z\u0131 sa\u011flar. Haritalar\u0131n\u0131z\u0131 Adobe Illustrator, InDesign, Photoshop veya Figma\u2019da sonradan d\u00fczenlemeye uygun katmanl\u0131 SVG vekt\u00f6r dosyalar\u0131 ya da PSD dosyalar\u0131 olarak d\u0131\u015fa aktarabilirsiniz. Halihaz\u0131rda Printmaps kullanan \u00e7ok say\u0131daki bask\u0131 tasar\u0131mc\u0131s\u0131na siz de kat\u0131l\u0131n. Vekt\u00f6r Haritalar\u0131 Grafik [&hellip;]<\/p>\n","protected":false},"author":23,"featured_media":0,"parent":0,"menu_order":0,"comment_status":"closed","ping_status":"closed","template":"","meta":{"_et_pb_use_builder":"","_et_pb_old_content":"","_et_gb_content_width":"","footnotes":""},"class_list":["post-235701","page","type-page","status-publish","hentry"],"_links":{"self":[{"href":"https:\/\/www.printmaps.net\/tr\/wp-json\/wp\/v2\/pages\/235701","targetHints":{"allow":["GET"]}}],"collection":[{"href":"https:\/\/www.printmaps.net\/tr\/wp-json\/wp\/v2\/pages"}],"about":[{"href":"https:\/\/www.printmaps.net\/tr\/wp-json\/wp\/v2\/types\/page"}],"author":[{"embeddable":true,"href":"https:\/\/www.printmaps.net\/tr\/wp-json\/wp\/v2\/users\/23"}],"replies":[{"embeddable":true,"href":"https:\/\/www.printmaps.net\/tr\/wp-json\/wp\/v2\/comments?post=235701"}],"version-history":[{"count":2,"href":"https:\/\/www.printmaps.net\/tr\/wp-json\/wp\/v2\/pages\/235701\/revisions"}],"predecessor-version":[{"id":235704,"href":"https:\/\/www.printmaps.net\/tr\/wp-json\/wp\/v2\/pages\/235701\/revisions\/235704"}],"wp:attachment":[{"href":"https:\/\/www.printmaps.net\/tr\/wp-json\/wp\/v2\/media?parent=235701"}],"curies":[{"name":"wp","href":"https:\/\/api.w.org\/{rel}","templated":true}]}}